
{"id":340936,"date":"2026-02-02T11:28:19","date_gmt":"2026-02-02T09:28:19","guid":{"rendered":"https:\/\/repan.ch\/?post_type=product&#038;p=340936"},"modified":"2026-02-02T13:16:38","modified_gmt":"2026-02-02T11:16:38","slug":"berndorf-cellresist-kopie","status":"publish","type":"product","link":"https:\/\/repan.ch\/fr\/produit\/berndorf-cellresist-kopie\/","title":{"rendered":"Livington Titan"},"content":{"rendered":"<p>Les po\u00eales Livington Titan ont une construction robuste, une r\u00e9partition uniforme de la chaleur et une structure de surface qui emp\u00eache le collage.<\/p>\n","protected":false},"excerpt":{"rendered":"<p>Berndorf Cellresist po\u00eales \u00e0 induction en acier inoxydable avec structure en nid d&rsquo;abeille. Nouveau rev\u00eatement par RePan avec un rev\u00eatement antiadh\u00e9sif renforc\u00e9 en c\u00e9ramique encore meilleur que le nouveau. La structure alv\u00e9olaire l\u00e9g\u00e8rement sur\u00e9lev\u00e9e prot\u00e8ge le niveau inf\u00e9rieur. On peut m\u00eame travailler avec des ustensiles de cuisine en m\u00e9tal, mais on perd alors le rev\u00eatement sur les alv\u00e9oles - une fonction hybride par rapport \u00e0 une po\u00eale en acier inoxydable.<\/p>\n","protected":false},"featured_media":0,"comment_status":"open","ping_status":"closed","template":"","meta":{"content-type":""},"product_brand":[2824],"product_cat":[2278],"product_tag":[2823],"class_list":{"0":"post-340936","1":"product","2":"type-product","3":"status-publish","5":"product_brand-livington","6":"product_cat-premium-fr","7":"product_tag-structure-metallique-en-relief","8":"product_shipping_class-produit","9":"pa_typ-poele-a-frire","10":"pa_typ-poele-wok","11":"pa_typ-sauteuse","13":"first","14":"instock","15":"taxable","16":"shipping-taxable","17":"product-type-variable"},"yoast_head":"<!-- This site is optimized with the Yoast SEO Premium plugin v26.6 (Yoast SEO v27.1.1) - https:\/\/yoast.com\/product\/yoast-seo-premium-wordpress\/ -->\n<title>Berndorf Cellresist nouveau rev\u00eatement - RePan<\/title>\n<meta name=\"description\" content=\"Berndorf Cellresist avec structure en nid d&#039;abeille - nouvellement rev\u00eatu par RePan. Tu peux m\u00eame travailler avec des accessoires de cuisine en m\u00e9tal, mais tu perdras la couche sur les alv\u00e9oles.\" \/>\n<meta name=\"robots\" content=\"index, follow, max-snippet:-1, max-image-preview:large, max-video-preview:-1\" \/>\n<link rel=\"canonical\" href=\"https:\/\/repan.ch\/fr\/produit\/berndorf-cellresist-kopie\/\" \/>\n<meta property=\"og:locale\" content=\"fr_FR\" \/>\n<meta property=\"og:type\" content=\"article\" \/>\n<meta property=\"og:title\" content=\"RePan - Pfannen &amp; Bleche neu beschichten\" \/>\n<meta property=\"og:description\" content=\"G\u00fcnstiger, nachhaltiger &amp; besser\" \/>\n<meta property=\"og:url\" content=\"https:\/\/repan.ch\/fr\/produit\/berndorf-cellresist-kopie\/\" \/>\n<meta property=\"og:site_name\" content=\"RePan\" \/>\n<meta property=\"article:modified_time\" content=\"2026-02-02T11:16:38+00:00\" \/>\n<meta property=\"og:image\" content=\"https:\/\/repan.ch\/wp-content\/uploads\/2025\/12\/RePan-Pfannen-Bleche-neu-beschichten.jpg\" \/>\n\t<meta property=\"og:image:width\" content=\"1650\" \/>\n\t<meta property=\"og:image:height\" content=\"1000\" \/>\n\t<meta property=\"og:image:type\" content=\"image\/jpeg\" \/>\n<meta name=\"twitter:card\" content=\"summary_large_image\" \/>\n<meta name=\"twitter:label1\" content=\"Disponibilit\u00e9\" \/>\n\t<meta name=\"twitter:data1\" content=\"En stock\" \/>\n<script type=\"application\/ld+json\" class=\"yoast-schema-graph\">{\"@context\":\"https:\/\/schema.org\",\"@graph\":[{\"@type\":\"WebPage\",\"@id\":\"https:\/\/repan.ch\/fr\/produit\/berndorf-cellresist-kopie\/\",\"url\":\"https:\/\/repan.ch\/fr\/produit\/berndorf-cellresist-kopie\/\",\"name\":\"Berndorf Cellresist nouveau rev\u00eatement - RePan\",\"isPartOf\":{\"@id\":\"https:\/\/repan.ch\/#website\"},\"datePublished\":\"2026-02-02T09:28:19+00:00\",\"dateModified\":\"2026-02-02T11:16:38+00:00\",\"description\":\"Berndorf Cellresist avec structure en nid d'abeille - nouvellement rev\u00eatu par RePan. Tu peux m\u00eame travailler avec des accessoires de cuisine en m\u00e9tal, mais tu perdras la couche sur les alv\u00e9oles.\",\"breadcrumb\":{\"@id\":\"https:\/\/repan.ch\/fr\/produit\/berndorf-cellresist-kopie\/#breadcrumb\"},\"inLanguage\":\"fr-FR\",\"potentialAction\":[{\"@type\":\"ReadAction\",\"target\":[\"https:\/\/repan.ch\/fr\/produit\/berndorf-cellresist-kopie\/\"]}]},{\"@type\":\"BreadcrumbList\",\"@id\":\"https:\/\/repan.ch\/fr\/produit\/berndorf-cellresist-kopie\/#breadcrumb\",\"itemListElement\":[{\"@type\":\"ListItem\",\"position\":1,\"name\":\"Accueil\",\"item\":\"https:\/\/repan.ch\/fr\/repan-2\/\"},{\"@type\":\"ListItem\",\"position\":2,\"name\":\"Shop\",\"item\":\"https:\/\/repan.ch\/shop\/\"},{\"@type\":\"ListItem\",\"position\":3,\"name\":\"Livington Titan\"}]},{\"@type\":\"WebSite\",\"@id\":\"https:\/\/repan.ch\/#website\",\"url\":\"https:\/\/repan.ch\/\",\"name\":\"RePan\",\"description\":\"Pfannen &amp; Bleche neu beschichten\",\"publisher\":{\"@id\":\"https:\/\/repan.ch\/#organization\"},\"potentialAction\":[{\"@type\":\"SearchAction\",\"target\":{\"@type\":\"EntryPoint\",\"urlTemplate\":\"https:\/\/repan.ch\/?s={search_term_string}\"},\"query-input\":{\"@type\":\"PropertyValueSpecification\",\"valueRequired\":true,\"valueName\":\"search_term_string\"}}],\"inLanguage\":\"fr-FR\"},{\"@type\":\"Organization\",\"@id\":\"https:\/\/repan.ch\/#organization\",\"name\":\"RePan\",\"url\":\"https:\/\/repan.ch\/\",\"logo\":{\"@type\":\"ImageObject\",\"inLanguage\":\"fr-FR\",\"@id\":\"https:\/\/repan.ch\/#\/schema\/logo\/image\/\",\"url\":\"https:\/\/repan.ch\/wp-content\/uploads\/2025\/03\/LogoganzV2-hr2.webp\",\"contentUrl\":\"https:\/\/repan.ch\/wp-content\/uploads\/2025\/03\/LogoganzV2-hr2.webp\",\"width\":360,\"height\":195,\"caption\":\"RePan\"},\"image\":{\"@id\":\"https:\/\/repan.ch\/#\/schema\/logo\/image\/\"},\"hasMerchantReturnPolicy\":{\"@type\":\"MerchantReturnPolicy\",\"merchantReturnLink\":\"https:\/\/repan.ch\/garantie-rueckgabe\/\"}}]}<\/script>\n<meta property=\"product:brand\" content=\"Livington\" \/>\n<meta property=\"og:availability\" content=\"instock\" \/>\n<meta property=\"product:availability\" content=\"instock\" \/>\n<meta property=\"product:condition\" content=\"new\" \/>\n<!-- \/ Yoast SEO Premium plugin. -->","yoast_head_json":{"title":"Berndorf Cellresist nouveau rev\u00eatement - RePan","description":"Berndorf Cellresist avec structure en nid d'abeille - nouvellement rev\u00eatu par RePan. Tu peux m\u00eame travailler avec des accessoires de cuisine en m\u00e9tal, mais tu perdras la couche sur les alv\u00e9oles.","robots":{"index":"index","follow":"follow","max-snippet":"max-snippet:-1","max-image-preview":"max-image-preview:large","max-video-preview":"max-video-preview:-1"},"canonical":"https:\/\/repan.ch\/fr\/produit\/berndorf-cellresist-kopie\/","og_locale":"fr_FR","og_type":"article","og_title":"RePan - Pfannen & Bleche neu beschichten","og_description":"G\u00fcnstiger, nachhaltiger & besser","og_url":"https:\/\/repan.ch\/fr\/produit\/berndorf-cellresist-kopie\/","og_site_name":"RePan","article_modified_time":"2026-02-02T11:16:38+00:00","og_image":[{"width":1650,"height":1000,"url":"https:\/\/repan.ch\/wp-content\/uploads\/2025\/12\/RePan-Pfannen-Bleche-neu-beschichten.jpg","type":"image\/jpeg"}],"twitter_card":"summary_large_image","twitter_misc":{"Disponibilit\u00e9":"En stock"},"schema":{"@context":"https:\/\/schema.org","@graph":[{"@type":"WebPage","@id":"https:\/\/repan.ch\/fr\/produit\/berndorf-cellresist-kopie\/","url":"https:\/\/repan.ch\/fr\/produit\/berndorf-cellresist-kopie\/","name":"Berndorf Cellresist nouveau rev\u00eatement - RePan","isPartOf":{"@id":"https:\/\/repan.ch\/#website"},"datePublished":"2026-02-02T09:28:19+00:00","dateModified":"2026-02-02T11:16:38+00:00","description":"Berndorf Cellresist avec structure en nid d'abeille - nouvellement rev\u00eatu par RePan. Tu peux m\u00eame travailler avec des accessoires de cuisine en m\u00e9tal, mais tu perdras la couche sur les alv\u00e9oles.","breadcrumb":{"@id":"https:\/\/repan.ch\/fr\/produit\/berndorf-cellresist-kopie\/#breadcrumb"},"inLanguage":"fr-FR","potentialAction":[{"@type":"ReadAction","target":["https:\/\/repan.ch\/fr\/produit\/berndorf-cellresist-kopie\/"]}]},{"@type":"BreadcrumbList","@id":"https:\/\/repan.ch\/fr\/produit\/berndorf-cellresist-kopie\/#breadcrumb","itemListElement":[{"@type":"ListItem","position":1,"name":"Accueil","item":"https:\/\/repan.ch\/fr\/repan-2\/"},{"@type":"ListItem","position":2,"name":"Shop","item":"https:\/\/repan.ch\/shop\/"},{"@type":"ListItem","position":3,"name":"Livington Titan"}]},{"@type":"WebSite","@id":"https:\/\/repan.ch\/#website","url":"https:\/\/repan.ch\/","name":"RePan","description":"Pfannen &amp; Bleche neu beschichten","publisher":{"@id":"https:\/\/repan.ch\/#organization"},"potentialAction":[{"@type":"SearchAction","target":{"@type":"EntryPoint","urlTemplate":"https:\/\/repan.ch\/?s={search_term_string}"},"query-input":{"@type":"PropertyValueSpecification","valueRequired":true,"valueName":"search_term_string"}}],"inLanguage":"fr-FR"},{"@type":"Organization","@id":"https:\/\/repan.ch\/#organization","name":"RePan","url":"https:\/\/repan.ch\/","logo":{"@type":"ImageObject","inLanguage":"fr-FR","@id":"https:\/\/repan.ch\/#\/schema\/logo\/image\/","url":"https:\/\/repan.ch\/wp-content\/uploads\/2025\/03\/LogoganzV2-hr2.webp","contentUrl":"https:\/\/repan.ch\/wp-content\/uploads\/2025\/03\/LogoganzV2-hr2.webp","width":360,"height":195,"caption":"RePan"},"image":{"@id":"https:\/\/repan.ch\/#\/schema\/logo\/image\/"},"hasMerchantReturnPolicy":{"@type":"MerchantReturnPolicy","merchantReturnLink":"https:\/\/repan.ch\/garantie-rueckgabe\/"}}]},"product_brand":"Livington","og_availability":"instock","product_availability":"instock","product_condition":"new"},"_links":{"self":[{"href":"https:\/\/repan.ch\/fr\/wp-json\/wp\/v2\/product\/340936","targetHints":{"allow":["GET"]}}],"collection":[{"href":"https:\/\/repan.ch\/fr\/wp-json\/wp\/v2\/product"}],"about":[{"href":"https:\/\/repan.ch\/fr\/wp-json\/wp\/v2\/types\/product"}],"replies":[{"embeddable":true,"href":"https:\/\/repan.ch\/fr\/wp-json\/wp\/v2\/comments?post=340936"}],"version-history":[{"count":0,"href":"https:\/\/repan.ch\/fr\/wp-json\/wp\/v2\/product\/340936\/revisions"}],"wp:attachment":[{"href":"https:\/\/repan.ch\/fr\/wp-json\/wp\/v2\/media?parent=340936"}],"wp:term":[{"taxonomy":"product_brand","embeddable":true,"href":"https:\/\/repan.ch\/fr\/wp-json\/wp\/v2\/product_brand?post=340936"},{"taxonomy":"product_cat","embeddable":true,"href":"https:\/\/repan.ch\/fr\/wp-json\/wp\/v2\/product_cat?post=340936"},{"taxonomy":"product_tag","embeddable":true,"href":"https:\/\/repan.ch\/fr\/wp-json\/wp\/v2\/product_tag?post=340936"}],"curies":[{"name":"wp","href":"https:\/\/api.w.org\/{rel}","templated":true}]}}