
{"id":339276,"date":"2026-01-06T16:01:12","date_gmt":"2026-01-06T14:01:12","guid":{"rendered":"https:\/\/repan.ch\/?post_type=product&#038;p=339276"},"modified":"2026-04-04T19:59:39","modified_gmt":"2026-04-04T17:59:39","slug":"debuyer-choc-resto-kopie","status":"publish","type":"product","link":"https:\/\/repan.ch\/fr\/produit\/debuyer-choc-resto-kopie\/","title":{"rendered":"de Buyer Affinity"},"content":{"rendered":"<p><strong data-start=\"93\" data-end=\"122\">Les po\u00eales de Buyer Affinity<\/strong> sont synonymes de r\u00e9activit\u00e9 rapide et de contr\u00f4le pr\u00e9cis de la temp\u00e9rature. La structure multicouche de haute qualit\u00e9 en acier inoxydable et en aluminium assure une r\u00e9partition extr\u00eamement uniforme de la chaleur jusqu&rsquo;au bord. Id\u00e9ales pour saisir \u00e0 feu vif, pr\u00e9parer des sauces et cuisiner avec pr\u00e9cision - aussi bien sur induction que sur tous les autres types de cuisini\u00e8res. Con\u00e7u pour les cuisines professionnelles et les cuisiniers ambitieux.   <\/p>\n","protected":false},"excerpt":{"rendered":"<p><strong data-start=\"93\" data-end=\"122\">Les po\u00eales de Buyer Affinity<\/strong> sont synonymes de r\u00e9activit\u00e9 rapide et de contr\u00f4le pr\u00e9cis de la temp\u00e9rature. La structure multicouche de haute qualit\u00e9 en acier inoxydable et en aluminium assure une r\u00e9partition extr\u00eamement uniforme de la chaleur jusqu&rsquo;au bord. Id\u00e9ales pour saisir \u00e0 feu vif, pr\u00e9parer des sauces et cuisiner avec pr\u00e9cision - aussi bien sur induction que sur tous les autres types de cuisini\u00e8res. Con\u00e7u pour les cuisines professionnelles et les cuisiniers ambitieux.   <\/p>\n","protected":false},"featured_media":0,"comment_status":"open","ping_status":"closed","template":"","meta":{"content-type":""},"product_brand":[2626],"product_cat":[2286],"product_tag":[],"class_list":{"0":"post-339276","1":"product","2":"type-product","3":"status-publish","5":"product_brand-debuyer","6":"product_cat-luxe","7":"product_shipping_class-produit","8":"pa_typ-poele-a-frire","10":"first","11":"outofstock","12":"taxable","13":"shipping-taxable","14":"product-type-variable"},"yoast_head":"<!-- This site is optimized with the Yoast SEO Premium plugin v26.6 (Yoast SEO v27.1.1) - https:\/\/yoast.com\/product\/yoast-seo-premium-wordpress\/ -->\n<title>de Buyer Affinity neu beschichten | g\u00fcnstiger, nachhaltiger &amp; besser<\/title>\n<meta name=\"description\" content=\"Donne une nouvelle vie \u00e0 ta po\u00eale Albert Heijn bien-aim\u00e9e - meilleure que l&#039;originale ! Avec le nouveau rev\u00eatement professionnel de RePan\" \/>\n<meta name=\"robots\" content=\"index, follow, max-snippet:-1, max-image-preview:large, max-video-preview:-1\" \/>\n<link rel=\"canonical\" href=\"https:\/\/repan.ch\/fr\/produit\/debuyer-choc-resto-kopie\/\" \/>\n<meta property=\"og:locale\" content=\"fr_FR\" \/>\n<meta property=\"og:type\" content=\"article\" \/>\n<meta property=\"og:title\" content=\"RePan - Pfannen &amp; Bleche neu beschichten\" \/>\n<meta property=\"og:description\" content=\"G\u00fcnstiger, nachhaltiger &amp; besser\" \/>\n<meta property=\"og:url\" content=\"https:\/\/repan.ch\/fr\/produit\/debuyer-choc-resto-kopie\/\" \/>\n<meta property=\"og:site_name\" content=\"RePan\" \/>\n<meta property=\"article:modified_time\" content=\"2026-04-04T17:59:39+00:00\" \/>\n<meta property=\"og:image\" content=\"https:\/\/repan.ch\/wp-content\/uploads\/2025\/12\/RePan-Pfannen-Bleche-neu-beschichten.jpg\" \/>\n\t<meta property=\"og:image:width\" content=\"1650\" \/>\n\t<meta property=\"og:image:height\" content=\"1000\" \/>\n\t<meta property=\"og:image:type\" content=\"image\/jpeg\" \/>\n<meta name=\"twitter:card\" content=\"summary_large_image\" \/>\n<meta name=\"twitter:label1\" content=\"Disponibilit\u00e9\" \/>\n\t<meta name=\"twitter:data1\" content=\"Rupture de stock\" \/>\n<script type=\"application\/ld+json\" class=\"yoast-schema-graph\">{\"@context\":\"https:\/\/schema.org\",\"@graph\":[{\"@type\":\"WebPage\",\"@id\":\"https:\/\/repan.ch\/fr\/produit\/debuyer-choc-resto-kopie\/\",\"url\":\"https:\/\/repan.ch\/fr\/produit\/debuyer-choc-resto-kopie\/\",\"name\":\"de Buyer Affinity neu beschichten | g\u00fcnstiger, nachhaltiger & besser\",\"isPartOf\":{\"@id\":\"https:\/\/repan.ch\/#website\"},\"datePublished\":\"2026-01-06T14:01:12+00:00\",\"dateModified\":\"2026-04-04T17:59:39+00:00\",\"description\":\"Donne une nouvelle vie \u00e0 ta po\u00eale Albert Heijn bien-aim\u00e9e - meilleure que l'originale ! Avec le nouveau rev\u00eatement professionnel de RePan\",\"breadcrumb\":{\"@id\":\"https:\/\/repan.ch\/fr\/produit\/debuyer-choc-resto-kopie\/#breadcrumb\"},\"inLanguage\":\"fr-FR\",\"potentialAction\":[{\"@type\":\"ReadAction\",\"target\":[\"https:\/\/repan.ch\/fr\/produit\/debuyer-choc-resto-kopie\/\"]}]},{\"@type\":\"BreadcrumbList\",\"@id\":\"https:\/\/repan.ch\/fr\/produit\/debuyer-choc-resto-kopie\/#breadcrumb\",\"itemListElement\":[{\"@type\":\"ListItem\",\"position\":1,\"name\":\"Accueil\",\"item\":\"https:\/\/repan.ch\/fr\/repan-2\/\"},{\"@type\":\"ListItem\",\"position\":2,\"name\":\"Shop\",\"item\":\"https:\/\/repan.ch\/shop\/\"},{\"@type\":\"ListItem\",\"position\":3,\"name\":\"de Buyer Affinity\"}]},{\"@type\":\"WebSite\",\"@id\":\"https:\/\/repan.ch\/#website\",\"url\":\"https:\/\/repan.ch\/\",\"name\":\"RePan\",\"description\":\"Pfannen &amp; Bleche neu beschichten\",\"publisher\":{\"@id\":\"https:\/\/repan.ch\/#organization\"},\"potentialAction\":[{\"@type\":\"SearchAction\",\"target\":{\"@type\":\"EntryPoint\",\"urlTemplate\":\"https:\/\/repan.ch\/?s={search_term_string}\"},\"query-input\":{\"@type\":\"PropertyValueSpecification\",\"valueRequired\":true,\"valueName\":\"search_term_string\"}}],\"inLanguage\":\"fr-FR\"},{\"@type\":\"Organization\",\"@id\":\"https:\/\/repan.ch\/#organization\",\"name\":\"RePan\",\"url\":\"https:\/\/repan.ch\/\",\"logo\":{\"@type\":\"ImageObject\",\"inLanguage\":\"fr-FR\",\"@id\":\"https:\/\/repan.ch\/#\/schema\/logo\/image\/\",\"url\":\"https:\/\/repan.ch\/wp-content\/uploads\/2025\/03\/LogoganzV2-hr2.webp\",\"contentUrl\":\"https:\/\/repan.ch\/wp-content\/uploads\/2025\/03\/LogoganzV2-hr2.webp\",\"width\":360,\"height\":195,\"caption\":\"RePan\"},\"image\":{\"@id\":\"https:\/\/repan.ch\/#\/schema\/logo\/image\/\"},\"hasMerchantReturnPolicy\":{\"@type\":\"MerchantReturnPolicy\",\"merchantReturnLink\":\"https:\/\/repan.ch\/garantie-rueckgabe\/\"}}]}<\/script>\n<meta property=\"product:brand\" content=\"deBuyer\" \/>\n<meta property=\"og:availability\" content=\"out of stock\" \/>\n<meta property=\"product:availability\" content=\"out of stock\" \/>\n<meta property=\"product:condition\" content=\"new\" \/>\n<!-- \/ Yoast SEO Premium plugin. -->","yoast_head_json":{"title":"de Buyer Affinity neu beschichten | g\u00fcnstiger, nachhaltiger & besser","description":"Donne une nouvelle vie \u00e0 ta po\u00eale Albert Heijn bien-aim\u00e9e - meilleure que l'originale ! Avec le nouveau rev\u00eatement professionnel de RePan","robots":{"index":"index","follow":"follow","max-snippet":"max-snippet:-1","max-image-preview":"max-image-preview:large","max-video-preview":"max-video-preview:-1"},"canonical":"https:\/\/repan.ch\/fr\/produit\/debuyer-choc-resto-kopie\/","og_locale":"fr_FR","og_type":"article","og_title":"RePan - Pfannen & Bleche neu beschichten","og_description":"G\u00fcnstiger, nachhaltiger & besser","og_url":"https:\/\/repan.ch\/fr\/produit\/debuyer-choc-resto-kopie\/","og_site_name":"RePan","article_modified_time":"2026-04-04T17:59:39+00:00","og_image":[{"width":1650,"height":1000,"url":"https:\/\/repan.ch\/wp-content\/uploads\/2025\/12\/RePan-Pfannen-Bleche-neu-beschichten.jpg","type":"image\/jpeg"}],"twitter_card":"summary_large_image","twitter_misc":{"Disponibilit\u00e9":"Rupture de stock"},"schema":{"@context":"https:\/\/schema.org","@graph":[{"@type":"WebPage","@id":"https:\/\/repan.ch\/fr\/produit\/debuyer-choc-resto-kopie\/","url":"https:\/\/repan.ch\/fr\/produit\/debuyer-choc-resto-kopie\/","name":"de Buyer Affinity neu beschichten | g\u00fcnstiger, nachhaltiger & besser","isPartOf":{"@id":"https:\/\/repan.ch\/#website"},"datePublished":"2026-01-06T14:01:12+00:00","dateModified":"2026-04-04T17:59:39+00:00","description":"Donne une nouvelle vie \u00e0 ta po\u00eale Albert Heijn bien-aim\u00e9e - meilleure que l'originale ! Avec le nouveau rev\u00eatement professionnel de RePan","breadcrumb":{"@id":"https:\/\/repan.ch\/fr\/produit\/debuyer-choc-resto-kopie\/#breadcrumb"},"inLanguage":"fr-FR","potentialAction":[{"@type":"ReadAction","target":["https:\/\/repan.ch\/fr\/produit\/debuyer-choc-resto-kopie\/"]}]},{"@type":"BreadcrumbList","@id":"https:\/\/repan.ch\/fr\/produit\/debuyer-choc-resto-kopie\/#breadcrumb","itemListElement":[{"@type":"ListItem","position":1,"name":"Accueil","item":"https:\/\/repan.ch\/fr\/repan-2\/"},{"@type":"ListItem","position":2,"name":"Shop","item":"https:\/\/repan.ch\/shop\/"},{"@type":"ListItem","position":3,"name":"de Buyer Affinity"}]},{"@type":"WebSite","@id":"https:\/\/repan.ch\/#website","url":"https:\/\/repan.ch\/","name":"RePan","description":"Pfannen &amp; Bleche neu beschichten","publisher":{"@id":"https:\/\/repan.ch\/#organization"},"potentialAction":[{"@type":"SearchAction","target":{"@type":"EntryPoint","urlTemplate":"https:\/\/repan.ch\/?s={search_term_string}"},"query-input":{"@type":"PropertyValueSpecification","valueRequired":true,"valueName":"search_term_string"}}],"inLanguage":"fr-FR"},{"@type":"Organization","@id":"https:\/\/repan.ch\/#organization","name":"RePan","url":"https:\/\/repan.ch\/","logo":{"@type":"ImageObject","inLanguage":"fr-FR","@id":"https:\/\/repan.ch\/#\/schema\/logo\/image\/","url":"https:\/\/repan.ch\/wp-content\/uploads\/2025\/03\/LogoganzV2-hr2.webp","contentUrl":"https:\/\/repan.ch\/wp-content\/uploads\/2025\/03\/LogoganzV2-hr2.webp","width":360,"height":195,"caption":"RePan"},"image":{"@id":"https:\/\/repan.ch\/#\/schema\/logo\/image\/"},"hasMerchantReturnPolicy":{"@type":"MerchantReturnPolicy","merchantReturnLink":"https:\/\/repan.ch\/garantie-rueckgabe\/"}}]},"product_brand":"deBuyer","og_availability":"out of stock","product_availability":"out of stock","product_condition":"new"},"_links":{"self":[{"href":"https:\/\/repan.ch\/fr\/wp-json\/wp\/v2\/product\/339276","targetHints":{"allow":["GET"]}}],"collection":[{"href":"https:\/\/repan.ch\/fr\/wp-json\/wp\/v2\/product"}],"about":[{"href":"https:\/\/repan.ch\/fr\/wp-json\/wp\/v2\/types\/product"}],"replies":[{"embeddable":true,"href":"https:\/\/repan.ch\/fr\/wp-json\/wp\/v2\/comments?post=339276"}],"version-history":[{"count":0,"href":"https:\/\/repan.ch\/fr\/wp-json\/wp\/v2\/product\/339276\/revisions"}],"wp:attachment":[{"href":"https:\/\/repan.ch\/fr\/wp-json\/wp\/v2\/media?parent=339276"}],"wp:term":[{"taxonomy":"product_brand","embeddable":true,"href":"https:\/\/repan.ch\/fr\/wp-json\/wp\/v2\/product_brand?post=339276"},{"taxonomy":"product_cat","embeddable":true,"href":"https:\/\/repan.ch\/fr\/wp-json\/wp\/v2\/product_cat?post=339276"},{"taxonomy":"product_tag","embeddable":true,"href":"https:\/\/repan.ch\/fr\/wp-json\/wp\/v2\/product_tag?post=339276"}],"curies":[{"name":"wp","href":"https:\/\/api.w.org\/{rel}","templated":true}]}}