
{"id":338869,"date":"2025-12-30T02:50:11","date_gmt":"2025-12-30T00:50:11","guid":{"rendered":"https:\/\/repan.ch\/product\/demeyere-controlinduc\/"},"modified":"2026-02-22T11:00:37","modified_gmt":"2026-02-22T09:00:37","slug":"demeyere-controlinduc","status":"publish","type":"product","link":"https:\/\/repan.ch\/fr\/produit\/demeyere-controlinduc\/","title":{"rendered":"Demeyere Controlinduc"},"content":{"rendered":"<p><strong data-start=\"119\" data-end=\"153\">Les po\u00eales ControlInduc\u00ae de Demeyere<\/strong> peuvent stabiliser automatiquement la temp\u00e9rature et \u00e9viter la surchauffe - gr\u00e2ce \u00e0 un alliage sp\u00e9cial \u00e0 l&rsquo;int\u00e9rieur. Id\u00e9al pour les aliments d\u00e9licats et les r\u00e9sultats de cuisson uniformes. La structure multicouche de haute qualit\u00e9 assure une r\u00e9partition rapide de la chaleur, une longue dur\u00e9e de vie et des performances de cuisson professionnelles. Parfait pour les cuisiniers amateurs exigeants et pour la restauration.   <\/p>\n","protected":false},"excerpt":{"rendered":"<p><strong data-start=\"119\" data-end=\"153\">Les po\u00eales ControlInduc\u00ae de Demeyere<\/strong> peuvent stabiliser automatiquement la temp\u00e9rature et \u00e9viter la surchauffe - gr\u00e2ce \u00e0 un alliage sp\u00e9cial \u00e0 l&rsquo;int\u00e9rieur. Id\u00e9al pour les aliments d\u00e9licats et les r\u00e9sultats de cuisson uniformes. La structure multicouche de haute qualit\u00e9 assure une r\u00e9partition rapide de la chaleur, une longue dur\u00e9e de vie et des performances de cuisson professionnelles. Parfait pour les cuisiniers amateurs exigeants et pour la restauration.   <\/p>\n","protected":false},"featured_media":0,"comment_status":"open","ping_status":"closed","template":"","meta":{"content-type":""},"product_brand":[2627],"product_cat":[2286],"product_tag":[],"class_list":{"0":"post-338869","1":"product","2":"type-product","3":"status-publish","5":"product_brand-demeyere","6":"product_cat-luxe","7":"product_shipping_class-produit","8":"pa_typ-poele-a-frire","10":"first","11":"instock","12":"taxable","13":"shipping-taxable","14":"purchasable","15":"product-type-variable"},"yoast_head":"<!-- This site is optimized with the Yoast SEO Premium plugin v26.6 (Yoast SEO v27.1.1) - https:\/\/yoast.com\/product\/yoast-seo-premium-wordpress\/ -->\n<title>Demeyere Controlinduc neu beschichten | g\u00fcnstiger, nachhaltiger &amp; besser<\/title>\n<meta name=\"description\" content=\"Les po\u00eales ControlInduc\u00ae de Demeyere peuvent stabiliser automatiquement la temp\u00e9rature et \u00e9viter la surchauffe - gr\u00e2ce \u00e0 un alliage sp\u00e9cial \u00e0 l&#039;int\u00e9rieur. Id\u00e9al pour les aliments d\u00e9licats et les r\u00e9sultats de cuisson uniformes. La structure multicouche de haute qualit\u00e9 assure une r\u00e9partition rapide de la chaleur, une longue dur\u00e9e de vie et des performances de cuisson professionnelles. Parfait pour les cuisiniers amateurs exigeants et pour la restauration.\" \/>\n<meta name=\"robots\" content=\"index, follow, max-snippet:-1, max-image-preview:large, max-video-preview:-1\" \/>\n<link rel=\"canonical\" href=\"https:\/\/repan.ch\/fr\/produit\/demeyere-controlinduc\/\" \/>\n<meta property=\"og:locale\" content=\"fr_FR\" \/>\n<meta property=\"og:type\" content=\"article\" \/>\n<meta property=\"og:title\" content=\"RePan - Pfannen &amp; Bleche neu beschichten\" \/>\n<meta property=\"og:description\" content=\"G\u00fcnstiger, nachhaltiger &amp; besser\" \/>\n<meta property=\"og:url\" content=\"https:\/\/repan.ch\/fr\/produit\/demeyere-controlinduc\/\" \/>\n<meta property=\"og:site_name\" content=\"RePan\" \/>\n<meta property=\"article:modified_time\" content=\"2026-02-22T09:00:37+00:00\" \/>\n<meta property=\"og:image\" content=\"https:\/\/repan.ch\/wp-content\/uploads\/2025\/12\/RePan-Pfannen-Bleche-neu-beschichten.jpg\" \/>\n\t<meta property=\"og:image:width\" content=\"1650\" \/>\n\t<meta property=\"og:image:height\" content=\"1000\" \/>\n\t<meta property=\"og:image:type\" content=\"image\/jpeg\" \/>\n<meta name=\"twitter:card\" content=\"summary_large_image\" \/>\n<meta name=\"twitter:label1\" content=\"Disponibilit\u00e9\" \/>\n\t<meta name=\"twitter:data1\" content=\"En stock\" \/>\n<script type=\"application\/ld+json\" class=\"yoast-schema-graph\">{\"@context\":\"https:\/\/schema.org\",\"@graph\":[{\"@type\":\"WebPage\",\"@id\":\"https:\/\/repan.ch\/fr\/produit\/demeyere-controlinduc\/\",\"url\":\"https:\/\/repan.ch\/fr\/produit\/demeyere-controlinduc\/\",\"name\":\"Demeyere Controlinduc neu beschichten | g\u00fcnstiger, nachhaltiger & besser\",\"isPartOf\":{\"@id\":\"https:\/\/repan.ch\/#website\"},\"datePublished\":\"2025-12-30T00:50:11+00:00\",\"dateModified\":\"2026-02-22T09:00:37+00:00\",\"description\":\"Les po\u00eales ControlInduc\u00ae de Demeyere peuvent stabiliser automatiquement la temp\u00e9rature et \u00e9viter la surchauffe - gr\u00e2ce \u00e0 un alliage sp\u00e9cial \u00e0 l'int\u00e9rieur. Id\u00e9al pour les aliments d\u00e9licats et les r\u00e9sultats de cuisson uniformes. La structure multicouche de haute qualit\u00e9 assure une r\u00e9partition rapide de la chaleur, une longue dur\u00e9e de vie et des performances de cuisson professionnelles. Parfait pour les cuisiniers amateurs exigeants et pour la restauration.\",\"breadcrumb\":{\"@id\":\"https:\/\/repan.ch\/fr\/produit\/demeyere-controlinduc\/#breadcrumb\"},\"inLanguage\":\"fr-FR\",\"potentialAction\":[{\"@type\":\"ReadAction\",\"target\":[\"https:\/\/repan.ch\/fr\/produit\/demeyere-controlinduc\/\"]}]},{\"@type\":\"BreadcrumbList\",\"@id\":\"https:\/\/repan.ch\/fr\/produit\/demeyere-controlinduc\/#breadcrumb\",\"itemListElement\":[{\"@type\":\"ListItem\",\"position\":1,\"name\":\"Accueil\",\"item\":\"https:\/\/repan.ch\/fr\/repan-2\/\"},{\"@type\":\"ListItem\",\"position\":2,\"name\":\"Shop\",\"item\":\"https:\/\/repan.ch\/shop\/\"},{\"@type\":\"ListItem\",\"position\":3,\"name\":\"Demeyere Controlinduc\"}]},{\"@type\":\"WebSite\",\"@id\":\"https:\/\/repan.ch\/#website\",\"url\":\"https:\/\/repan.ch\/\",\"name\":\"RePan\",\"description\":\"Pfannen &amp; Bleche neu beschichten\",\"publisher\":{\"@id\":\"https:\/\/repan.ch\/#organization\"},\"potentialAction\":[{\"@type\":\"SearchAction\",\"target\":{\"@type\":\"EntryPoint\",\"urlTemplate\":\"https:\/\/repan.ch\/?s={search_term_string}\"},\"query-input\":{\"@type\":\"PropertyValueSpecification\",\"valueRequired\":true,\"valueName\":\"search_term_string\"}}],\"inLanguage\":\"fr-FR\"},{\"@type\":\"Organization\",\"@id\":\"https:\/\/repan.ch\/#organization\",\"name\":\"RePan\",\"url\":\"https:\/\/repan.ch\/\",\"logo\":{\"@type\":\"ImageObject\",\"inLanguage\":\"fr-FR\",\"@id\":\"https:\/\/repan.ch\/#\/schema\/logo\/image\/\",\"url\":\"https:\/\/repan.ch\/wp-content\/uploads\/2025\/03\/LogoganzV2-hr2.webp\",\"contentUrl\":\"https:\/\/repan.ch\/wp-content\/uploads\/2025\/03\/LogoganzV2-hr2.webp\",\"width\":360,\"height\":195,\"caption\":\"RePan\"},\"image\":{\"@id\":\"https:\/\/repan.ch\/#\/schema\/logo\/image\/\"},\"hasMerchantReturnPolicy\":{\"@type\":\"MerchantReturnPolicy\",\"merchantReturnLink\":\"https:\/\/repan.ch\/garantie-rueckgabe\/\"}}]}<\/script>\n<meta property=\"product:brand\" content=\"Demeyere\" \/>\n<meta property=\"og:availability\" content=\"instock\" \/>\n<meta property=\"product:availability\" content=\"instock\" \/>\n<meta property=\"product:condition\" content=\"new\" \/>\n<!-- \/ Yoast SEO Premium plugin. -->","yoast_head_json":{"title":"Demeyere Controlinduc neu beschichten | g\u00fcnstiger, nachhaltiger & besser","description":"Les po\u00eales ControlInduc\u00ae de Demeyere peuvent stabiliser automatiquement la temp\u00e9rature et \u00e9viter la surchauffe - gr\u00e2ce \u00e0 un alliage sp\u00e9cial \u00e0 l'int\u00e9rieur. Id\u00e9al pour les aliments d\u00e9licats et les r\u00e9sultats de cuisson uniformes. La structure multicouche de haute qualit\u00e9 assure une r\u00e9partition rapide de la chaleur, une longue dur\u00e9e de vie et des performances de cuisson professionnelles. Parfait pour les cuisiniers amateurs exigeants et pour la restauration.","robots":{"index":"index","follow":"follow","max-snippet":"max-snippet:-1","max-image-preview":"max-image-preview:large","max-video-preview":"max-video-preview:-1"},"canonical":"https:\/\/repan.ch\/fr\/produit\/demeyere-controlinduc\/","og_locale":"fr_FR","og_type":"article","og_title":"RePan - Pfannen & Bleche neu beschichten","og_description":"G\u00fcnstiger, nachhaltiger & besser","og_url":"https:\/\/repan.ch\/fr\/produit\/demeyere-controlinduc\/","og_site_name":"RePan","article_modified_time":"2026-02-22T09:00:37+00:00","og_image":[{"width":1650,"height":1000,"url":"https:\/\/repan.ch\/wp-content\/uploads\/2025\/12\/RePan-Pfannen-Bleche-neu-beschichten.jpg","type":"image\/jpeg"}],"twitter_card":"summary_large_image","twitter_misc":{"Disponibilit\u00e9":"En stock"},"schema":{"@context":"https:\/\/schema.org","@graph":[{"@type":"WebPage","@id":"https:\/\/repan.ch\/fr\/produit\/demeyere-controlinduc\/","url":"https:\/\/repan.ch\/fr\/produit\/demeyere-controlinduc\/","name":"Demeyere Controlinduc neu beschichten | g\u00fcnstiger, nachhaltiger & besser","isPartOf":{"@id":"https:\/\/repan.ch\/#website"},"datePublished":"2025-12-30T00:50:11+00:00","dateModified":"2026-02-22T09:00:37+00:00","description":"Les po\u00eales ControlInduc\u00ae de Demeyere peuvent stabiliser automatiquement la temp\u00e9rature et \u00e9viter la surchauffe - gr\u00e2ce \u00e0 un alliage sp\u00e9cial \u00e0 l'int\u00e9rieur. Id\u00e9al pour les aliments d\u00e9licats et les r\u00e9sultats de cuisson uniformes. La structure multicouche de haute qualit\u00e9 assure une r\u00e9partition rapide de la chaleur, une longue dur\u00e9e de vie et des performances de cuisson professionnelles. Parfait pour les cuisiniers amateurs exigeants et pour la restauration.","breadcrumb":{"@id":"https:\/\/repan.ch\/fr\/produit\/demeyere-controlinduc\/#breadcrumb"},"inLanguage":"fr-FR","potentialAction":[{"@type":"ReadAction","target":["https:\/\/repan.ch\/fr\/produit\/demeyere-controlinduc\/"]}]},{"@type":"BreadcrumbList","@id":"https:\/\/repan.ch\/fr\/produit\/demeyere-controlinduc\/#breadcrumb","itemListElement":[{"@type":"ListItem","position":1,"name":"Accueil","item":"https:\/\/repan.ch\/fr\/repan-2\/"},{"@type":"ListItem","position":2,"name":"Shop","item":"https:\/\/repan.ch\/shop\/"},{"@type":"ListItem","position":3,"name":"Demeyere Controlinduc"}]},{"@type":"WebSite","@id":"https:\/\/repan.ch\/#website","url":"https:\/\/repan.ch\/","name":"RePan","description":"Pfannen &amp; Bleche neu beschichten","publisher":{"@id":"https:\/\/repan.ch\/#organization"},"potentialAction":[{"@type":"SearchAction","target":{"@type":"EntryPoint","urlTemplate":"https:\/\/repan.ch\/?s={search_term_string}"},"query-input":{"@type":"PropertyValueSpecification","valueRequired":true,"valueName":"search_term_string"}}],"inLanguage":"fr-FR"},{"@type":"Organization","@id":"https:\/\/repan.ch\/#organization","name":"RePan","url":"https:\/\/repan.ch\/","logo":{"@type":"ImageObject","inLanguage":"fr-FR","@id":"https:\/\/repan.ch\/#\/schema\/logo\/image\/","url":"https:\/\/repan.ch\/wp-content\/uploads\/2025\/03\/LogoganzV2-hr2.webp","contentUrl":"https:\/\/repan.ch\/wp-content\/uploads\/2025\/03\/LogoganzV2-hr2.webp","width":360,"height":195,"caption":"RePan"},"image":{"@id":"https:\/\/repan.ch\/#\/schema\/logo\/image\/"},"hasMerchantReturnPolicy":{"@type":"MerchantReturnPolicy","merchantReturnLink":"https:\/\/repan.ch\/garantie-rueckgabe\/"}}]},"product_brand":"Demeyere","og_availability":"instock","product_availability":"instock","product_condition":"new"},"_links":{"self":[{"href":"https:\/\/repan.ch\/fr\/wp-json\/wp\/v2\/product\/338869","targetHints":{"allow":["GET"]}}],"collection":[{"href":"https:\/\/repan.ch\/fr\/wp-json\/wp\/v2\/product"}],"about":[{"href":"https:\/\/repan.ch\/fr\/wp-json\/wp\/v2\/types\/product"}],"replies":[{"embeddable":true,"href":"https:\/\/repan.ch\/fr\/wp-json\/wp\/v2\/comments?post=338869"}],"version-history":[{"count":0,"href":"https:\/\/repan.ch\/fr\/wp-json\/wp\/v2\/product\/338869\/revisions"}],"wp:attachment":[{"href":"https:\/\/repan.ch\/fr\/wp-json\/wp\/v2\/media?parent=338869"}],"wp:term":[{"taxonomy":"product_brand","embeddable":true,"href":"https:\/\/repan.ch\/fr\/wp-json\/wp\/v2\/product_brand?post=338869"},{"taxonomy":"product_cat","embeddable":true,"href":"https:\/\/repan.ch\/fr\/wp-json\/wp\/v2\/product_cat?post=338869"},{"taxonomy":"product_tag","embeddable":true,"href":"https:\/\/repan.ch\/fr\/wp-json\/wp\/v2\/product_tag?post=338869"}],"curies":[{"name":"wp","href":"https:\/\/api.w.org\/{rel}","templated":true}]}}