
{"id":336063,"date":"2025-12-30T02:40:52","date_gmt":"2025-12-30T00:40:52","guid":{"rendered":"https:\/\/repan.ch\/product\/poele-gastronomique\/"},"modified":"2025-12-30T02:40:52","modified_gmt":"2025-12-30T00:40:52","slug":"poele-gastronomique","status":"publish","type":"product","link":"https:\/\/repan.ch\/fr\/produit\/poele-gastronomique\/","title":{"rendered":"Po\u00eale gastronomique"},"content":{"rendered":"<p>Tu cherches des super po\u00eales ? Bien que ces po\u00eales ne portent pas de marque connue, nous estimons que la qualit\u00e9 de ces mod\u00e8les est digne, robuste et m\u00eame adapt\u00e9e \u00e0 la gastronomie. Ach\u00e8te la qualit\u00e9 et non le nom avec ces po\u00eales en acier inoxydable avec des manches en m\u00e9tal - notre rev\u00eatement anti-adh\u00e9rent renforc\u00e9 en c\u00e9ramique, prim\u00e9, est bien s\u00fbr pr\u00e9sent sur ce mod\u00e8le.<\/p>\n","protected":false},"excerpt":{"rendered":"<p>Tu cherches des super po\u00eales ? Bien que ces po\u00eales ne portent pas de marque connue, nous estimons que la qualit\u00e9 de ces mod\u00e8les est digne, robuste et m\u00eame adapt\u00e9e \u00e0 la gastronomie. Achetez la qualit\u00e9 et non le nom avec ces po\u00eales en acier inoxydable \u00e0 manche m\u00e9tallique - notre rev\u00eatement antiadh\u00e9sif renforc\u00e9 en c\u00e9ramique, prim\u00e9, est bien entendu \u00e9galement pr\u00e9sent sur ces po\u00eales.<\/p>\n","protected":false},"featured_media":332486,"comment_status":"open","ping_status":"closed","template":"","meta":{"content-type":""},"product_brand":[],"product_cat":[2278],"product_tag":[],"class_list":{"0":"post-336063","1":"product","2":"type-product","3":"status-publish","4":"has-post-thumbnail","6":"product_cat-premium-fr","7":"product_shipping_class-produit","8":"pa_typ-poele-a-frire","9":"pa_typ-sauteuse","11":"first","12":"outofstock","13":"taxable","14":"shipping-taxable","15":"product-type-variable"},"yoast_head":"<!-- This site is optimized with the Yoast SEO Premium plugin v26.6 (Yoast SEO v27.1.1) - https:\/\/yoast.com\/product\/yoast-seo-premium-wordpress\/ -->\n<title>Po\u00eale en acier inoxydable avec rev\u00eatement anti-adh\u00e9sif renforc\u00e9 en c\u00e9ramique<\/title>\n<meta name=\"description\" content=\"Tu cherches des super po\u00eales ? Bien que ces po\u00eales ne portent pas de marque connue, nous estimons que la qualit\u00e9 de ces mod\u00e8les est digne, robuste et m\u00eame adapt\u00e9e \u00e0 la gastronomie. Achetez la qualit\u00e9 et non le nom avec ces po\u00eales en acier inoxydable \u00e0 manche m\u00e9tallique - notre rev\u00eatement antiadh\u00e9sif renforc\u00e9 en c\u00e9ramique, prim\u00e9, est bien entendu \u00e9galement pr\u00e9sent sur ces po\u00eales.\" \/>\n<meta name=\"robots\" content=\"index, follow, max-snippet:-1, max-image-preview:large, max-video-preview:-1\" \/>\n<link rel=\"canonical\" href=\"https:\/\/repan.ch\/fr\/produit\/poele-gastronomique\/\" \/>\n<meta property=\"og:locale\" content=\"fr_FR\" \/>\n<meta property=\"og:type\" content=\"article\" \/>\n<meta property=\"og:title\" content=\"RePan - Pfannen &amp; Bleche neu beschichten\" \/>\n<meta property=\"og:description\" content=\"G\u00fcnstiger, nachhaltiger &amp; besser\" \/>\n<meta property=\"og:url\" content=\"https:\/\/repan.ch\/fr\/produit\/poele-gastronomique\/\" \/>\n<meta property=\"og:site_name\" content=\"RePan\" \/>\n<meta property=\"og:image\" content=\"https:\/\/repan.ch\/wp-content\/uploads\/2025\/12\/NoName26EE.webp\" \/>\n\t<meta property=\"og:image:width\" content=\"1650\" \/>\n\t<meta property=\"og:image:height\" content=\"1000\" \/>\n\t<meta property=\"og:image:type\" content=\"image\/webp\" \/>\n<meta name=\"twitter:card\" content=\"summary_large_image\" \/>\n<meta name=\"twitter:label1\" content=\"Disponibilit\u00e9\" \/>\n\t<meta name=\"twitter:data1\" content=\"Rupture de stock\" \/>\n<script type=\"application\/ld+json\" class=\"yoast-schema-graph\">{\"@context\":\"https:\/\/schema.org\",\"@graph\":[{\"@type\":\"WebPage\",\"@id\":\"https:\/\/repan.ch\/fr\/produit\/poele-gastronomique\/\",\"url\":\"https:\/\/repan.ch\/fr\/produit\/poele-gastronomique\/\",\"name\":\"Po\u00eale en acier inoxydable avec rev\u00eatement anti-adh\u00e9sif renforc\u00e9 en c\u00e9ramique\",\"isPartOf\":{\"@id\":\"https:\/\/repan.ch\/#website\"},\"primaryImageOfPage\":{\"@id\":\"https:\/\/repan.ch\/fr\/produit\/poele-gastronomique\/#primaryimage\"},\"image\":{\"@id\":\"https:\/\/repan.ch\/fr\/produit\/poele-gastronomique\/#primaryimage\"},\"thumbnailUrl\":\"https:\/\/repan.ch\/wp-content\/uploads\/2025\/12\/NoName26EE.webp\",\"datePublished\":\"2025-12-30T00:40:52+00:00\",\"description\":\"Tu cherches des super po\u00eales ? Bien que ces po\u00eales ne portent pas de marque connue, nous estimons que la qualit\u00e9 de ces mod\u00e8les est digne, robuste et m\u00eame adapt\u00e9e \u00e0 la gastronomie. Achetez la qualit\u00e9 et non le nom avec ces po\u00eales en acier inoxydable \u00e0 manche m\u00e9tallique - notre rev\u00eatement antiadh\u00e9sif renforc\u00e9 en c\u00e9ramique, prim\u00e9, est bien entendu \u00e9galement pr\u00e9sent sur ces po\u00eales.\",\"breadcrumb\":{\"@id\":\"https:\/\/repan.ch\/fr\/produit\/poele-gastronomique\/#breadcrumb\"},\"inLanguage\":\"fr-FR\",\"potentialAction\":[{\"@type\":\"ReadAction\",\"target\":[\"https:\/\/repan.ch\/fr\/produit\/poele-gastronomique\/\"]}]},{\"@type\":\"ImageObject\",\"inLanguage\":\"fr-FR\",\"@id\":\"https:\/\/repan.ch\/fr\/produit\/poele-gastronomique\/#primaryimage\",\"url\":\"https:\/\/repan.ch\/wp-content\/uploads\/2025\/12\/NoName26EE.webp\",\"contentUrl\":\"https:\/\/repan.ch\/wp-content\/uploads\/2025\/12\/NoName26EE.webp\",\"width\":1650,\"height\":1000},{\"@type\":\"BreadcrumbList\",\"@id\":\"https:\/\/repan.ch\/fr\/produit\/poele-gastronomique\/#breadcrumb\",\"itemListElement\":[{\"@type\":\"ListItem\",\"position\":1,\"name\":\"Accueil\",\"item\":\"https:\/\/repan.ch\/fr\/repan-2\/\"},{\"@type\":\"ListItem\",\"position\":2,\"name\":\"Shop\",\"item\":\"https:\/\/repan.ch\/shop\/\"},{\"@type\":\"ListItem\",\"position\":3,\"name\":\"Po\u00eale gastronomique\"}]},{\"@type\":\"WebSite\",\"@id\":\"https:\/\/repan.ch\/#website\",\"url\":\"https:\/\/repan.ch\/\",\"name\":\"RePan\",\"description\":\"Pfannen &amp; Bleche neu beschichten\",\"publisher\":{\"@id\":\"https:\/\/repan.ch\/#organization\"},\"potentialAction\":[{\"@type\":\"SearchAction\",\"target\":{\"@type\":\"EntryPoint\",\"urlTemplate\":\"https:\/\/repan.ch\/?s={search_term_string}\"},\"query-input\":{\"@type\":\"PropertyValueSpecification\",\"valueRequired\":true,\"valueName\":\"search_term_string\"}}],\"inLanguage\":\"fr-FR\"},{\"@type\":\"Organization\",\"@id\":\"https:\/\/repan.ch\/#organization\",\"name\":\"RePan\",\"url\":\"https:\/\/repan.ch\/\",\"logo\":{\"@type\":\"ImageObject\",\"inLanguage\":\"fr-FR\",\"@id\":\"https:\/\/repan.ch\/#\/schema\/logo\/image\/\",\"url\":\"https:\/\/repan.ch\/wp-content\/uploads\/2025\/03\/LogoganzV2-hr2.webp\",\"contentUrl\":\"https:\/\/repan.ch\/wp-content\/uploads\/2025\/03\/LogoganzV2-hr2.webp\",\"width\":360,\"height\":195,\"caption\":\"RePan\"},\"image\":{\"@id\":\"https:\/\/repan.ch\/#\/schema\/logo\/image\/\"},\"hasMerchantReturnPolicy\":{\"@type\":\"MerchantReturnPolicy\",\"merchantReturnLink\":\"https:\/\/repan.ch\/garantie-rueckgabe\/\"}}]}<\/script>\n<meta property=\"og:availability\" content=\"out of stock\" \/>\n<meta property=\"product:availability\" content=\"out of stock\" \/>\n<meta property=\"product:condition\" content=\"new\" \/>\n<!-- \/ Yoast SEO Premium plugin. -->","yoast_head_json":{"title":"Po\u00eale en acier inoxydable avec rev\u00eatement anti-adh\u00e9sif renforc\u00e9 en c\u00e9ramique","description":"Tu cherches des super po\u00eales ? Bien que ces po\u00eales ne portent pas de marque connue, nous estimons que la qualit\u00e9 de ces mod\u00e8les est digne, robuste et m\u00eame adapt\u00e9e \u00e0 la gastronomie. Achetez la qualit\u00e9 et non le nom avec ces po\u00eales en acier inoxydable \u00e0 manche m\u00e9tallique - notre rev\u00eatement antiadh\u00e9sif renforc\u00e9 en c\u00e9ramique, prim\u00e9, est bien entendu \u00e9galement pr\u00e9sent sur ces po\u00eales.","robots":{"index":"index","follow":"follow","max-snippet":"max-snippet:-1","max-image-preview":"max-image-preview:large","max-video-preview":"max-video-preview:-1"},"canonical":"https:\/\/repan.ch\/fr\/produit\/poele-gastronomique\/","og_locale":"fr_FR","og_type":"article","og_title":"RePan - Pfannen & Bleche neu beschichten","og_description":"G\u00fcnstiger, nachhaltiger & besser","og_url":"https:\/\/repan.ch\/fr\/produit\/poele-gastronomique\/","og_site_name":"RePan","og_image":[{"width":1650,"height":1000,"url":"https:\/\/repan.ch\/wp-content\/uploads\/2025\/12\/NoName26EE.webp","type":"image\/webp"}],"twitter_card":"summary_large_image","twitter_misc":{"Disponibilit\u00e9":"Rupture de stock"},"schema":{"@context":"https:\/\/schema.org","@graph":[{"@type":"WebPage","@id":"https:\/\/repan.ch\/fr\/produit\/poele-gastronomique\/","url":"https:\/\/repan.ch\/fr\/produit\/poele-gastronomique\/","name":"Po\u00eale en acier inoxydable avec rev\u00eatement anti-adh\u00e9sif renforc\u00e9 en c\u00e9ramique","isPartOf":{"@id":"https:\/\/repan.ch\/#website"},"primaryImageOfPage":{"@id":"https:\/\/repan.ch\/fr\/produit\/poele-gastronomique\/#primaryimage"},"image":{"@id":"https:\/\/repan.ch\/fr\/produit\/poele-gastronomique\/#primaryimage"},"thumbnailUrl":"https:\/\/repan.ch\/wp-content\/uploads\/2025\/12\/NoName26EE.webp","datePublished":"2025-12-30T00:40:52+00:00","description":"Tu cherches des super po\u00eales ? Bien que ces po\u00eales ne portent pas de marque connue, nous estimons que la qualit\u00e9 de ces mod\u00e8les est digne, robuste et m\u00eame adapt\u00e9e \u00e0 la gastronomie. Achetez la qualit\u00e9 et non le nom avec ces po\u00eales en acier inoxydable \u00e0 manche m\u00e9tallique - notre rev\u00eatement antiadh\u00e9sif renforc\u00e9 en c\u00e9ramique, prim\u00e9, est bien entendu \u00e9galement pr\u00e9sent sur ces po\u00eales.","breadcrumb":{"@id":"https:\/\/repan.ch\/fr\/produit\/poele-gastronomique\/#breadcrumb"},"inLanguage":"fr-FR","potentialAction":[{"@type":"ReadAction","target":["https:\/\/repan.ch\/fr\/produit\/poele-gastronomique\/"]}]},{"@type":"ImageObject","inLanguage":"fr-FR","@id":"https:\/\/repan.ch\/fr\/produit\/poele-gastronomique\/#primaryimage","url":"https:\/\/repan.ch\/wp-content\/uploads\/2025\/12\/NoName26EE.webp","contentUrl":"https:\/\/repan.ch\/wp-content\/uploads\/2025\/12\/NoName26EE.webp","width":1650,"height":1000},{"@type":"BreadcrumbList","@id":"https:\/\/repan.ch\/fr\/produit\/poele-gastronomique\/#breadcrumb","itemListElement":[{"@type":"ListItem","position":1,"name":"Accueil","item":"https:\/\/repan.ch\/fr\/repan-2\/"},{"@type":"ListItem","position":2,"name":"Shop","item":"https:\/\/repan.ch\/shop\/"},{"@type":"ListItem","position":3,"name":"Po\u00eale gastronomique"}]},{"@type":"WebSite","@id":"https:\/\/repan.ch\/#website","url":"https:\/\/repan.ch\/","name":"RePan","description":"Pfannen &amp; Bleche neu beschichten","publisher":{"@id":"https:\/\/repan.ch\/#organization"},"potentialAction":[{"@type":"SearchAction","target":{"@type":"EntryPoint","urlTemplate":"https:\/\/repan.ch\/?s={search_term_string}"},"query-input":{"@type":"PropertyValueSpecification","valueRequired":true,"valueName":"search_term_string"}}],"inLanguage":"fr-FR"},{"@type":"Organization","@id":"https:\/\/repan.ch\/#organization","name":"RePan","url":"https:\/\/repan.ch\/","logo":{"@type":"ImageObject","inLanguage":"fr-FR","@id":"https:\/\/repan.ch\/#\/schema\/logo\/image\/","url":"https:\/\/repan.ch\/wp-content\/uploads\/2025\/03\/LogoganzV2-hr2.webp","contentUrl":"https:\/\/repan.ch\/wp-content\/uploads\/2025\/03\/LogoganzV2-hr2.webp","width":360,"height":195,"caption":"RePan"},"image":{"@id":"https:\/\/repan.ch\/#\/schema\/logo\/image\/"},"hasMerchantReturnPolicy":{"@type":"MerchantReturnPolicy","merchantReturnLink":"https:\/\/repan.ch\/garantie-rueckgabe\/"}}]},"og_availability":"out of stock","product_availability":"out of stock","product_condition":"new"},"_links":{"self":[{"href":"https:\/\/repan.ch\/fr\/wp-json\/wp\/v2\/product\/336063","targetHints":{"allow":["GET"]}}],"collection":[{"href":"https:\/\/repan.ch\/fr\/wp-json\/wp\/v2\/product"}],"about":[{"href":"https:\/\/repan.ch\/fr\/wp-json\/wp\/v2\/types\/product"}],"replies":[{"embeddable":true,"href":"https:\/\/repan.ch\/fr\/wp-json\/wp\/v2\/comments?post=336063"}],"version-history":[{"count":0,"href":"https:\/\/repan.ch\/fr\/wp-json\/wp\/v2\/product\/336063\/revisions"}],"wp:featuredmedia":[{"embeddable":true,"href":"https:\/\/repan.ch\/fr\/wp-json\/wp\/v2\/media\/332486"}],"wp:attachment":[{"href":"https:\/\/repan.ch\/fr\/wp-json\/wp\/v2\/media?parent=336063"}],"wp:term":[{"taxonomy":"product_brand","embeddable":true,"href":"https:\/\/repan.ch\/fr\/wp-json\/wp\/v2\/product_brand?post=336063"},{"taxonomy":"product_cat","embeddable":true,"href":"https:\/\/repan.ch\/fr\/wp-json\/wp\/v2\/product_cat?post=336063"},{"taxonomy":"product_tag","embeddable":true,"href":"https:\/\/repan.ch\/fr\/wp-json\/wp\/v2\/product_tag?post=336063"}],"curies":[{"name":"wp","href":"https:\/\/api.w.org\/{rel}","templated":true}]}}