
{"id":336053,"date":"2025-12-30T03:28:30","date_gmt":"2025-12-30T01:28:30","guid":{"rendered":"https:\/\/repan.ch\/product\/bon-repeindre-enlevement-et-retour-inclus\/"},"modified":"2025-12-30T03:28:30","modified_gmt":"2025-12-30T01:28:30","slug":"bon-repeindre-enlevement-et-retour-inclus","status":"publish","type":"product","link":"https:\/\/repan.ch\/fr\/produit\/bon-repeindre-enlevement-et-retour-inclus\/","title":{"rendered":"Bon : repeindre, enl\u00e8vement et retour inclus"},"content":{"rendered":"<p>N&rsquo;offre pas de babioles, mais un peu de joie au quotidien : quelque chose d&rsquo;utile, de r\u00e9gional et de durable.<\/p>\n<p>Ton:e b\u00e9n\u00e9ficiaire peut commander des po\u00eales, frais de port inclus, lors de l&rsquo;encaissement ou venir chercher ses po\u00eales et les faire rev\u00eatir \u00e0 nouveau. <\/p>\n<p>Si tu commandes un bon imprim\u00e9, tu le re\u00e7ois avec le grattoir en bois pour l&rsquo;offrir. <\/p>\n","protected":false},"excerpt":{"rendered":"<p>N&rsquo;offre pas de babioles, mais un peu de joie au quotidien : quelque chose d&rsquo;utile, de r\u00e9gional et de durable.<\/p>\n<p>Ton:e b\u00e9n\u00e9ficiaire peut commander des po\u00eales, frais de port inclus, lors de l&rsquo;encaissement ou venir chercher ses po\u00eales et les faire rev\u00eatir \u00e0 nouveau. <\/p>\n<p>Si tu commandes un bon imprim\u00e9, tu le re\u00e7ois avec le grattoir en bois pour l&rsquo;offrir. <\/p>\n","protected":false},"featured_media":333045,"comment_status":"open","ping_status":"closed","template":"","meta":{"content-type":""},"product_brand":[],"product_cat":[2355],"product_tag":[],"class_list":{"0":"post-336053","1":"product","2":"type-product","3":"status-publish","4":"has-post-thumbnail","6":"product_cat-bon-dachat","8":"first","9":"outofstock","10":"taxable","11":"shipping-taxable","12":"product-type-variable"},"yoast_head":"<!-- This site is optimized with the Yoast SEO Premium plugin v27.4 (Yoast SEO v27.4) - https:\/\/yoast.com\/product\/yoast-seo-premium-wordpress\/ -->\n<title>Offrir de l&#039;utile : Replacer le rev\u00eatement des po\u00eales - Bons d&#039;achat<\/title>\n<meta name=\"description\" content=\"N&#039;offre pas de bric-\u00e0-brac, mais un peu de joie au quotidien : quelque chose d&#039;utile, de r\u00e9gional &amp; de durable. Collecte et renvoi inclus\" \/>\n<meta name=\"robots\" content=\"index, follow, max-snippet:-1, max-image-preview:large, max-video-preview:-1\" \/>\n<link rel=\"canonical\" href=\"https:\/\/repan.ch\/fr\/produit\/bon-repeindre-enlevement-et-retour-inclus\/\" \/>\n<meta property=\"og:locale\" content=\"fr_FR\" \/>\n<meta property=\"og:type\" content=\"article\" \/>\n<meta property=\"og:title\" content=\"RePan - Pfannen &amp; Bleche neu beschichten\" \/>\n<meta property=\"og:description\" content=\"G\u00fcnstiger, nachhaltiger &amp; besser\" \/>\n<meta property=\"og:url\" content=\"https:\/\/repan.ch\/fr\/produit\/bon-repeindre-enlevement-et-retour-inclus\/\" \/>\n<meta property=\"og:site_name\" content=\"RePan\" \/>\n<meta property=\"og:image\" content=\"https:\/\/repan.ch\/wp-content\/uploads\/2025\/12\/RePan_Gutschein.webp\" \/>\n\t<meta property=\"og:image:width\" content=\"1650\" \/>\n\t<meta property=\"og:image:height\" content=\"1000\" \/>\n\t<meta property=\"og:image:type\" content=\"image\/webp\" \/>\n<meta name=\"twitter:card\" content=\"summary_large_image\" \/>\n<meta name=\"twitter:label1\" content=\"Disponibilit\u00e9\" \/>\n\t<meta name=\"twitter:data1\" content=\"Rupture de stock\" \/>\n<script type=\"application\/ld+json\" class=\"yoast-schema-graph\">{\"@context\":\"https:\\\/\\\/schema.org\",\"@graph\":[{\"@type\":\"WebPage\",\"@id\":\"https:\\\/\\\/repan.ch\\\/fr\\\/produit\\\/bon-repeindre-enlevement-et-retour-inclus\\\/\",\"url\":\"https:\\\/\\\/repan.ch\\\/fr\\\/produit\\\/bon-repeindre-enlevement-et-retour-inclus\\\/\",\"name\":\"Offrir de l'utile : Replacer le rev\u00eatement des po\u00eales - Bons d'achat\",\"isPartOf\":{\"@id\":\"https:\\\/\\\/repan.ch\\\/#website\"},\"primaryImageOfPage\":{\"@id\":\"https:\\\/\\\/repan.ch\\\/fr\\\/produit\\\/bon-repeindre-enlevement-et-retour-inclus\\\/#primaryimage\"},\"image\":{\"@id\":\"https:\\\/\\\/repan.ch\\\/fr\\\/produit\\\/bon-repeindre-enlevement-et-retour-inclus\\\/#primaryimage\"},\"thumbnailUrl\":\"https:\\\/\\\/repan.ch\\\/wp-content\\\/uploads\\\/2025\\\/12\\\/RePan_Gutschein.webp\",\"datePublished\":\"2025-12-30T01:28:30+00:00\",\"description\":\"N'offre pas de bric-\u00e0-brac, mais un peu de joie au quotidien : quelque chose d'utile, de r\u00e9gional & de durable. Collecte et renvoi inclus\",\"breadcrumb\":{\"@id\":\"https:\\\/\\\/repan.ch\\\/fr\\\/produit\\\/bon-repeindre-enlevement-et-retour-inclus\\\/#breadcrumb\"},\"inLanguage\":\"fr-FR\",\"potentialAction\":[{\"@type\":\"ReadAction\",\"target\":[\"https:\\\/\\\/repan.ch\\\/fr\\\/produit\\\/bon-repeindre-enlevement-et-retour-inclus\\\/\"]}]},{\"@type\":\"ImageObject\",\"inLanguage\":\"fr-FR\",\"@id\":\"https:\\\/\\\/repan.ch\\\/fr\\\/produit\\\/bon-repeindre-enlevement-et-retour-inclus\\\/#primaryimage\",\"url\":\"https:\\\/\\\/repan.ch\\\/wp-content\\\/uploads\\\/2025\\\/12\\\/RePan_Gutschein.webp\",\"contentUrl\":\"https:\\\/\\\/repan.ch\\\/wp-content\\\/uploads\\\/2025\\\/12\\\/RePan_Gutschein.webp\",\"width\":1650,\"height\":1000},{\"@type\":\"BreadcrumbList\",\"@id\":\"https:\\\/\\\/repan.ch\\\/fr\\\/produit\\\/bon-repeindre-enlevement-et-retour-inclus\\\/#breadcrumb\",\"itemListElement\":[{\"@type\":\"ListItem\",\"position\":1,\"name\":\"Accueil\",\"item\":\"https:\\\/\\\/repan.ch\\\/fr\\\/repan-2\\\/\"},{\"@type\":\"ListItem\",\"position\":2,\"name\":\"Shop\",\"item\":\"https:\\\/\\\/repan.ch\\\/shop\\\/\"},{\"@type\":\"ListItem\",\"position\":3,\"name\":\"Bon : repeindre, enl\u00e8vement et retour inclus\"}]},{\"@type\":\"WebSite\",\"@id\":\"https:\\\/\\\/repan.ch\\\/#website\",\"url\":\"https:\\\/\\\/repan.ch\\\/\",\"name\":\"RePan\",\"description\":\"Pfannen &amp; Bleche neu beschichten\",\"publisher\":{\"@id\":\"https:\\\/\\\/repan.ch\\\/#organization\"},\"potentialAction\":[{\"@type\":\"SearchAction\",\"target\":{\"@type\":\"EntryPoint\",\"urlTemplate\":\"https:\\\/\\\/repan.ch\\\/?s={search_term_string}\"},\"query-input\":{\"@type\":\"PropertyValueSpecification\",\"valueRequired\":true,\"valueName\":\"search_term_string\"}}],\"inLanguage\":\"fr-FR\"},{\"@type\":\"Organization\",\"@id\":\"https:\\\/\\\/repan.ch\\\/#organization\",\"name\":\"RePan\",\"url\":\"https:\\\/\\\/repan.ch\\\/\",\"logo\":{\"@type\":\"ImageObject\",\"inLanguage\":\"fr-FR\",\"@id\":\"https:\\\/\\\/repan.ch\\\/#\\\/schema\\\/logo\\\/image\\\/\",\"url\":\"https:\\\/\\\/repan.ch\\\/wp-content\\\/uploads\\\/2025\\\/03\\\/LogoganzV2-hr2.webp\",\"contentUrl\":\"https:\\\/\\\/repan.ch\\\/wp-content\\\/uploads\\\/2025\\\/03\\\/LogoganzV2-hr2.webp\",\"width\":360,\"height\":195,\"caption\":\"RePan\"},\"image\":{\"@id\":\"https:\\\/\\\/repan.ch\\\/#\\\/schema\\\/logo\\\/image\\\/\"},\"hasMerchantReturnPolicy\":{\"@type\":\"MerchantReturnPolicy\",\"merchantReturnLink\":\"https:\\\/\\\/repan.ch\\\/garantie-rueckgabe\\\/\"}}]}<\/script>\n<meta property=\"og:availability\" content=\"out of stock\" \/>\n<meta property=\"product:availability\" content=\"out of stock\" \/>\n<meta property=\"product:condition\" content=\"new\" \/>\n<!-- \/ Yoast SEO Premium plugin. -->","yoast_head_json":{"title":"Offrir de l'utile : Replacer le rev\u00eatement des po\u00eales - Bons d'achat","description":"N'offre pas de bric-\u00e0-brac, mais un peu de joie au quotidien : quelque chose d'utile, de r\u00e9gional & de durable. Collecte et renvoi inclus","robots":{"index":"index","follow":"follow","max-snippet":"max-snippet:-1","max-image-preview":"max-image-preview:large","max-video-preview":"max-video-preview:-1"},"canonical":"https:\/\/repan.ch\/fr\/produit\/bon-repeindre-enlevement-et-retour-inclus\/","og_locale":"fr_FR","og_type":"article","og_title":"RePan - Pfannen & Bleche neu beschichten","og_description":"G\u00fcnstiger, nachhaltiger & besser","og_url":"https:\/\/repan.ch\/fr\/produit\/bon-repeindre-enlevement-et-retour-inclus\/","og_site_name":"RePan","og_image":[{"width":1650,"height":1000,"url":"https:\/\/repan.ch\/wp-content\/uploads\/2025\/12\/RePan_Gutschein.webp","type":"image\/webp"}],"twitter_card":"summary_large_image","twitter_misc":{"Disponibilit\u00e9":"Rupture de stock"},"schema":{"@context":"https:\/\/schema.org","@graph":[{"@type":"WebPage","@id":"https:\/\/repan.ch\/fr\/produit\/bon-repeindre-enlevement-et-retour-inclus\/","url":"https:\/\/repan.ch\/fr\/produit\/bon-repeindre-enlevement-et-retour-inclus\/","name":"Offrir de l'utile : Replacer le rev\u00eatement des po\u00eales - Bons d'achat","isPartOf":{"@id":"https:\/\/repan.ch\/#website"},"primaryImageOfPage":{"@id":"https:\/\/repan.ch\/fr\/produit\/bon-repeindre-enlevement-et-retour-inclus\/#primaryimage"},"image":{"@id":"https:\/\/repan.ch\/fr\/produit\/bon-repeindre-enlevement-et-retour-inclus\/#primaryimage"},"thumbnailUrl":"https:\/\/repan.ch\/wp-content\/uploads\/2025\/12\/RePan_Gutschein.webp","datePublished":"2025-12-30T01:28:30+00:00","description":"N'offre pas de bric-\u00e0-brac, mais un peu de joie au quotidien : quelque chose d'utile, de r\u00e9gional & de durable. Collecte et renvoi inclus","breadcrumb":{"@id":"https:\/\/repan.ch\/fr\/produit\/bon-repeindre-enlevement-et-retour-inclus\/#breadcrumb"},"inLanguage":"fr-FR","potentialAction":[{"@type":"ReadAction","target":["https:\/\/repan.ch\/fr\/produit\/bon-repeindre-enlevement-et-retour-inclus\/"]}]},{"@type":"ImageObject","inLanguage":"fr-FR","@id":"https:\/\/repan.ch\/fr\/produit\/bon-repeindre-enlevement-et-retour-inclus\/#primaryimage","url":"https:\/\/repan.ch\/wp-content\/uploads\/2025\/12\/RePan_Gutschein.webp","contentUrl":"https:\/\/repan.ch\/wp-content\/uploads\/2025\/12\/RePan_Gutschein.webp","width":1650,"height":1000},{"@type":"BreadcrumbList","@id":"https:\/\/repan.ch\/fr\/produit\/bon-repeindre-enlevement-et-retour-inclus\/#breadcrumb","itemListElement":[{"@type":"ListItem","position":1,"name":"Accueil","item":"https:\/\/repan.ch\/fr\/repan-2\/"},{"@type":"ListItem","position":2,"name":"Shop","item":"https:\/\/repan.ch\/shop\/"},{"@type":"ListItem","position":3,"name":"Bon : repeindre, enl\u00e8vement et retour inclus"}]},{"@type":"WebSite","@id":"https:\/\/repan.ch\/#website","url":"https:\/\/repan.ch\/","name":"RePan","description":"Pfannen &amp; Bleche neu beschichten","publisher":{"@id":"https:\/\/repan.ch\/#organization"},"potentialAction":[{"@type":"SearchAction","target":{"@type":"EntryPoint","urlTemplate":"https:\/\/repan.ch\/?s={search_term_string}"},"query-input":{"@type":"PropertyValueSpecification","valueRequired":true,"valueName":"search_term_string"}}],"inLanguage":"fr-FR"},{"@type":"Organization","@id":"https:\/\/repan.ch\/#organization","name":"RePan","url":"https:\/\/repan.ch\/","logo":{"@type":"ImageObject","inLanguage":"fr-FR","@id":"https:\/\/repan.ch\/#\/schema\/logo\/image\/","url":"https:\/\/repan.ch\/wp-content\/uploads\/2025\/03\/LogoganzV2-hr2.webp","contentUrl":"https:\/\/repan.ch\/wp-content\/uploads\/2025\/03\/LogoganzV2-hr2.webp","width":360,"height":195,"caption":"RePan"},"image":{"@id":"https:\/\/repan.ch\/#\/schema\/logo\/image\/"},"hasMerchantReturnPolicy":{"@type":"MerchantReturnPolicy","merchantReturnLink":"https:\/\/repan.ch\/garantie-rueckgabe\/"}}]},"og_availability":"out of stock","product_availability":"out of stock","product_condition":"new"},"_links":{"self":[{"href":"https:\/\/repan.ch\/fr\/wp-json\/wp\/v2\/product\/336053","targetHints":{"allow":["GET"]}}],"collection":[{"href":"https:\/\/repan.ch\/fr\/wp-json\/wp\/v2\/product"}],"about":[{"href":"https:\/\/repan.ch\/fr\/wp-json\/wp\/v2\/types\/product"}],"replies":[{"embeddable":true,"href":"https:\/\/repan.ch\/fr\/wp-json\/wp\/v2\/comments?post=336053"}],"version-history":[{"count":0,"href":"https:\/\/repan.ch\/fr\/wp-json\/wp\/v2\/product\/336053\/revisions"}],"wp:featuredmedia":[{"embeddable":true,"href":"https:\/\/repan.ch\/fr\/wp-json\/wp\/v2\/media\/333045"}],"wp:attachment":[{"href":"https:\/\/repan.ch\/fr\/wp-json\/wp\/v2\/media?parent=336053"}],"wp:term":[{"taxonomy":"product_brand","embeddable":true,"href":"https:\/\/repan.ch\/fr\/wp-json\/wp\/v2\/product_brand?post=336053"},{"taxonomy":"product_cat","embeddable":true,"href":"https:\/\/repan.ch\/fr\/wp-json\/wp\/v2\/product_cat?post=336053"},{"taxonomy":"product_tag","embeddable":true,"href":"https:\/\/repan.ch\/fr\/wp-json\/wp\/v2\/product_tag?post=336053"}],"curies":[{"name":"wp","href":"https:\/\/api.w.org\/{rel}","templated":true}]}}