
{"id":336045,"date":"2025-12-30T03:27:53","date_gmt":"2025-12-30T01:27:53","guid":{"rendered":"https:\/\/repan.ch\/product\/albert-heijn\/"},"modified":"2026-01-22T18:40:43","modified_gmt":"2026-01-22T16:40:43","slug":"albert-heijn","status":"publish","type":"product","link":"https:\/\/repan.ch\/fr\/produit\/albert-heijn\/","title":{"rendered":"Albert Heijn"},"content":{"rendered":"<p><strong data-start=\"108\" data-end=\"132\">Les po\u00eales Albert Heijn<\/strong> sont des produits fonctionnels de tous les jours qui mettent l&rsquo;accent sur la facilit\u00e9 d&rsquo;utilisation et la fiabilit\u00e9 des performances de cuisson. Leur structure solide permet une r\u00e9partition uniforme de la chaleur et convient \u00e0 une utilisation quotidienne dans la cuisine. Selon le mod\u00e8le, elles sont compatibles avec tous les types de cuisini\u00e8res courants, y compris l&rsquo;induction - pratique, simple et efficace.  <\/p>\n","protected":false},"excerpt":{"rendered":"<p>Donne une nouvelle vie \u00e0 ta po\u00eale Albert Heijn bien-aim\u00e9e - meilleure que l&rsquo;originale ! Gr\u00e2ce au nouveau rev\u00eatement professionnel de RePan, ta po\u00eale n&rsquo;est pas seulement am\u00e9lior\u00e9e, mais elle d\u00e9passe la qualit\u00e9 d&rsquo;origine en termes de long\u00e9vit\u00e9 et de performances antiadh\u00e9sives. <\/p>\n","protected":false},"featured_media":333028,"comment_status":"open","ping_status":"closed","template":"","meta":{"content-type":""},"product_brand":[2795],"product_cat":[2271],"product_tag":[],"class_list":{"0":"post-336045","1":"product","2":"type-product","3":"status-publish","4":"has-post-thumbnail","6":"product_brand-albert-heijn","7":"product_cat-basique","8":"product_shipping_class-produit","9":"pa_typ-poele-wok","11":"first","12":"outofstock","13":"taxable","14":"shipping-taxable","15":"product-type-variable"},"yoast_head":"<!-- This site is optimized with the Yoast SEO Premium plugin v26.6 (Yoast SEO v27.1.1) - https:\/\/yoast.com\/product\/yoast-seo-premium-wordpress\/ -->\n<title>Albert Heijn neu beschichten | g\u00fcnstiger, nachhaltiger &amp; besser<\/title>\n<meta name=\"description\" content=\"Donne une nouvelle vie \u00e0 ta po\u00eale Albert Heijn bien-aim\u00e9e - meilleure que l&#039;originale ! Avec le nouveau rev\u00eatement professionnel de RePan\" \/>\n<meta name=\"robots\" content=\"index, follow, max-snippet:-1, max-image-preview:large, max-video-preview:-1\" \/>\n<link rel=\"canonical\" href=\"https:\/\/repan.ch\/fr\/produit\/albert-heijn\/\" \/>\n<meta property=\"og:locale\" content=\"fr_FR\" \/>\n<meta property=\"og:type\" content=\"article\" \/>\n<meta property=\"og:title\" content=\"RePan - Pfannen &amp; Bleche neu beschichten\" \/>\n<meta property=\"og:description\" content=\"G\u00fcnstiger, nachhaltiger &amp; besser\" \/>\n<meta property=\"og:url\" content=\"https:\/\/repan.ch\/fr\/produit\/albert-heijn\/\" \/>\n<meta property=\"og:site_name\" content=\"RePan\" \/>\n<meta property=\"article:modified_time\" content=\"2026-01-22T16:40:43+00:00\" \/>\n<meta property=\"og:image\" content=\"https:\/\/repan.ch\/wp-content\/uploads\/2025\/12\/Albert-Heijn-26cm-Wokpfanne-240011.webp\" \/>\n\t<meta property=\"og:image:width\" content=\"1650\" \/>\n\t<meta property=\"og:image:height\" content=\"1000\" \/>\n\t<meta property=\"og:image:type\" content=\"image\/webp\" \/>\n<meta name=\"twitter:card\" content=\"summary_large_image\" \/>\n<meta name=\"twitter:label1\" content=\"Disponibilit\u00e9\" \/>\n\t<meta name=\"twitter:data1\" content=\"Rupture de stock\" \/>\n<script type=\"application\/ld+json\" class=\"yoast-schema-graph\">{\"@context\":\"https:\/\/schema.org\",\"@graph\":[{\"@type\":\"WebPage\",\"@id\":\"https:\/\/repan.ch\/fr\/produit\/albert-heijn\/\",\"url\":\"https:\/\/repan.ch\/fr\/produit\/albert-heijn\/\",\"name\":\"Albert Heijn neu beschichten | g\u00fcnstiger, nachhaltiger & besser\",\"isPartOf\":{\"@id\":\"https:\/\/repan.ch\/#website\"},\"primaryImageOfPage\":{\"@id\":\"https:\/\/repan.ch\/fr\/produit\/albert-heijn\/#primaryimage\"},\"image\":{\"@id\":\"https:\/\/repan.ch\/fr\/produit\/albert-heijn\/#primaryimage\"},\"thumbnailUrl\":\"https:\/\/repan.ch\/wp-content\/uploads\/2025\/12\/Albert-Heijn-26cm-Wokpfanne-240011.webp\",\"datePublished\":\"2025-12-30T01:27:53+00:00\",\"dateModified\":\"2026-01-22T16:40:43+00:00\",\"description\":\"Donne une nouvelle vie \u00e0 ta po\u00eale Albert Heijn bien-aim\u00e9e - meilleure que l'originale ! Avec le nouveau rev\u00eatement professionnel de RePan\",\"breadcrumb\":{\"@id\":\"https:\/\/repan.ch\/fr\/produit\/albert-heijn\/#breadcrumb\"},\"inLanguage\":\"fr-FR\",\"potentialAction\":[{\"@type\":\"ReadAction\",\"target\":[\"https:\/\/repan.ch\/fr\/produit\/albert-heijn\/\"]}]},{\"@type\":\"ImageObject\",\"inLanguage\":\"fr-FR\",\"@id\":\"https:\/\/repan.ch\/fr\/produit\/albert-heijn\/#primaryimage\",\"url\":\"https:\/\/repan.ch\/wp-content\/uploads\/2025\/12\/Albert-Heijn-26cm-Wokpfanne-240011.webp\",\"contentUrl\":\"https:\/\/repan.ch\/wp-content\/uploads\/2025\/12\/Albert-Heijn-26cm-Wokpfanne-240011.webp\",\"width\":1650,\"height\":1000,\"caption\":\"Albert Heijn po\u00eale \u00e0 wok 26cm\"},{\"@type\":\"BreadcrumbList\",\"@id\":\"https:\/\/repan.ch\/fr\/produit\/albert-heijn\/#breadcrumb\",\"itemListElement\":[{\"@type\":\"ListItem\",\"position\":1,\"name\":\"Accueil\",\"item\":\"https:\/\/repan.ch\/fr\/repan-2\/\"},{\"@type\":\"ListItem\",\"position\":2,\"name\":\"Shop\",\"item\":\"https:\/\/repan.ch\/shop\/\"},{\"@type\":\"ListItem\",\"position\":3,\"name\":\"Albert Heijn\"}]},{\"@type\":\"WebSite\",\"@id\":\"https:\/\/repan.ch\/#website\",\"url\":\"https:\/\/repan.ch\/\",\"name\":\"RePan\",\"description\":\"Pfannen &amp; Bleche neu beschichten\",\"publisher\":{\"@id\":\"https:\/\/repan.ch\/#organization\"},\"potentialAction\":[{\"@type\":\"SearchAction\",\"target\":{\"@type\":\"EntryPoint\",\"urlTemplate\":\"https:\/\/repan.ch\/?s={search_term_string}\"},\"query-input\":{\"@type\":\"PropertyValueSpecification\",\"valueRequired\":true,\"valueName\":\"search_term_string\"}}],\"inLanguage\":\"fr-FR\"},{\"@type\":\"Organization\",\"@id\":\"https:\/\/repan.ch\/#organization\",\"name\":\"RePan\",\"url\":\"https:\/\/repan.ch\/\",\"logo\":{\"@type\":\"ImageObject\",\"inLanguage\":\"fr-FR\",\"@id\":\"https:\/\/repan.ch\/#\/schema\/logo\/image\/\",\"url\":\"https:\/\/repan.ch\/wp-content\/uploads\/2025\/03\/LogoganzV2-hr2.webp\",\"contentUrl\":\"https:\/\/repan.ch\/wp-content\/uploads\/2025\/03\/LogoganzV2-hr2.webp\",\"width\":360,\"height\":195,\"caption\":\"RePan\"},\"image\":{\"@id\":\"https:\/\/repan.ch\/#\/schema\/logo\/image\/\"},\"hasMerchantReturnPolicy\":{\"@type\":\"MerchantReturnPolicy\",\"merchantReturnLink\":\"https:\/\/repan.ch\/garantie-rueckgabe\/\"}}]}<\/script>\n<meta property=\"product:brand\" content=\"Albert Heijn\" \/>\n<meta property=\"og:availability\" content=\"out of stock\" \/>\n<meta property=\"product:availability\" content=\"out of stock\" \/>\n<meta property=\"product:condition\" content=\"new\" \/>\n<!-- \/ Yoast SEO Premium plugin. -->","yoast_head_json":{"title":"Albert Heijn neu beschichten | g\u00fcnstiger, nachhaltiger & besser","description":"Donne une nouvelle vie \u00e0 ta po\u00eale Albert Heijn bien-aim\u00e9e - meilleure que l'originale ! Avec le nouveau rev\u00eatement professionnel de RePan","robots":{"index":"index","follow":"follow","max-snippet":"max-snippet:-1","max-image-preview":"max-image-preview:large","max-video-preview":"max-video-preview:-1"},"canonical":"https:\/\/repan.ch\/fr\/produit\/albert-heijn\/","og_locale":"fr_FR","og_type":"article","og_title":"RePan - Pfannen & Bleche neu beschichten","og_description":"G\u00fcnstiger, nachhaltiger & besser","og_url":"https:\/\/repan.ch\/fr\/produit\/albert-heijn\/","og_site_name":"RePan","article_modified_time":"2026-01-22T16:40:43+00:00","og_image":[{"width":1650,"height":1000,"url":"https:\/\/repan.ch\/wp-content\/uploads\/2025\/12\/Albert-Heijn-26cm-Wokpfanne-240011.webp","type":"image\/webp"}],"twitter_card":"summary_large_image","twitter_misc":{"Disponibilit\u00e9":"Rupture de stock"},"schema":{"@context":"https:\/\/schema.org","@graph":[{"@type":"WebPage","@id":"https:\/\/repan.ch\/fr\/produit\/albert-heijn\/","url":"https:\/\/repan.ch\/fr\/produit\/albert-heijn\/","name":"Albert Heijn neu beschichten | g\u00fcnstiger, nachhaltiger & besser","isPartOf":{"@id":"https:\/\/repan.ch\/#website"},"primaryImageOfPage":{"@id":"https:\/\/repan.ch\/fr\/produit\/albert-heijn\/#primaryimage"},"image":{"@id":"https:\/\/repan.ch\/fr\/produit\/albert-heijn\/#primaryimage"},"thumbnailUrl":"https:\/\/repan.ch\/wp-content\/uploads\/2025\/12\/Albert-Heijn-26cm-Wokpfanne-240011.webp","datePublished":"2025-12-30T01:27:53+00:00","dateModified":"2026-01-22T16:40:43+00:00","description":"Donne une nouvelle vie \u00e0 ta po\u00eale Albert Heijn bien-aim\u00e9e - meilleure que l'originale ! Avec le nouveau rev\u00eatement professionnel de RePan","breadcrumb":{"@id":"https:\/\/repan.ch\/fr\/produit\/albert-heijn\/#breadcrumb"},"inLanguage":"fr-FR","potentialAction":[{"@type":"ReadAction","target":["https:\/\/repan.ch\/fr\/produit\/albert-heijn\/"]}]},{"@type":"ImageObject","inLanguage":"fr-FR","@id":"https:\/\/repan.ch\/fr\/produit\/albert-heijn\/#primaryimage","url":"https:\/\/repan.ch\/wp-content\/uploads\/2025\/12\/Albert-Heijn-26cm-Wokpfanne-240011.webp","contentUrl":"https:\/\/repan.ch\/wp-content\/uploads\/2025\/12\/Albert-Heijn-26cm-Wokpfanne-240011.webp","width":1650,"height":1000,"caption":"Albert Heijn po\u00eale \u00e0 wok 26cm"},{"@type":"BreadcrumbList","@id":"https:\/\/repan.ch\/fr\/produit\/albert-heijn\/#breadcrumb","itemListElement":[{"@type":"ListItem","position":1,"name":"Accueil","item":"https:\/\/repan.ch\/fr\/repan-2\/"},{"@type":"ListItem","position":2,"name":"Shop","item":"https:\/\/repan.ch\/shop\/"},{"@type":"ListItem","position":3,"name":"Albert Heijn"}]},{"@type":"WebSite","@id":"https:\/\/repan.ch\/#website","url":"https:\/\/repan.ch\/","name":"RePan","description":"Pfannen &amp; Bleche neu beschichten","publisher":{"@id":"https:\/\/repan.ch\/#organization"},"potentialAction":[{"@type":"SearchAction","target":{"@type":"EntryPoint","urlTemplate":"https:\/\/repan.ch\/?s={search_term_string}"},"query-input":{"@type":"PropertyValueSpecification","valueRequired":true,"valueName":"search_term_string"}}],"inLanguage":"fr-FR"},{"@type":"Organization","@id":"https:\/\/repan.ch\/#organization","name":"RePan","url":"https:\/\/repan.ch\/","logo":{"@type":"ImageObject","inLanguage":"fr-FR","@id":"https:\/\/repan.ch\/#\/schema\/logo\/image\/","url":"https:\/\/repan.ch\/wp-content\/uploads\/2025\/03\/LogoganzV2-hr2.webp","contentUrl":"https:\/\/repan.ch\/wp-content\/uploads\/2025\/03\/LogoganzV2-hr2.webp","width":360,"height":195,"caption":"RePan"},"image":{"@id":"https:\/\/repan.ch\/#\/schema\/logo\/image\/"},"hasMerchantReturnPolicy":{"@type":"MerchantReturnPolicy","merchantReturnLink":"https:\/\/repan.ch\/garantie-rueckgabe\/"}}]},"product_brand":"Albert Heijn","og_availability":"out of stock","product_availability":"out of stock","product_condition":"new"},"_links":{"self":[{"href":"https:\/\/repan.ch\/fr\/wp-json\/wp\/v2\/product\/336045","targetHints":{"allow":["GET"]}}],"collection":[{"href":"https:\/\/repan.ch\/fr\/wp-json\/wp\/v2\/product"}],"about":[{"href":"https:\/\/repan.ch\/fr\/wp-json\/wp\/v2\/types\/product"}],"replies":[{"embeddable":true,"href":"https:\/\/repan.ch\/fr\/wp-json\/wp\/v2\/comments?post=336045"}],"version-history":[{"count":0,"href":"https:\/\/repan.ch\/fr\/wp-json\/wp\/v2\/product\/336045\/revisions"}],"wp:featuredmedia":[{"embeddable":true,"href":"https:\/\/repan.ch\/fr\/wp-json\/wp\/v2\/media\/333028"}],"wp:attachment":[{"href":"https:\/\/repan.ch\/fr\/wp-json\/wp\/v2\/media?parent=336045"}],"wp:term":[{"taxonomy":"product_brand","embeddable":true,"href":"https:\/\/repan.ch\/fr\/wp-json\/wp\/v2\/product_brand?post=336045"},{"taxonomy":"product_cat","embeddable":true,"href":"https:\/\/repan.ch\/fr\/wp-json\/wp\/v2\/product_cat?post=336045"},{"taxonomy":"product_tag","embeddable":true,"href":"https:\/\/repan.ch\/fr\/wp-json\/wp\/v2\/product_tag?post=336045"}],"curies":[{"name":"wp","href":"https:\/\/api.w.org\/{rel}","templated":true}]}}