
{"id":336033,"date":"2025-12-30T03:27:09","date_gmt":"2025-12-30T01:27:09","guid":{"rendered":"https:\/\/repan.ch\/product\/a-table-titan\/"},"modified":"2026-04-13T19:07:47","modified_gmt":"2026-04-13T17:07:47","slug":"a-table-titan","status":"publish","type":"product","link":"https:\/\/repan.ch\/fr\/produit\/a-table-titan\/","title":{"rendered":"\u00c0 Table Titan"},"content":{"rendered":"<p>Ces po\u00eales en aluminium \u00c0 Table de Coop poss\u00e8dent un manche en plastique non conducteur. Ce mod\u00e8le pragmatique de Coop a \u00e9t\u00e9 am\u00e9lior\u00e9 par RePan avec un rev\u00eatement antiadh\u00e9sif renforc\u00e9 en c\u00e9ramique meilleur que l&rsquo;original.  Made in Switzerland et mieux que neuf.<\/p>\n","protected":false},"excerpt":{"rendered":"<p>Ces po\u00eales en aluminium \u00c0 Table de Coop poss\u00e8dent un manche en plastique non conducteur. Ce mod\u00e8le pragmatique de Coop a \u00e9t\u00e9 am\u00e9lior\u00e9 par RePan avec un rev\u00eatement antiadh\u00e9sif renforc\u00e9 en c\u00e9ramique meilleur que l&rsquo;original.  Made in Switzerland et mieux que neuf.<\/p>\n","protected":false},"featured_media":333016,"comment_status":"open","ping_status":"closed","template":"","meta":{"content-type":""},"product_brand":[2468,622],"product_cat":[2271],"product_tag":[1705],"class_list":{"0":"post-336033","1":"product","2":"type-product","3":"status-publish","4":"has-post-thumbnail","6":"product_brand-a-table","7":"product_brand-coop","8":"product_cat-basique","9":"product_tag-casseroles-suisses","10":"product_shipping_class-produit","11":"pa_typ-crepe","12":"pa_typ-poele-a-frire","13":"pa_typ-poele-wok","14":"pa_typ-pot","16":"first","17":"instock","18":"taxable","19":"shipping-taxable","20":"product-type-variable"},"yoast_head":"<!-- This site is optimized with the Yoast SEO Premium plugin v27.4 (Yoast SEO v27.4) - https:\/\/yoast.com\/product\/yoast-seo-premium-wordpress\/ -->\n<title>\u00c0 Table Titan neu beschichten | g\u00fcnstiger, nachhaltiger &amp; besser<\/title>\n<meta name=\"description\" content=\"Ces po\u00eales en aluminium \u00c0 Table de Coop poss\u00e8dent un manche en plastique non conducteur. Ce mod\u00e8le pragmatique de Coop a \u00e9t\u00e9 am\u00e9lior\u00e9 par RePan avec un rev\u00eatement antiadh\u00e9sif renforc\u00e9 en c\u00e9ramique meilleur que l&#039;original. Made in Switzerland et mieux que neuf.\" \/>\n<meta name=\"robots\" content=\"index, follow, max-snippet:-1, max-image-preview:large, max-video-preview:-1\" \/>\n<link rel=\"canonical\" href=\"https:\/\/repan.ch\/fr\/produit\/a-table-titan\/\" \/>\n<meta property=\"og:locale\" content=\"fr_FR\" \/>\n<meta property=\"og:type\" content=\"article\" \/>\n<meta property=\"og:title\" content=\"RePan - Pfannen &amp; Bleche neu beschichten\" \/>\n<meta property=\"og:description\" content=\"G\u00fcnstiger, nachhaltiger &amp; besser\" \/>\n<meta property=\"og:url\" content=\"https:\/\/repan.ch\/fr\/produit\/a-table-titan\/\" \/>\n<meta property=\"og:site_name\" content=\"RePan\" \/>\n<meta property=\"article:modified_time\" content=\"2026-04-13T17:07:47+00:00\" \/>\n<meta property=\"og:image\" content=\"https:\/\/repan.ch\/wp-content\/uploads\/2025\/12\/A-Table-28cm-Wokpfanne-240029.webp\" \/>\n\t<meta property=\"og:image:width\" content=\"1650\" \/>\n\t<meta property=\"og:image:height\" content=\"1000\" \/>\n\t<meta property=\"og:image:type\" content=\"image\/webp\" \/>\n<meta name=\"twitter:card\" content=\"summary_large_image\" \/>\n<meta name=\"twitter:label1\" content=\"Disponibilit\u00e9\" \/>\n\t<meta name=\"twitter:data1\" content=\"En stock\" \/>\n<script type=\"application\/ld+json\" class=\"yoast-schema-graph\">{\"@context\":\"https:\\\/\\\/schema.org\",\"@graph\":[{\"@type\":\"WebPage\",\"@id\":\"https:\\\/\\\/repan.ch\\\/fr\\\/produit\\\/a-table-titan\\\/\",\"url\":\"https:\\\/\\\/repan.ch\\\/fr\\\/produit\\\/a-table-titan\\\/\",\"name\":\"\u00c0 Table Titan neu beschichten | g\u00fcnstiger, nachhaltiger & besser\",\"isPartOf\":{\"@id\":\"https:\\\/\\\/repan.ch\\\/#website\"},\"primaryImageOfPage\":{\"@id\":\"https:\\\/\\\/repan.ch\\\/fr\\\/produit\\\/a-table-titan\\\/#primaryimage\"},\"image\":{\"@id\":\"https:\\\/\\\/repan.ch\\\/fr\\\/produit\\\/a-table-titan\\\/#primaryimage\"},\"thumbnailUrl\":\"https:\\\/\\\/repan.ch\\\/wp-content\\\/uploads\\\/2025\\\/12\\\/A-Table-28cm-Wokpfanne-240029.webp\",\"datePublished\":\"2025-12-30T01:27:09+00:00\",\"dateModified\":\"2026-04-13T17:07:47+00:00\",\"description\":\"Ces po\u00eales en aluminium \u00c0 Table de Coop poss\u00e8dent un manche en plastique non conducteur. Ce mod\u00e8le pragmatique de Coop a \u00e9t\u00e9 am\u00e9lior\u00e9 par RePan avec un rev\u00eatement antiadh\u00e9sif renforc\u00e9 en c\u00e9ramique meilleur que l'original. Made in Switzerland et mieux que neuf.\",\"breadcrumb\":{\"@id\":\"https:\\\/\\\/repan.ch\\\/fr\\\/produit\\\/a-table-titan\\\/#breadcrumb\"},\"inLanguage\":\"fr-FR\",\"potentialAction\":[{\"@type\":\"ReadAction\",\"target\":[\"https:\\\/\\\/repan.ch\\\/fr\\\/produit\\\/a-table-titan\\\/\"]}]},{\"@type\":\"ImageObject\",\"inLanguage\":\"fr-FR\",\"@id\":\"https:\\\/\\\/repan.ch\\\/fr\\\/produit\\\/a-table-titan\\\/#primaryimage\",\"url\":\"https:\\\/\\\/repan.ch\\\/wp-content\\\/uploads\\\/2025\\\/12\\\/A-Table-28cm-Wokpfanne-240029.webp\",\"contentUrl\":\"https:\\\/\\\/repan.ch\\\/wp-content\\\/uploads\\\/2025\\\/12\\\/A-Table-28cm-Wokpfanne-240029.webp\",\"width\":1650,\"height\":1000,\"caption\":\"A Table 28cm po\u00eale \u00e0 wok\"},{\"@type\":\"BreadcrumbList\",\"@id\":\"https:\\\/\\\/repan.ch\\\/fr\\\/produit\\\/a-table-titan\\\/#breadcrumb\",\"itemListElement\":[{\"@type\":\"ListItem\",\"position\":1,\"name\":\"Accueil\",\"item\":\"https:\\\/\\\/repan.ch\\\/fr\\\/repan-2\\\/\"},{\"@type\":\"ListItem\",\"position\":2,\"name\":\"Shop\",\"item\":\"https:\\\/\\\/repan.ch\\\/shop\\\/\"},{\"@type\":\"ListItem\",\"position\":3,\"name\":\"\u00c0 Table Titan\"}]},{\"@type\":\"WebSite\",\"@id\":\"https:\\\/\\\/repan.ch\\\/#website\",\"url\":\"https:\\\/\\\/repan.ch\\\/\",\"name\":\"RePan\",\"description\":\"Pfannen &amp; Bleche neu beschichten\",\"publisher\":{\"@id\":\"https:\\\/\\\/repan.ch\\\/#organization\"},\"potentialAction\":[{\"@type\":\"SearchAction\",\"target\":{\"@type\":\"EntryPoint\",\"urlTemplate\":\"https:\\\/\\\/repan.ch\\\/?s={search_term_string}\"},\"query-input\":{\"@type\":\"PropertyValueSpecification\",\"valueRequired\":true,\"valueName\":\"search_term_string\"}}],\"inLanguage\":\"fr-FR\"},{\"@type\":\"Organization\",\"@id\":\"https:\\\/\\\/repan.ch\\\/#organization\",\"name\":\"RePan\",\"url\":\"https:\\\/\\\/repan.ch\\\/\",\"logo\":{\"@type\":\"ImageObject\",\"inLanguage\":\"fr-FR\",\"@id\":\"https:\\\/\\\/repan.ch\\\/#\\\/schema\\\/logo\\\/image\\\/\",\"url\":\"https:\\\/\\\/repan.ch\\\/wp-content\\\/uploads\\\/2025\\\/03\\\/LogoganzV2-hr2.webp\",\"contentUrl\":\"https:\\\/\\\/repan.ch\\\/wp-content\\\/uploads\\\/2025\\\/03\\\/LogoganzV2-hr2.webp\",\"width\":360,\"height\":195,\"caption\":\"RePan\"},\"image\":{\"@id\":\"https:\\\/\\\/repan.ch\\\/#\\\/schema\\\/logo\\\/image\\\/\"},\"hasMerchantReturnPolicy\":{\"@type\":\"MerchantReturnPolicy\",\"merchantReturnLink\":\"https:\\\/\\\/repan.ch\\\/garantie-rueckgabe\\\/\"}}]}<\/script>\n<meta property=\"product:brand\" content=\"\u00c0 Table\" \/>\n<meta property=\"og:availability\" content=\"instock\" \/>\n<meta property=\"product:availability\" content=\"instock\" \/>\n<meta property=\"product:condition\" content=\"new\" \/>\n<!-- \/ Yoast SEO Premium plugin. -->","yoast_head_json":{"title":"\u00c0 Table Titan neu beschichten | g\u00fcnstiger, nachhaltiger & besser","description":"Ces po\u00eales en aluminium \u00c0 Table de Coop poss\u00e8dent un manche en plastique non conducteur. Ce mod\u00e8le pragmatique de Coop a \u00e9t\u00e9 am\u00e9lior\u00e9 par RePan avec un rev\u00eatement antiadh\u00e9sif renforc\u00e9 en c\u00e9ramique meilleur que l'original. Made in Switzerland et mieux que neuf.","robots":{"index":"index","follow":"follow","max-snippet":"max-snippet:-1","max-image-preview":"max-image-preview:large","max-video-preview":"max-video-preview:-1"},"canonical":"https:\/\/repan.ch\/fr\/produit\/a-table-titan\/","og_locale":"fr_FR","og_type":"article","og_title":"RePan - Pfannen & Bleche neu beschichten","og_description":"G\u00fcnstiger, nachhaltiger & besser","og_url":"https:\/\/repan.ch\/fr\/produit\/a-table-titan\/","og_site_name":"RePan","article_modified_time":"2026-04-13T17:07:47+00:00","og_image":[{"width":1650,"height":1000,"url":"https:\/\/repan.ch\/wp-content\/uploads\/2025\/12\/A-Table-28cm-Wokpfanne-240029.webp","type":"image\/webp"}],"twitter_card":"summary_large_image","twitter_misc":{"Disponibilit\u00e9":"En stock"},"schema":{"@context":"https:\/\/schema.org","@graph":[{"@type":"WebPage","@id":"https:\/\/repan.ch\/fr\/produit\/a-table-titan\/","url":"https:\/\/repan.ch\/fr\/produit\/a-table-titan\/","name":"\u00c0 Table Titan neu beschichten | g\u00fcnstiger, nachhaltiger & besser","isPartOf":{"@id":"https:\/\/repan.ch\/#website"},"primaryImageOfPage":{"@id":"https:\/\/repan.ch\/fr\/produit\/a-table-titan\/#primaryimage"},"image":{"@id":"https:\/\/repan.ch\/fr\/produit\/a-table-titan\/#primaryimage"},"thumbnailUrl":"https:\/\/repan.ch\/wp-content\/uploads\/2025\/12\/A-Table-28cm-Wokpfanne-240029.webp","datePublished":"2025-12-30T01:27:09+00:00","dateModified":"2026-04-13T17:07:47+00:00","description":"Ces po\u00eales en aluminium \u00c0 Table de Coop poss\u00e8dent un manche en plastique non conducteur. Ce mod\u00e8le pragmatique de Coop a \u00e9t\u00e9 am\u00e9lior\u00e9 par RePan avec un rev\u00eatement antiadh\u00e9sif renforc\u00e9 en c\u00e9ramique meilleur que l'original. Made in Switzerland et mieux que neuf.","breadcrumb":{"@id":"https:\/\/repan.ch\/fr\/produit\/a-table-titan\/#breadcrumb"},"inLanguage":"fr-FR","potentialAction":[{"@type":"ReadAction","target":["https:\/\/repan.ch\/fr\/produit\/a-table-titan\/"]}]},{"@type":"ImageObject","inLanguage":"fr-FR","@id":"https:\/\/repan.ch\/fr\/produit\/a-table-titan\/#primaryimage","url":"https:\/\/repan.ch\/wp-content\/uploads\/2025\/12\/A-Table-28cm-Wokpfanne-240029.webp","contentUrl":"https:\/\/repan.ch\/wp-content\/uploads\/2025\/12\/A-Table-28cm-Wokpfanne-240029.webp","width":1650,"height":1000,"caption":"A Table 28cm po\u00eale \u00e0 wok"},{"@type":"BreadcrumbList","@id":"https:\/\/repan.ch\/fr\/produit\/a-table-titan\/#breadcrumb","itemListElement":[{"@type":"ListItem","position":1,"name":"Accueil","item":"https:\/\/repan.ch\/fr\/repan-2\/"},{"@type":"ListItem","position":2,"name":"Shop","item":"https:\/\/repan.ch\/shop\/"},{"@type":"ListItem","position":3,"name":"\u00c0 Table Titan"}]},{"@type":"WebSite","@id":"https:\/\/repan.ch\/#website","url":"https:\/\/repan.ch\/","name":"RePan","description":"Pfannen &amp; Bleche neu beschichten","publisher":{"@id":"https:\/\/repan.ch\/#organization"},"potentialAction":[{"@type":"SearchAction","target":{"@type":"EntryPoint","urlTemplate":"https:\/\/repan.ch\/?s={search_term_string}"},"query-input":{"@type":"PropertyValueSpecification","valueRequired":true,"valueName":"search_term_string"}}],"inLanguage":"fr-FR"},{"@type":"Organization","@id":"https:\/\/repan.ch\/#organization","name":"RePan","url":"https:\/\/repan.ch\/","logo":{"@type":"ImageObject","inLanguage":"fr-FR","@id":"https:\/\/repan.ch\/#\/schema\/logo\/image\/","url":"https:\/\/repan.ch\/wp-content\/uploads\/2025\/03\/LogoganzV2-hr2.webp","contentUrl":"https:\/\/repan.ch\/wp-content\/uploads\/2025\/03\/LogoganzV2-hr2.webp","width":360,"height":195,"caption":"RePan"},"image":{"@id":"https:\/\/repan.ch\/#\/schema\/logo\/image\/"},"hasMerchantReturnPolicy":{"@type":"MerchantReturnPolicy","merchantReturnLink":"https:\/\/repan.ch\/garantie-rueckgabe\/"}}]},"product_brand":"\u00c0 Table","og_availability":"instock","product_availability":"instock","product_condition":"new"},"_links":{"self":[{"href":"https:\/\/repan.ch\/fr\/wp-json\/wp\/v2\/product\/336033","targetHints":{"allow":["GET"]}}],"collection":[{"href":"https:\/\/repan.ch\/fr\/wp-json\/wp\/v2\/product"}],"about":[{"href":"https:\/\/repan.ch\/fr\/wp-json\/wp\/v2\/types\/product"}],"replies":[{"embeddable":true,"href":"https:\/\/repan.ch\/fr\/wp-json\/wp\/v2\/comments?post=336033"}],"version-history":[{"count":0,"href":"https:\/\/repan.ch\/fr\/wp-json\/wp\/v2\/product\/336033\/revisions"}],"wp:featuredmedia":[{"embeddable":true,"href":"https:\/\/repan.ch\/fr\/wp-json\/wp\/v2\/media\/333016"}],"wp:attachment":[{"href":"https:\/\/repan.ch\/fr\/wp-json\/wp\/v2\/media?parent=336033"}],"wp:term":[{"taxonomy":"product_brand","embeddable":true,"href":"https:\/\/repan.ch\/fr\/wp-json\/wp\/v2\/product_brand?post=336033"},{"taxonomy":"product_cat","embeddable":true,"href":"https:\/\/repan.ch\/fr\/wp-json\/wp\/v2\/product_cat?post=336033"},{"taxonomy":"product_tag","embeddable":true,"href":"https:\/\/repan.ch\/fr\/wp-json\/wp\/v2\/product_tag?post=336033"}],"curies":[{"name":"wp","href":"https:\/\/api.w.org\/{rel}","templated":true}]}}