
{"id":336023,"date":"2025-12-30T03:24:37","date_gmt":"2025-12-30T01:24:37","guid":{"rendered":"https:\/\/repan.ch\/product\/stylencook-ceranox\/"},"modified":"2026-02-22T11:00:38","modified_gmt":"2026-02-22T09:00:38","slug":"stylencook-ceranox","status":"publish","type":"product","link":"https:\/\/repan.ch\/fr\/produit\/stylencook-ceranox\/","title":{"rendered":"Style&rsquo;n Cook Ceranox"},"content":{"rendered":"<p><strong data-start=\"189\" data-end=\"222\">Les po\u00eales Ceranox en acier inoxydable Style&rsquo;n Cook<\/strong> sont des ustensiles fonctionnels et polyvalents pour la cuisine et la restauration. Le corps robuste en acier inoxydable assure une bonne r\u00e9partition de la chaleur et une grande stabilit\u00e9 dimensionnelle, m\u00eame en cas d&rsquo;utilisation intensive. Id\u00e9ales pour saisir \u00e0 feu vif et pour les temp\u00e9ratures \u00e9lev\u00e9es. Conviennent \u00e0 tous les types de cuisini\u00e8res, y compris l&rsquo;induction, et sont con\u00e7ues pour une utilisation quotidienne.   <\/p>\n","protected":false},"excerpt":{"rendered":"<p><strong data-start=\"189\" data-end=\"222\">Les po\u00eales Ceranox en acier inoxydable Style&rsquo;n Cook<\/strong> sont des ustensiles fonctionnels et polyvalents pour la cuisine et la restauration. Le corps robuste en acier inoxydable assure une bonne r\u00e9partition de la chaleur et une grande stabilit\u00e9 dimensionnelle, m\u00eame en cas d&rsquo;utilisation intensive. Id\u00e9ales pour saisir \u00e0 feu vif et pour les temp\u00e9ratures \u00e9lev\u00e9es. Conviennent \u00e0 tous les types de cuisini\u00e8res, y compris l&rsquo;induction, et sont con\u00e7ues pour une utilisation quotidienne.   <\/p>\n","protected":false},"featured_media":332984,"comment_status":"open","ping_status":"closed","template":"","meta":{"content-type":""},"product_brand":[2793],"product_cat":[2278],"product_tag":[],"class_list":{"0":"post-336023","1":"product","2":"type-product","3":"status-publish","4":"has-post-thumbnail","6":"product_brand-stylencook","7":"product_cat-premium-fr","8":"product_shipping_class-produit","9":"pa_typ-poele-a-frire","11":"first","12":"outofstock","13":"taxable","14":"shipping-taxable","15":"purchasable","16":"product-type-variable"},"yoast_head":"<!-- This site is optimized with the Yoast SEO Premium plugin v27.4 (Yoast SEO v27.4) - https:\/\/yoast.com\/product\/yoast-seo-premium-wordpress\/ -->\n<title>Style&#039;n Cook Ceranox neu beschichten | g\u00fcnstiger, nachhaltiger &amp; besser<\/title>\n<meta name=\"description\" content=\"Les po\u00eales Ceranox en acier inoxydable Style&#039;n Cook sont des ustensiles fonctionnels et polyvalents pour la cuisine et la restauration. Le corps robuste en acier inoxydable assure une bonne r\u00e9partition de la chaleur et une grande stabilit\u00e9 dimensionnelle, m\u00eame en cas d&#039;utilisation intensive. Id\u00e9ales pour saisir \u00e0 feu vif et pour les temp\u00e9ratures \u00e9lev\u00e9es. Conviennent \u00e0 tous les types de cuisini\u00e8res, y compris l&#039;induction, et sont con\u00e7ues pour une utilisation quotidienne.\" \/>\n<meta name=\"robots\" content=\"index, follow, max-snippet:-1, max-image-preview:large, max-video-preview:-1\" \/>\n<link rel=\"canonical\" href=\"https:\/\/repan.ch\/fr\/produit\/stylencook-ceranox\/\" \/>\n<meta property=\"og:locale\" content=\"fr_FR\" \/>\n<meta property=\"og:type\" content=\"article\" \/>\n<meta property=\"og:title\" content=\"RePan - Pfannen &amp; Bleche neu beschichten\" \/>\n<meta property=\"og:description\" content=\"G\u00fcnstiger, nachhaltiger &amp; besser\" \/>\n<meta property=\"og:url\" content=\"https:\/\/repan.ch\/fr\/produit\/stylencook-ceranox\/\" \/>\n<meta property=\"og:site_name\" content=\"RePan\" \/>\n<meta property=\"article:modified_time\" content=\"2026-02-22T09:00:38+00:00\" \/>\n<meta property=\"og:image\" content=\"https:\/\/repan.ch\/wp-content\/uploads\/2025\/12\/CooknStyle-28cm-brat-240013.webp\" \/>\n\t<meta property=\"og:image:width\" content=\"1650\" \/>\n\t<meta property=\"og:image:height\" content=\"1000\" \/>\n\t<meta property=\"og:image:type\" content=\"image\/webp\" \/>\n<meta name=\"twitter:card\" content=\"summary_large_image\" \/>\n<meta name=\"twitter:label1\" content=\"Disponibilit\u00e9\" \/>\n\t<meta name=\"twitter:data1\" content=\"Rupture de stock\" \/>\n<script type=\"application\/ld+json\" class=\"yoast-schema-graph\">{\"@context\":\"https:\\\/\\\/schema.org\",\"@graph\":[{\"@type\":\"WebPage\",\"@id\":\"https:\\\/\\\/repan.ch\\\/fr\\\/produit\\\/stylencook-ceranox\\\/\",\"url\":\"https:\\\/\\\/repan.ch\\\/fr\\\/produit\\\/stylencook-ceranox\\\/\",\"name\":\"Style'n Cook Ceranox neu beschichten | g\u00fcnstiger, nachhaltiger & besser\",\"isPartOf\":{\"@id\":\"https:\\\/\\\/repan.ch\\\/#website\"},\"primaryImageOfPage\":{\"@id\":\"https:\\\/\\\/repan.ch\\\/fr\\\/produit\\\/stylencook-ceranox\\\/#primaryimage\"},\"image\":{\"@id\":\"https:\\\/\\\/repan.ch\\\/fr\\\/produit\\\/stylencook-ceranox\\\/#primaryimage\"},\"thumbnailUrl\":\"https:\\\/\\\/repan.ch\\\/wp-content\\\/uploads\\\/2025\\\/12\\\/CooknStyle-28cm-brat-240013.webp\",\"datePublished\":\"2025-12-30T01:24:37+00:00\",\"dateModified\":\"2026-02-22T09:00:38+00:00\",\"description\":\"Les po\u00eales Ceranox en acier inoxydable Style'n Cook sont des ustensiles fonctionnels et polyvalents pour la cuisine et la restauration. Le corps robuste en acier inoxydable assure une bonne r\u00e9partition de la chaleur et une grande stabilit\u00e9 dimensionnelle, m\u00eame en cas d'utilisation intensive. Id\u00e9ales pour saisir \u00e0 feu vif et pour les temp\u00e9ratures \u00e9lev\u00e9es. Conviennent \u00e0 tous les types de cuisini\u00e8res, y compris l'induction, et sont con\u00e7ues pour une utilisation quotidienne.\",\"breadcrumb\":{\"@id\":\"https:\\\/\\\/repan.ch\\\/fr\\\/produit\\\/stylencook-ceranox\\\/#breadcrumb\"},\"inLanguage\":\"fr-FR\",\"potentialAction\":[{\"@type\":\"ReadAction\",\"target\":[\"https:\\\/\\\/repan.ch\\\/fr\\\/produit\\\/stylencook-ceranox\\\/\"]}]},{\"@type\":\"ImageObject\",\"inLanguage\":\"fr-FR\",\"@id\":\"https:\\\/\\\/repan.ch\\\/fr\\\/produit\\\/stylencook-ceranox\\\/#primaryimage\",\"url\":\"https:\\\/\\\/repan.ch\\\/wp-content\\\/uploads\\\/2025\\\/12\\\/CooknStyle-28cm-brat-240013.webp\",\"contentUrl\":\"https:\\\/\\\/repan.ch\\\/wp-content\\\/uploads\\\/2025\\\/12\\\/CooknStyle-28cm-brat-240013.webp\",\"width\":1650,\"height\":1000,\"caption\":\"CooknStyle 28cm r\u00f4ti\"},{\"@type\":\"BreadcrumbList\",\"@id\":\"https:\\\/\\\/repan.ch\\\/fr\\\/produit\\\/stylencook-ceranox\\\/#breadcrumb\",\"itemListElement\":[{\"@type\":\"ListItem\",\"position\":1,\"name\":\"Accueil\",\"item\":\"https:\\\/\\\/repan.ch\\\/fr\\\/repan-2\\\/\"},{\"@type\":\"ListItem\",\"position\":2,\"name\":\"Shop\",\"item\":\"https:\\\/\\\/repan.ch\\\/shop\\\/\"},{\"@type\":\"ListItem\",\"position\":3,\"name\":\"Style&#8217;n Cook Ceranox\"}]},{\"@type\":\"WebSite\",\"@id\":\"https:\\\/\\\/repan.ch\\\/#website\",\"url\":\"https:\\\/\\\/repan.ch\\\/\",\"name\":\"RePan\",\"description\":\"Pfannen &amp; Bleche neu beschichten\",\"publisher\":{\"@id\":\"https:\\\/\\\/repan.ch\\\/#organization\"},\"potentialAction\":[{\"@type\":\"SearchAction\",\"target\":{\"@type\":\"EntryPoint\",\"urlTemplate\":\"https:\\\/\\\/repan.ch\\\/?s={search_term_string}\"},\"query-input\":{\"@type\":\"PropertyValueSpecification\",\"valueRequired\":true,\"valueName\":\"search_term_string\"}}],\"inLanguage\":\"fr-FR\"},{\"@type\":\"Organization\",\"@id\":\"https:\\\/\\\/repan.ch\\\/#organization\",\"name\":\"RePan\",\"url\":\"https:\\\/\\\/repan.ch\\\/\",\"logo\":{\"@type\":\"ImageObject\",\"inLanguage\":\"fr-FR\",\"@id\":\"https:\\\/\\\/repan.ch\\\/#\\\/schema\\\/logo\\\/image\\\/\",\"url\":\"https:\\\/\\\/repan.ch\\\/wp-content\\\/uploads\\\/2025\\\/03\\\/LogoganzV2-hr2.webp\",\"contentUrl\":\"https:\\\/\\\/repan.ch\\\/wp-content\\\/uploads\\\/2025\\\/03\\\/LogoganzV2-hr2.webp\",\"width\":360,\"height\":195,\"caption\":\"RePan\"},\"image\":{\"@id\":\"https:\\\/\\\/repan.ch\\\/#\\\/schema\\\/logo\\\/image\\\/\"},\"hasMerchantReturnPolicy\":{\"@type\":\"MerchantReturnPolicy\",\"merchantReturnLink\":\"https:\\\/\\\/repan.ch\\\/garantie-rueckgabe\\\/\"}}]}<\/script>\n<meta property=\"product:brand\" content=\"Style&#039;n&#039;cook\" \/>\n<meta property=\"og:availability\" content=\"out of stock\" \/>\n<meta property=\"product:availability\" content=\"out of stock\" \/>\n<meta property=\"product:condition\" content=\"new\" \/>\n<!-- \/ Yoast SEO Premium plugin. -->","yoast_head_json":{"title":"Style'n Cook Ceranox neu beschichten | g\u00fcnstiger, nachhaltiger & besser","description":"Les po\u00eales Ceranox en acier inoxydable Style'n Cook sont des ustensiles fonctionnels et polyvalents pour la cuisine et la restauration. Le corps robuste en acier inoxydable assure une bonne r\u00e9partition de la chaleur et une grande stabilit\u00e9 dimensionnelle, m\u00eame en cas d'utilisation intensive. Id\u00e9ales pour saisir \u00e0 feu vif et pour les temp\u00e9ratures \u00e9lev\u00e9es. Conviennent \u00e0 tous les types de cuisini\u00e8res, y compris l'induction, et sont con\u00e7ues pour une utilisation quotidienne.","robots":{"index":"index","follow":"follow","max-snippet":"max-snippet:-1","max-image-preview":"max-image-preview:large","max-video-preview":"max-video-preview:-1"},"canonical":"https:\/\/repan.ch\/fr\/produit\/stylencook-ceranox\/","og_locale":"fr_FR","og_type":"article","og_title":"RePan - Pfannen & Bleche neu beschichten","og_description":"G\u00fcnstiger, nachhaltiger & besser","og_url":"https:\/\/repan.ch\/fr\/produit\/stylencook-ceranox\/","og_site_name":"RePan","article_modified_time":"2026-02-22T09:00:38+00:00","og_image":[{"width":1650,"height":1000,"url":"https:\/\/repan.ch\/wp-content\/uploads\/2025\/12\/CooknStyle-28cm-brat-240013.webp","type":"image\/webp"}],"twitter_card":"summary_large_image","twitter_misc":{"Disponibilit\u00e9":"Rupture de stock"},"schema":{"@context":"https:\/\/schema.org","@graph":[{"@type":"WebPage","@id":"https:\/\/repan.ch\/fr\/produit\/stylencook-ceranox\/","url":"https:\/\/repan.ch\/fr\/produit\/stylencook-ceranox\/","name":"Style'n Cook Ceranox neu beschichten | g\u00fcnstiger, nachhaltiger & besser","isPartOf":{"@id":"https:\/\/repan.ch\/#website"},"primaryImageOfPage":{"@id":"https:\/\/repan.ch\/fr\/produit\/stylencook-ceranox\/#primaryimage"},"image":{"@id":"https:\/\/repan.ch\/fr\/produit\/stylencook-ceranox\/#primaryimage"},"thumbnailUrl":"https:\/\/repan.ch\/wp-content\/uploads\/2025\/12\/CooknStyle-28cm-brat-240013.webp","datePublished":"2025-12-30T01:24:37+00:00","dateModified":"2026-02-22T09:00:38+00:00","description":"Les po\u00eales Ceranox en acier inoxydable Style'n Cook sont des ustensiles fonctionnels et polyvalents pour la cuisine et la restauration. Le corps robuste en acier inoxydable assure une bonne r\u00e9partition de la chaleur et une grande stabilit\u00e9 dimensionnelle, m\u00eame en cas d'utilisation intensive. Id\u00e9ales pour saisir \u00e0 feu vif et pour les temp\u00e9ratures \u00e9lev\u00e9es. Conviennent \u00e0 tous les types de cuisini\u00e8res, y compris l'induction, et sont con\u00e7ues pour une utilisation quotidienne.","breadcrumb":{"@id":"https:\/\/repan.ch\/fr\/produit\/stylencook-ceranox\/#breadcrumb"},"inLanguage":"fr-FR","potentialAction":[{"@type":"ReadAction","target":["https:\/\/repan.ch\/fr\/produit\/stylencook-ceranox\/"]}]},{"@type":"ImageObject","inLanguage":"fr-FR","@id":"https:\/\/repan.ch\/fr\/produit\/stylencook-ceranox\/#primaryimage","url":"https:\/\/repan.ch\/wp-content\/uploads\/2025\/12\/CooknStyle-28cm-brat-240013.webp","contentUrl":"https:\/\/repan.ch\/wp-content\/uploads\/2025\/12\/CooknStyle-28cm-brat-240013.webp","width":1650,"height":1000,"caption":"CooknStyle 28cm r\u00f4ti"},{"@type":"BreadcrumbList","@id":"https:\/\/repan.ch\/fr\/produit\/stylencook-ceranox\/#breadcrumb","itemListElement":[{"@type":"ListItem","position":1,"name":"Accueil","item":"https:\/\/repan.ch\/fr\/repan-2\/"},{"@type":"ListItem","position":2,"name":"Shop","item":"https:\/\/repan.ch\/shop\/"},{"@type":"ListItem","position":3,"name":"Style&#8217;n Cook Ceranox"}]},{"@type":"WebSite","@id":"https:\/\/repan.ch\/#website","url":"https:\/\/repan.ch\/","name":"RePan","description":"Pfannen &amp; Bleche neu beschichten","publisher":{"@id":"https:\/\/repan.ch\/#organization"},"potentialAction":[{"@type":"SearchAction","target":{"@type":"EntryPoint","urlTemplate":"https:\/\/repan.ch\/?s={search_term_string}"},"query-input":{"@type":"PropertyValueSpecification","valueRequired":true,"valueName":"search_term_string"}}],"inLanguage":"fr-FR"},{"@type":"Organization","@id":"https:\/\/repan.ch\/#organization","name":"RePan","url":"https:\/\/repan.ch\/","logo":{"@type":"ImageObject","inLanguage":"fr-FR","@id":"https:\/\/repan.ch\/#\/schema\/logo\/image\/","url":"https:\/\/repan.ch\/wp-content\/uploads\/2025\/03\/LogoganzV2-hr2.webp","contentUrl":"https:\/\/repan.ch\/wp-content\/uploads\/2025\/03\/LogoganzV2-hr2.webp","width":360,"height":195,"caption":"RePan"},"image":{"@id":"https:\/\/repan.ch\/#\/schema\/logo\/image\/"},"hasMerchantReturnPolicy":{"@type":"MerchantReturnPolicy","merchantReturnLink":"https:\/\/repan.ch\/garantie-rueckgabe\/"}}]},"product_brand":"Style'n'cook","og_availability":"out of stock","product_availability":"out of stock","product_condition":"new"},"_links":{"self":[{"href":"https:\/\/repan.ch\/fr\/wp-json\/wp\/v2\/product\/336023","targetHints":{"allow":["GET"]}}],"collection":[{"href":"https:\/\/repan.ch\/fr\/wp-json\/wp\/v2\/product"}],"about":[{"href":"https:\/\/repan.ch\/fr\/wp-json\/wp\/v2\/types\/product"}],"replies":[{"embeddable":true,"href":"https:\/\/repan.ch\/fr\/wp-json\/wp\/v2\/comments?post=336023"}],"version-history":[{"count":0,"href":"https:\/\/repan.ch\/fr\/wp-json\/wp\/v2\/product\/336023\/revisions"}],"wp:featuredmedia":[{"embeddable":true,"href":"https:\/\/repan.ch\/fr\/wp-json\/wp\/v2\/media\/332984"}],"wp:attachment":[{"href":"https:\/\/repan.ch\/fr\/wp-json\/wp\/v2\/media?parent=336023"}],"wp:term":[{"taxonomy":"product_brand","embeddable":true,"href":"https:\/\/repan.ch\/fr\/wp-json\/wp\/v2\/product_brand?post=336023"},{"taxonomy":"product_cat","embeddable":true,"href":"https:\/\/repan.ch\/fr\/wp-json\/wp\/v2\/product_cat?post=336023"},{"taxonomy":"product_tag","embeddable":true,"href":"https:\/\/repan.ch\/fr\/wp-json\/wp\/v2\/product_tag?post=336023"}],"curies":[{"name":"wp","href":"https:\/\/api.w.org\/{rel}","templated":true}]}}