
{"id":336017,"date":"2025-12-30T03:26:11","date_gmt":"2025-12-30T01:26:11","guid":{"rendered":"https:\/\/repan.ch\/product\/betty-bossi-2\/"},"modified":"2025-12-30T03:26:11","modified_gmt":"2025-12-30T01:26:11","slug":"betty-bossi-2","status":"publish","type":"product","link":"https:\/\/repan.ch\/fr\/produit\/betty-bossi-2\/","title":{"rendered":"Betty Bossi"},"content":{"rendered":"","protected":false},"excerpt":{"rendered":"<p>Po\u00eales en acier inoxydable Betty Bossi avec manche ergonomique en m\u00e9tal. Dans l&rsquo;original, ils n&rsquo;avaient pas de rev\u00eatement, mais gr\u00e2ce \u00e0 RePan, ils ont \u00e9t\u00e9 recouverts avec LE rev\u00eatement antiadh\u00e9sif renforc\u00e9 en c\u00e9ramique.<\/p>\n","protected":false},"featured_media":333003,"comment_status":"open","ping_status":"closed","template":"","meta":{"content-type":""},"product_brand":[603],"product_cat":[2278],"product_tag":[1705],"class_list":{"0":"post-336017","1":"product","2":"type-product","3":"status-publish","4":"has-post-thumbnail","6":"product_brand-betty-bossi","7":"product_cat-premium-fr","8":"product_tag-casseroles-suisses","9":"product_shipping_class-produit","10":"pa_typ-poele-a-frire","12":"first","13":"instock","14":"taxable","15":"shipping-taxable","16":"purchasable","17":"product-type-variable"},"yoast_head":"<!-- This site is optimized with the Yoast SEO Premium plugin v26.6 (Yoast SEO v27.1.1) - https:\/\/yoast.com\/product\/yoast-seo-premium-wordpress\/ -->\n<title>Betty Bossi neu beschichten | g\u00fcnstiger, nachhaltiger &amp; besser<\/title>\n<meta name=\"description\" content=\"Po\u00eales en acier inoxydable Betty Bossi avec manche ergonomique en m\u00e9tal. Dans l&#039;original, ils n&#039;avaient pas de rev\u00eatement, mais gr\u00e2ce \u00e0 RePan, ils ont \u00e9t\u00e9 recouverts avec LE rev\u00eatement antiadh\u00e9sif renforc\u00e9 en c\u00e9ramique.\" \/>\n<meta name=\"robots\" content=\"index, follow, max-snippet:-1, max-image-preview:large, max-video-preview:-1\" \/>\n<link rel=\"canonical\" href=\"https:\/\/repan.ch\/product\/betty-bossi-2\/\" \/>\n<meta property=\"og:locale\" content=\"fr_FR\" \/>\n<meta property=\"og:type\" content=\"article\" \/>\n<meta property=\"og:title\" content=\"RePan - Pfannen &amp; Bleche neu beschichten\" \/>\n<meta property=\"og:description\" content=\"G\u00fcnstiger, nachhaltiger &amp; besser\" \/>\n<meta property=\"og:url\" content=\"https:\/\/repan.ch\/product\/betty-bossi-2\/\" \/>\n<meta property=\"og:site_name\" content=\"RePan\" \/>\n<meta property=\"og:image\" content=\"https:\/\/repan.ch\/wp-content\/uploads\/2025\/12\/RePan-Pfannen-Bleche-neu-beschichten.jpg\" \/>\n\t<meta property=\"og:image:width\" content=\"1650\" \/>\n\t<meta property=\"og:image:height\" content=\"1000\" \/>\n\t<meta property=\"og:image:type\" content=\"image\/jpeg\" \/>\n<meta name=\"twitter:card\" content=\"summary_large_image\" \/>\n<meta name=\"twitter:label1\" content=\"Disponibilit\u00e9\" \/>\n\t<meta name=\"twitter:data1\" content=\"En stock\" \/>\n<script type=\"application\/ld+json\" class=\"yoast-schema-graph\">{\"@context\":\"https:\/\/schema.org\",\"@graph\":[{\"@type\":\"WebPage\",\"@id\":\"https:\/\/repan.ch\/product\/betty-bossi-2\/\",\"url\":\"https:\/\/repan.ch\/product\/betty-bossi-2\/\",\"name\":\"Betty Bossi neu beschichten | g\u00fcnstiger, nachhaltiger & besser\",\"isPartOf\":{\"@id\":\"https:\/\/repan.ch\/#website\"},\"primaryImageOfPage\":{\"@id\":\"https:\/\/repan.ch\/product\/betty-bossi-2\/#primaryimage\"},\"image\":{\"@id\":\"https:\/\/repan.ch\/product\/betty-bossi-2\/#primaryimage\"},\"thumbnailUrl\":\"https:\/\/repan.ch\/wp-content\/uploads\/2025\/12\/Betty-Bossi-24cm-brat-240017.webp\",\"datePublished\":\"2025-12-30T01:26:11+00:00\",\"description\":\"Po\u00eales en acier inoxydable Betty Bossi avec manche ergonomique en m\u00e9tal. Dans l'original, ils n'avaient pas de rev\u00eatement, mais gr\u00e2ce \u00e0 RePan, ils ont \u00e9t\u00e9 recouverts avec LE rev\u00eatement antiadh\u00e9sif renforc\u00e9 en c\u00e9ramique.\",\"breadcrumb\":{\"@id\":\"https:\/\/repan.ch\/product\/betty-bossi-2\/#breadcrumb\"},\"inLanguage\":\"fr-FR\",\"potentialAction\":[{\"@type\":\"ReadAction\",\"target\":[\"https:\/\/repan.ch\/product\/betty-bossi-2\/\"]}]},{\"@type\":\"ImageObject\",\"inLanguage\":\"fr-FR\",\"@id\":\"https:\/\/repan.ch\/product\/betty-bossi-2\/#primaryimage\",\"url\":\"https:\/\/repan.ch\/wp-content\/uploads\/2025\/12\/Betty-Bossi-24cm-brat-240017.webp\",\"contentUrl\":\"https:\/\/repan.ch\/wp-content\/uploads\/2025\/12\/Betty-Bossi-24cm-brat-240017.webp\",\"width\":1650,\"height\":1000},{\"@type\":\"BreadcrumbList\",\"@id\":\"https:\/\/repan.ch\/product\/betty-bossi-2\/#breadcrumb\",\"itemListElement\":[{\"@type\":\"ListItem\",\"position\":1,\"name\":\"Accueil\",\"item\":\"https:\/\/repan.ch\/fr\/repan-2\/\"},{\"@type\":\"ListItem\",\"position\":2,\"name\":\"Shop\",\"item\":\"https:\/\/repan.ch\/shop\/\"},{\"@type\":\"ListItem\",\"position\":3,\"name\":\"Betty Bossi\"}]},{\"@type\":\"WebSite\",\"@id\":\"https:\/\/repan.ch\/#website\",\"url\":\"https:\/\/repan.ch\/\",\"name\":\"RePan\",\"description\":\"Pfannen &amp; Bleche neu beschichten\",\"publisher\":{\"@id\":\"https:\/\/repan.ch\/#organization\"},\"potentialAction\":[{\"@type\":\"SearchAction\",\"target\":{\"@type\":\"EntryPoint\",\"urlTemplate\":\"https:\/\/repan.ch\/?s={search_term_string}\"},\"query-input\":{\"@type\":\"PropertyValueSpecification\",\"valueRequired\":true,\"valueName\":\"search_term_string\"}}],\"inLanguage\":\"fr-FR\"},{\"@type\":\"Organization\",\"@id\":\"https:\/\/repan.ch\/#organization\",\"name\":\"RePan\",\"url\":\"https:\/\/repan.ch\/\",\"logo\":{\"@type\":\"ImageObject\",\"inLanguage\":\"fr-FR\",\"@id\":\"https:\/\/repan.ch\/#\/schema\/logo\/image\/\",\"url\":\"https:\/\/repan.ch\/wp-content\/uploads\/2025\/03\/LogoganzV2-hr2.webp\",\"contentUrl\":\"https:\/\/repan.ch\/wp-content\/uploads\/2025\/03\/LogoganzV2-hr2.webp\",\"width\":360,\"height\":195,\"caption\":\"RePan\"},\"image\":{\"@id\":\"https:\/\/repan.ch\/#\/schema\/logo\/image\/\"},\"hasMerchantReturnPolicy\":{\"@type\":\"MerchantReturnPolicy\",\"merchantReturnLink\":\"https:\/\/repan.ch\/garantie-rueckgabe\/\"}}]}<\/script>\n<meta property=\"product:brand\" content=\"Betty Bossi\" \/>\n<meta property=\"og:availability\" content=\"instock\" \/>\n<meta property=\"product:availability\" content=\"instock\" \/>\n<meta property=\"product:condition\" content=\"new\" \/>\n<!-- \/ Yoast SEO Premium plugin. -->","yoast_head_json":{"title":"Betty Bossi neu beschichten | g\u00fcnstiger, nachhaltiger & besser","description":"Po\u00eales en acier inoxydable Betty Bossi avec manche ergonomique en m\u00e9tal. Dans l'original, ils n'avaient pas de rev\u00eatement, mais gr\u00e2ce \u00e0 RePan, ils ont \u00e9t\u00e9 recouverts avec LE rev\u00eatement antiadh\u00e9sif renforc\u00e9 en c\u00e9ramique.","robots":{"index":"index","follow":"follow","max-snippet":"max-snippet:-1","max-image-preview":"max-image-preview:large","max-video-preview":"max-video-preview:-1"},"canonical":"https:\/\/repan.ch\/product\/betty-bossi-2\/","og_locale":"fr_FR","og_type":"article","og_title":"RePan - Pfannen & Bleche neu beschichten","og_description":"G\u00fcnstiger, nachhaltiger & besser","og_url":"https:\/\/repan.ch\/product\/betty-bossi-2\/","og_site_name":"RePan","og_image":[{"width":1650,"height":1000,"url":"https:\/\/repan.ch\/wp-content\/uploads\/2025\/12\/RePan-Pfannen-Bleche-neu-beschichten.jpg","type":"image\/jpeg"}],"twitter_card":"summary_large_image","twitter_misc":{"Disponibilit\u00e9":"En stock"},"schema":{"@context":"https:\/\/schema.org","@graph":[{"@type":"WebPage","@id":"https:\/\/repan.ch\/product\/betty-bossi-2\/","url":"https:\/\/repan.ch\/product\/betty-bossi-2\/","name":"Betty Bossi neu beschichten | g\u00fcnstiger, nachhaltiger & besser","isPartOf":{"@id":"https:\/\/repan.ch\/#website"},"primaryImageOfPage":{"@id":"https:\/\/repan.ch\/product\/betty-bossi-2\/#primaryimage"},"image":{"@id":"https:\/\/repan.ch\/product\/betty-bossi-2\/#primaryimage"},"thumbnailUrl":"https:\/\/repan.ch\/wp-content\/uploads\/2025\/12\/Betty-Bossi-24cm-brat-240017.webp","datePublished":"2025-12-30T01:26:11+00:00","description":"Po\u00eales en acier inoxydable Betty Bossi avec manche ergonomique en m\u00e9tal. Dans l'original, ils n'avaient pas de rev\u00eatement, mais gr\u00e2ce \u00e0 RePan, ils ont \u00e9t\u00e9 recouverts avec LE rev\u00eatement antiadh\u00e9sif renforc\u00e9 en c\u00e9ramique.","breadcrumb":{"@id":"https:\/\/repan.ch\/product\/betty-bossi-2\/#breadcrumb"},"inLanguage":"fr-FR","potentialAction":[{"@type":"ReadAction","target":["https:\/\/repan.ch\/product\/betty-bossi-2\/"]}]},{"@type":"ImageObject","inLanguage":"fr-FR","@id":"https:\/\/repan.ch\/product\/betty-bossi-2\/#primaryimage","url":"https:\/\/repan.ch\/wp-content\/uploads\/2025\/12\/Betty-Bossi-24cm-brat-240017.webp","contentUrl":"https:\/\/repan.ch\/wp-content\/uploads\/2025\/12\/Betty-Bossi-24cm-brat-240017.webp","width":1650,"height":1000},{"@type":"BreadcrumbList","@id":"https:\/\/repan.ch\/product\/betty-bossi-2\/#breadcrumb","itemListElement":[{"@type":"ListItem","position":1,"name":"Accueil","item":"https:\/\/repan.ch\/fr\/repan-2\/"},{"@type":"ListItem","position":2,"name":"Shop","item":"https:\/\/repan.ch\/shop\/"},{"@type":"ListItem","position":3,"name":"Betty Bossi"}]},{"@type":"WebSite","@id":"https:\/\/repan.ch\/#website","url":"https:\/\/repan.ch\/","name":"RePan","description":"Pfannen &amp; Bleche neu beschichten","publisher":{"@id":"https:\/\/repan.ch\/#organization"},"potentialAction":[{"@type":"SearchAction","target":{"@type":"EntryPoint","urlTemplate":"https:\/\/repan.ch\/?s={search_term_string}"},"query-input":{"@type":"PropertyValueSpecification","valueRequired":true,"valueName":"search_term_string"}}],"inLanguage":"fr-FR"},{"@type":"Organization","@id":"https:\/\/repan.ch\/#organization","name":"RePan","url":"https:\/\/repan.ch\/","logo":{"@type":"ImageObject","inLanguage":"fr-FR","@id":"https:\/\/repan.ch\/#\/schema\/logo\/image\/","url":"https:\/\/repan.ch\/wp-content\/uploads\/2025\/03\/LogoganzV2-hr2.webp","contentUrl":"https:\/\/repan.ch\/wp-content\/uploads\/2025\/03\/LogoganzV2-hr2.webp","width":360,"height":195,"caption":"RePan"},"image":{"@id":"https:\/\/repan.ch\/#\/schema\/logo\/image\/"},"hasMerchantReturnPolicy":{"@type":"MerchantReturnPolicy","merchantReturnLink":"https:\/\/repan.ch\/garantie-rueckgabe\/"}}]},"product_brand":"Betty Bossi","og_availability":"instock","product_availability":"instock","product_condition":"new"},"_links":{"self":[{"href":"https:\/\/repan.ch\/fr\/wp-json\/wp\/v2\/product\/336017","targetHints":{"allow":["GET"]}}],"collection":[{"href":"https:\/\/repan.ch\/fr\/wp-json\/wp\/v2\/product"}],"about":[{"href":"https:\/\/repan.ch\/fr\/wp-json\/wp\/v2\/types\/product"}],"replies":[{"embeddable":true,"href":"https:\/\/repan.ch\/fr\/wp-json\/wp\/v2\/comments?post=336017"}],"version-history":[{"count":0,"href":"https:\/\/repan.ch\/fr\/wp-json\/wp\/v2\/product\/336017\/revisions"}],"wp:featuredmedia":[{"embeddable":true,"href":"https:\/\/repan.ch\/fr\/wp-json\/wp\/v2\/media\/333003"}],"wp:attachment":[{"href":"https:\/\/repan.ch\/fr\/wp-json\/wp\/v2\/media?parent=336017"}],"wp:term":[{"taxonomy":"product_brand","embeddable":true,"href":"https:\/\/repan.ch\/fr\/wp-json\/wp\/v2\/product_brand?post=336017"},{"taxonomy":"product_cat","embeddable":true,"href":"https:\/\/repan.ch\/fr\/wp-json\/wp\/v2\/product_cat?post=336017"},{"taxonomy":"product_tag","embeddable":true,"href":"https:\/\/repan.ch\/fr\/wp-json\/wp\/v2\/product_tag?post=336017"}],"curies":[{"name":"wp","href":"https:\/\/api.w.org\/{rel}","templated":true}]}}