
{"id":336004,"date":"2025-12-30T03:21:04","date_gmt":"2025-12-30T01:21:04","guid":{"rendered":"https:\/\/repan.ch\/product\/le-creuset-3-ply-plus\/"},"modified":"2026-02-02T13:17:29","modified_gmt":"2026-02-02T11:17:29","slug":"le-creuset-3-ply-plus","status":"publish","type":"product","link":"https:\/\/repan.ch\/fr\/produit\/le-creuset-3-ply-plus\/","title":{"rendered":"Le Creuset 3-ply PLUS"},"content":{"rendered":"<p>Cette belle po\u00eale Le Creuset 3-ply plus en acier inoxydable est id\u00e9ale pour faire revenir la viande ou les pommes de terre saut\u00e9es de mani\u00e8re forte et croustillante. Le mat\u00e9riau garantit un chauffage rapide et uniforme.<\/p>\n","protected":false},"excerpt":{"rendered":"<p>Cette belle po\u00eale en fer Le Creuset Signature est id\u00e9ale pour faire revenir la viande ou les pommes de terre saut\u00e9es de mani\u00e8re forte et croustillante. Le mat\u00e9riau garantit une r\u00e9partition et une conservation uniformes de la chaleur. Elle se caract\u00e9rise par un manche en bois.<\/p>\n","protected":false},"featured_media":332932,"comment_status":"open","ping_status":"closed","template":"","meta":{"content-type":""},"product_brand":[593],"product_cat":[2286],"product_tag":[],"class_list":{"0":"post-336004","1":"product","2":"type-product","3":"status-publish","4":"has-post-thumbnail","6":"product_brand-le-creuset","7":"product_cat-luxe","8":"product_shipping_class-produit","9":"pa_typ-poele-a-deux-anses","10":"pa_typ-poele-a-frire","11":"pa_typ-pot","12":"pa_typ-sauteuse","14":"first","15":"instock","16":"taxable","17":"shipping-taxable","18":"purchasable","19":"product-type-variable"},"yoast_head":"<!-- This site is optimized with the Yoast SEO Premium plugin v26.6 (Yoast SEO v27.1.1) - https:\/\/yoast.com\/product\/yoast-seo-premium-wordpress\/ -->\n<title>Le Creuset 3-ply PLUS neu beschichten | g\u00fcnstiger, nachhaltiger &amp; besser<\/title>\n<meta name=\"description\" content=\"Cette belle po\u00eale en fer Le Creuset Signature est id\u00e9ale pour faire revenir la viande ou les pommes de terre saut\u00e9es de mani\u00e8re forte et croustillante. Le mat\u00e9riau garantit une r\u00e9partition et une conservation uniformes de la chaleur. Elle se caract\u00e9rise par un manche en bois.\" \/>\n<meta name=\"robots\" content=\"index, follow, max-snippet:-1, max-image-preview:large, max-video-preview:-1\" \/>\n<link rel=\"canonical\" href=\"https:\/\/repan.ch\/fr\/produit\/le-creuset-3-ply-plus\/\" \/>\n<meta property=\"og:locale\" content=\"fr_FR\" \/>\n<meta property=\"og:type\" content=\"article\" \/>\n<meta property=\"og:title\" content=\"RePan - Pfannen &amp; Bleche neu beschichten\" \/>\n<meta property=\"og:description\" content=\"G\u00fcnstiger, nachhaltiger &amp; besser\" \/>\n<meta property=\"og:url\" content=\"https:\/\/repan.ch\/fr\/produit\/le-creuset-3-ply-plus\/\" \/>\n<meta property=\"og:site_name\" content=\"RePan\" \/>\n<meta property=\"article:modified_time\" content=\"2026-02-02T11:17:29+00:00\" \/>\n<meta property=\"og:image\" content=\"https:\/\/repan.ch\/wp-content\/uploads\/2025\/12\/LeCreuset28EE-4.webp\" \/>\n\t<meta property=\"og:image:width\" content=\"1650\" \/>\n\t<meta property=\"og:image:height\" content=\"1000\" \/>\n\t<meta property=\"og:image:type\" content=\"image\/webp\" \/>\n<meta name=\"twitter:card\" content=\"summary_large_image\" \/>\n<meta name=\"twitter:label1\" content=\"Disponibilit\u00e9\" \/>\n\t<meta name=\"twitter:data1\" content=\"En stock\" \/>\n<script type=\"application\/ld+json\" class=\"yoast-schema-graph\">{\"@context\":\"https:\/\/schema.org\",\"@graph\":[{\"@type\":\"WebPage\",\"@id\":\"https:\/\/repan.ch\/fr\/produit\/le-creuset-3-ply-plus\/\",\"url\":\"https:\/\/repan.ch\/fr\/produit\/le-creuset-3-ply-plus\/\",\"name\":\"Le Creuset 3-ply PLUS neu beschichten | g\u00fcnstiger, nachhaltiger & besser\",\"isPartOf\":{\"@id\":\"https:\/\/repan.ch\/#website\"},\"primaryImageOfPage\":{\"@id\":\"https:\/\/repan.ch\/fr\/produit\/le-creuset-3-ply-plus\/#primaryimage\"},\"image\":{\"@id\":\"https:\/\/repan.ch\/fr\/produit\/le-creuset-3-ply-plus\/#primaryimage\"},\"thumbnailUrl\":\"https:\/\/repan.ch\/wp-content\/uploads\/2025\/12\/LeCreuset28EE-4.webp\",\"datePublished\":\"2025-12-30T01:21:04+00:00\",\"dateModified\":\"2026-02-02T11:17:29+00:00\",\"description\":\"Cette belle po\u00eale en fer Le Creuset Signature est id\u00e9ale pour faire revenir la viande ou les pommes de terre saut\u00e9es de mani\u00e8re forte et croustillante. Le mat\u00e9riau garantit une r\u00e9partition et une conservation uniformes de la chaleur. Elle se caract\u00e9rise par un manche en bois.\",\"breadcrumb\":{\"@id\":\"https:\/\/repan.ch\/fr\/produit\/le-creuset-3-ply-plus\/#breadcrumb\"},\"inLanguage\":\"fr-FR\",\"potentialAction\":[{\"@type\":\"ReadAction\",\"target\":[\"https:\/\/repan.ch\/fr\/produit\/le-creuset-3-ply-plus\/\"]}]},{\"@type\":\"ImageObject\",\"inLanguage\":\"fr-FR\",\"@id\":\"https:\/\/repan.ch\/fr\/produit\/le-creuset-3-ply-plus\/#primaryimage\",\"url\":\"https:\/\/repan.ch\/wp-content\/uploads\/2025\/12\/LeCreuset28EE-4.webp\",\"contentUrl\":\"https:\/\/repan.ch\/wp-content\/uploads\/2025\/12\/LeCreuset28EE-4.webp\",\"width\":1650,\"height\":1000,\"caption\":\"LeCreuset28EE\"},{\"@type\":\"BreadcrumbList\",\"@id\":\"https:\/\/repan.ch\/fr\/produit\/le-creuset-3-ply-plus\/#breadcrumb\",\"itemListElement\":[{\"@type\":\"ListItem\",\"position\":1,\"name\":\"Accueil\",\"item\":\"https:\/\/repan.ch\/fr\/repan-2\/\"},{\"@type\":\"ListItem\",\"position\":2,\"name\":\"Shop\",\"item\":\"https:\/\/repan.ch\/shop\/\"},{\"@type\":\"ListItem\",\"position\":3,\"name\":\"Le Creuset 3-ply PLUS\"}]},{\"@type\":\"WebSite\",\"@id\":\"https:\/\/repan.ch\/#website\",\"url\":\"https:\/\/repan.ch\/\",\"name\":\"RePan\",\"description\":\"Pfannen &amp; Bleche neu beschichten\",\"publisher\":{\"@id\":\"https:\/\/repan.ch\/#organization\"},\"potentialAction\":[{\"@type\":\"SearchAction\",\"target\":{\"@type\":\"EntryPoint\",\"urlTemplate\":\"https:\/\/repan.ch\/?s={search_term_string}\"},\"query-input\":{\"@type\":\"PropertyValueSpecification\",\"valueRequired\":true,\"valueName\":\"search_term_string\"}}],\"inLanguage\":\"fr-FR\"},{\"@type\":\"Organization\",\"@id\":\"https:\/\/repan.ch\/#organization\",\"name\":\"RePan\",\"url\":\"https:\/\/repan.ch\/\",\"logo\":{\"@type\":\"ImageObject\",\"inLanguage\":\"fr-FR\",\"@id\":\"https:\/\/repan.ch\/#\/schema\/logo\/image\/\",\"url\":\"https:\/\/repan.ch\/wp-content\/uploads\/2025\/03\/LogoganzV2-hr2.webp\",\"contentUrl\":\"https:\/\/repan.ch\/wp-content\/uploads\/2025\/03\/LogoganzV2-hr2.webp\",\"width\":360,\"height\":195,\"caption\":\"RePan\"},\"image\":{\"@id\":\"https:\/\/repan.ch\/#\/schema\/logo\/image\/\"},\"hasMerchantReturnPolicy\":{\"@type\":\"MerchantReturnPolicy\",\"merchantReturnLink\":\"https:\/\/repan.ch\/garantie-rueckgabe\/\"}}]}<\/script>\n<meta property=\"product:brand\" content=\"Le Creuset\" \/>\n<meta property=\"og:availability\" content=\"instock\" \/>\n<meta property=\"product:availability\" content=\"instock\" \/>\n<meta property=\"product:condition\" content=\"new\" \/>\n<!-- \/ Yoast SEO Premium plugin. -->","yoast_head_json":{"title":"Le Creuset 3-ply PLUS neu beschichten | g\u00fcnstiger, nachhaltiger & besser","description":"Cette belle po\u00eale en fer Le Creuset Signature est id\u00e9ale pour faire revenir la viande ou les pommes de terre saut\u00e9es de mani\u00e8re forte et croustillante. Le mat\u00e9riau garantit une r\u00e9partition et une conservation uniformes de la chaleur. Elle se caract\u00e9rise par un manche en bois.","robots":{"index":"index","follow":"follow","max-snippet":"max-snippet:-1","max-image-preview":"max-image-preview:large","max-video-preview":"max-video-preview:-1"},"canonical":"https:\/\/repan.ch\/fr\/produit\/le-creuset-3-ply-plus\/","og_locale":"fr_FR","og_type":"article","og_title":"RePan - Pfannen & Bleche neu beschichten","og_description":"G\u00fcnstiger, nachhaltiger & besser","og_url":"https:\/\/repan.ch\/fr\/produit\/le-creuset-3-ply-plus\/","og_site_name":"RePan","article_modified_time":"2026-02-02T11:17:29+00:00","og_image":[{"width":1650,"height":1000,"url":"https:\/\/repan.ch\/wp-content\/uploads\/2025\/12\/LeCreuset28EE-4.webp","type":"image\/webp"}],"twitter_card":"summary_large_image","twitter_misc":{"Disponibilit\u00e9":"En stock"},"schema":{"@context":"https:\/\/schema.org","@graph":[{"@type":"WebPage","@id":"https:\/\/repan.ch\/fr\/produit\/le-creuset-3-ply-plus\/","url":"https:\/\/repan.ch\/fr\/produit\/le-creuset-3-ply-plus\/","name":"Le Creuset 3-ply PLUS neu beschichten | g\u00fcnstiger, nachhaltiger & besser","isPartOf":{"@id":"https:\/\/repan.ch\/#website"},"primaryImageOfPage":{"@id":"https:\/\/repan.ch\/fr\/produit\/le-creuset-3-ply-plus\/#primaryimage"},"image":{"@id":"https:\/\/repan.ch\/fr\/produit\/le-creuset-3-ply-plus\/#primaryimage"},"thumbnailUrl":"https:\/\/repan.ch\/wp-content\/uploads\/2025\/12\/LeCreuset28EE-4.webp","datePublished":"2025-12-30T01:21:04+00:00","dateModified":"2026-02-02T11:17:29+00:00","description":"Cette belle po\u00eale en fer Le Creuset Signature est id\u00e9ale pour faire revenir la viande ou les pommes de terre saut\u00e9es de mani\u00e8re forte et croustillante. Le mat\u00e9riau garantit une r\u00e9partition et une conservation uniformes de la chaleur. Elle se caract\u00e9rise par un manche en bois.","breadcrumb":{"@id":"https:\/\/repan.ch\/fr\/produit\/le-creuset-3-ply-plus\/#breadcrumb"},"inLanguage":"fr-FR","potentialAction":[{"@type":"ReadAction","target":["https:\/\/repan.ch\/fr\/produit\/le-creuset-3-ply-plus\/"]}]},{"@type":"ImageObject","inLanguage":"fr-FR","@id":"https:\/\/repan.ch\/fr\/produit\/le-creuset-3-ply-plus\/#primaryimage","url":"https:\/\/repan.ch\/wp-content\/uploads\/2025\/12\/LeCreuset28EE-4.webp","contentUrl":"https:\/\/repan.ch\/wp-content\/uploads\/2025\/12\/LeCreuset28EE-4.webp","width":1650,"height":1000,"caption":"LeCreuset28EE"},{"@type":"BreadcrumbList","@id":"https:\/\/repan.ch\/fr\/produit\/le-creuset-3-ply-plus\/#breadcrumb","itemListElement":[{"@type":"ListItem","position":1,"name":"Accueil","item":"https:\/\/repan.ch\/fr\/repan-2\/"},{"@type":"ListItem","position":2,"name":"Shop","item":"https:\/\/repan.ch\/shop\/"},{"@type":"ListItem","position":3,"name":"Le Creuset 3-ply PLUS"}]},{"@type":"WebSite","@id":"https:\/\/repan.ch\/#website","url":"https:\/\/repan.ch\/","name":"RePan","description":"Pfannen &amp; Bleche neu beschichten","publisher":{"@id":"https:\/\/repan.ch\/#organization"},"potentialAction":[{"@type":"SearchAction","target":{"@type":"EntryPoint","urlTemplate":"https:\/\/repan.ch\/?s={search_term_string}"},"query-input":{"@type":"PropertyValueSpecification","valueRequired":true,"valueName":"search_term_string"}}],"inLanguage":"fr-FR"},{"@type":"Organization","@id":"https:\/\/repan.ch\/#organization","name":"RePan","url":"https:\/\/repan.ch\/","logo":{"@type":"ImageObject","inLanguage":"fr-FR","@id":"https:\/\/repan.ch\/#\/schema\/logo\/image\/","url":"https:\/\/repan.ch\/wp-content\/uploads\/2025\/03\/LogoganzV2-hr2.webp","contentUrl":"https:\/\/repan.ch\/wp-content\/uploads\/2025\/03\/LogoganzV2-hr2.webp","width":360,"height":195,"caption":"RePan"},"image":{"@id":"https:\/\/repan.ch\/#\/schema\/logo\/image\/"},"hasMerchantReturnPolicy":{"@type":"MerchantReturnPolicy","merchantReturnLink":"https:\/\/repan.ch\/garantie-rueckgabe\/"}}]},"product_brand":"Le Creuset","og_availability":"instock","product_availability":"instock","product_condition":"new"},"_links":{"self":[{"href":"https:\/\/repan.ch\/fr\/wp-json\/wp\/v2\/product\/336004","targetHints":{"allow":["GET"]}}],"collection":[{"href":"https:\/\/repan.ch\/fr\/wp-json\/wp\/v2\/product"}],"about":[{"href":"https:\/\/repan.ch\/fr\/wp-json\/wp\/v2\/types\/product"}],"replies":[{"embeddable":true,"href":"https:\/\/repan.ch\/fr\/wp-json\/wp\/v2\/comments?post=336004"}],"version-history":[{"count":0,"href":"https:\/\/repan.ch\/fr\/wp-json\/wp\/v2\/product\/336004\/revisions"}],"wp:featuredmedia":[{"embeddable":true,"href":"https:\/\/repan.ch\/fr\/wp-json\/wp\/v2\/media\/332932"}],"wp:attachment":[{"href":"https:\/\/repan.ch\/fr\/wp-json\/wp\/v2\/media?parent=336004"}],"wp:term":[{"taxonomy":"product_brand","embeddable":true,"href":"https:\/\/repan.ch\/fr\/wp-json\/wp\/v2\/product_brand?post=336004"},{"taxonomy":"product_cat","embeddable":true,"href":"https:\/\/repan.ch\/fr\/wp-json\/wp\/v2\/product_cat?post=336004"},{"taxonomy":"product_tag","embeddable":true,"href":"https:\/\/repan.ch\/fr\/wp-json\/wp\/v2\/product_tag?post=336004"}],"curies":[{"name":"wp","href":"https:\/\/api.w.org\/{rel}","templated":true}]}}