
{"id":335956,"date":"2025-12-30T03:16:15","date_gmt":"2025-12-30T01:16:15","guid":{"rendered":"https:\/\/repan.ch\/product\/olavson\/"},"modified":"2026-03-29T12:18:18","modified_gmt":"2026-03-29T10:18:18","slug":"olavson","status":"publish","type":"product","link":"https:\/\/repan.ch\/fr\/produit\/olavson\/","title":{"rendered":"Olavson"},"content":{"rendered":"<p>Les po\u00eales Olavson sont synonymes de design scandinave et de haute fonctionnalit\u00e9. La marque allie tradition et technologie moderne pour cr\u00e9er des ustensiles de cuisine qui sont non seulement esth\u00e9tiques mais aussi extr\u00eamement durables. Gr\u00e2ce au nouveau rev\u00eatement RePan, les po\u00eales Olavson ont d\u00e9sormais un rev\u00eatement antiadh\u00e9sif de haute qualit\u00e9 qui facilite la cuisson et prolonge la dur\u00e9e de vie des po\u00eales.  <\/p>\n","protected":false},"excerpt":{"rendered":"<p>Les po\u00eales Olavson sont synonymes de design scandinave et de haute fonctionnalit\u00e9. La marque allie tradition et technologie moderne pour cr\u00e9er des ustensiles de cuisine qui sont non seulement esth\u00e9tiques mais aussi extr\u00eamement durables. Gr\u00e2ce au nouveau rev\u00eatement RePan, les po\u00eales Olavson ont d\u00e9sormais un rev\u00eatement antiadh\u00e9sif de haute qualit\u00e9 qui facilite la cuisson et prolonge la dur\u00e9e de vie des po\u00eales.  <\/p>\n","protected":false},"featured_media":332875,"comment_status":"open","ping_status":"closed","template":"","meta":{"content-type":""},"product_brand":[625],"product_cat":[2286],"product_tag":[],"class_list":{"0":"post-335956","1":"product","2":"type-product","3":"status-publish","4":"has-post-thumbnail","6":"product_brand-olavson","7":"product_cat-luxe","8":"pa_typ-poele-a-deux-anses","9":"pa_typ-poele-a-frire","11":"first","12":"instock","13":"taxable","14":"shipping-taxable","15":"purchasable","16":"product-type-variable"},"yoast_head":"<!-- This site is optimized with the Yoast SEO Premium plugin v26.6 (Yoast SEO v27.1.1) - https:\/\/yoast.com\/product\/yoast-seo-premium-wordpress\/ -->\n<title>Olavson neu beschichten | g\u00fcnstiger, nachhaltiger &amp; besser<\/title>\n<meta name=\"description\" content=\"Les po\u00eales Olavson sont synonymes de design scandinave et de haute fonctionnalit\u00e9. La marque allie tradition et technologie moderne pour cr\u00e9er des ustensiles de cuisine qui sont non seulement esth\u00e9tiques mais aussi extr\u00eamement durables. Gr\u00e2ce au nouveau rev\u00eatement RePan, les po\u00eales Olavson ont d\u00e9sormais un rev\u00eatement antiadh\u00e9sif de haute qualit\u00e9 qui facilite la cuisson et prolonge la dur\u00e9e de vie des po\u00eales.\" \/>\n<meta name=\"robots\" content=\"index, follow, max-snippet:-1, max-image-preview:large, max-video-preview:-1\" \/>\n<link rel=\"canonical\" href=\"https:\/\/repan.ch\/fr\/produit\/olavson\/\" \/>\n<meta property=\"og:locale\" content=\"fr_FR\" \/>\n<meta property=\"og:type\" content=\"article\" \/>\n<meta property=\"og:title\" content=\"RePan - Pfannen &amp; Bleche neu beschichten\" \/>\n<meta property=\"og:description\" content=\"G\u00fcnstiger, nachhaltiger &amp; besser\" \/>\n<meta property=\"og:url\" content=\"https:\/\/repan.ch\/fr\/produit\/olavson\/\" \/>\n<meta property=\"og:site_name\" content=\"RePan\" \/>\n<meta property=\"article:modified_time\" content=\"2026-03-29T10:18:18+00:00\" \/>\n<meta property=\"og:image\" content=\"https:\/\/repan.ch\/wp-content\/uploads\/2025\/12\/Olavson-240052.webp\" \/>\n\t<meta property=\"og:image:width\" content=\"1650\" \/>\n\t<meta property=\"og:image:height\" content=\"1000\" \/>\n\t<meta property=\"og:image:type\" content=\"image\/webp\" \/>\n<meta name=\"twitter:card\" content=\"summary_large_image\" \/>\n<meta name=\"twitter:label1\" content=\"Disponibilit\u00e9\" \/>\n\t<meta name=\"twitter:data1\" content=\"En stock\" \/>\n<script type=\"application\/ld+json\" class=\"yoast-schema-graph\">{\"@context\":\"https:\/\/schema.org\",\"@graph\":[{\"@type\":\"WebPage\",\"@id\":\"https:\/\/repan.ch\/fr\/produit\/olavson\/\",\"url\":\"https:\/\/repan.ch\/fr\/produit\/olavson\/\",\"name\":\"Olavson neu beschichten | g\u00fcnstiger, nachhaltiger & besser\",\"isPartOf\":{\"@id\":\"https:\/\/repan.ch\/#website\"},\"primaryImageOfPage\":{\"@id\":\"https:\/\/repan.ch\/fr\/produit\/olavson\/#primaryimage\"},\"image\":{\"@id\":\"https:\/\/repan.ch\/fr\/produit\/olavson\/#primaryimage\"},\"thumbnailUrl\":\"https:\/\/repan.ch\/wp-content\/uploads\/2025\/12\/Olavson-240052.webp\",\"datePublished\":\"2025-12-30T01:16:15+00:00\",\"dateModified\":\"2026-03-29T10:18:18+00:00\",\"description\":\"Les po\u00eales Olavson sont synonymes de design scandinave et de haute fonctionnalit\u00e9. La marque allie tradition et technologie moderne pour cr\u00e9er des ustensiles de cuisine qui sont non seulement esth\u00e9tiques mais aussi extr\u00eamement durables. Gr\u00e2ce au nouveau rev\u00eatement RePan, les po\u00eales Olavson ont d\u00e9sormais un rev\u00eatement antiadh\u00e9sif de haute qualit\u00e9 qui facilite la cuisson et prolonge la dur\u00e9e de vie des po\u00eales.\",\"breadcrumb\":{\"@id\":\"https:\/\/repan.ch\/fr\/produit\/olavson\/#breadcrumb\"},\"inLanguage\":\"fr-FR\",\"potentialAction\":[{\"@type\":\"ReadAction\",\"target\":[\"https:\/\/repan.ch\/fr\/produit\/olavson\/\"]}]},{\"@type\":\"ImageObject\",\"inLanguage\":\"fr-FR\",\"@id\":\"https:\/\/repan.ch\/fr\/produit\/olavson\/#primaryimage\",\"url\":\"https:\/\/repan.ch\/wp-content\/uploads\/2025\/12\/Olavson-240052.webp\",\"contentUrl\":\"https:\/\/repan.ch\/wp-content\/uploads\/2025\/12\/Olavson-240052.webp\",\"width\":1650,\"height\":1000},{\"@type\":\"BreadcrumbList\",\"@id\":\"https:\/\/repan.ch\/fr\/produit\/olavson\/#breadcrumb\",\"itemListElement\":[{\"@type\":\"ListItem\",\"position\":1,\"name\":\"Accueil\",\"item\":\"https:\/\/repan.ch\/fr\/repan-2\/\"},{\"@type\":\"ListItem\",\"position\":2,\"name\":\"Shop\",\"item\":\"https:\/\/repan.ch\/shop\/\"},{\"@type\":\"ListItem\",\"position\":3,\"name\":\"Olavson\"}]},{\"@type\":\"WebSite\",\"@id\":\"https:\/\/repan.ch\/#website\",\"url\":\"https:\/\/repan.ch\/\",\"name\":\"RePan\",\"description\":\"Pfannen &amp; Bleche neu beschichten\",\"publisher\":{\"@id\":\"https:\/\/repan.ch\/#organization\"},\"potentialAction\":[{\"@type\":\"SearchAction\",\"target\":{\"@type\":\"EntryPoint\",\"urlTemplate\":\"https:\/\/repan.ch\/?s={search_term_string}\"},\"query-input\":{\"@type\":\"PropertyValueSpecification\",\"valueRequired\":true,\"valueName\":\"search_term_string\"}}],\"inLanguage\":\"fr-FR\"},{\"@type\":\"Organization\",\"@id\":\"https:\/\/repan.ch\/#organization\",\"name\":\"RePan\",\"url\":\"https:\/\/repan.ch\/\",\"logo\":{\"@type\":\"ImageObject\",\"inLanguage\":\"fr-FR\",\"@id\":\"https:\/\/repan.ch\/#\/schema\/logo\/image\/\",\"url\":\"https:\/\/repan.ch\/wp-content\/uploads\/2025\/03\/LogoganzV2-hr2.webp\",\"contentUrl\":\"https:\/\/repan.ch\/wp-content\/uploads\/2025\/03\/LogoganzV2-hr2.webp\",\"width\":360,\"height\":195,\"caption\":\"RePan\"},\"image\":{\"@id\":\"https:\/\/repan.ch\/#\/schema\/logo\/image\/\"},\"hasMerchantReturnPolicy\":{\"@type\":\"MerchantReturnPolicy\",\"merchantReturnLink\":\"https:\/\/repan.ch\/garantie-rueckgabe\/\"}}]}<\/script>\n<meta property=\"product:brand\" content=\"Olavson\" \/>\n<meta property=\"og:availability\" content=\"instock\" \/>\n<meta property=\"product:availability\" content=\"instock\" \/>\n<meta property=\"product:condition\" content=\"new\" \/>\n<!-- \/ Yoast SEO Premium plugin. -->","yoast_head_json":{"title":"Olavson neu beschichten | g\u00fcnstiger, nachhaltiger & besser","description":"Les po\u00eales Olavson sont synonymes de design scandinave et de haute fonctionnalit\u00e9. La marque allie tradition et technologie moderne pour cr\u00e9er des ustensiles de cuisine qui sont non seulement esth\u00e9tiques mais aussi extr\u00eamement durables. Gr\u00e2ce au nouveau rev\u00eatement RePan, les po\u00eales Olavson ont d\u00e9sormais un rev\u00eatement antiadh\u00e9sif de haute qualit\u00e9 qui facilite la cuisson et prolonge la dur\u00e9e de vie des po\u00eales.","robots":{"index":"index","follow":"follow","max-snippet":"max-snippet:-1","max-image-preview":"max-image-preview:large","max-video-preview":"max-video-preview:-1"},"canonical":"https:\/\/repan.ch\/fr\/produit\/olavson\/","og_locale":"fr_FR","og_type":"article","og_title":"RePan - Pfannen & Bleche neu beschichten","og_description":"G\u00fcnstiger, nachhaltiger & besser","og_url":"https:\/\/repan.ch\/fr\/produit\/olavson\/","og_site_name":"RePan","article_modified_time":"2026-03-29T10:18:18+00:00","og_image":[{"width":1650,"height":1000,"url":"https:\/\/repan.ch\/wp-content\/uploads\/2025\/12\/Olavson-240052.webp","type":"image\/webp"}],"twitter_card":"summary_large_image","twitter_misc":{"Disponibilit\u00e9":"En stock"},"schema":{"@context":"https:\/\/schema.org","@graph":[{"@type":"WebPage","@id":"https:\/\/repan.ch\/fr\/produit\/olavson\/","url":"https:\/\/repan.ch\/fr\/produit\/olavson\/","name":"Olavson neu beschichten | g\u00fcnstiger, nachhaltiger & besser","isPartOf":{"@id":"https:\/\/repan.ch\/#website"},"primaryImageOfPage":{"@id":"https:\/\/repan.ch\/fr\/produit\/olavson\/#primaryimage"},"image":{"@id":"https:\/\/repan.ch\/fr\/produit\/olavson\/#primaryimage"},"thumbnailUrl":"https:\/\/repan.ch\/wp-content\/uploads\/2025\/12\/Olavson-240052.webp","datePublished":"2025-12-30T01:16:15+00:00","dateModified":"2026-03-29T10:18:18+00:00","description":"Les po\u00eales Olavson sont synonymes de design scandinave et de haute fonctionnalit\u00e9. La marque allie tradition et technologie moderne pour cr\u00e9er des ustensiles de cuisine qui sont non seulement esth\u00e9tiques mais aussi extr\u00eamement durables. Gr\u00e2ce au nouveau rev\u00eatement RePan, les po\u00eales Olavson ont d\u00e9sormais un rev\u00eatement antiadh\u00e9sif de haute qualit\u00e9 qui facilite la cuisson et prolonge la dur\u00e9e de vie des po\u00eales.","breadcrumb":{"@id":"https:\/\/repan.ch\/fr\/produit\/olavson\/#breadcrumb"},"inLanguage":"fr-FR","potentialAction":[{"@type":"ReadAction","target":["https:\/\/repan.ch\/fr\/produit\/olavson\/"]}]},{"@type":"ImageObject","inLanguage":"fr-FR","@id":"https:\/\/repan.ch\/fr\/produit\/olavson\/#primaryimage","url":"https:\/\/repan.ch\/wp-content\/uploads\/2025\/12\/Olavson-240052.webp","contentUrl":"https:\/\/repan.ch\/wp-content\/uploads\/2025\/12\/Olavson-240052.webp","width":1650,"height":1000},{"@type":"BreadcrumbList","@id":"https:\/\/repan.ch\/fr\/produit\/olavson\/#breadcrumb","itemListElement":[{"@type":"ListItem","position":1,"name":"Accueil","item":"https:\/\/repan.ch\/fr\/repan-2\/"},{"@type":"ListItem","position":2,"name":"Shop","item":"https:\/\/repan.ch\/shop\/"},{"@type":"ListItem","position":3,"name":"Olavson"}]},{"@type":"WebSite","@id":"https:\/\/repan.ch\/#website","url":"https:\/\/repan.ch\/","name":"RePan","description":"Pfannen &amp; Bleche neu beschichten","publisher":{"@id":"https:\/\/repan.ch\/#organization"},"potentialAction":[{"@type":"SearchAction","target":{"@type":"EntryPoint","urlTemplate":"https:\/\/repan.ch\/?s={search_term_string}"},"query-input":{"@type":"PropertyValueSpecification","valueRequired":true,"valueName":"search_term_string"}}],"inLanguage":"fr-FR"},{"@type":"Organization","@id":"https:\/\/repan.ch\/#organization","name":"RePan","url":"https:\/\/repan.ch\/","logo":{"@type":"ImageObject","inLanguage":"fr-FR","@id":"https:\/\/repan.ch\/#\/schema\/logo\/image\/","url":"https:\/\/repan.ch\/wp-content\/uploads\/2025\/03\/LogoganzV2-hr2.webp","contentUrl":"https:\/\/repan.ch\/wp-content\/uploads\/2025\/03\/LogoganzV2-hr2.webp","width":360,"height":195,"caption":"RePan"},"image":{"@id":"https:\/\/repan.ch\/#\/schema\/logo\/image\/"},"hasMerchantReturnPolicy":{"@type":"MerchantReturnPolicy","merchantReturnLink":"https:\/\/repan.ch\/garantie-rueckgabe\/"}}]},"product_brand":"Olavson","og_availability":"instock","product_availability":"instock","product_condition":"new"},"_links":{"self":[{"href":"https:\/\/repan.ch\/fr\/wp-json\/wp\/v2\/product\/335956","targetHints":{"allow":["GET"]}}],"collection":[{"href":"https:\/\/repan.ch\/fr\/wp-json\/wp\/v2\/product"}],"about":[{"href":"https:\/\/repan.ch\/fr\/wp-json\/wp\/v2\/types\/product"}],"replies":[{"embeddable":true,"href":"https:\/\/repan.ch\/fr\/wp-json\/wp\/v2\/comments?post=335956"}],"version-history":[{"count":0,"href":"https:\/\/repan.ch\/fr\/wp-json\/wp\/v2\/product\/335956\/revisions"}],"wp:featuredmedia":[{"embeddable":true,"href":"https:\/\/repan.ch\/fr\/wp-json\/wp\/v2\/media\/332875"}],"wp:attachment":[{"href":"https:\/\/repan.ch\/fr\/wp-json\/wp\/v2\/media?parent=335956"}],"wp:term":[{"taxonomy":"product_brand","embeddable":true,"href":"https:\/\/repan.ch\/fr\/wp-json\/wp\/v2\/product_brand?post=335956"},{"taxonomy":"product_cat","embeddable":true,"href":"https:\/\/repan.ch\/fr\/wp-json\/wp\/v2\/product_cat?post=335956"},{"taxonomy":"product_tag","embeddable":true,"href":"https:\/\/repan.ch\/fr\/wp-json\/wp\/v2\/product_tag?post=335956"}],"curies":[{"name":"wp","href":"https:\/\/api.w.org\/{rel}","templated":true}]}}