
{"id":335951,"date":"2025-12-30T03:15:34","date_gmt":"2025-12-30T01:15:34","guid":{"rendered":"https:\/\/repan.ch\/product\/nouveau-revetement-avec-caisse-dexpedition-preaffranchie\/"},"modified":"2026-01-14T18:46:36","modified_gmt":"2026-01-14T16:46:36","slug":"nouveau-revetement-avec-caisse-dexpedition-preaffranchie","status":"publish","type":"product","link":"https:\/\/repan.ch\/fr\/produit\/nouveau-revetement-avec-caisse-dexpedition-preaffranchie\/","title":{"rendered":"Nouveau rev\u00eatement avec caisse d&rsquo;exp\u00e9dition pr\u00e9affranchie"},"content":{"rendered":"","protected":false},"excerpt":{"rendered":"<p>Commande une caisse, collectionne-la et fais-la collecter facilement gr\u00e2ce au code QR : Les caisses de 60x40x40cm ont de la place pour 20-25 po\u00eales, peuvent m\u00eame contenir des plaques GN 1\/1 et peuvent volontiers \u00eatre collect\u00e9es avec du mat\u00e9riel priv\u00e9 (pour une facturation s\u00e9par\u00e9e, merci d&rsquo;\u00e9crire aux po\u00eales).<\/p>\n","protected":false},"featured_media":332859,"comment_status":"open","ping_status":"closed","template":"","meta":{"content-type":""},"product_brand":[],"product_cat":[2273],"product_tag":[],"class_list":{"0":"post-335951","1":"product","2":"type-product","3":"status-publish","4":"has-post-thumbnail","6":"product_cat-service-fr","7":"product_shipping_class-produit","9":"first","10":"instock","11":"shipping-taxable","12":"purchasable","13":"product-type-simple"},"yoast_head":"<!-- This site is optimized with the Yoast SEO Premium plugin v27.4 (Yoast SEO v27.4) - https:\/\/yoast.com\/product\/yoast-seo-premium-wordpress\/ -->\n<title>Recouvre les po\u00eales d&#039;un nouveau rev\u00eatement : \u00c9conomiser des frais de port avec des caisses de collecte - RePan<\/title>\n<meta name=\"description\" content=\"Commande une caisse, collectionne-la et fais-la collecter facilement gr\u00e2ce au code QR : Les caisses de 60x40x40cm ont de la place pour 20-25 po\u00eales, peuvent m\u00eame contenir des plaques GN 1\/1 et peuvent volontiers \u00eatre collect\u00e9es avec du mat\u00e9riel priv\u00e9 (pour une facturation s\u00e9par\u00e9e, merci d&#039;\u00e9crire aux po\u00eales).\" \/>\n<meta name=\"robots\" content=\"index, follow, max-snippet:-1, max-image-preview:large, max-video-preview:-1\" \/>\n<link rel=\"canonical\" href=\"https:\/\/repan.ch\/fr\/produit\/nouveau-revetement-avec-caisse-dexpedition-preaffranchie\/\" \/>\n<meta property=\"og:locale\" content=\"fr_FR\" \/>\n<meta property=\"og:type\" content=\"article\" \/>\n<meta property=\"og:title\" content=\"RePan - Pfannen &amp; Bleche neu beschichten\" \/>\n<meta property=\"og:description\" content=\"G\u00fcnstiger, nachhaltiger &amp; besser\" \/>\n<meta property=\"og:url\" content=\"https:\/\/repan.ch\/fr\/produit\/nouveau-revetement-avec-caisse-dexpedition-preaffranchie\/\" \/>\n<meta property=\"og:site_name\" content=\"RePan\" \/>\n<meta property=\"article:modified_time\" content=\"2026-01-14T16:46:36+00:00\" \/>\n<meta property=\"og:image\" content=\"https:\/\/repan.ch\/wp-content\/uploads\/2025\/12\/RePan-Sammelkiste-B2C-2.webp\" \/>\n\t<meta property=\"og:image:width\" content=\"1080\" \/>\n\t<meta property=\"og:image:height\" content=\"1080\" \/>\n\t<meta property=\"og:image:type\" content=\"image\/webp\" \/>\n<meta name=\"twitter:card\" content=\"summary_large_image\" \/>\n<meta name=\"twitter:label1\" content=\"Prix\" \/>\n\t<meta name=\"twitter:data1\" content=\"&#067;&#072;&#070;&nbsp;118.00\" \/>\n\t<meta name=\"twitter:label2\" content=\"Disponibilit\u00e9\" \/>\n\t<meta name=\"twitter:data2\" content=\"En stock\" \/>\n<script type=\"application\/ld+json\" class=\"yoast-schema-graph\">{\"@context\":\"https:\\\/\\\/schema.org\",\"@graph\":[{\"@type\":\"WebPage\",\"@id\":\"https:\\\/\\\/repan.ch\\\/fr\\\/produit\\\/nouveau-revetement-avec-caisse-dexpedition-preaffranchie\\\/\",\"url\":\"https:\\\/\\\/repan.ch\\\/fr\\\/produit\\\/nouveau-revetement-avec-caisse-dexpedition-preaffranchie\\\/\",\"name\":\"Recouvre les po\u00eales d'un nouveau rev\u00eatement : \u00c9conomiser des frais de port avec des caisses de collecte - RePan\",\"isPartOf\":{\"@id\":\"https:\\\/\\\/repan.ch\\\/#website\"},\"primaryImageOfPage\":{\"@id\":\"https:\\\/\\\/repan.ch\\\/fr\\\/produit\\\/nouveau-revetement-avec-caisse-dexpedition-preaffranchie\\\/#primaryimage\"},\"image\":{\"@id\":\"https:\\\/\\\/repan.ch\\\/fr\\\/produit\\\/nouveau-revetement-avec-caisse-dexpedition-preaffranchie\\\/#primaryimage\"},\"thumbnailUrl\":\"https:\\\/\\\/repan.ch\\\/wp-content\\\/uploads\\\/2025\\\/12\\\/RePan-Sammelkiste-B2C-2.webp\",\"datePublished\":\"2025-12-30T01:15:34+00:00\",\"dateModified\":\"2026-01-14T16:46:36+00:00\",\"description\":\"Commande une caisse, collectionne-la et fais-la collecter facilement gr\u00e2ce au code QR : Les caisses de 60x40x40cm ont de la place pour 20-25 po\u00eales, peuvent m\u00eame contenir des plaques GN 1\\\/1 et peuvent volontiers \u00eatre collect\u00e9es avec du mat\u00e9riel priv\u00e9 (pour une facturation s\u00e9par\u00e9e, merci d'\u00e9crire aux po\u00eales).\",\"breadcrumb\":{\"@id\":\"https:\\\/\\\/repan.ch\\\/fr\\\/produit\\\/nouveau-revetement-avec-caisse-dexpedition-preaffranchie\\\/#breadcrumb\"},\"inLanguage\":\"fr-FR\",\"potentialAction\":[{\"@type\":\"ReadAction\",\"target\":[\"https:\\\/\\\/repan.ch\\\/fr\\\/produit\\\/nouveau-revetement-avec-caisse-dexpedition-preaffranchie\\\/\"]}]},{\"@type\":\"ImageObject\",\"inLanguage\":\"fr-FR\",\"@id\":\"https:\\\/\\\/repan.ch\\\/fr\\\/produit\\\/nouveau-revetement-avec-caisse-dexpedition-preaffranchie\\\/#primaryimage\",\"url\":\"https:\\\/\\\/repan.ch\\\/wp-content\\\/uploads\\\/2025\\\/12\\\/RePan-Sammelkiste-B2C-2.webp\",\"contentUrl\":\"https:\\\/\\\/repan.ch\\\/wp-content\\\/uploads\\\/2025\\\/12\\\/RePan-Sammelkiste-B2C-2.webp\",\"width\":1080,\"height\":1080},{\"@type\":\"BreadcrumbList\",\"@id\":\"https:\\\/\\\/repan.ch\\\/fr\\\/produit\\\/nouveau-revetement-avec-caisse-dexpedition-preaffranchie\\\/#breadcrumb\",\"itemListElement\":[{\"@type\":\"ListItem\",\"position\":1,\"name\":\"Accueil\",\"item\":\"https:\\\/\\\/repan.ch\\\/fr\\\/repan-2\\\/\"},{\"@type\":\"ListItem\",\"position\":2,\"name\":\"Shop\",\"item\":\"https:\\\/\\\/repan.ch\\\/shop\\\/\"},{\"@type\":\"ListItem\",\"position\":3,\"name\":\"Nouveau rev\u00eatement avec caisse d&#8217;exp\u00e9dition pr\u00e9affranchie\"}]},{\"@type\":\"WebSite\",\"@id\":\"https:\\\/\\\/repan.ch\\\/#website\",\"url\":\"https:\\\/\\\/repan.ch\\\/\",\"name\":\"RePan\",\"description\":\"Pfannen &amp; Bleche neu beschichten\",\"publisher\":{\"@id\":\"https:\\\/\\\/repan.ch\\\/#organization\"},\"potentialAction\":[{\"@type\":\"SearchAction\",\"target\":{\"@type\":\"EntryPoint\",\"urlTemplate\":\"https:\\\/\\\/repan.ch\\\/?s={search_term_string}\"},\"query-input\":{\"@type\":\"PropertyValueSpecification\",\"valueRequired\":true,\"valueName\":\"search_term_string\"}}],\"inLanguage\":\"fr-FR\"},{\"@type\":\"Organization\",\"@id\":\"https:\\\/\\\/repan.ch\\\/#organization\",\"name\":\"RePan\",\"url\":\"https:\\\/\\\/repan.ch\\\/\",\"logo\":{\"@type\":\"ImageObject\",\"inLanguage\":\"fr-FR\",\"@id\":\"https:\\\/\\\/repan.ch\\\/#\\\/schema\\\/logo\\\/image\\\/\",\"url\":\"https:\\\/\\\/repan.ch\\\/wp-content\\\/uploads\\\/2025\\\/03\\\/LogoganzV2-hr2.webp\",\"contentUrl\":\"https:\\\/\\\/repan.ch\\\/wp-content\\\/uploads\\\/2025\\\/03\\\/LogoganzV2-hr2.webp\",\"width\":360,\"height\":195,\"caption\":\"RePan\"},\"image\":{\"@id\":\"https:\\\/\\\/repan.ch\\\/#\\\/schema\\\/logo\\\/image\\\/\"},\"hasMerchantReturnPolicy\":{\"@type\":\"MerchantReturnPolicy\",\"merchantReturnLink\":\"https:\\\/\\\/repan.ch\\\/garantie-rueckgabe\\\/\"}}]}<\/script>\n<meta property=\"product:price:amount\" content=\"118.00\" \/>\n<meta property=\"product:price:currency\" content=\"CHF\" \/>\n<meta property=\"og:availability\" content=\"instock\" \/>\n<meta property=\"product:availability\" content=\"instock\" \/>\n<meta property=\"product:retailer_item_id\" content=\"Service-Kiste\" \/>\n<meta property=\"product:condition\" content=\"new\" \/>\n<!-- \/ Yoast SEO Premium plugin. -->","yoast_head_json":{"title":"Recouvre les po\u00eales d'un nouveau rev\u00eatement : \u00c9conomiser des frais de port avec des caisses de collecte - RePan","description":"Commande une caisse, collectionne-la et fais-la collecter facilement gr\u00e2ce au code QR : Les caisses de 60x40x40cm ont de la place pour 20-25 po\u00eales, peuvent m\u00eame contenir des plaques GN 1\/1 et peuvent volontiers \u00eatre collect\u00e9es avec du mat\u00e9riel priv\u00e9 (pour une facturation s\u00e9par\u00e9e, merci d'\u00e9crire aux po\u00eales).","robots":{"index":"index","follow":"follow","max-snippet":"max-snippet:-1","max-image-preview":"max-image-preview:large","max-video-preview":"max-video-preview:-1"},"canonical":"https:\/\/repan.ch\/fr\/produit\/nouveau-revetement-avec-caisse-dexpedition-preaffranchie\/","og_locale":"fr_FR","og_type":"article","og_title":"RePan - Pfannen & Bleche neu beschichten","og_description":"G\u00fcnstiger, nachhaltiger & besser","og_url":"https:\/\/repan.ch\/fr\/produit\/nouveau-revetement-avec-caisse-dexpedition-preaffranchie\/","og_site_name":"RePan","article_modified_time":"2026-01-14T16:46:36+00:00","og_image":[{"width":1080,"height":1080,"url":"https:\/\/repan.ch\/wp-content\/uploads\/2025\/12\/RePan-Sammelkiste-B2C-2.webp","type":"image\/webp"}],"twitter_card":"summary_large_image","twitter_misc":{"Prix":"&#67;&#72;&#70;&nbsp;118.00","Disponibilit\u00e9":"En stock"},"schema":{"@context":"https:\/\/schema.org","@graph":[{"@type":"WebPage","@id":"https:\/\/repan.ch\/fr\/produit\/nouveau-revetement-avec-caisse-dexpedition-preaffranchie\/","url":"https:\/\/repan.ch\/fr\/produit\/nouveau-revetement-avec-caisse-dexpedition-preaffranchie\/","name":"Recouvre les po\u00eales d'un nouveau rev\u00eatement : \u00c9conomiser des frais de port avec des caisses de collecte - RePan","isPartOf":{"@id":"https:\/\/repan.ch\/#website"},"primaryImageOfPage":{"@id":"https:\/\/repan.ch\/fr\/produit\/nouveau-revetement-avec-caisse-dexpedition-preaffranchie\/#primaryimage"},"image":{"@id":"https:\/\/repan.ch\/fr\/produit\/nouveau-revetement-avec-caisse-dexpedition-preaffranchie\/#primaryimage"},"thumbnailUrl":"https:\/\/repan.ch\/wp-content\/uploads\/2025\/12\/RePan-Sammelkiste-B2C-2.webp","datePublished":"2025-12-30T01:15:34+00:00","dateModified":"2026-01-14T16:46:36+00:00","description":"Commande une caisse, collectionne-la et fais-la collecter facilement gr\u00e2ce au code QR : Les caisses de 60x40x40cm ont de la place pour 20-25 po\u00eales, peuvent m\u00eame contenir des plaques GN 1\/1 et peuvent volontiers \u00eatre collect\u00e9es avec du mat\u00e9riel priv\u00e9 (pour une facturation s\u00e9par\u00e9e, merci d'\u00e9crire aux po\u00eales).","breadcrumb":{"@id":"https:\/\/repan.ch\/fr\/produit\/nouveau-revetement-avec-caisse-dexpedition-preaffranchie\/#breadcrumb"},"inLanguage":"fr-FR","potentialAction":[{"@type":"ReadAction","target":["https:\/\/repan.ch\/fr\/produit\/nouveau-revetement-avec-caisse-dexpedition-preaffranchie\/"]}]},{"@type":"ImageObject","inLanguage":"fr-FR","@id":"https:\/\/repan.ch\/fr\/produit\/nouveau-revetement-avec-caisse-dexpedition-preaffranchie\/#primaryimage","url":"https:\/\/repan.ch\/wp-content\/uploads\/2025\/12\/RePan-Sammelkiste-B2C-2.webp","contentUrl":"https:\/\/repan.ch\/wp-content\/uploads\/2025\/12\/RePan-Sammelkiste-B2C-2.webp","width":1080,"height":1080},{"@type":"BreadcrumbList","@id":"https:\/\/repan.ch\/fr\/produit\/nouveau-revetement-avec-caisse-dexpedition-preaffranchie\/#breadcrumb","itemListElement":[{"@type":"ListItem","position":1,"name":"Accueil","item":"https:\/\/repan.ch\/fr\/repan-2\/"},{"@type":"ListItem","position":2,"name":"Shop","item":"https:\/\/repan.ch\/shop\/"},{"@type":"ListItem","position":3,"name":"Nouveau rev\u00eatement avec caisse d&#8217;exp\u00e9dition pr\u00e9affranchie"}]},{"@type":"WebSite","@id":"https:\/\/repan.ch\/#website","url":"https:\/\/repan.ch\/","name":"RePan","description":"Pfannen &amp; Bleche neu beschichten","publisher":{"@id":"https:\/\/repan.ch\/#organization"},"potentialAction":[{"@type":"SearchAction","target":{"@type":"EntryPoint","urlTemplate":"https:\/\/repan.ch\/?s={search_term_string}"},"query-input":{"@type":"PropertyValueSpecification","valueRequired":true,"valueName":"search_term_string"}}],"inLanguage":"fr-FR"},{"@type":"Organization","@id":"https:\/\/repan.ch\/#organization","name":"RePan","url":"https:\/\/repan.ch\/","logo":{"@type":"ImageObject","inLanguage":"fr-FR","@id":"https:\/\/repan.ch\/#\/schema\/logo\/image\/","url":"https:\/\/repan.ch\/wp-content\/uploads\/2025\/03\/LogoganzV2-hr2.webp","contentUrl":"https:\/\/repan.ch\/wp-content\/uploads\/2025\/03\/LogoganzV2-hr2.webp","width":360,"height":195,"caption":"RePan"},"image":{"@id":"https:\/\/repan.ch\/#\/schema\/logo\/image\/"},"hasMerchantReturnPolicy":{"@type":"MerchantReturnPolicy","merchantReturnLink":"https:\/\/repan.ch\/garantie-rueckgabe\/"}}]},"product_price_amount":"118.00","product_price_currency":"CHF","og_availability":"instock","product_availability":"instock","product_retailer_item_id":"Service-Kiste","product_condition":"new"},"_links":{"self":[{"href":"https:\/\/repan.ch\/fr\/wp-json\/wp\/v2\/product\/335951","targetHints":{"allow":["GET"]}}],"collection":[{"href":"https:\/\/repan.ch\/fr\/wp-json\/wp\/v2\/product"}],"about":[{"href":"https:\/\/repan.ch\/fr\/wp-json\/wp\/v2\/types\/product"}],"replies":[{"embeddable":true,"href":"https:\/\/repan.ch\/fr\/wp-json\/wp\/v2\/comments?post=335951"}],"version-history":[{"count":0,"href":"https:\/\/repan.ch\/fr\/wp-json\/wp\/v2\/product\/335951\/revisions"}],"wp:featuredmedia":[{"embeddable":true,"href":"https:\/\/repan.ch\/fr\/wp-json\/wp\/v2\/media\/332859"}],"wp:attachment":[{"href":"https:\/\/repan.ch\/fr\/wp-json\/wp\/v2\/media?parent=335951"}],"wp:term":[{"taxonomy":"product_brand","embeddable":true,"href":"https:\/\/repan.ch\/fr\/wp-json\/wp\/v2\/product_brand?post=335951"},{"taxonomy":"product_cat","embeddable":true,"href":"https:\/\/repan.ch\/fr\/wp-json\/wp\/v2\/product_cat?post=335951"},{"taxonomy":"product_tag","embeddable":true,"href":"https:\/\/repan.ch\/fr\/wp-json\/wp\/v2\/product_tag?post=335951"}],"curies":[{"name":"wp","href":"https:\/\/api.w.org\/{rel}","templated":true}]}}