
{"id":335950,"date":"2025-12-30T03:15:00","date_gmt":"2025-12-30T01:15:00","guid":{"rendered":"https:\/\/repan.ch\/product\/migros-cucina-tavola-gastro-avec-hick\/"},"modified":"2025-12-30T03:15:00","modified_gmt":"2025-12-30T01:15:00","slug":"migros-cucina-tavola-gastro-avec-hick","status":"publish","type":"product","link":"https:\/\/repan.ch\/fr\/produit\/migros-cucina-tavola-gastro-avec-hick\/","title":{"rendered":"Migros Cucina &amp; Tavola Gastro avec Hick"},"content":{"rendered":"<pre id=\"tw-target-text\" class=\"tw-data-text tw-text-large tw-ta\" dir=\"ltr\" data-placeholder=\"Translation\" data-ved=\"2ahUKEwji6IifycKKAxVqxjgGHXZxLT4Q3ewLegQICRAU\" aria-label=\"Translated text: Anstatt sie wegzuwerfen, wollen wir dieser nicht ganz perfekten Migros-Pfanne eine Chance geben. Es ist zwar frisch beschichtet und von hoher Qualit\u00e4t, hat aber vom Vorbesitzer eine Delle am Rand. Diese Vertiefung haben wir \u00fcberstrichen. Schauen Sie sich das zweite Bild an, dort sehen Sie den Grund f\u00fcr die Reduzierung. Aber die Pfanne ist so wie sie ist immer noch verwendbar, da wir solche Pfannen seit 2 Jahren verwenden.\"><span class=\"Y2IQFc\" lang=\"de\">Plut\u00f4t que de la jeter, nous voulons donner une chance \u00e0 cette po\u00eale Migros pas tout \u00e0 fait parfaite. Bien qu'elle soit fra\u00eechement rev\u00eatue et de grande qualit\u00e9, elle a un creux sur le bord d\u00fb \u00e0 l'ancien propri\u00e9taire. Nous avons repeint ce creux. Regarde la deuxi\u00e8me photo, tu y verras la raison de cette r\u00e9duction. Mais la po\u00eale est toujours utilisable telle quelle, car nous utilisons ce genre de po\u00eale depuis 2 ans.    <\/span><\/pre>\n","protected":false},"excerpt":{"rendered":"<p>Plut\u00f4t que de la jeter, nous voulons donner une chance \u00e0 cette po\u00eale Migros pas tout \u00e0 fait parfaite. Bien qu&rsquo;elle soit fra\u00eechement rev\u00eatue et de grande qualit\u00e9, elle a un creux sur le bord d\u00fb \u00e0 l&rsquo;ancien propri\u00e9taire. Nous avons repeint ce creux. Regarde la deuxi\u00e8me photo, tu y verras la raison de cette r\u00e9duction. Mais la po\u00eale est toujours utilisable telle quelle, car nous utilisons ce genre de po\u00eale depuis 2 ans.    <\/p>\n","protected":false},"featured_media":332847,"comment_status":"open","ping_status":"closed","template":"","meta":{"content-type":""},"product_brand":[614],"product_cat":[2271],"product_tag":[2502,1705],"class_list":{"0":"post-335950","1":"product","2":"type-product","3":"status-publish","4":"has-post-thumbnail","6":"product_brand-migros","7":"product_cat-basique","8":"product_tag-casseroles-bon-marche","9":"product_tag-casseroles-suisses","10":"product_shipping_class-produit","11":"pa_typ-poele-a-frire","13":"first","14":"outofstock","15":"sale","16":"taxable","17":"shipping-taxable","18":"purchasable","19":"product-type-simple"},"yoast_head":"<!-- This site is optimized with the Yoast SEO Premium plugin v27.4 (Yoast SEO v27.4) - https:\/\/yoast.com\/product\/yoast-seo-premium-wordpress\/ -->\n<title>Migros Cucina &amp; Tavola Gastro avec Hick neu beschichten | g\u00fcnstiger, nachhaltiger &amp; besser<\/title>\n<meta name=\"description\" content=\"Plut\u00f4t que de la jeter, nous voulons donner une chance \u00e0 cette po\u00eale Migros pas tout \u00e0 fait parfaite. Bien qu&#039;elle soit fra\u00eechement rev\u00eatue et de grande qualit\u00e9, elle a un creux sur le bord d\u00fb \u00e0 l&#039;ancien propri\u00e9taire. Nous avons repeint ce creux. Regarde la deuxi\u00e8me photo, tu y verras la raison de cette r\u00e9duction. Mais la po\u00eale est toujours utilisable telle quelle, car nous utilisons ce genre de po\u00eale depuis 2 ans.\" \/>\n<meta name=\"robots\" content=\"index, follow, max-snippet:-1, max-image-preview:large, max-video-preview:-1\" \/>\n<link rel=\"canonical\" href=\"https:\/\/repan.ch\/product\/migros-cucina-tavola-gastro-avec-hick\/\" \/>\n<meta property=\"og:locale\" content=\"fr_FR\" \/>\n<meta property=\"og:type\" content=\"article\" \/>\n<meta property=\"og:title\" content=\"RePan - Pfannen &amp; Bleche neu beschichten\" \/>\n<meta property=\"og:description\" content=\"G\u00fcnstiger, nachhaltiger &amp; besser\" \/>\n<meta property=\"og:url\" content=\"https:\/\/repan.ch\/product\/migros-cucina-tavola-gastro-avec-hick\/\" \/>\n<meta property=\"og:site_name\" content=\"RePan\" \/>\n<meta property=\"og:image\" content=\"https:\/\/repan.ch\/wp-content\/uploads\/2025\/12\/RePan-Pfannen-Bleche-neu-beschichten.jpg\" \/>\n\t<meta property=\"og:image:width\" content=\"1650\" \/>\n\t<meta property=\"og:image:height\" content=\"1000\" \/>\n\t<meta property=\"og:image:type\" content=\"image\/jpeg\" \/>\n<meta name=\"twitter:card\" content=\"summary_large_image\" \/>\n<meta name=\"twitter:label1\" content=\"Prix\" \/>\n\t<meta name=\"twitter:data1\" content=\"&#067;&#072;&#070;&nbsp;39.00\" \/>\n\t<meta name=\"twitter:label2\" content=\"Disponibilit\u00e9\" \/>\n\t<meta name=\"twitter:data2\" content=\"Rupture de stock\" \/>\n<script type=\"application\/ld+json\" class=\"yoast-schema-graph\">{\"@context\":\"https:\\\/\\\/schema.org\",\"@graph\":[{\"@type\":\"WebPage\",\"@id\":\"https:\\\/\\\/repan.ch\\\/product\\\/migros-cucina-tavola-gastro-avec-hick\\\/\",\"url\":\"https:\\\/\\\/repan.ch\\\/product\\\/migros-cucina-tavola-gastro-avec-hick\\\/\",\"name\":\"Migros Cucina &amp; Tavola Gastro avec Hick neu beschichten | g\u00fcnstiger, nachhaltiger & besser\",\"isPartOf\":{\"@id\":\"https:\\\/\\\/repan.ch\\\/#website\"},\"primaryImageOfPage\":{\"@id\":\"https:\\\/\\\/repan.ch\\\/product\\\/migros-cucina-tavola-gastro-avec-hick\\\/#primaryimage\"},\"image\":{\"@id\":\"https:\\\/\\\/repan.ch\\\/product\\\/migros-cucina-tavola-gastro-avec-hick\\\/#primaryimage\"},\"thumbnailUrl\":\"https:\\\/\\\/repan.ch\\\/wp-content\\\/uploads\\\/2025\\\/12\\\/MigrosGastro24.webp\",\"datePublished\":\"2025-12-30T01:15:00+00:00\",\"description\":\"Plut\u00f4t que de la jeter, nous voulons donner une chance \u00e0 cette po\u00eale Migros pas tout \u00e0 fait parfaite. Bien qu'elle soit fra\u00eechement rev\u00eatue et de grande qualit\u00e9, elle a un creux sur le bord d\u00fb \u00e0 l'ancien propri\u00e9taire. Nous avons repeint ce creux. Regarde la deuxi\u00e8me photo, tu y verras la raison de cette r\u00e9duction. Mais la po\u00eale est toujours utilisable telle quelle, car nous utilisons ce genre de po\u00eale depuis 2 ans.\",\"breadcrumb\":{\"@id\":\"https:\\\/\\\/repan.ch\\\/product\\\/migros-cucina-tavola-gastro-avec-hick\\\/#breadcrumb\"},\"inLanguage\":\"fr-FR\",\"potentialAction\":[{\"@type\":\"ReadAction\",\"target\":[\"https:\\\/\\\/repan.ch\\\/product\\\/migros-cucina-tavola-gastro-avec-hick\\\/\"]}]},{\"@type\":\"ImageObject\",\"inLanguage\":\"fr-FR\",\"@id\":\"https:\\\/\\\/repan.ch\\\/product\\\/migros-cucina-tavola-gastro-avec-hick\\\/#primaryimage\",\"url\":\"https:\\\/\\\/repan.ch\\\/wp-content\\\/uploads\\\/2025\\\/12\\\/MigrosGastro24.webp\",\"contentUrl\":\"https:\\\/\\\/repan.ch\\\/wp-content\\\/uploads\\\/2025\\\/12\\\/MigrosGastro24.webp\",\"width\":1650,\"height\":1000},{\"@type\":\"BreadcrumbList\",\"@id\":\"https:\\\/\\\/repan.ch\\\/product\\\/migros-cucina-tavola-gastro-avec-hick\\\/#breadcrumb\",\"itemListElement\":[{\"@type\":\"ListItem\",\"position\":1,\"name\":\"Accueil\",\"item\":\"https:\\\/\\\/repan.ch\\\/fr\\\/repan-2\\\/\"},{\"@type\":\"ListItem\",\"position\":2,\"name\":\"Shop\",\"item\":\"https:\\\/\\\/repan.ch\\\/shop\\\/\"},{\"@type\":\"ListItem\",\"position\":3,\"name\":\"Migros Cucina &amp; Tavola Gastro avec Hick\"}]},{\"@type\":\"WebSite\",\"@id\":\"https:\\\/\\\/repan.ch\\\/#website\",\"url\":\"https:\\\/\\\/repan.ch\\\/\",\"name\":\"RePan\",\"description\":\"Pfannen &amp; Bleche neu beschichten\",\"publisher\":{\"@id\":\"https:\\\/\\\/repan.ch\\\/#organization\"},\"potentialAction\":[{\"@type\":\"SearchAction\",\"target\":{\"@type\":\"EntryPoint\",\"urlTemplate\":\"https:\\\/\\\/repan.ch\\\/?s={search_term_string}\"},\"query-input\":{\"@type\":\"PropertyValueSpecification\",\"valueRequired\":true,\"valueName\":\"search_term_string\"}}],\"inLanguage\":\"fr-FR\"},{\"@type\":\"Organization\",\"@id\":\"https:\\\/\\\/repan.ch\\\/#organization\",\"name\":\"RePan\",\"url\":\"https:\\\/\\\/repan.ch\\\/\",\"logo\":{\"@type\":\"ImageObject\",\"inLanguage\":\"fr-FR\",\"@id\":\"https:\\\/\\\/repan.ch\\\/#\\\/schema\\\/logo\\\/image\\\/\",\"url\":\"https:\\\/\\\/repan.ch\\\/wp-content\\\/uploads\\\/2025\\\/03\\\/LogoganzV2-hr2.webp\",\"contentUrl\":\"https:\\\/\\\/repan.ch\\\/wp-content\\\/uploads\\\/2025\\\/03\\\/LogoganzV2-hr2.webp\",\"width\":360,\"height\":195,\"caption\":\"RePan\"},\"image\":{\"@id\":\"https:\\\/\\\/repan.ch\\\/#\\\/schema\\\/logo\\\/image\\\/\"},\"hasMerchantReturnPolicy\":{\"@type\":\"MerchantReturnPolicy\",\"merchantReturnLink\":\"https:\\\/\\\/repan.ch\\\/garantie-rueckgabe\\\/\"}}]}<\/script>\n<meta property=\"product:brand\" content=\"Migros\" \/>\n<meta property=\"product:price:amount\" content=\"39.00\" \/>\n<meta property=\"product:price:currency\" content=\"CHF\" \/>\n<meta property=\"og:availability\" content=\"out of stock\" \/>\n<meta property=\"product:availability\" content=\"out of stock\" \/>\n<meta property=\"product:condition\" content=\"new\" \/>\n<!-- \/ Yoast SEO Premium plugin. -->","yoast_head_json":{"title":"Migros Cucina &amp; Tavola Gastro avec Hick neu beschichten | g\u00fcnstiger, nachhaltiger & besser","description":"Plut\u00f4t que de la jeter, nous voulons donner une chance \u00e0 cette po\u00eale Migros pas tout \u00e0 fait parfaite. Bien qu'elle soit fra\u00eechement rev\u00eatue et de grande qualit\u00e9, elle a un creux sur le bord d\u00fb \u00e0 l'ancien propri\u00e9taire. Nous avons repeint ce creux. Regarde la deuxi\u00e8me photo, tu y verras la raison de cette r\u00e9duction. Mais la po\u00eale est toujours utilisable telle quelle, car nous utilisons ce genre de po\u00eale depuis 2 ans.","robots":{"index":"index","follow":"follow","max-snippet":"max-snippet:-1","max-image-preview":"max-image-preview:large","max-video-preview":"max-video-preview:-1"},"canonical":"https:\/\/repan.ch\/product\/migros-cucina-tavola-gastro-avec-hick\/","og_locale":"fr_FR","og_type":"article","og_title":"RePan - Pfannen & Bleche neu beschichten","og_description":"G\u00fcnstiger, nachhaltiger & besser","og_url":"https:\/\/repan.ch\/product\/migros-cucina-tavola-gastro-avec-hick\/","og_site_name":"RePan","og_image":[{"width":1650,"height":1000,"url":"https:\/\/repan.ch\/wp-content\/uploads\/2025\/12\/RePan-Pfannen-Bleche-neu-beschichten.jpg","type":"image\/jpeg"}],"twitter_card":"summary_large_image","twitter_misc":{"Prix":"&#67;&#72;&#70;&nbsp;39.00","Disponibilit\u00e9":"Rupture de stock"},"schema":{"@context":"https:\/\/schema.org","@graph":[{"@type":"WebPage","@id":"https:\/\/repan.ch\/product\/migros-cucina-tavola-gastro-avec-hick\/","url":"https:\/\/repan.ch\/product\/migros-cucina-tavola-gastro-avec-hick\/","name":"Migros Cucina &amp; Tavola Gastro avec Hick neu beschichten | g\u00fcnstiger, nachhaltiger & besser","isPartOf":{"@id":"https:\/\/repan.ch\/#website"},"primaryImageOfPage":{"@id":"https:\/\/repan.ch\/product\/migros-cucina-tavola-gastro-avec-hick\/#primaryimage"},"image":{"@id":"https:\/\/repan.ch\/product\/migros-cucina-tavola-gastro-avec-hick\/#primaryimage"},"thumbnailUrl":"https:\/\/repan.ch\/wp-content\/uploads\/2025\/12\/MigrosGastro24.webp","datePublished":"2025-12-30T01:15:00+00:00","description":"Plut\u00f4t que de la jeter, nous voulons donner une chance \u00e0 cette po\u00eale Migros pas tout \u00e0 fait parfaite. Bien qu'elle soit fra\u00eechement rev\u00eatue et de grande qualit\u00e9, elle a un creux sur le bord d\u00fb \u00e0 l'ancien propri\u00e9taire. Nous avons repeint ce creux. Regarde la deuxi\u00e8me photo, tu y verras la raison de cette r\u00e9duction. Mais la po\u00eale est toujours utilisable telle quelle, car nous utilisons ce genre de po\u00eale depuis 2 ans.","breadcrumb":{"@id":"https:\/\/repan.ch\/product\/migros-cucina-tavola-gastro-avec-hick\/#breadcrumb"},"inLanguage":"fr-FR","potentialAction":[{"@type":"ReadAction","target":["https:\/\/repan.ch\/product\/migros-cucina-tavola-gastro-avec-hick\/"]}]},{"@type":"ImageObject","inLanguage":"fr-FR","@id":"https:\/\/repan.ch\/product\/migros-cucina-tavola-gastro-avec-hick\/#primaryimage","url":"https:\/\/repan.ch\/wp-content\/uploads\/2025\/12\/MigrosGastro24.webp","contentUrl":"https:\/\/repan.ch\/wp-content\/uploads\/2025\/12\/MigrosGastro24.webp","width":1650,"height":1000},{"@type":"BreadcrumbList","@id":"https:\/\/repan.ch\/product\/migros-cucina-tavola-gastro-avec-hick\/#breadcrumb","itemListElement":[{"@type":"ListItem","position":1,"name":"Accueil","item":"https:\/\/repan.ch\/fr\/repan-2\/"},{"@type":"ListItem","position":2,"name":"Shop","item":"https:\/\/repan.ch\/shop\/"},{"@type":"ListItem","position":3,"name":"Migros Cucina &amp; Tavola Gastro avec Hick"}]},{"@type":"WebSite","@id":"https:\/\/repan.ch\/#website","url":"https:\/\/repan.ch\/","name":"RePan","description":"Pfannen &amp; Bleche neu beschichten","publisher":{"@id":"https:\/\/repan.ch\/#organization"},"potentialAction":[{"@type":"SearchAction","target":{"@type":"EntryPoint","urlTemplate":"https:\/\/repan.ch\/?s={search_term_string}"},"query-input":{"@type":"PropertyValueSpecification","valueRequired":true,"valueName":"search_term_string"}}],"inLanguage":"fr-FR"},{"@type":"Organization","@id":"https:\/\/repan.ch\/#organization","name":"RePan","url":"https:\/\/repan.ch\/","logo":{"@type":"ImageObject","inLanguage":"fr-FR","@id":"https:\/\/repan.ch\/#\/schema\/logo\/image\/","url":"https:\/\/repan.ch\/wp-content\/uploads\/2025\/03\/LogoganzV2-hr2.webp","contentUrl":"https:\/\/repan.ch\/wp-content\/uploads\/2025\/03\/LogoganzV2-hr2.webp","width":360,"height":195,"caption":"RePan"},"image":{"@id":"https:\/\/repan.ch\/#\/schema\/logo\/image\/"},"hasMerchantReturnPolicy":{"@type":"MerchantReturnPolicy","merchantReturnLink":"https:\/\/repan.ch\/garantie-rueckgabe\/"}}]},"product_brand":"Migros","product_price_amount":"39.00","product_price_currency":"CHF","og_availability":"out of stock","product_availability":"out of stock","product_condition":"new"},"_links":{"self":[{"href":"https:\/\/repan.ch\/fr\/wp-json\/wp\/v2\/product\/335950","targetHints":{"allow":["GET"]}}],"collection":[{"href":"https:\/\/repan.ch\/fr\/wp-json\/wp\/v2\/product"}],"about":[{"href":"https:\/\/repan.ch\/fr\/wp-json\/wp\/v2\/types\/product"}],"replies":[{"embeddable":true,"href":"https:\/\/repan.ch\/fr\/wp-json\/wp\/v2\/comments?post=335950"}],"version-history":[{"count":0,"href":"https:\/\/repan.ch\/fr\/wp-json\/wp\/v2\/product\/335950\/revisions"}],"wp:featuredmedia":[{"embeddable":true,"href":"https:\/\/repan.ch\/fr\/wp-json\/wp\/v2\/media\/332847"}],"wp:attachment":[{"href":"https:\/\/repan.ch\/fr\/wp-json\/wp\/v2\/media?parent=335950"}],"wp:term":[{"taxonomy":"product_brand","embeddable":true,"href":"https:\/\/repan.ch\/fr\/wp-json\/wp\/v2\/product_brand?post=335950"},{"taxonomy":"product_cat","embeddable":true,"href":"https:\/\/repan.ch\/fr\/wp-json\/wp\/v2\/product_cat?post=335950"},{"taxonomy":"product_tag","embeddable":true,"href":"https:\/\/repan.ch\/fr\/wp-json\/wp\/v2\/product_tag?post=335950"}],"curies":[{"name":"wp","href":"https:\/\/api.w.org\/{rel}","templated":true}]}}