
{"id":335944,"date":"2025-12-30T03:15:12","date_gmt":"2025-12-30T01:15:12","guid":{"rendered":"https:\/\/repan.ch\/product\/turbo-poelon-a-raclette-34x7x3cm\/"},"modified":"2026-03-12T12:00:45","modified_gmt":"2026-03-12T10:00:45","slug":"turbo-poelon-a-raclette-34x7x3cm","status":"publish","type":"product","link":"https:\/\/repan.ch\/fr\/produit\/turbo-poelon-a-raclette-34x7x3cm\/","title":{"rendered":"(Turbo) po\u00ealon \u00e0 raclette (~34x7x3cm) rev\u00eatu d&rsquo;un nouveau rev\u00eatement"},"content":{"rendered":"","protected":false},"excerpt":{"rendered":"<p>Nous rev\u00eatons volontiers les pelles \u00e0 raclette plus grandes, par exemple celles des fours \u00e0 raclette Turbo, d&rsquo;un nouveau rev\u00eatement. <\/p>\n","protected":false},"featured_media":0,"comment_status":"open","ping_status":"closed","template":"","meta":{"content-type":""},"product_brand":[],"product_cat":[2774],"product_tag":[],"class_list":{"0":"post-335944","1":"product","2":"type-product","3":"status-publish","5":"product_cat-poelon-a-raclette","6":"product_shipping_class-produit","8":"first","9":"outofstock","10":"taxable","11":"shipping-taxable","12":"purchasable","13":"product-type-simple"},"yoast_head":"<!-- This site is optimized with the Yoast SEO Premium plugin v26.6 (Yoast SEO v27.1.1) - https:\/\/yoast.com\/product\/yoast-seo-premium-wordpress\/ -->\n<title>Rev\u00eatir \u00e0 nouveau les po\u00ealons \u00e0 raclette Turbo - RePan rev\u00eat \u00e0 nouveau les po\u00ealons<\/title>\n<meta name=\"robots\" content=\"index, follow, max-snippet:-1, max-image-preview:large, max-video-preview:-1\" \/>\n<link rel=\"canonical\" href=\"https:\/\/repan.ch\/fr\/produit\/turbo-poelon-a-raclette-34x7x3cm\/\" \/>\n<meta property=\"og:locale\" content=\"fr_FR\" \/>\n<meta property=\"og:type\" content=\"article\" \/>\n<meta property=\"og:title\" content=\"RePan - Pfannen &amp; Bleche neu beschichten\" \/>\n<meta property=\"og:description\" content=\"G\u00fcnstiger, nachhaltiger &amp; besser\" \/>\n<meta property=\"og:url\" content=\"https:\/\/repan.ch\/fr\/produit\/turbo-poelon-a-raclette-34x7x3cm\/\" \/>\n<meta property=\"og:site_name\" content=\"RePan\" \/>\n<meta property=\"article:modified_time\" content=\"2026-03-12T10:00:45+00:00\" \/>\n<meta property=\"og:image\" content=\"https:\/\/repan.ch\/wp-content\/uploads\/2025\/12\/RePan-Pfannen-Bleche-neu-beschichten.jpg\" \/>\n\t<meta property=\"og:image:width\" content=\"1650\" \/>\n\t<meta property=\"og:image:height\" content=\"1000\" \/>\n\t<meta property=\"og:image:type\" content=\"image\/jpeg\" \/>\n<meta name=\"twitter:card\" content=\"summary_large_image\" \/>\n<meta name=\"twitter:label1\" content=\"Prix\" \/>\n\t<meta name=\"twitter:data1\" content=\"&#067;&#072;&#070;&nbsp;40.00\" \/>\n\t<meta name=\"twitter:label2\" content=\"Disponibilit\u00e9\" \/>\n\t<meta name=\"twitter:data2\" content=\"Rupture de stock\" \/>\n<script type=\"application\/ld+json\" class=\"yoast-schema-graph\">{\"@context\":\"https:\/\/schema.org\",\"@graph\":[{\"@type\":\"WebPage\",\"@id\":\"https:\/\/repan.ch\/fr\/produit\/turbo-poelon-a-raclette-34x7x3cm\/\",\"url\":\"https:\/\/repan.ch\/fr\/produit\/turbo-poelon-a-raclette-34x7x3cm\/\",\"name\":\"Rev\u00eatir \u00e0 nouveau les po\u00ealons \u00e0 raclette Turbo - RePan rev\u00eat \u00e0 nouveau les po\u00ealons\",\"isPartOf\":{\"@id\":\"https:\/\/repan.ch\/#website\"},\"datePublished\":\"2025-12-30T01:15:12+00:00\",\"dateModified\":\"2026-03-12T10:00:45+00:00\",\"breadcrumb\":{\"@id\":\"https:\/\/repan.ch\/fr\/produit\/turbo-poelon-a-raclette-34x7x3cm\/#breadcrumb\"},\"inLanguage\":\"fr-FR\",\"potentialAction\":[{\"@type\":\"ReadAction\",\"target\":[\"https:\/\/repan.ch\/fr\/produit\/turbo-poelon-a-raclette-34x7x3cm\/\"]}]},{\"@type\":\"BreadcrumbList\",\"@id\":\"https:\/\/repan.ch\/fr\/produit\/turbo-poelon-a-raclette-34x7x3cm\/#breadcrumb\",\"itemListElement\":[{\"@type\":\"ListItem\",\"position\":1,\"name\":\"Accueil\",\"item\":\"https:\/\/repan.ch\/fr\/repan-2\/\"},{\"@type\":\"ListItem\",\"position\":2,\"name\":\"Shop\",\"item\":\"https:\/\/repan.ch\/shop\/\"},{\"@type\":\"ListItem\",\"position\":3,\"name\":\"(Turbo) po\u00ealon \u00e0 raclette (~34x7x3cm) rev\u00eatu d&#8217;un nouveau rev\u00eatement\"}]},{\"@type\":\"WebSite\",\"@id\":\"https:\/\/repan.ch\/#website\",\"url\":\"https:\/\/repan.ch\/\",\"name\":\"RePan\",\"description\":\"Pfannen &amp; Bleche neu beschichten\",\"publisher\":{\"@id\":\"https:\/\/repan.ch\/#organization\"},\"potentialAction\":[{\"@type\":\"SearchAction\",\"target\":{\"@type\":\"EntryPoint\",\"urlTemplate\":\"https:\/\/repan.ch\/?s={search_term_string}\"},\"query-input\":{\"@type\":\"PropertyValueSpecification\",\"valueRequired\":true,\"valueName\":\"search_term_string\"}}],\"inLanguage\":\"fr-FR\"},{\"@type\":\"Organization\",\"@id\":\"https:\/\/repan.ch\/#organization\",\"name\":\"RePan\",\"url\":\"https:\/\/repan.ch\/\",\"logo\":{\"@type\":\"ImageObject\",\"inLanguage\":\"fr-FR\",\"@id\":\"https:\/\/repan.ch\/#\/schema\/logo\/image\/\",\"url\":\"https:\/\/repan.ch\/wp-content\/uploads\/2025\/03\/LogoganzV2-hr2.webp\",\"contentUrl\":\"https:\/\/repan.ch\/wp-content\/uploads\/2025\/03\/LogoganzV2-hr2.webp\",\"width\":360,\"height\":195,\"caption\":\"RePan\"},\"image\":{\"@id\":\"https:\/\/repan.ch\/#\/schema\/logo\/image\/\"},\"hasMerchantReturnPolicy\":{\"@type\":\"MerchantReturnPolicy\",\"merchantReturnLink\":\"https:\/\/repan.ch\/garantie-rueckgabe\/\"}}]}<\/script>\n<meta property=\"product:price:amount\" content=\"40.00\" \/>\n<meta property=\"product:price:currency\" content=\"CHF\" \/>\n<meta property=\"og:availability\" content=\"out of stock\" \/>\n<meta property=\"product:availability\" content=\"out of stock\" \/>\n<meta property=\"product:retailer_item_id\" content=\"Service-Gastro-Racelettepfaennchen\" \/>\n<meta property=\"product:condition\" content=\"new\" \/>\n<!-- \/ Yoast SEO Premium plugin. -->","yoast_head_json":{"title":"Rev\u00eatir \u00e0 nouveau les po\u00ealons \u00e0 raclette Turbo - RePan rev\u00eat \u00e0 nouveau les po\u00ealons","robots":{"index":"index","follow":"follow","max-snippet":"max-snippet:-1","max-image-preview":"max-image-preview:large","max-video-preview":"max-video-preview:-1"},"canonical":"https:\/\/repan.ch\/fr\/produit\/turbo-poelon-a-raclette-34x7x3cm\/","og_locale":"fr_FR","og_type":"article","og_title":"RePan - Pfannen & Bleche neu beschichten","og_description":"G\u00fcnstiger, nachhaltiger & besser","og_url":"https:\/\/repan.ch\/fr\/produit\/turbo-poelon-a-raclette-34x7x3cm\/","og_site_name":"RePan","article_modified_time":"2026-03-12T10:00:45+00:00","og_image":[{"width":1650,"height":1000,"url":"https:\/\/repan.ch\/wp-content\/uploads\/2025\/12\/RePan-Pfannen-Bleche-neu-beschichten.jpg","type":"image\/jpeg"}],"twitter_card":"summary_large_image","twitter_misc":{"Prix":"&#67;&#72;&#70;&nbsp;40.00","Disponibilit\u00e9":"Rupture de stock"},"schema":{"@context":"https:\/\/schema.org","@graph":[{"@type":"WebPage","@id":"https:\/\/repan.ch\/fr\/produit\/turbo-poelon-a-raclette-34x7x3cm\/","url":"https:\/\/repan.ch\/fr\/produit\/turbo-poelon-a-raclette-34x7x3cm\/","name":"Rev\u00eatir \u00e0 nouveau les po\u00ealons \u00e0 raclette Turbo - RePan rev\u00eat \u00e0 nouveau les po\u00ealons","isPartOf":{"@id":"https:\/\/repan.ch\/#website"},"datePublished":"2025-12-30T01:15:12+00:00","dateModified":"2026-03-12T10:00:45+00:00","breadcrumb":{"@id":"https:\/\/repan.ch\/fr\/produit\/turbo-poelon-a-raclette-34x7x3cm\/#breadcrumb"},"inLanguage":"fr-FR","potentialAction":[{"@type":"ReadAction","target":["https:\/\/repan.ch\/fr\/produit\/turbo-poelon-a-raclette-34x7x3cm\/"]}]},{"@type":"BreadcrumbList","@id":"https:\/\/repan.ch\/fr\/produit\/turbo-poelon-a-raclette-34x7x3cm\/#breadcrumb","itemListElement":[{"@type":"ListItem","position":1,"name":"Accueil","item":"https:\/\/repan.ch\/fr\/repan-2\/"},{"@type":"ListItem","position":2,"name":"Shop","item":"https:\/\/repan.ch\/shop\/"},{"@type":"ListItem","position":3,"name":"(Turbo) po\u00ealon \u00e0 raclette (~34x7x3cm) rev\u00eatu d&#8217;un nouveau rev\u00eatement"}]},{"@type":"WebSite","@id":"https:\/\/repan.ch\/#website","url":"https:\/\/repan.ch\/","name":"RePan","description":"Pfannen &amp; Bleche neu beschichten","publisher":{"@id":"https:\/\/repan.ch\/#organization"},"potentialAction":[{"@type":"SearchAction","target":{"@type":"EntryPoint","urlTemplate":"https:\/\/repan.ch\/?s={search_term_string}"},"query-input":{"@type":"PropertyValueSpecification","valueRequired":true,"valueName":"search_term_string"}}],"inLanguage":"fr-FR"},{"@type":"Organization","@id":"https:\/\/repan.ch\/#organization","name":"RePan","url":"https:\/\/repan.ch\/","logo":{"@type":"ImageObject","inLanguage":"fr-FR","@id":"https:\/\/repan.ch\/#\/schema\/logo\/image\/","url":"https:\/\/repan.ch\/wp-content\/uploads\/2025\/03\/LogoganzV2-hr2.webp","contentUrl":"https:\/\/repan.ch\/wp-content\/uploads\/2025\/03\/LogoganzV2-hr2.webp","width":360,"height":195,"caption":"RePan"},"image":{"@id":"https:\/\/repan.ch\/#\/schema\/logo\/image\/"},"hasMerchantReturnPolicy":{"@type":"MerchantReturnPolicy","merchantReturnLink":"https:\/\/repan.ch\/garantie-rueckgabe\/"}}]},"product_price_amount":"40.00","product_price_currency":"CHF","og_availability":"out of stock","product_availability":"out of stock","product_retailer_item_id":"Service-Gastro-Racelettepfaennchen","product_condition":"new"},"_links":{"self":[{"href":"https:\/\/repan.ch\/fr\/wp-json\/wp\/v2\/product\/335944","targetHints":{"allow":["GET"]}}],"collection":[{"href":"https:\/\/repan.ch\/fr\/wp-json\/wp\/v2\/product"}],"about":[{"href":"https:\/\/repan.ch\/fr\/wp-json\/wp\/v2\/types\/product"}],"replies":[{"embeddable":true,"href":"https:\/\/repan.ch\/fr\/wp-json\/wp\/v2\/comments?post=335944"}],"version-history":[{"count":0,"href":"https:\/\/repan.ch\/fr\/wp-json\/wp\/v2\/product\/335944\/revisions"}],"wp:attachment":[{"href":"https:\/\/repan.ch\/fr\/wp-json\/wp\/v2\/media?parent=335944"}],"wp:term":[{"taxonomy":"product_brand","embeddable":true,"href":"https:\/\/repan.ch\/fr\/wp-json\/wp\/v2\/product_brand?post=335944"},{"taxonomy":"product_cat","embeddable":true,"href":"https:\/\/repan.ch\/fr\/wp-json\/wp\/v2\/product_cat?post=335944"},{"taxonomy":"product_tag","embeddable":true,"href":"https:\/\/repan.ch\/fr\/wp-json\/wp\/v2\/product_tag?post=335944"}],"curies":[{"name":"wp","href":"https:\/\/api.w.org\/{rel}","templated":true}]}}