
{"id":335939,"date":"2025-12-30T03:14:12","date_gmt":"2025-12-30T01:14:12","guid":{"rendered":"https:\/\/repan.ch\/product\/kuhn-rikon-lucerne\/"},"modified":"2025-12-30T03:14:12","modified_gmt":"2025-12-30T01:14:12","slug":"kuhn-rikon-lucerne","status":"publish","type":"product","link":"https:\/\/repan.ch\/fr\/produit\/kuhn-rikon-lucerne\/","title":{"rendered":"Kuhn Rikon Lucerne"},"content":{"rendered":"<p>Le design suisse se retrouve dans la po\u00eale Kuhn Rikon \u00ab\u00a0Luzern\u00a0\u00bb en acier inoxydable avec manche m\u00e9tallique, reconnaissable \u00e0 la croix suisse dans le manche et au poids relativement \u00e9lev\u00e9. RePan pr\u00e9serve le design, les mat\u00e9riaux et les ressources suisses et rev\u00eat \u00e0 nouveau avec le rev\u00eatement le plus durable. Qualit\u00e9 de la r\u00e9gion avec jusqu&rsquo;\u00e0 95% de ressources en moins.<\/p>\n","protected":false},"excerpt":{"rendered":"<p>Le design suisse se retrouve dans la po\u00eale Kuhn Rikon \u00ab\u00a0Luzern\u00a0\u00bb en acier inoxydable avec manche m\u00e9tallique, reconnaissable \u00e0 la croix suisse dans le manche et au poids relativement \u00e9lev\u00e9. RePan pr\u00e9serve le design, les mat\u00e9riaux et les ressources suisses et rev\u00eat \u00e0 nouveau avec le rev\u00eatement le plus durable. Qualit\u00e9 de la r\u00e9gion avec jusqu&rsquo;\u00e0 95% de ressources en moins.<\/p>\n","protected":false},"featured_media":332837,"comment_status":"open","ping_status":"closed","template":"","meta":{"content-type":""},"product_brand":[574],"product_cat":[2278],"product_tag":[1705],"class_list":{"0":"post-335939","1":"product","2":"type-product","3":"status-publish","4":"has-post-thumbnail","6":"product_brand-kuhn-rikon","7":"product_cat-premium-fr","8":"product_tag-casseroles-suisses","9":"product_shipping_class-produit","10":"pa_typ-poele-a-frire","11":"pa_typ-sauteuse","13":"first","14":"instock","15":"taxable","16":"shipping-taxable","17":"purchasable","18":"product-type-variable"},"yoast_head":"<!-- This site is optimized with the Yoast SEO Premium plugin v26.6 (Yoast SEO v27.1.1) - https:\/\/yoast.com\/product\/yoast-seo-premium-wordpress\/ -->\n<title>Kuhn Rikon Lucerne neu beschichten | g\u00fcnstiger, nachhaltiger &amp; besser<\/title>\n<meta name=\"description\" content=\"Le design suisse se retrouve dans la po\u00eale Kuhn Rikon &quot;Luzern&quot;, reconnaissable \u00e0 la croix suisse sur le manche. Nouveau rev\u00eatement RePan, dans la r\u00e9gion, dans l&#039;usine sociale.\" \/>\n<meta name=\"robots\" content=\"index, follow, max-snippet:-1, max-image-preview:large, max-video-preview:-1\" \/>\n<link rel=\"canonical\" href=\"https:\/\/repan.ch\/fr\/produit\/kuhn-rikon-lucerne\/\" \/>\n<meta property=\"og:locale\" content=\"fr_FR\" \/>\n<meta property=\"og:type\" content=\"article\" \/>\n<meta property=\"og:title\" content=\"RePan - Pfannen &amp; Bleche neu beschichten\" \/>\n<meta property=\"og:description\" content=\"G\u00fcnstiger, nachhaltiger &amp; besser\" \/>\n<meta property=\"og:url\" content=\"https:\/\/repan.ch\/fr\/produit\/kuhn-rikon-lucerne\/\" \/>\n<meta property=\"og:site_name\" content=\"RePan\" \/>\n<meta property=\"og:image\" content=\"https:\/\/repan.ch\/wp-content\/uploads\/2025\/12\/Kuhn-Rikon-Luzern28ee-Bratpfanne-240096.webp\" \/>\n\t<meta property=\"og:image:width\" content=\"1650\" \/>\n\t<meta property=\"og:image:height\" content=\"1000\" \/>\n\t<meta property=\"og:image:type\" content=\"image\/webp\" \/>\n<meta name=\"twitter:card\" content=\"summary_large_image\" \/>\n<meta name=\"twitter:label1\" content=\"Disponibilit\u00e9\" \/>\n\t<meta name=\"twitter:data1\" content=\"En stock\" \/>\n<script type=\"application\/ld+json\" class=\"yoast-schema-graph\">{\"@context\":\"https:\/\/schema.org\",\"@graph\":[{\"@type\":\"WebPage\",\"@id\":\"https:\/\/repan.ch\/fr\/produit\/kuhn-rikon-lucerne\/\",\"url\":\"https:\/\/repan.ch\/fr\/produit\/kuhn-rikon-lucerne\/\",\"name\":\"Kuhn Rikon Lucerne neu beschichten | g\u00fcnstiger, nachhaltiger & besser\",\"isPartOf\":{\"@id\":\"https:\/\/repan.ch\/#website\"},\"primaryImageOfPage\":{\"@id\":\"https:\/\/repan.ch\/fr\/produit\/kuhn-rikon-lucerne\/#primaryimage\"},\"image\":{\"@id\":\"https:\/\/repan.ch\/fr\/produit\/kuhn-rikon-lucerne\/#primaryimage\"},\"thumbnailUrl\":\"https:\/\/repan.ch\/wp-content\/uploads\/2025\/12\/Kuhn-Rikon-Luzern28ee-Bratpfanne-240096.webp\",\"datePublished\":\"2025-12-30T01:14:12+00:00\",\"description\":\"Le design suisse se retrouve dans la po\u00eale Kuhn Rikon \\\"Luzern\\\", reconnaissable \u00e0 la croix suisse sur le manche. Nouveau rev\u00eatement RePan, dans la r\u00e9gion, dans l'usine sociale.\",\"breadcrumb\":{\"@id\":\"https:\/\/repan.ch\/fr\/produit\/kuhn-rikon-lucerne\/#breadcrumb\"},\"inLanguage\":\"fr-FR\",\"potentialAction\":[{\"@type\":\"ReadAction\",\"target\":[\"https:\/\/repan.ch\/fr\/produit\/kuhn-rikon-lucerne\/\"]}]},{\"@type\":\"ImageObject\",\"inLanguage\":\"fr-FR\",\"@id\":\"https:\/\/repan.ch\/fr\/produit\/kuhn-rikon-lucerne\/#primaryimage\",\"url\":\"https:\/\/repan.ch\/wp-content\/uploads\/2025\/12\/Kuhn-Rikon-Luzern28ee-Bratpfanne-240096.webp\",\"contentUrl\":\"https:\/\/repan.ch\/wp-content\/uploads\/2025\/12\/Kuhn-Rikon-Luzern28ee-Bratpfanne-240096.webp\",\"width\":1650,\"height\":1000},{\"@type\":\"BreadcrumbList\",\"@id\":\"https:\/\/repan.ch\/fr\/produit\/kuhn-rikon-lucerne\/#breadcrumb\",\"itemListElement\":[{\"@type\":\"ListItem\",\"position\":1,\"name\":\"Accueil\",\"item\":\"https:\/\/repan.ch\/fr\/repan-2\/\"},{\"@type\":\"ListItem\",\"position\":2,\"name\":\"Shop\",\"item\":\"https:\/\/repan.ch\/shop\/\"},{\"@type\":\"ListItem\",\"position\":3,\"name\":\"Kuhn Rikon Lucerne\"}]},{\"@type\":\"WebSite\",\"@id\":\"https:\/\/repan.ch\/#website\",\"url\":\"https:\/\/repan.ch\/\",\"name\":\"RePan\",\"description\":\"Pfannen &amp; Bleche neu beschichten\",\"publisher\":{\"@id\":\"https:\/\/repan.ch\/#organization\"},\"potentialAction\":[{\"@type\":\"SearchAction\",\"target\":{\"@type\":\"EntryPoint\",\"urlTemplate\":\"https:\/\/repan.ch\/?s={search_term_string}\"},\"query-input\":{\"@type\":\"PropertyValueSpecification\",\"valueRequired\":true,\"valueName\":\"search_term_string\"}}],\"inLanguage\":\"fr-FR\"},{\"@type\":\"Organization\",\"@id\":\"https:\/\/repan.ch\/#organization\",\"name\":\"RePan\",\"url\":\"https:\/\/repan.ch\/\",\"logo\":{\"@type\":\"ImageObject\",\"inLanguage\":\"fr-FR\",\"@id\":\"https:\/\/repan.ch\/#\/schema\/logo\/image\/\",\"url\":\"https:\/\/repan.ch\/wp-content\/uploads\/2025\/03\/LogoganzV2-hr2.webp\",\"contentUrl\":\"https:\/\/repan.ch\/wp-content\/uploads\/2025\/03\/LogoganzV2-hr2.webp\",\"width\":360,\"height\":195,\"caption\":\"RePan\"},\"image\":{\"@id\":\"https:\/\/repan.ch\/#\/schema\/logo\/image\/\"},\"hasMerchantReturnPolicy\":{\"@type\":\"MerchantReturnPolicy\",\"merchantReturnLink\":\"https:\/\/repan.ch\/garantie-rueckgabe\/\"}}]}<\/script>\n<meta property=\"product:brand\" content=\"Kuhn Rikon\" \/>\n<meta property=\"og:availability\" content=\"instock\" \/>\n<meta property=\"product:availability\" content=\"instock\" \/>\n<meta property=\"product:condition\" content=\"new\" \/>\n<!-- \/ Yoast SEO Premium plugin. -->","yoast_head_json":{"title":"Kuhn Rikon Lucerne neu beschichten | g\u00fcnstiger, nachhaltiger & besser","description":"Le design suisse se retrouve dans la po\u00eale Kuhn Rikon \"Luzern\", reconnaissable \u00e0 la croix suisse sur le manche. Nouveau rev\u00eatement RePan, dans la r\u00e9gion, dans l'usine sociale.","robots":{"index":"index","follow":"follow","max-snippet":"max-snippet:-1","max-image-preview":"max-image-preview:large","max-video-preview":"max-video-preview:-1"},"canonical":"https:\/\/repan.ch\/fr\/produit\/kuhn-rikon-lucerne\/","og_locale":"fr_FR","og_type":"article","og_title":"RePan - Pfannen & Bleche neu beschichten","og_description":"G\u00fcnstiger, nachhaltiger & besser","og_url":"https:\/\/repan.ch\/fr\/produit\/kuhn-rikon-lucerne\/","og_site_name":"RePan","og_image":[{"width":1650,"height":1000,"url":"https:\/\/repan.ch\/wp-content\/uploads\/2025\/12\/Kuhn-Rikon-Luzern28ee-Bratpfanne-240096.webp","type":"image\/webp"}],"twitter_card":"summary_large_image","twitter_misc":{"Disponibilit\u00e9":"En stock"},"schema":{"@context":"https:\/\/schema.org","@graph":[{"@type":"WebPage","@id":"https:\/\/repan.ch\/fr\/produit\/kuhn-rikon-lucerne\/","url":"https:\/\/repan.ch\/fr\/produit\/kuhn-rikon-lucerne\/","name":"Kuhn Rikon Lucerne neu beschichten | g\u00fcnstiger, nachhaltiger & besser","isPartOf":{"@id":"https:\/\/repan.ch\/#website"},"primaryImageOfPage":{"@id":"https:\/\/repan.ch\/fr\/produit\/kuhn-rikon-lucerne\/#primaryimage"},"image":{"@id":"https:\/\/repan.ch\/fr\/produit\/kuhn-rikon-lucerne\/#primaryimage"},"thumbnailUrl":"https:\/\/repan.ch\/wp-content\/uploads\/2025\/12\/Kuhn-Rikon-Luzern28ee-Bratpfanne-240096.webp","datePublished":"2025-12-30T01:14:12+00:00","description":"Le design suisse se retrouve dans la po\u00eale Kuhn Rikon \"Luzern\", reconnaissable \u00e0 la croix suisse sur le manche. Nouveau rev\u00eatement RePan, dans la r\u00e9gion, dans l'usine sociale.","breadcrumb":{"@id":"https:\/\/repan.ch\/fr\/produit\/kuhn-rikon-lucerne\/#breadcrumb"},"inLanguage":"fr-FR","potentialAction":[{"@type":"ReadAction","target":["https:\/\/repan.ch\/fr\/produit\/kuhn-rikon-lucerne\/"]}]},{"@type":"ImageObject","inLanguage":"fr-FR","@id":"https:\/\/repan.ch\/fr\/produit\/kuhn-rikon-lucerne\/#primaryimage","url":"https:\/\/repan.ch\/wp-content\/uploads\/2025\/12\/Kuhn-Rikon-Luzern28ee-Bratpfanne-240096.webp","contentUrl":"https:\/\/repan.ch\/wp-content\/uploads\/2025\/12\/Kuhn-Rikon-Luzern28ee-Bratpfanne-240096.webp","width":1650,"height":1000},{"@type":"BreadcrumbList","@id":"https:\/\/repan.ch\/fr\/produit\/kuhn-rikon-lucerne\/#breadcrumb","itemListElement":[{"@type":"ListItem","position":1,"name":"Accueil","item":"https:\/\/repan.ch\/fr\/repan-2\/"},{"@type":"ListItem","position":2,"name":"Shop","item":"https:\/\/repan.ch\/shop\/"},{"@type":"ListItem","position":3,"name":"Kuhn Rikon Lucerne"}]},{"@type":"WebSite","@id":"https:\/\/repan.ch\/#website","url":"https:\/\/repan.ch\/","name":"RePan","description":"Pfannen &amp; Bleche neu beschichten","publisher":{"@id":"https:\/\/repan.ch\/#organization"},"potentialAction":[{"@type":"SearchAction","target":{"@type":"EntryPoint","urlTemplate":"https:\/\/repan.ch\/?s={search_term_string}"},"query-input":{"@type":"PropertyValueSpecification","valueRequired":true,"valueName":"search_term_string"}}],"inLanguage":"fr-FR"},{"@type":"Organization","@id":"https:\/\/repan.ch\/#organization","name":"RePan","url":"https:\/\/repan.ch\/","logo":{"@type":"ImageObject","inLanguage":"fr-FR","@id":"https:\/\/repan.ch\/#\/schema\/logo\/image\/","url":"https:\/\/repan.ch\/wp-content\/uploads\/2025\/03\/LogoganzV2-hr2.webp","contentUrl":"https:\/\/repan.ch\/wp-content\/uploads\/2025\/03\/LogoganzV2-hr2.webp","width":360,"height":195,"caption":"RePan"},"image":{"@id":"https:\/\/repan.ch\/#\/schema\/logo\/image\/"},"hasMerchantReturnPolicy":{"@type":"MerchantReturnPolicy","merchantReturnLink":"https:\/\/repan.ch\/garantie-rueckgabe\/"}}]},"product_brand":"Kuhn Rikon","og_availability":"instock","product_availability":"instock","product_condition":"new"},"_links":{"self":[{"href":"https:\/\/repan.ch\/fr\/wp-json\/wp\/v2\/product\/335939","targetHints":{"allow":["GET"]}}],"collection":[{"href":"https:\/\/repan.ch\/fr\/wp-json\/wp\/v2\/product"}],"about":[{"href":"https:\/\/repan.ch\/fr\/wp-json\/wp\/v2\/types\/product"}],"replies":[{"embeddable":true,"href":"https:\/\/repan.ch\/fr\/wp-json\/wp\/v2\/comments?post=335939"}],"version-history":[{"count":0,"href":"https:\/\/repan.ch\/fr\/wp-json\/wp\/v2\/product\/335939\/revisions"}],"wp:featuredmedia":[{"embeddable":true,"href":"https:\/\/repan.ch\/fr\/wp-json\/wp\/v2\/media\/332837"}],"wp:attachment":[{"href":"https:\/\/repan.ch\/fr\/wp-json\/wp\/v2\/media?parent=335939"}],"wp:term":[{"taxonomy":"product_brand","embeddable":true,"href":"https:\/\/repan.ch\/fr\/wp-json\/wp\/v2\/product_brand?post=335939"},{"taxonomy":"product_cat","embeddable":true,"href":"https:\/\/repan.ch\/fr\/wp-json\/wp\/v2\/product_cat?post=335939"},{"taxonomy":"product_tag","embeddable":true,"href":"https:\/\/repan.ch\/fr\/wp-json\/wp\/v2\/product_tag?post=335939"}],"curies":[{"name":"wp","href":"https:\/\/api.w.org\/{rel}","templated":true}]}}