
{"id":335918,"date":"2025-12-30T03:12:21","date_gmt":"2025-12-30T01:12:21","guid":{"rendered":"https:\/\/repan.ch\/product\/kuhn-rikon-new-life-pro\/"},"modified":"2025-12-30T03:12:21","modified_gmt":"2025-12-30T01:12:21","slug":"kuhn-rikon-new-life-pro","status":"publish","type":"product","link":"https:\/\/repan.ch\/fr\/produit\/kuhn-rikon-new-life-pro\/","title":{"rendered":"Kuhn Rikon New Life Pro"},"content":{"rendered":"<p>La marque suisse Kuhn Rikon met \u00e0 disposition une po\u00eale haut de gamme fabriqu\u00e9e \u00e0 partir de canettes en aluminium avec le mod\u00e8le \u00ab\u00a0New Life Pro\u00a0\u00bb. RePan pr\u00e9serve le design, les mat\u00e9riaux et les ressources suisses et applique un nouveau rev\u00eatement de la plus longue dur\u00e9e au lieu de devoir faire fondre toute la po\u00eale.  Qualit\u00e9 de la r\u00e9gion avec jusqu&rsquo;\u00e0 95% de ressources en moins.<\/p>\n","protected":false},"excerpt":{"rendered":"<p>La marque suisse Kuhn Rikon met \u00e0 disposition une po\u00eale haut de gamme fabriqu\u00e9e \u00e0 partir de canettes en aluminium avec le mod\u00e8le \u00ab\u00a0New Life Pro\u00a0\u00bb. RePan pr\u00e9serve le design, les mat\u00e9riaux et les ressources suisses et applique un nouveau rev\u00eatement de la plus longue dur\u00e9e au lieu de devoir faire fondre toute la po\u00eale.  Qualit\u00e9 de la r\u00e9gion avec jusqu&rsquo;\u00e0 95% de ressources en moins.<\/p>\n","protected":false},"featured_media":332812,"comment_status":"open","ping_status":"closed","template":"","meta":{"content-type":""},"product_brand":[574],"product_cat":[2278],"product_tag":[1705],"class_list":{"0":"post-335918","1":"product","2":"type-product","3":"status-publish","4":"has-post-thumbnail","6":"product_brand-kuhn-rikon","7":"product_cat-premium-fr","8":"product_tag-casseroles-suisses","9":"product_shipping_class-produit","10":"pa_typ-poele-a-frire","12":"first","13":"instock","14":"taxable","15":"shipping-taxable","16":"purchasable","17":"product-type-variable"},"yoast_head":"<!-- This site is optimized with the Yoast SEO Premium plugin v26.6 (Yoast SEO v27.1.1) - https:\/\/yoast.com\/product\/yoast-seo-premium-wordpress\/ -->\n<title>Kuhn Rikon New Life Pro neu beschichten | g\u00fcnstiger, nachhaltiger &amp; besser<\/title>\n<meta name=\"description\" content=\"La marque suisse Kuhn Rikon met \u00e0 disposition une po\u00eale haut de gamme fabriqu\u00e9e \u00e0 partir de canettes en aluminium avec le mod\u00e8le &quot;New Life Pro&quot;. RePan pr\u00e9serve le design, les mat\u00e9riaux et les ressources suisses et applique un nouveau rev\u00eatement de la plus longue dur\u00e9e au lieu de devoir faire fondre toute la po\u00eale. Qualit\u00e9 de la r\u00e9gion avec jusqu&#039;\u00e0 95% de ressources en moins.\" \/>\n<meta name=\"robots\" content=\"index, follow, max-snippet:-1, max-image-preview:large, max-video-preview:-1\" \/>\n<link rel=\"canonical\" href=\"https:\/\/repan.ch\/product\/kuhn-rikon-new-life-pro\/\" \/>\n<meta property=\"og:locale\" content=\"fr_FR\" \/>\n<meta property=\"og:type\" content=\"article\" \/>\n<meta property=\"og:title\" content=\"RePan - Pfannen &amp; Bleche neu beschichten\" \/>\n<meta property=\"og:description\" content=\"G\u00fcnstiger, nachhaltiger &amp; besser\" \/>\n<meta property=\"og:url\" content=\"https:\/\/repan.ch\/product\/kuhn-rikon-new-life-pro\/\" \/>\n<meta property=\"og:site_name\" content=\"RePan\" \/>\n<meta property=\"og:image\" content=\"https:\/\/repan.ch\/wp-content\/uploads\/2025\/12\/RePan-Pfannen-Bleche-neu-beschichten.jpg\" \/>\n\t<meta property=\"og:image:width\" content=\"1650\" \/>\n\t<meta property=\"og:image:height\" content=\"1000\" \/>\n\t<meta property=\"og:image:type\" content=\"image\/jpeg\" \/>\n<meta name=\"twitter:card\" content=\"summary_large_image\" \/>\n<meta name=\"twitter:label1\" content=\"Disponibilit\u00e9\" \/>\n\t<meta name=\"twitter:data1\" content=\"En stock\" \/>\n<script type=\"application\/ld+json\" class=\"yoast-schema-graph\">{\"@context\":\"https:\/\/schema.org\",\"@graph\":[{\"@type\":\"WebPage\",\"@id\":\"https:\/\/repan.ch\/product\/kuhn-rikon-new-life-pro\/\",\"url\":\"https:\/\/repan.ch\/product\/kuhn-rikon-new-life-pro\/\",\"name\":\"Kuhn Rikon New Life Pro neu beschichten | g\u00fcnstiger, nachhaltiger & besser\",\"isPartOf\":{\"@id\":\"https:\/\/repan.ch\/#website\"},\"primaryImageOfPage\":{\"@id\":\"https:\/\/repan.ch\/product\/kuhn-rikon-new-life-pro\/#primaryimage\"},\"image\":{\"@id\":\"https:\/\/repan.ch\/product\/kuhn-rikon-new-life-pro\/#primaryimage\"},\"thumbnailUrl\":\"https:\/\/repan.ch\/wp-content\/uploads\/2025\/12\/Kuhn-Rikon-240093.webp\",\"datePublished\":\"2025-12-30T01:12:21+00:00\",\"description\":\"La marque suisse Kuhn Rikon met \u00e0 disposition une po\u00eale haut de gamme fabriqu\u00e9e \u00e0 partir de canettes en aluminium avec le mod\u00e8le \\\"New Life Pro\\\". RePan pr\u00e9serve le design, les mat\u00e9riaux et les ressources suisses et applique un nouveau rev\u00eatement de la plus longue dur\u00e9e au lieu de devoir faire fondre toute la po\u00eale. Qualit\u00e9 de la r\u00e9gion avec jusqu'\u00e0 95% de ressources en moins.\",\"breadcrumb\":{\"@id\":\"https:\/\/repan.ch\/product\/kuhn-rikon-new-life-pro\/#breadcrumb\"},\"inLanguage\":\"fr-FR\",\"potentialAction\":[{\"@type\":\"ReadAction\",\"target\":[\"https:\/\/repan.ch\/product\/kuhn-rikon-new-life-pro\/\"]}]},{\"@type\":\"ImageObject\",\"inLanguage\":\"fr-FR\",\"@id\":\"https:\/\/repan.ch\/product\/kuhn-rikon-new-life-pro\/#primaryimage\",\"url\":\"https:\/\/repan.ch\/wp-content\/uploads\/2025\/12\/Kuhn-Rikon-240093.webp\",\"contentUrl\":\"https:\/\/repan.ch\/wp-content\/uploads\/2025\/12\/Kuhn-Rikon-240093.webp\",\"width\":1650,\"height\":1000},{\"@type\":\"BreadcrumbList\",\"@id\":\"https:\/\/repan.ch\/product\/kuhn-rikon-new-life-pro\/#breadcrumb\",\"itemListElement\":[{\"@type\":\"ListItem\",\"position\":1,\"name\":\"Accueil\",\"item\":\"https:\/\/repan.ch\/fr\/repan-2\/\"},{\"@type\":\"ListItem\",\"position\":2,\"name\":\"Shop\",\"item\":\"https:\/\/repan.ch\/shop\/\"},{\"@type\":\"ListItem\",\"position\":3,\"name\":\"Kuhn Rikon New Life Pro\"}]},{\"@type\":\"WebSite\",\"@id\":\"https:\/\/repan.ch\/#website\",\"url\":\"https:\/\/repan.ch\/\",\"name\":\"RePan\",\"description\":\"Pfannen &amp; Bleche neu beschichten\",\"publisher\":{\"@id\":\"https:\/\/repan.ch\/#organization\"},\"potentialAction\":[{\"@type\":\"SearchAction\",\"target\":{\"@type\":\"EntryPoint\",\"urlTemplate\":\"https:\/\/repan.ch\/?s={search_term_string}\"},\"query-input\":{\"@type\":\"PropertyValueSpecification\",\"valueRequired\":true,\"valueName\":\"search_term_string\"}}],\"inLanguage\":\"fr-FR\"},{\"@type\":\"Organization\",\"@id\":\"https:\/\/repan.ch\/#organization\",\"name\":\"RePan\",\"url\":\"https:\/\/repan.ch\/\",\"logo\":{\"@type\":\"ImageObject\",\"inLanguage\":\"fr-FR\",\"@id\":\"https:\/\/repan.ch\/#\/schema\/logo\/image\/\",\"url\":\"https:\/\/repan.ch\/wp-content\/uploads\/2025\/03\/LogoganzV2-hr2.webp\",\"contentUrl\":\"https:\/\/repan.ch\/wp-content\/uploads\/2025\/03\/LogoganzV2-hr2.webp\",\"width\":360,\"height\":195,\"caption\":\"RePan\"},\"image\":{\"@id\":\"https:\/\/repan.ch\/#\/schema\/logo\/image\/\"},\"hasMerchantReturnPolicy\":{\"@type\":\"MerchantReturnPolicy\",\"merchantReturnLink\":\"https:\/\/repan.ch\/garantie-rueckgabe\/\"}}]}<\/script>\n<meta property=\"product:brand\" content=\"Kuhn Rikon\" \/>\n<meta property=\"og:availability\" content=\"instock\" \/>\n<meta property=\"product:availability\" content=\"instock\" \/>\n<meta property=\"product:condition\" content=\"new\" \/>\n<!-- \/ Yoast SEO Premium plugin. -->","yoast_head_json":{"title":"Kuhn Rikon New Life Pro neu beschichten | g\u00fcnstiger, nachhaltiger & besser","description":"La marque suisse Kuhn Rikon met \u00e0 disposition une po\u00eale haut de gamme fabriqu\u00e9e \u00e0 partir de canettes en aluminium avec le mod\u00e8le \"New Life Pro\". RePan pr\u00e9serve le design, les mat\u00e9riaux et les ressources suisses et applique un nouveau rev\u00eatement de la plus longue dur\u00e9e au lieu de devoir faire fondre toute la po\u00eale. Qualit\u00e9 de la r\u00e9gion avec jusqu'\u00e0 95% de ressources en moins.","robots":{"index":"index","follow":"follow","max-snippet":"max-snippet:-1","max-image-preview":"max-image-preview:large","max-video-preview":"max-video-preview:-1"},"canonical":"https:\/\/repan.ch\/product\/kuhn-rikon-new-life-pro\/","og_locale":"fr_FR","og_type":"article","og_title":"RePan - Pfannen & Bleche neu beschichten","og_description":"G\u00fcnstiger, nachhaltiger & besser","og_url":"https:\/\/repan.ch\/product\/kuhn-rikon-new-life-pro\/","og_site_name":"RePan","og_image":[{"width":1650,"height":1000,"url":"https:\/\/repan.ch\/wp-content\/uploads\/2025\/12\/RePan-Pfannen-Bleche-neu-beschichten.jpg","type":"image\/jpeg"}],"twitter_card":"summary_large_image","twitter_misc":{"Disponibilit\u00e9":"En stock"},"schema":{"@context":"https:\/\/schema.org","@graph":[{"@type":"WebPage","@id":"https:\/\/repan.ch\/product\/kuhn-rikon-new-life-pro\/","url":"https:\/\/repan.ch\/product\/kuhn-rikon-new-life-pro\/","name":"Kuhn Rikon New Life Pro neu beschichten | g\u00fcnstiger, nachhaltiger & besser","isPartOf":{"@id":"https:\/\/repan.ch\/#website"},"primaryImageOfPage":{"@id":"https:\/\/repan.ch\/product\/kuhn-rikon-new-life-pro\/#primaryimage"},"image":{"@id":"https:\/\/repan.ch\/product\/kuhn-rikon-new-life-pro\/#primaryimage"},"thumbnailUrl":"https:\/\/repan.ch\/wp-content\/uploads\/2025\/12\/Kuhn-Rikon-240093.webp","datePublished":"2025-12-30T01:12:21+00:00","description":"La marque suisse Kuhn Rikon met \u00e0 disposition une po\u00eale haut de gamme fabriqu\u00e9e \u00e0 partir de canettes en aluminium avec le mod\u00e8le \"New Life Pro\". RePan pr\u00e9serve le design, les mat\u00e9riaux et les ressources suisses et applique un nouveau rev\u00eatement de la plus longue dur\u00e9e au lieu de devoir faire fondre toute la po\u00eale. Qualit\u00e9 de la r\u00e9gion avec jusqu'\u00e0 95% de ressources en moins.","breadcrumb":{"@id":"https:\/\/repan.ch\/product\/kuhn-rikon-new-life-pro\/#breadcrumb"},"inLanguage":"fr-FR","potentialAction":[{"@type":"ReadAction","target":["https:\/\/repan.ch\/product\/kuhn-rikon-new-life-pro\/"]}]},{"@type":"ImageObject","inLanguage":"fr-FR","@id":"https:\/\/repan.ch\/product\/kuhn-rikon-new-life-pro\/#primaryimage","url":"https:\/\/repan.ch\/wp-content\/uploads\/2025\/12\/Kuhn-Rikon-240093.webp","contentUrl":"https:\/\/repan.ch\/wp-content\/uploads\/2025\/12\/Kuhn-Rikon-240093.webp","width":1650,"height":1000},{"@type":"BreadcrumbList","@id":"https:\/\/repan.ch\/product\/kuhn-rikon-new-life-pro\/#breadcrumb","itemListElement":[{"@type":"ListItem","position":1,"name":"Accueil","item":"https:\/\/repan.ch\/fr\/repan-2\/"},{"@type":"ListItem","position":2,"name":"Shop","item":"https:\/\/repan.ch\/shop\/"},{"@type":"ListItem","position":3,"name":"Kuhn Rikon New Life Pro"}]},{"@type":"WebSite","@id":"https:\/\/repan.ch\/#website","url":"https:\/\/repan.ch\/","name":"RePan","description":"Pfannen &amp; Bleche neu beschichten","publisher":{"@id":"https:\/\/repan.ch\/#organization"},"potentialAction":[{"@type":"SearchAction","target":{"@type":"EntryPoint","urlTemplate":"https:\/\/repan.ch\/?s={search_term_string}"},"query-input":{"@type":"PropertyValueSpecification","valueRequired":true,"valueName":"search_term_string"}}],"inLanguage":"fr-FR"},{"@type":"Organization","@id":"https:\/\/repan.ch\/#organization","name":"RePan","url":"https:\/\/repan.ch\/","logo":{"@type":"ImageObject","inLanguage":"fr-FR","@id":"https:\/\/repan.ch\/#\/schema\/logo\/image\/","url":"https:\/\/repan.ch\/wp-content\/uploads\/2025\/03\/LogoganzV2-hr2.webp","contentUrl":"https:\/\/repan.ch\/wp-content\/uploads\/2025\/03\/LogoganzV2-hr2.webp","width":360,"height":195,"caption":"RePan"},"image":{"@id":"https:\/\/repan.ch\/#\/schema\/logo\/image\/"},"hasMerchantReturnPolicy":{"@type":"MerchantReturnPolicy","merchantReturnLink":"https:\/\/repan.ch\/garantie-rueckgabe\/"}}]},"product_brand":"Kuhn Rikon","og_availability":"instock","product_availability":"instock","product_condition":"new"},"_links":{"self":[{"href":"https:\/\/repan.ch\/fr\/wp-json\/wp\/v2\/product\/335918","targetHints":{"allow":["GET"]}}],"collection":[{"href":"https:\/\/repan.ch\/fr\/wp-json\/wp\/v2\/product"}],"about":[{"href":"https:\/\/repan.ch\/fr\/wp-json\/wp\/v2\/types\/product"}],"replies":[{"embeddable":true,"href":"https:\/\/repan.ch\/fr\/wp-json\/wp\/v2\/comments?post=335918"}],"version-history":[{"count":0,"href":"https:\/\/repan.ch\/fr\/wp-json\/wp\/v2\/product\/335918\/revisions"}],"wp:featuredmedia":[{"embeddable":true,"href":"https:\/\/repan.ch\/fr\/wp-json\/wp\/v2\/media\/332812"}],"wp:attachment":[{"href":"https:\/\/repan.ch\/fr\/wp-json\/wp\/v2\/media?parent=335918"}],"wp:term":[{"taxonomy":"product_brand","embeddable":true,"href":"https:\/\/repan.ch\/fr\/wp-json\/wp\/v2\/product_brand?post=335918"},{"taxonomy":"product_cat","embeddable":true,"href":"https:\/\/repan.ch\/fr\/wp-json\/wp\/v2\/product_cat?post=335918"},{"taxonomy":"product_tag","embeddable":true,"href":"https:\/\/repan.ch\/fr\/wp-json\/wp\/v2\/product_tag?post=335918"}],"curies":[{"name":"wp","href":"https:\/\/api.w.org\/{rel}","templated":true}]}}