
{"id":335795,"date":"2025-12-30T04:27:05","date_gmt":"2025-12-30T02:27:05","guid":{"rendered":"https:\/\/repan.ch\/product\/karaca\/"},"modified":"2026-02-22T11:00:05","modified_gmt":"2026-02-22T09:00:05","slug":"karaca","status":"publish","type":"product","link":"https:\/\/repan.ch\/fr\/produit\/karaca\/","title":{"rendered":"Karaca"},"content":{"rendered":"<p><strong data-start=\"103\" data-end=\"121\">Les po\u00eales Karaca<\/strong> sont synonymes de design moderne, de fabrication solide et de performances culinaires fiables au quotidien. Le corps robuste de la po\u00eale assure une r\u00e9partition uniforme de la chaleur et une cuisson contr\u00f4l\u00e9e sur tous les types de cuisini\u00e8res courants, y compris l&rsquo;induction. Id\u00e9ales pour les plats vari\u00e9s, l&rsquo;utilisation quotidienne et les cuisines qui allient fonctionnalit\u00e9 et aspect contemporain.  <\/p>\n","protected":false},"excerpt":{"rendered":"<p><strong data-start=\"103\" data-end=\"121\">Les po\u00eales Karaca<\/strong> sont synonymes de design moderne, de fabrication solide et de performances culinaires fiables au quotidien. Le corps robuste de la po\u00eale assure une r\u00e9partition uniforme de la chaleur et une cuisson contr\u00f4l\u00e9e sur tous les types de cuisini\u00e8res courants, y compris l&rsquo;induction. Id\u00e9ales pour les plats vari\u00e9s, l&rsquo;utilisation quotidienne et les cuisines qui allient fonctionnalit\u00e9 et aspect contemporain.  <\/p>\n","protected":false},"featured_media":333895,"comment_status":"open","ping_status":"closed","template":"","meta":{"content-type":""},"product_brand":[2800],"product_cat":[2271],"product_tag":[],"class_list":{"0":"post-335795","1":"product","2":"type-product","3":"status-publish","4":"has-post-thumbnail","6":"product_brand-karaca","7":"product_cat-basique","8":"product_shipping_class-produit","9":"pa_typ-poele-a-frire","11":"first","12":"outofstock","13":"taxable","14":"shipping-taxable","15":"product-type-variable"},"yoast_head":"<!-- This site is optimized with the Yoast SEO Premium plugin v26.6 (Yoast SEO v27.1.1) - https:\/\/yoast.com\/product\/yoast-seo-premium-wordpress\/ -->\n<title>Karaca neu beschichten | g\u00fcnstiger, nachhaltiger &amp; besser<\/title>\n<meta name=\"description\" content=\"Les po\u00eales Karaca sont synonymes de design moderne, de fabrication solide et de performances culinaires fiables au quotidien. Le corps robuste de la po\u00eale assure une r\u00e9partition uniforme de la chaleur et une cuisson contr\u00f4l\u00e9e sur tous les types de cuisini\u00e8res courants, y compris l&#039;induction. Id\u00e9ales pour les plats vari\u00e9s, l&#039;utilisation quotidienne et les cuisines qui allient fonctionnalit\u00e9 et aspect contemporain.\" \/>\n<meta name=\"robots\" content=\"index, follow, max-snippet:-1, max-image-preview:large, max-video-preview:-1\" \/>\n<link rel=\"canonical\" href=\"https:\/\/repan.ch\/fr\/produit\/karaca\/\" \/>\n<meta property=\"og:locale\" content=\"fr_FR\" \/>\n<meta property=\"og:type\" content=\"article\" \/>\n<meta property=\"og:title\" content=\"RePan - Pfannen &amp; Bleche neu beschichten\" \/>\n<meta property=\"og:description\" content=\"G\u00fcnstiger, nachhaltiger &amp; besser\" \/>\n<meta property=\"og:url\" content=\"https:\/\/repan.ch\/fr\/produit\/karaca\/\" \/>\n<meta property=\"og:site_name\" content=\"RePan\" \/>\n<meta property=\"article:modified_time\" content=\"2026-02-22T09:00:05+00:00\" \/>\n<meta property=\"og:image\" content=\"https:\/\/repan.ch\/wp-content\/uploads\/2025\/12\/Karaca30.webp\" \/>\n\t<meta property=\"og:image:width\" content=\"1650\" \/>\n\t<meta property=\"og:image:height\" content=\"1000\" \/>\n\t<meta property=\"og:image:type\" content=\"image\/webp\" \/>\n<meta name=\"twitter:card\" content=\"summary_large_image\" \/>\n<meta name=\"twitter:label1\" content=\"Disponibilit\u00e9\" \/>\n\t<meta name=\"twitter:data1\" content=\"Rupture de stock\" \/>\n<script type=\"application\/ld+json\" class=\"yoast-schema-graph\">{\"@context\":\"https:\/\/schema.org\",\"@graph\":[{\"@type\":\"WebPage\",\"@id\":\"https:\/\/repan.ch\/fr\/produit\/karaca\/\",\"url\":\"https:\/\/repan.ch\/fr\/produit\/karaca\/\",\"name\":\"Karaca neu beschichten | g\u00fcnstiger, nachhaltiger & besser\",\"isPartOf\":{\"@id\":\"https:\/\/repan.ch\/#website\"},\"primaryImageOfPage\":{\"@id\":\"https:\/\/repan.ch\/fr\/produit\/karaca\/#primaryimage\"},\"image\":{\"@id\":\"https:\/\/repan.ch\/fr\/produit\/karaca\/#primaryimage\"},\"thumbnailUrl\":\"https:\/\/repan.ch\/wp-content\/uploads\/2025\/12\/Karaca30.webp\",\"datePublished\":\"2025-12-30T02:27:05+00:00\",\"dateModified\":\"2026-02-22T09:00:05+00:00\",\"description\":\"Les po\u00eales Karaca sont synonymes de design moderne, de fabrication solide et de performances culinaires fiables au quotidien. Le corps robuste de la po\u00eale assure une r\u00e9partition uniforme de la chaleur et une cuisson contr\u00f4l\u00e9e sur tous les types de cuisini\u00e8res courants, y compris l'induction. Id\u00e9ales pour les plats vari\u00e9s, l'utilisation quotidienne et les cuisines qui allient fonctionnalit\u00e9 et aspect contemporain.\",\"breadcrumb\":{\"@id\":\"https:\/\/repan.ch\/fr\/produit\/karaca\/#breadcrumb\"},\"inLanguage\":\"fr-FR\",\"potentialAction\":[{\"@type\":\"ReadAction\",\"target\":[\"https:\/\/repan.ch\/fr\/produit\/karaca\/\"]}]},{\"@type\":\"ImageObject\",\"inLanguage\":\"fr-FR\",\"@id\":\"https:\/\/repan.ch\/fr\/produit\/karaca\/#primaryimage\",\"url\":\"https:\/\/repan.ch\/wp-content\/uploads\/2025\/12\/Karaca30.webp\",\"contentUrl\":\"https:\/\/repan.ch\/wp-content\/uploads\/2025\/12\/Karaca30.webp\",\"width\":1650,\"height\":1000,\"caption\":\"Karaca30\"},{\"@type\":\"BreadcrumbList\",\"@id\":\"https:\/\/repan.ch\/fr\/produit\/karaca\/#breadcrumb\",\"itemListElement\":[{\"@type\":\"ListItem\",\"position\":1,\"name\":\"Accueil\",\"item\":\"https:\/\/repan.ch\/fr\/repan-2\/\"},{\"@type\":\"ListItem\",\"position\":2,\"name\":\"Shop\",\"item\":\"https:\/\/repan.ch\/shop\/\"},{\"@type\":\"ListItem\",\"position\":3,\"name\":\"Karaca\"}]},{\"@type\":\"WebSite\",\"@id\":\"https:\/\/repan.ch\/#website\",\"url\":\"https:\/\/repan.ch\/\",\"name\":\"RePan\",\"description\":\"Pfannen &amp; Bleche neu beschichten\",\"publisher\":{\"@id\":\"https:\/\/repan.ch\/#organization\"},\"potentialAction\":[{\"@type\":\"SearchAction\",\"target\":{\"@type\":\"EntryPoint\",\"urlTemplate\":\"https:\/\/repan.ch\/?s={search_term_string}\"},\"query-input\":{\"@type\":\"PropertyValueSpecification\",\"valueRequired\":true,\"valueName\":\"search_term_string\"}}],\"inLanguage\":\"fr-FR\"},{\"@type\":\"Organization\",\"@id\":\"https:\/\/repan.ch\/#organization\",\"name\":\"RePan\",\"url\":\"https:\/\/repan.ch\/\",\"logo\":{\"@type\":\"ImageObject\",\"inLanguage\":\"fr-FR\",\"@id\":\"https:\/\/repan.ch\/#\/schema\/logo\/image\/\",\"url\":\"https:\/\/repan.ch\/wp-content\/uploads\/2025\/03\/LogoganzV2-hr2.webp\",\"contentUrl\":\"https:\/\/repan.ch\/wp-content\/uploads\/2025\/03\/LogoganzV2-hr2.webp\",\"width\":360,\"height\":195,\"caption\":\"RePan\"},\"image\":{\"@id\":\"https:\/\/repan.ch\/#\/schema\/logo\/image\/\"},\"hasMerchantReturnPolicy\":{\"@type\":\"MerchantReturnPolicy\",\"merchantReturnLink\":\"https:\/\/repan.ch\/garantie-rueckgabe\/\"}}]}<\/script>\n<meta property=\"product:brand\" content=\"Karaca\" \/>\n<meta property=\"og:availability\" content=\"out of stock\" \/>\n<meta property=\"product:availability\" content=\"out of stock\" \/>\n<meta property=\"product:condition\" content=\"new\" \/>\n<!-- \/ Yoast SEO Premium plugin. -->","yoast_head_json":{"title":"Karaca neu beschichten | g\u00fcnstiger, nachhaltiger & besser","description":"Les po\u00eales Karaca sont synonymes de design moderne, de fabrication solide et de performances culinaires fiables au quotidien. Le corps robuste de la po\u00eale assure une r\u00e9partition uniforme de la chaleur et une cuisson contr\u00f4l\u00e9e sur tous les types de cuisini\u00e8res courants, y compris l'induction. Id\u00e9ales pour les plats vari\u00e9s, l'utilisation quotidienne et les cuisines qui allient fonctionnalit\u00e9 et aspect contemporain.","robots":{"index":"index","follow":"follow","max-snippet":"max-snippet:-1","max-image-preview":"max-image-preview:large","max-video-preview":"max-video-preview:-1"},"canonical":"https:\/\/repan.ch\/fr\/produit\/karaca\/","og_locale":"fr_FR","og_type":"article","og_title":"RePan - Pfannen & Bleche neu beschichten","og_description":"G\u00fcnstiger, nachhaltiger & besser","og_url":"https:\/\/repan.ch\/fr\/produit\/karaca\/","og_site_name":"RePan","article_modified_time":"2026-02-22T09:00:05+00:00","og_image":[{"width":1650,"height":1000,"url":"https:\/\/repan.ch\/wp-content\/uploads\/2025\/12\/Karaca30.webp","type":"image\/webp"}],"twitter_card":"summary_large_image","twitter_misc":{"Disponibilit\u00e9":"Rupture de stock"},"schema":{"@context":"https:\/\/schema.org","@graph":[{"@type":"WebPage","@id":"https:\/\/repan.ch\/fr\/produit\/karaca\/","url":"https:\/\/repan.ch\/fr\/produit\/karaca\/","name":"Karaca neu beschichten | g\u00fcnstiger, nachhaltiger & besser","isPartOf":{"@id":"https:\/\/repan.ch\/#website"},"primaryImageOfPage":{"@id":"https:\/\/repan.ch\/fr\/produit\/karaca\/#primaryimage"},"image":{"@id":"https:\/\/repan.ch\/fr\/produit\/karaca\/#primaryimage"},"thumbnailUrl":"https:\/\/repan.ch\/wp-content\/uploads\/2025\/12\/Karaca30.webp","datePublished":"2025-12-30T02:27:05+00:00","dateModified":"2026-02-22T09:00:05+00:00","description":"Les po\u00eales Karaca sont synonymes de design moderne, de fabrication solide et de performances culinaires fiables au quotidien. Le corps robuste de la po\u00eale assure une r\u00e9partition uniforme de la chaleur et une cuisson contr\u00f4l\u00e9e sur tous les types de cuisini\u00e8res courants, y compris l'induction. Id\u00e9ales pour les plats vari\u00e9s, l'utilisation quotidienne et les cuisines qui allient fonctionnalit\u00e9 et aspect contemporain.","breadcrumb":{"@id":"https:\/\/repan.ch\/fr\/produit\/karaca\/#breadcrumb"},"inLanguage":"fr-FR","potentialAction":[{"@type":"ReadAction","target":["https:\/\/repan.ch\/fr\/produit\/karaca\/"]}]},{"@type":"ImageObject","inLanguage":"fr-FR","@id":"https:\/\/repan.ch\/fr\/produit\/karaca\/#primaryimage","url":"https:\/\/repan.ch\/wp-content\/uploads\/2025\/12\/Karaca30.webp","contentUrl":"https:\/\/repan.ch\/wp-content\/uploads\/2025\/12\/Karaca30.webp","width":1650,"height":1000,"caption":"Karaca30"},{"@type":"BreadcrumbList","@id":"https:\/\/repan.ch\/fr\/produit\/karaca\/#breadcrumb","itemListElement":[{"@type":"ListItem","position":1,"name":"Accueil","item":"https:\/\/repan.ch\/fr\/repan-2\/"},{"@type":"ListItem","position":2,"name":"Shop","item":"https:\/\/repan.ch\/shop\/"},{"@type":"ListItem","position":3,"name":"Karaca"}]},{"@type":"WebSite","@id":"https:\/\/repan.ch\/#website","url":"https:\/\/repan.ch\/","name":"RePan","description":"Pfannen &amp; Bleche neu beschichten","publisher":{"@id":"https:\/\/repan.ch\/#organization"},"potentialAction":[{"@type":"SearchAction","target":{"@type":"EntryPoint","urlTemplate":"https:\/\/repan.ch\/?s={search_term_string}"},"query-input":{"@type":"PropertyValueSpecification","valueRequired":true,"valueName":"search_term_string"}}],"inLanguage":"fr-FR"},{"@type":"Organization","@id":"https:\/\/repan.ch\/#organization","name":"RePan","url":"https:\/\/repan.ch\/","logo":{"@type":"ImageObject","inLanguage":"fr-FR","@id":"https:\/\/repan.ch\/#\/schema\/logo\/image\/","url":"https:\/\/repan.ch\/wp-content\/uploads\/2025\/03\/LogoganzV2-hr2.webp","contentUrl":"https:\/\/repan.ch\/wp-content\/uploads\/2025\/03\/LogoganzV2-hr2.webp","width":360,"height":195,"caption":"RePan"},"image":{"@id":"https:\/\/repan.ch\/#\/schema\/logo\/image\/"},"hasMerchantReturnPolicy":{"@type":"MerchantReturnPolicy","merchantReturnLink":"https:\/\/repan.ch\/garantie-rueckgabe\/"}}]},"product_brand":"Karaca","og_availability":"out of stock","product_availability":"out of stock","product_condition":"new"},"_links":{"self":[{"href":"https:\/\/repan.ch\/fr\/wp-json\/wp\/v2\/product\/335795","targetHints":{"allow":["GET"]}}],"collection":[{"href":"https:\/\/repan.ch\/fr\/wp-json\/wp\/v2\/product"}],"about":[{"href":"https:\/\/repan.ch\/fr\/wp-json\/wp\/v2\/types\/product"}],"replies":[{"embeddable":true,"href":"https:\/\/repan.ch\/fr\/wp-json\/wp\/v2\/comments?post=335795"}],"version-history":[{"count":0,"href":"https:\/\/repan.ch\/fr\/wp-json\/wp\/v2\/product\/335795\/revisions"}],"wp:featuredmedia":[{"embeddable":true,"href":"https:\/\/repan.ch\/fr\/wp-json\/wp\/v2\/media\/333895"}],"wp:attachment":[{"href":"https:\/\/repan.ch\/fr\/wp-json\/wp\/v2\/media?parent=335795"}],"wp:term":[{"taxonomy":"product_brand","embeddable":true,"href":"https:\/\/repan.ch\/fr\/wp-json\/wp\/v2\/product_brand?post=335795"},{"taxonomy":"product_cat","embeddable":true,"href":"https:\/\/repan.ch\/fr\/wp-json\/wp\/v2\/product_cat?post=335795"},{"taxonomy":"product_tag","embeddable":true,"href":"https:\/\/repan.ch\/fr\/wp-json\/wp\/v2\/product_tag?post=335795"}],"curies":[{"name":"wp","href":"https:\/\/api.w.org\/{rel}","templated":true}]}}