
{"id":335769,"date":"2025-12-30T04:34:51","date_gmt":"2025-12-30T02:34:51","guid":{"rendered":"https:\/\/repan.ch\/product\/le-creuset-essential\/"},"modified":"2026-01-22T18:36:52","modified_gmt":"2026-01-22T16:36:52","slug":"le-creuset-essential","status":"publish","type":"product","link":"https:\/\/repan.ch\/fr\/produit\/le-creuset-essential\/","title":{"rendered":"Le Creuset Essential"},"content":{"rendered":"<p><span style=\"vertical-align: inherit;\"><span style=\"vertical-align: inherit;\"><span style=\"vertical-align: inherit;\"><span style=\"vertical-align: inherit;\">Le Creuset est un fabricant belge. Les ustensiles de cuisine Le Creuset, en particulier ce design attrayant et \u00e9l\u00e9gant, sont un vrai r\u00e9gal pour les yeux et une po\u00eale id\u00e9ale pour la cuisine de tous les jours. La grande surface de cuisson et les parois lat\u00e9rales plates sont id\u00e9ales pour faire des omelettes, entre autres.  <\/span><\/span><\/span><\/span><\/p>\n","protected":false},"excerpt":{"rendered":"<p><span style=\"vertical-align: inherit;\"><span style=\"vertical-align: inherit;\"><span style=\"vertical-align: inherit;\"><span style=\"vertical-align: inherit;\">Ce design attrayant et \u00e9l\u00e9gant de Le Creuset est un v\u00e9ritable accroche-regard et une po\u00eale \u00e0 frire id\u00e9ale pour la cuisine de tous les jours. La grande surface de cuisson et les parois lat\u00e9rales plates sont id\u00e9ales pour faire des omelettes, entre autres. <\/span><\/span><\/span><\/span><\/p>\n","protected":false},"featured_media":333992,"comment_status":"open","ping_status":"closed","template":"","meta":{"content-type":""},"product_brand":[593],"product_cat":[2286],"product_tag":[],"class_list":{"0":"post-335769","1":"product","2":"type-product","3":"status-publish","4":"has-post-thumbnail","6":"product_brand-le-creuset","7":"product_cat-luxe","8":"product_shipping_class-produit","9":"pa_typ-poele-a-frire","10":"pa_typ-poele-wok","11":"pa_typ-sauteuse","13":"first","14":"instock","15":"taxable","16":"shipping-taxable","17":"purchasable","18":"product-type-variable"},"yoast_head":"<!-- This site is optimized with the Yoast SEO Premium plugin v26.6 (Yoast SEO v27.1.1) - https:\/\/yoast.com\/product\/yoast-seo-premium-wordpress\/ -->\n<title>Le Creuset Essential neu beschichten | g\u00fcnstiger, nachhaltiger &amp; besser<\/title>\n<meta name=\"description\" content=\"Ce design attrayant et \u00e9l\u00e9gant de Le Creuset est un v\u00e9ritable accroche-regard et une po\u00eale \u00e0 frire id\u00e9ale pour la cuisine de tous les jours. La grande surface de cuisson et les parois lat\u00e9rales plates sont id\u00e9ales pour faire des omelettes, entre autres.\" \/>\n<meta name=\"robots\" content=\"index, follow, max-snippet:-1, max-image-preview:large, max-video-preview:-1\" \/>\n<link rel=\"canonical\" href=\"https:\/\/repan.ch\/fr\/produit\/le-creuset-essential\/\" \/>\n<meta property=\"og:locale\" content=\"fr_FR\" \/>\n<meta property=\"og:type\" content=\"article\" \/>\n<meta property=\"og:title\" content=\"RePan - Pfannen &amp; Bleche neu beschichten\" \/>\n<meta property=\"og:description\" content=\"G\u00fcnstiger, nachhaltiger &amp; besser\" \/>\n<meta property=\"og:url\" content=\"https:\/\/repan.ch\/fr\/produit\/le-creuset-essential\/\" \/>\n<meta property=\"og:site_name\" content=\"RePan\" \/>\n<meta property=\"article:modified_time\" content=\"2026-01-22T16:36:52+00:00\" \/>\n<meta property=\"og:image\" content=\"https:\/\/repan.ch\/wp-content\/uploads\/2025\/12\/LeCreuset28AE.webp\" \/>\n\t<meta property=\"og:image:width\" content=\"1650\" \/>\n\t<meta property=\"og:image:height\" content=\"1000\" \/>\n\t<meta property=\"og:image:type\" content=\"image\/webp\" \/>\n<meta name=\"twitter:card\" content=\"summary_large_image\" \/>\n<meta name=\"twitter:label1\" content=\"Disponibilit\u00e9\" \/>\n\t<meta name=\"twitter:data1\" content=\"En stock\" \/>\n<script type=\"application\/ld+json\" class=\"yoast-schema-graph\">{\"@context\":\"https:\/\/schema.org\",\"@graph\":[{\"@type\":\"WebPage\",\"@id\":\"https:\/\/repan.ch\/fr\/produit\/le-creuset-essential\/\",\"url\":\"https:\/\/repan.ch\/fr\/produit\/le-creuset-essential\/\",\"name\":\"Le Creuset Essential neu beschichten | g\u00fcnstiger, nachhaltiger & besser\",\"isPartOf\":{\"@id\":\"https:\/\/repan.ch\/#website\"},\"primaryImageOfPage\":{\"@id\":\"https:\/\/repan.ch\/fr\/produit\/le-creuset-essential\/#primaryimage\"},\"image\":{\"@id\":\"https:\/\/repan.ch\/fr\/produit\/le-creuset-essential\/#primaryimage\"},\"thumbnailUrl\":\"https:\/\/repan.ch\/wp-content\/uploads\/2025\/12\/LeCreuset28AE.webp\",\"datePublished\":\"2025-12-30T02:34:51+00:00\",\"dateModified\":\"2026-01-22T16:36:52+00:00\",\"description\":\"Ce design attrayant et \u00e9l\u00e9gant de Le Creuset est un v\u00e9ritable accroche-regard et une po\u00eale \u00e0 frire id\u00e9ale pour la cuisine de tous les jours. La grande surface de cuisson et les parois lat\u00e9rales plates sont id\u00e9ales pour faire des omelettes, entre autres.\",\"breadcrumb\":{\"@id\":\"https:\/\/repan.ch\/fr\/produit\/le-creuset-essential\/#breadcrumb\"},\"inLanguage\":\"fr-FR\",\"potentialAction\":[{\"@type\":\"ReadAction\",\"target\":[\"https:\/\/repan.ch\/fr\/produit\/le-creuset-essential\/\"]}]},{\"@type\":\"ImageObject\",\"inLanguage\":\"fr-FR\",\"@id\":\"https:\/\/repan.ch\/fr\/produit\/le-creuset-essential\/#primaryimage\",\"url\":\"https:\/\/repan.ch\/wp-content\/uploads\/2025\/12\/LeCreuset28AE.webp\",\"contentUrl\":\"https:\/\/repan.ch\/wp-content\/uploads\/2025\/12\/LeCreuset28AE.webp\",\"width\":1650,\"height\":1000,\"caption\":\"LeCreuset28AE\"},{\"@type\":\"BreadcrumbList\",\"@id\":\"https:\/\/repan.ch\/fr\/produit\/le-creuset-essential\/#breadcrumb\",\"itemListElement\":[{\"@type\":\"ListItem\",\"position\":1,\"name\":\"Accueil\",\"item\":\"https:\/\/repan.ch\/fr\/repan-2\/\"},{\"@type\":\"ListItem\",\"position\":2,\"name\":\"Shop\",\"item\":\"https:\/\/repan.ch\/shop\/\"},{\"@type\":\"ListItem\",\"position\":3,\"name\":\"Le Creuset Essential\"}]},{\"@type\":\"WebSite\",\"@id\":\"https:\/\/repan.ch\/#website\",\"url\":\"https:\/\/repan.ch\/\",\"name\":\"RePan\",\"description\":\"Pfannen &amp; Bleche neu beschichten\",\"publisher\":{\"@id\":\"https:\/\/repan.ch\/#organization\"},\"potentialAction\":[{\"@type\":\"SearchAction\",\"target\":{\"@type\":\"EntryPoint\",\"urlTemplate\":\"https:\/\/repan.ch\/?s={search_term_string}\"},\"query-input\":{\"@type\":\"PropertyValueSpecification\",\"valueRequired\":true,\"valueName\":\"search_term_string\"}}],\"inLanguage\":\"fr-FR\"},{\"@type\":\"Organization\",\"@id\":\"https:\/\/repan.ch\/#organization\",\"name\":\"RePan\",\"url\":\"https:\/\/repan.ch\/\",\"logo\":{\"@type\":\"ImageObject\",\"inLanguage\":\"fr-FR\",\"@id\":\"https:\/\/repan.ch\/#\/schema\/logo\/image\/\",\"url\":\"https:\/\/repan.ch\/wp-content\/uploads\/2025\/03\/LogoganzV2-hr2.webp\",\"contentUrl\":\"https:\/\/repan.ch\/wp-content\/uploads\/2025\/03\/LogoganzV2-hr2.webp\",\"width\":360,\"height\":195,\"caption\":\"RePan\"},\"image\":{\"@id\":\"https:\/\/repan.ch\/#\/schema\/logo\/image\/\"},\"hasMerchantReturnPolicy\":{\"@type\":\"MerchantReturnPolicy\",\"merchantReturnLink\":\"https:\/\/repan.ch\/garantie-rueckgabe\/\"}}]}<\/script>\n<meta property=\"product:brand\" content=\"Le Creuset\" \/>\n<meta property=\"og:availability\" content=\"instock\" \/>\n<meta property=\"product:availability\" content=\"instock\" \/>\n<meta property=\"product:condition\" content=\"new\" \/>\n<!-- \/ Yoast SEO Premium plugin. -->","yoast_head_json":{"title":"Le Creuset Essential neu beschichten | g\u00fcnstiger, nachhaltiger & besser","description":"Ce design attrayant et \u00e9l\u00e9gant de Le Creuset est un v\u00e9ritable accroche-regard et une po\u00eale \u00e0 frire id\u00e9ale pour la cuisine de tous les jours. La grande surface de cuisson et les parois lat\u00e9rales plates sont id\u00e9ales pour faire des omelettes, entre autres.","robots":{"index":"index","follow":"follow","max-snippet":"max-snippet:-1","max-image-preview":"max-image-preview:large","max-video-preview":"max-video-preview:-1"},"canonical":"https:\/\/repan.ch\/fr\/produit\/le-creuset-essential\/","og_locale":"fr_FR","og_type":"article","og_title":"RePan - Pfannen & Bleche neu beschichten","og_description":"G\u00fcnstiger, nachhaltiger & besser","og_url":"https:\/\/repan.ch\/fr\/produit\/le-creuset-essential\/","og_site_name":"RePan","article_modified_time":"2026-01-22T16:36:52+00:00","og_image":[{"width":1650,"height":1000,"url":"https:\/\/repan.ch\/wp-content\/uploads\/2025\/12\/LeCreuset28AE.webp","type":"image\/webp"}],"twitter_card":"summary_large_image","twitter_misc":{"Disponibilit\u00e9":"En stock"},"schema":{"@context":"https:\/\/schema.org","@graph":[{"@type":"WebPage","@id":"https:\/\/repan.ch\/fr\/produit\/le-creuset-essential\/","url":"https:\/\/repan.ch\/fr\/produit\/le-creuset-essential\/","name":"Le Creuset Essential neu beschichten | g\u00fcnstiger, nachhaltiger & besser","isPartOf":{"@id":"https:\/\/repan.ch\/#website"},"primaryImageOfPage":{"@id":"https:\/\/repan.ch\/fr\/produit\/le-creuset-essential\/#primaryimage"},"image":{"@id":"https:\/\/repan.ch\/fr\/produit\/le-creuset-essential\/#primaryimage"},"thumbnailUrl":"https:\/\/repan.ch\/wp-content\/uploads\/2025\/12\/LeCreuset28AE.webp","datePublished":"2025-12-30T02:34:51+00:00","dateModified":"2026-01-22T16:36:52+00:00","description":"Ce design attrayant et \u00e9l\u00e9gant de Le Creuset est un v\u00e9ritable accroche-regard et une po\u00eale \u00e0 frire id\u00e9ale pour la cuisine de tous les jours. La grande surface de cuisson et les parois lat\u00e9rales plates sont id\u00e9ales pour faire des omelettes, entre autres.","breadcrumb":{"@id":"https:\/\/repan.ch\/fr\/produit\/le-creuset-essential\/#breadcrumb"},"inLanguage":"fr-FR","potentialAction":[{"@type":"ReadAction","target":["https:\/\/repan.ch\/fr\/produit\/le-creuset-essential\/"]}]},{"@type":"ImageObject","inLanguage":"fr-FR","@id":"https:\/\/repan.ch\/fr\/produit\/le-creuset-essential\/#primaryimage","url":"https:\/\/repan.ch\/wp-content\/uploads\/2025\/12\/LeCreuset28AE.webp","contentUrl":"https:\/\/repan.ch\/wp-content\/uploads\/2025\/12\/LeCreuset28AE.webp","width":1650,"height":1000,"caption":"LeCreuset28AE"},{"@type":"BreadcrumbList","@id":"https:\/\/repan.ch\/fr\/produit\/le-creuset-essential\/#breadcrumb","itemListElement":[{"@type":"ListItem","position":1,"name":"Accueil","item":"https:\/\/repan.ch\/fr\/repan-2\/"},{"@type":"ListItem","position":2,"name":"Shop","item":"https:\/\/repan.ch\/shop\/"},{"@type":"ListItem","position":3,"name":"Le Creuset Essential"}]},{"@type":"WebSite","@id":"https:\/\/repan.ch\/#website","url":"https:\/\/repan.ch\/","name":"RePan","description":"Pfannen &amp; Bleche neu beschichten","publisher":{"@id":"https:\/\/repan.ch\/#organization"},"potentialAction":[{"@type":"SearchAction","target":{"@type":"EntryPoint","urlTemplate":"https:\/\/repan.ch\/?s={search_term_string}"},"query-input":{"@type":"PropertyValueSpecification","valueRequired":true,"valueName":"search_term_string"}}],"inLanguage":"fr-FR"},{"@type":"Organization","@id":"https:\/\/repan.ch\/#organization","name":"RePan","url":"https:\/\/repan.ch\/","logo":{"@type":"ImageObject","inLanguage":"fr-FR","@id":"https:\/\/repan.ch\/#\/schema\/logo\/image\/","url":"https:\/\/repan.ch\/wp-content\/uploads\/2025\/03\/LogoganzV2-hr2.webp","contentUrl":"https:\/\/repan.ch\/wp-content\/uploads\/2025\/03\/LogoganzV2-hr2.webp","width":360,"height":195,"caption":"RePan"},"image":{"@id":"https:\/\/repan.ch\/#\/schema\/logo\/image\/"},"hasMerchantReturnPolicy":{"@type":"MerchantReturnPolicy","merchantReturnLink":"https:\/\/repan.ch\/garantie-rueckgabe\/"}}]},"product_brand":"Le Creuset","og_availability":"instock","product_availability":"instock","product_condition":"new"},"_links":{"self":[{"href":"https:\/\/repan.ch\/fr\/wp-json\/wp\/v2\/product\/335769","targetHints":{"allow":["GET"]}}],"collection":[{"href":"https:\/\/repan.ch\/fr\/wp-json\/wp\/v2\/product"}],"about":[{"href":"https:\/\/repan.ch\/fr\/wp-json\/wp\/v2\/types\/product"}],"replies":[{"embeddable":true,"href":"https:\/\/repan.ch\/fr\/wp-json\/wp\/v2\/comments?post=335769"}],"version-history":[{"count":0,"href":"https:\/\/repan.ch\/fr\/wp-json\/wp\/v2\/product\/335769\/revisions"}],"wp:featuredmedia":[{"embeddable":true,"href":"https:\/\/repan.ch\/fr\/wp-json\/wp\/v2\/media\/333992"}],"wp:attachment":[{"href":"https:\/\/repan.ch\/fr\/wp-json\/wp\/v2\/media?parent=335769"}],"wp:term":[{"taxonomy":"product_brand","embeddable":true,"href":"https:\/\/repan.ch\/fr\/wp-json\/wp\/v2\/product_brand?post=335769"},{"taxonomy":"product_cat","embeddable":true,"href":"https:\/\/repan.ch\/fr\/wp-json\/wp\/v2\/product_cat?post=335769"},{"taxonomy":"product_tag","embeddable":true,"href":"https:\/\/repan.ch\/fr\/wp-json\/wp\/v2\/product_tag?post=335769"}],"curies":[{"name":"wp","href":"https:\/\/api.w.org\/{rel}","templated":true}]}}