
{"id":335609,"date":"2025-12-30T03:50:39","date_gmt":"2025-12-30T01:50:39","guid":{"rendered":"https:\/\/repan.ch\/product\/kuhn-rikon-avec-hick\/"},"modified":"2026-01-12T23:25:31","modified_gmt":"2026-01-12T21:25:31","slug":"kuhn-rikon-avec-hick","status":"publish","type":"product","link":"https:\/\/repan.ch\/fr\/produit\/kuhn-rikon-avec-hick\/","title":{"rendered":"Kuhn Rikon avec Hick"},"content":{"rendered":"<p>Au lieu de la jeter, nous aimerions donner une chance \u00e0 cette po\u00eale Kuhn Rikon pas tout \u00e0 fait parfaite. Bien qu&rsquo;elle soit neuve et de bonne qualit\u00e9, elle a probablement re\u00e7u un choc malsain lors de la production et n&rsquo;a pas \u00e9t\u00e9 trait\u00e9e avec autant de soin par le propri\u00e9taire pr\u00e9c\u00e9dent. Regarde dans la deuxi\u00e8me image, tu y verras la raison de la r\u00e9duction.Mais la casserole est aussi bien utilisable sans cela, car nous utilisons d\u00e9j\u00e0 depuis 2 ans de tels rebuts.<\/p>\n","protected":false},"excerpt":{"rendered":"<p>Au lieu de la jeter, nous aimerions donner une chance \u00e0 cette po\u00eale Kuhn Rikon pas tout \u00e0 fait parfaite. Bien que son rev\u00eatement soit neuf et de qualit\u00e9, elle pr\u00e9sente de nombreux petits creux dans le fond. Regarde dans la deuxi\u00e8me image, tu y verras la raison de la r\u00e9duction.<\/p>\n","protected":false},"featured_media":333374,"comment_status":"open","ping_status":"closed","template":"","meta":{"content-type":""},"product_brand":[],"product_cat":[2278],"product_tag":[2502],"class_list":{"0":"post-335609","1":"product","2":"type-product","3":"status-publish","4":"has-post-thumbnail","6":"product_cat-premium-fr","7":"product_tag-casseroles-bon-marche","8":"product_shipping_class-produit","9":"pa_typ-poele-a-frire","11":"first","12":"outofstock","13":"sale","14":"taxable","15":"shipping-taxable","16":"purchasable","17":"product-type-simple"},"yoast_head":"<!-- This site is optimized with the Yoast SEO Premium plugin v26.6 (Yoast SEO v27.1.1) - https:\/\/yoast.com\/product\/yoast-seo-premium-wordpress\/ -->\n<title>Kuhn Rikon avec Hick neu beschichten | g\u00fcnstiger, nachhaltiger &amp; besser<\/title>\n<meta name=\"description\" content=\"Au lieu de la jeter, nous aimerions donner une chance \u00e0 cette po\u00eale Kuhn Rikon pas tout \u00e0 fait parfaite. Bien qu&#039;elle soit recouverte d&#039;un nouveau rev\u00eatement et de qualit\u00e9...\" \/>\n<meta name=\"robots\" content=\"index, follow, max-snippet:-1, max-image-preview:large, max-video-preview:-1\" \/>\n<link rel=\"canonical\" href=\"https:\/\/repan.ch\/produkt\/kuhn-rikon-mit-hick-3\/\" \/>\n<meta property=\"og:locale\" content=\"fr_FR\" \/>\n<meta property=\"og:type\" content=\"article\" \/>\n<meta property=\"og:title\" content=\"RePan - Pfannen &amp; Bleche neu beschichten\" \/>\n<meta property=\"og:description\" content=\"G\u00fcnstiger, nachhaltiger &amp; besser\" \/>\n<meta property=\"og:url\" content=\"https:\/\/repan.ch\/produkt\/kuhn-rikon-mit-hick-3\/\" \/>\n<meta property=\"og:site_name\" content=\"RePan\" \/>\n<meta property=\"article:modified_time\" content=\"2026-01-12T21:25:31+00:00\" \/>\n<meta property=\"og:image\" content=\"https:\/\/repan.ch\/wp-content\/uploads\/2025\/12\/KuhnRikon26.webp\" \/>\n\t<meta property=\"og:image:width\" content=\"1650\" \/>\n\t<meta property=\"og:image:height\" content=\"1000\" \/>\n\t<meta property=\"og:image:type\" content=\"image\/webp\" \/>\n<meta name=\"twitter:card\" content=\"summary_large_image\" \/>\n<meta name=\"twitter:label1\" content=\"Prix\" \/>\n\t<meta name=\"twitter:data1\" content=\"&#067;&#072;&#070;&nbsp;49.00\" \/>\n\t<meta name=\"twitter:label2\" content=\"Disponibilit\u00e9\" \/>\n\t<meta name=\"twitter:data2\" content=\"Rupture de stock\" \/>\n<script type=\"application\/ld+json\" class=\"yoast-schema-graph\">{\"@context\":\"https:\/\/schema.org\",\"@graph\":[{\"@type\":\"WebPage\",\"@id\":\"https:\/\/repan.ch\/produkt\/kuhn-rikon-mit-hick-3\/\",\"url\":\"https:\/\/repan.ch\/produkt\/kuhn-rikon-mit-hick-3\/\",\"name\":\"Kuhn Rikon avec Hick neu beschichten | g\u00fcnstiger, nachhaltiger & besser\",\"isPartOf\":{\"@id\":\"https:\/\/repan.ch\/#website\"},\"primaryImageOfPage\":{\"@id\":\"https:\/\/repan.ch\/produkt\/kuhn-rikon-mit-hick-3\/#primaryimage\"},\"image\":{\"@id\":\"https:\/\/repan.ch\/produkt\/kuhn-rikon-mit-hick-3\/#primaryimage\"},\"thumbnailUrl\":\"https:\/\/repan.ch\/wp-content\/uploads\/2025\/12\/KuhnRikon26.webp\",\"datePublished\":\"2025-12-30T01:50:39+00:00\",\"dateModified\":\"2026-01-12T21:25:31+00:00\",\"description\":\"Au lieu de la jeter, nous aimerions donner une chance \u00e0 cette po\u00eale Kuhn Rikon pas tout \u00e0 fait parfaite. Bien qu'elle soit recouverte d'un nouveau rev\u00eatement et de qualit\u00e9...\",\"breadcrumb\":{\"@id\":\"https:\/\/repan.ch\/produkt\/kuhn-rikon-mit-hick-3\/#breadcrumb\"},\"inLanguage\":\"fr-FR\",\"potentialAction\":[{\"@type\":\"ReadAction\",\"target\":[\"https:\/\/repan.ch\/produkt\/kuhn-rikon-mit-hick-3\/\"]}]},{\"@type\":\"ImageObject\",\"inLanguage\":\"fr-FR\",\"@id\":\"https:\/\/repan.ch\/produkt\/kuhn-rikon-mit-hick-3\/#primaryimage\",\"url\":\"https:\/\/repan.ch\/wp-content\/uploads\/2025\/12\/KuhnRikon26.webp\",\"contentUrl\":\"https:\/\/repan.ch\/wp-content\/uploads\/2025\/12\/KuhnRikon26.webp\",\"width\":1650,\"height\":1000},{\"@type\":\"BreadcrumbList\",\"@id\":\"https:\/\/repan.ch\/produkt\/kuhn-rikon-mit-hick-3\/#breadcrumb\",\"itemListElement\":[{\"@type\":\"ListItem\",\"position\":1,\"name\":\"Accueil\",\"item\":\"https:\/\/repan.ch\/fr\/repan-2\/\"},{\"@type\":\"ListItem\",\"position\":2,\"name\":\"Shop\",\"item\":\"https:\/\/repan.ch\/shop\/\"},{\"@type\":\"ListItem\",\"position\":3,\"name\":\"Kuhn Rikon avec Hick\"}]},{\"@type\":\"WebSite\",\"@id\":\"https:\/\/repan.ch\/#website\",\"url\":\"https:\/\/repan.ch\/\",\"name\":\"RePan\",\"description\":\"Pfannen &amp; Bleche neu beschichten\",\"publisher\":{\"@id\":\"https:\/\/repan.ch\/#organization\"},\"potentialAction\":[{\"@type\":\"SearchAction\",\"target\":{\"@type\":\"EntryPoint\",\"urlTemplate\":\"https:\/\/repan.ch\/?s={search_term_string}\"},\"query-input\":{\"@type\":\"PropertyValueSpecification\",\"valueRequired\":true,\"valueName\":\"search_term_string\"}}],\"inLanguage\":\"fr-FR\"},{\"@type\":\"Organization\",\"@id\":\"https:\/\/repan.ch\/#organization\",\"name\":\"RePan\",\"url\":\"https:\/\/repan.ch\/\",\"logo\":{\"@type\":\"ImageObject\",\"inLanguage\":\"fr-FR\",\"@id\":\"https:\/\/repan.ch\/#\/schema\/logo\/image\/\",\"url\":\"https:\/\/repan.ch\/wp-content\/uploads\/2025\/03\/LogoganzV2-hr2.webp\",\"contentUrl\":\"https:\/\/repan.ch\/wp-content\/uploads\/2025\/03\/LogoganzV2-hr2.webp\",\"width\":360,\"height\":195,\"caption\":\"RePan\"},\"image\":{\"@id\":\"https:\/\/repan.ch\/#\/schema\/logo\/image\/\"},\"hasMerchantReturnPolicy\":{\"@type\":\"MerchantReturnPolicy\",\"merchantReturnLink\":\"https:\/\/repan.ch\/garantie-rueckgabe\/\"}}]}<\/script>\n<meta property=\"product:price:amount\" content=\"49.00\" \/>\n<meta property=\"product:price:currency\" content=\"CHF\" \/>\n<meta property=\"og:availability\" content=\"out of stock\" \/>\n<meta property=\"product:availability\" content=\"out of stock\" \/>\n<meta property=\"product:retailer_item_id\" content=\"241901 (B011)\" \/>\n<meta property=\"product:condition\" content=\"new\" \/>\n<!-- \/ Yoast SEO Premium plugin. -->","yoast_head_json":{"title":"Kuhn Rikon avec Hick neu beschichten | g\u00fcnstiger, nachhaltiger & besser","description":"Au lieu de la jeter, nous aimerions donner une chance \u00e0 cette po\u00eale Kuhn Rikon pas tout \u00e0 fait parfaite. Bien qu'elle soit recouverte d'un nouveau rev\u00eatement et de qualit\u00e9...","robots":{"index":"index","follow":"follow","max-snippet":"max-snippet:-1","max-image-preview":"max-image-preview:large","max-video-preview":"max-video-preview:-1"},"canonical":"https:\/\/repan.ch\/produkt\/kuhn-rikon-mit-hick-3\/","og_locale":"fr_FR","og_type":"article","og_title":"RePan - Pfannen & Bleche neu beschichten","og_description":"G\u00fcnstiger, nachhaltiger & besser","og_url":"https:\/\/repan.ch\/produkt\/kuhn-rikon-mit-hick-3\/","og_site_name":"RePan","article_modified_time":"2026-01-12T21:25:31+00:00","og_image":[{"width":1650,"height":1000,"url":"https:\/\/repan.ch\/wp-content\/uploads\/2025\/12\/KuhnRikon26.webp","type":"image\/webp"}],"twitter_card":"summary_large_image","twitter_misc":{"Prix":"&#67;&#72;&#70;&nbsp;49.00","Disponibilit\u00e9":"Rupture de stock"},"schema":{"@context":"https:\/\/schema.org","@graph":[{"@type":"WebPage","@id":"https:\/\/repan.ch\/produkt\/kuhn-rikon-mit-hick-3\/","url":"https:\/\/repan.ch\/produkt\/kuhn-rikon-mit-hick-3\/","name":"Kuhn Rikon avec Hick neu beschichten | g\u00fcnstiger, nachhaltiger & besser","isPartOf":{"@id":"https:\/\/repan.ch\/#website"},"primaryImageOfPage":{"@id":"https:\/\/repan.ch\/produkt\/kuhn-rikon-mit-hick-3\/#primaryimage"},"image":{"@id":"https:\/\/repan.ch\/produkt\/kuhn-rikon-mit-hick-3\/#primaryimage"},"thumbnailUrl":"https:\/\/repan.ch\/wp-content\/uploads\/2025\/12\/KuhnRikon26.webp","datePublished":"2025-12-30T01:50:39+00:00","dateModified":"2026-01-12T21:25:31+00:00","description":"Au lieu de la jeter, nous aimerions donner une chance \u00e0 cette po\u00eale Kuhn Rikon pas tout \u00e0 fait parfaite. Bien qu'elle soit recouverte d'un nouveau rev\u00eatement et de qualit\u00e9...","breadcrumb":{"@id":"https:\/\/repan.ch\/produkt\/kuhn-rikon-mit-hick-3\/#breadcrumb"},"inLanguage":"fr-FR","potentialAction":[{"@type":"ReadAction","target":["https:\/\/repan.ch\/produkt\/kuhn-rikon-mit-hick-3\/"]}]},{"@type":"ImageObject","inLanguage":"fr-FR","@id":"https:\/\/repan.ch\/produkt\/kuhn-rikon-mit-hick-3\/#primaryimage","url":"https:\/\/repan.ch\/wp-content\/uploads\/2025\/12\/KuhnRikon26.webp","contentUrl":"https:\/\/repan.ch\/wp-content\/uploads\/2025\/12\/KuhnRikon26.webp","width":1650,"height":1000},{"@type":"BreadcrumbList","@id":"https:\/\/repan.ch\/produkt\/kuhn-rikon-mit-hick-3\/#breadcrumb","itemListElement":[{"@type":"ListItem","position":1,"name":"Accueil","item":"https:\/\/repan.ch\/fr\/repan-2\/"},{"@type":"ListItem","position":2,"name":"Shop","item":"https:\/\/repan.ch\/shop\/"},{"@type":"ListItem","position":3,"name":"Kuhn Rikon avec Hick"}]},{"@type":"WebSite","@id":"https:\/\/repan.ch\/#website","url":"https:\/\/repan.ch\/","name":"RePan","description":"Pfannen &amp; Bleche neu beschichten","publisher":{"@id":"https:\/\/repan.ch\/#organization"},"potentialAction":[{"@type":"SearchAction","target":{"@type":"EntryPoint","urlTemplate":"https:\/\/repan.ch\/?s={search_term_string}"},"query-input":{"@type":"PropertyValueSpecification","valueRequired":true,"valueName":"search_term_string"}}],"inLanguage":"fr-FR"},{"@type":"Organization","@id":"https:\/\/repan.ch\/#organization","name":"RePan","url":"https:\/\/repan.ch\/","logo":{"@type":"ImageObject","inLanguage":"fr-FR","@id":"https:\/\/repan.ch\/#\/schema\/logo\/image\/","url":"https:\/\/repan.ch\/wp-content\/uploads\/2025\/03\/LogoganzV2-hr2.webp","contentUrl":"https:\/\/repan.ch\/wp-content\/uploads\/2025\/03\/LogoganzV2-hr2.webp","width":360,"height":195,"caption":"RePan"},"image":{"@id":"https:\/\/repan.ch\/#\/schema\/logo\/image\/"},"hasMerchantReturnPolicy":{"@type":"MerchantReturnPolicy","merchantReturnLink":"https:\/\/repan.ch\/garantie-rueckgabe\/"}}]},"product_price_amount":"49.00","product_price_currency":"CHF","og_availability":"out of stock","product_availability":"out of stock","product_retailer_item_id":"241901 (B011)","product_condition":"new"},"_links":{"self":[{"href":"https:\/\/repan.ch\/fr\/wp-json\/wp\/v2\/product\/335609","targetHints":{"allow":["GET"]}}],"collection":[{"href":"https:\/\/repan.ch\/fr\/wp-json\/wp\/v2\/product"}],"about":[{"href":"https:\/\/repan.ch\/fr\/wp-json\/wp\/v2\/types\/product"}],"replies":[{"embeddable":true,"href":"https:\/\/repan.ch\/fr\/wp-json\/wp\/v2\/comments?post=335609"}],"version-history":[{"count":0,"href":"https:\/\/repan.ch\/fr\/wp-json\/wp\/v2\/product\/335609\/revisions"}],"wp:featuredmedia":[{"embeddable":true,"href":"https:\/\/repan.ch\/fr\/wp-json\/wp\/v2\/media\/333374"}],"wp:attachment":[{"href":"https:\/\/repan.ch\/fr\/wp-json\/wp\/v2\/media?parent=335609"}],"wp:term":[{"taxonomy":"product_brand","embeddable":true,"href":"https:\/\/repan.ch\/fr\/wp-json\/wp\/v2\/product_brand?post=335609"},{"taxonomy":"product_cat","embeddable":true,"href":"https:\/\/repan.ch\/fr\/wp-json\/wp\/v2\/product_cat?post=335609"},{"taxonomy":"product_tag","embeddable":true,"href":"https:\/\/repan.ch\/fr\/wp-json\/wp\/v2\/product_tag?post=335609"}],"curies":[{"name":"wp","href":"https:\/\/api.w.org\/{rel}","templated":true}]}}