
{"id":335491,"date":"2025-12-30T04:58:02","date_gmt":"2025-12-30T02:58:02","guid":{"rendered":"https:\/\/repan.ch\/product\/kuhn-rikon-easy-ceramic\/"},"modified":"2026-03-24T09:41:50","modified_gmt":"2026-03-24T07:41:50","slug":"kuhn-rikon-easy-ceramic","status":"publish","type":"product","link":"https:\/\/repan.ch\/fr\/produit\/kuhn-rikon-easy-ceramic\/","title":{"rendered":"Kuhn Rikon Easy Ceramic"},"content":{"rendered":"<p>D\u00e9couvre la Kuhn Rikon Easy Ceramic ou Easy Induction de haute qualit\u00e9 en aluminium avec un manche en bak\u00e9lite robuste. Cette po\u00eale durable offre une qualit\u00e9 de premier ordre et est un must pour ta cuisine. RePan pr\u00e9serve le design, les mat\u00e9riaux et les ressources suisses et rev\u00eat \u00e0 nouveau avec le rev\u00eatement le plus durable.  <\/p>\n","protected":false},"excerpt":{"rendered":"<p>D\u00e9couvre la Kuhn Rikon Easy Ceramic ou Easy Induction de haute qualit\u00e9 en aluminium avec un manche en bak\u00e9lite robuste. Cette po\u00eale durable offre une qualit\u00e9 de premier ordre et est un must pour ta cuisine. RePan pr\u00e9serve le design, les mat\u00e9riaux et les ressources suisses et rev\u00eat \u00e0 nouveau avec le rev\u00eatement le plus durable.  <\/p>\n","protected":false},"featured_media":0,"comment_status":"open","ping_status":"closed","template":"","meta":{"content-type":""},"product_brand":[574],"product_cat":[2278],"product_tag":[1705],"class_list":{"0":"post-335491","1":"product","2":"type-product","3":"status-publish","5":"product_brand-kuhn-rikon","6":"product_cat-premium-fr","7":"product_tag-casseroles-suisses","8":"product_shipping_class-produit","9":"pa_typ-gril","10":"pa_typ-poele-a-frire","11":"pa_typ-poele-wok","12":"pa_typ-pot","13":"pa_typ-sauteuse","15":"first","16":"instock","17":"taxable","18":"shipping-taxable","19":"purchasable","20":"product-type-variable"},"yoast_head":"<!-- This site is optimized with the Yoast SEO Premium plugin v26.6 (Yoast SEO v27.1.1) - https:\/\/yoast.com\/product\/yoast-seo-premium-wordpress\/ -->\n<title>Kuhn Rikon Easy Ceramic neu beschichten | g\u00fcnstiger, nachhaltiger &amp; besser<\/title>\n<meta name=\"description\" content=\"D\u00e9couvre la Kuhn Rikon Easy Ceramic ou Easy Induction de haute qualit\u00e9 en aluminium avec un manche en bak\u00e9lite robuste. Cette po\u00eale durable offre une qualit\u00e9 de premier ordre et est un must pour ta cuisine. RePan pr\u00e9serve le design, les mat\u00e9riaux et les ressources suisses et rev\u00eat \u00e0 nouveau avec le rev\u00eatement le plus durable.\" \/>\n<meta name=\"robots\" content=\"index, follow, max-snippet:-1, max-image-preview:large, max-video-preview:-1\" \/>\n<link rel=\"canonical\" href=\"https:\/\/repan.ch\/produkt\/kuhn-rikon-ak\/\" \/>\n<meta property=\"og:locale\" content=\"fr_FR\" \/>\n<meta property=\"og:type\" content=\"article\" \/>\n<meta property=\"og:title\" content=\"RePan - Pfannen &amp; Bleche neu beschichten\" \/>\n<meta property=\"og:description\" content=\"G\u00fcnstiger, nachhaltiger &amp; besser\" \/>\n<meta property=\"og:url\" content=\"https:\/\/repan.ch\/produkt\/kuhn-rikon-ak\/\" \/>\n<meta property=\"og:site_name\" content=\"RePan\" \/>\n<meta property=\"article:modified_time\" content=\"2026-03-24T07:41:50+00:00\" \/>\n<meta property=\"og:image\" content=\"https:\/\/repan.ch\/wp-content\/uploads\/2025\/12\/RePan-Pfannen-Bleche-neu-beschichten.jpg\" \/>\n\t<meta property=\"og:image:width\" content=\"1650\" \/>\n\t<meta property=\"og:image:height\" content=\"1000\" \/>\n\t<meta property=\"og:image:type\" content=\"image\/jpeg\" \/>\n<meta name=\"twitter:card\" content=\"summary_large_image\" \/>\n<meta name=\"twitter:label1\" content=\"Disponibilit\u00e9\" \/>\n\t<meta name=\"twitter:data1\" content=\"En stock\" \/>\n<script type=\"application\/ld+json\" class=\"yoast-schema-graph\">{\"@context\":\"https:\/\/schema.org\",\"@graph\":[{\"@type\":\"WebPage\",\"@id\":\"https:\/\/repan.ch\/produkt\/kuhn-rikon-ak\/\",\"url\":\"https:\/\/repan.ch\/produkt\/kuhn-rikon-ak\/\",\"name\":\"Kuhn Rikon Easy Ceramic neu beschichten | g\u00fcnstiger, nachhaltiger & besser\",\"isPartOf\":{\"@id\":\"https:\/\/repan.ch\/#website\"},\"datePublished\":\"2025-12-30T02:58:02+00:00\",\"dateModified\":\"2026-03-24T07:41:50+00:00\",\"description\":\"D\u00e9couvre la Kuhn Rikon Easy Ceramic ou Easy Induction de haute qualit\u00e9 en aluminium avec un manche en bak\u00e9lite robuste. Cette po\u00eale durable offre une qualit\u00e9 de premier ordre et est un must pour ta cuisine. RePan pr\u00e9serve le design, les mat\u00e9riaux et les ressources suisses et rev\u00eat \u00e0 nouveau avec le rev\u00eatement le plus durable.\",\"breadcrumb\":{\"@id\":\"https:\/\/repan.ch\/produkt\/kuhn-rikon-ak\/#breadcrumb\"},\"inLanguage\":\"fr-FR\",\"potentialAction\":[{\"@type\":\"ReadAction\",\"target\":[\"https:\/\/repan.ch\/produkt\/kuhn-rikon-ak\/\"]}]},{\"@type\":\"BreadcrumbList\",\"@id\":\"https:\/\/repan.ch\/produkt\/kuhn-rikon-ak\/#breadcrumb\",\"itemListElement\":[{\"@type\":\"ListItem\",\"position\":1,\"name\":\"Accueil\",\"item\":\"https:\/\/repan.ch\/fr\/repan-2\/\"},{\"@type\":\"ListItem\",\"position\":2,\"name\":\"Shop\",\"item\":\"https:\/\/repan.ch\/shop\/\"},{\"@type\":\"ListItem\",\"position\":3,\"name\":\"Kuhn Rikon Easy Ceramic\"}]},{\"@type\":\"WebSite\",\"@id\":\"https:\/\/repan.ch\/#website\",\"url\":\"https:\/\/repan.ch\/\",\"name\":\"RePan\",\"description\":\"Pfannen &amp; Bleche neu beschichten\",\"publisher\":{\"@id\":\"https:\/\/repan.ch\/#organization\"},\"potentialAction\":[{\"@type\":\"SearchAction\",\"target\":{\"@type\":\"EntryPoint\",\"urlTemplate\":\"https:\/\/repan.ch\/?s={search_term_string}\"},\"query-input\":{\"@type\":\"PropertyValueSpecification\",\"valueRequired\":true,\"valueName\":\"search_term_string\"}}],\"inLanguage\":\"fr-FR\"},{\"@type\":\"Organization\",\"@id\":\"https:\/\/repan.ch\/#organization\",\"name\":\"RePan\",\"url\":\"https:\/\/repan.ch\/\",\"logo\":{\"@type\":\"ImageObject\",\"inLanguage\":\"fr-FR\",\"@id\":\"https:\/\/repan.ch\/#\/schema\/logo\/image\/\",\"url\":\"https:\/\/repan.ch\/wp-content\/uploads\/2025\/03\/LogoganzV2-hr2.webp\",\"contentUrl\":\"https:\/\/repan.ch\/wp-content\/uploads\/2025\/03\/LogoganzV2-hr2.webp\",\"width\":360,\"height\":195,\"caption\":\"RePan\"},\"image\":{\"@id\":\"https:\/\/repan.ch\/#\/schema\/logo\/image\/\"},\"hasMerchantReturnPolicy\":{\"@type\":\"MerchantReturnPolicy\",\"merchantReturnLink\":\"https:\/\/repan.ch\/garantie-rueckgabe\/\"}}]}<\/script>\n<meta property=\"product:brand\" content=\"Kuhn Rikon\" \/>\n<meta property=\"og:availability\" content=\"instock\" \/>\n<meta property=\"product:availability\" content=\"instock\" \/>\n<meta property=\"product:condition\" content=\"new\" \/>\n<!-- \/ Yoast SEO Premium plugin. -->","yoast_head_json":{"title":"Kuhn Rikon Easy Ceramic neu beschichten | g\u00fcnstiger, nachhaltiger & besser","description":"D\u00e9couvre la Kuhn Rikon Easy Ceramic ou Easy Induction de haute qualit\u00e9 en aluminium avec un manche en bak\u00e9lite robuste. Cette po\u00eale durable offre une qualit\u00e9 de premier ordre et est un must pour ta cuisine. RePan pr\u00e9serve le design, les mat\u00e9riaux et les ressources suisses et rev\u00eat \u00e0 nouveau avec le rev\u00eatement le plus durable.","robots":{"index":"index","follow":"follow","max-snippet":"max-snippet:-1","max-image-preview":"max-image-preview:large","max-video-preview":"max-video-preview:-1"},"canonical":"https:\/\/repan.ch\/produkt\/kuhn-rikon-ak\/","og_locale":"fr_FR","og_type":"article","og_title":"RePan - Pfannen & Bleche neu beschichten","og_description":"G\u00fcnstiger, nachhaltiger & besser","og_url":"https:\/\/repan.ch\/produkt\/kuhn-rikon-ak\/","og_site_name":"RePan","article_modified_time":"2026-03-24T07:41:50+00:00","og_image":[{"width":1650,"height":1000,"url":"https:\/\/repan.ch\/wp-content\/uploads\/2025\/12\/RePan-Pfannen-Bleche-neu-beschichten.jpg","type":"image\/jpeg"}],"twitter_card":"summary_large_image","twitter_misc":{"Disponibilit\u00e9":"En stock"},"schema":{"@context":"https:\/\/schema.org","@graph":[{"@type":"WebPage","@id":"https:\/\/repan.ch\/produkt\/kuhn-rikon-ak\/","url":"https:\/\/repan.ch\/produkt\/kuhn-rikon-ak\/","name":"Kuhn Rikon Easy Ceramic neu beschichten | g\u00fcnstiger, nachhaltiger & besser","isPartOf":{"@id":"https:\/\/repan.ch\/#website"},"datePublished":"2025-12-30T02:58:02+00:00","dateModified":"2026-03-24T07:41:50+00:00","description":"D\u00e9couvre la Kuhn Rikon Easy Ceramic ou Easy Induction de haute qualit\u00e9 en aluminium avec un manche en bak\u00e9lite robuste. Cette po\u00eale durable offre une qualit\u00e9 de premier ordre et est un must pour ta cuisine. RePan pr\u00e9serve le design, les mat\u00e9riaux et les ressources suisses et rev\u00eat \u00e0 nouveau avec le rev\u00eatement le plus durable.","breadcrumb":{"@id":"https:\/\/repan.ch\/produkt\/kuhn-rikon-ak\/#breadcrumb"},"inLanguage":"fr-FR","potentialAction":[{"@type":"ReadAction","target":["https:\/\/repan.ch\/produkt\/kuhn-rikon-ak\/"]}]},{"@type":"BreadcrumbList","@id":"https:\/\/repan.ch\/produkt\/kuhn-rikon-ak\/#breadcrumb","itemListElement":[{"@type":"ListItem","position":1,"name":"Accueil","item":"https:\/\/repan.ch\/fr\/repan-2\/"},{"@type":"ListItem","position":2,"name":"Shop","item":"https:\/\/repan.ch\/shop\/"},{"@type":"ListItem","position":3,"name":"Kuhn Rikon Easy Ceramic"}]},{"@type":"WebSite","@id":"https:\/\/repan.ch\/#website","url":"https:\/\/repan.ch\/","name":"RePan","description":"Pfannen &amp; Bleche neu beschichten","publisher":{"@id":"https:\/\/repan.ch\/#organization"},"potentialAction":[{"@type":"SearchAction","target":{"@type":"EntryPoint","urlTemplate":"https:\/\/repan.ch\/?s={search_term_string}"},"query-input":{"@type":"PropertyValueSpecification","valueRequired":true,"valueName":"search_term_string"}}],"inLanguage":"fr-FR"},{"@type":"Organization","@id":"https:\/\/repan.ch\/#organization","name":"RePan","url":"https:\/\/repan.ch\/","logo":{"@type":"ImageObject","inLanguage":"fr-FR","@id":"https:\/\/repan.ch\/#\/schema\/logo\/image\/","url":"https:\/\/repan.ch\/wp-content\/uploads\/2025\/03\/LogoganzV2-hr2.webp","contentUrl":"https:\/\/repan.ch\/wp-content\/uploads\/2025\/03\/LogoganzV2-hr2.webp","width":360,"height":195,"caption":"RePan"},"image":{"@id":"https:\/\/repan.ch\/#\/schema\/logo\/image\/"},"hasMerchantReturnPolicy":{"@type":"MerchantReturnPolicy","merchantReturnLink":"https:\/\/repan.ch\/garantie-rueckgabe\/"}}]},"product_brand":"Kuhn Rikon","og_availability":"instock","product_availability":"instock","product_condition":"new"},"_links":{"self":[{"href":"https:\/\/repan.ch\/fr\/wp-json\/wp\/v2\/product\/335491","targetHints":{"allow":["GET"]}}],"collection":[{"href":"https:\/\/repan.ch\/fr\/wp-json\/wp\/v2\/product"}],"about":[{"href":"https:\/\/repan.ch\/fr\/wp-json\/wp\/v2\/types\/product"}],"replies":[{"embeddable":true,"href":"https:\/\/repan.ch\/fr\/wp-json\/wp\/v2\/comments?post=335491"}],"version-history":[{"count":0,"href":"https:\/\/repan.ch\/fr\/wp-json\/wp\/v2\/product\/335491\/revisions"}],"wp:attachment":[{"href":"https:\/\/repan.ch\/fr\/wp-json\/wp\/v2\/media?parent=335491"}],"wp:term":[{"taxonomy":"product_brand","embeddable":true,"href":"https:\/\/repan.ch\/fr\/wp-json\/wp\/v2\/product_brand?post=335491"},{"taxonomy":"product_cat","embeddable":true,"href":"https:\/\/repan.ch\/fr\/wp-json\/wp\/v2\/product_cat?post=335491"},{"taxonomy":"product_tag","embeddable":true,"href":"https:\/\/repan.ch\/fr\/wp-json\/wp\/v2\/product_tag?post=335491"}],"curies":[{"name":"wp","href":"https:\/\/api.w.org\/{rel}","templated":true}]}}