
{"id":335475,"date":"2025-12-30T03:53:18","date_gmt":"2025-12-30T01:53:18","guid":{"rendered":"https:\/\/repan.ch\/product\/ikea-barbecue-28-cm-avec-bosses\/"},"modified":"2026-01-12T23:22:11","modified_gmt":"2026-01-12T21:22:11","slug":"ikea-barbecue-28-cm-avec-bosses","status":"publish","type":"product","link":"https:\/\/repan.ch\/fr\/produit\/ikea-barbecue-28-cm-avec-bosses\/","title":{"rendered":"Ikea - Barbecue 28 cm avec bosses"},"content":{"rendered":"<p>Au lieu de la jeter, nous aimerions tout de m\u00eame donner une chance \u00e0 cette po\u00eale Ikea pas tout \u00e0 fait parfaite. Bien qu&rsquo;elle soit recouverte d&rsquo;un nouveau rev\u00eatement et qu&rsquo;elle soit de qualit\u00e9, elle a \u00e9t\u00e9 victime d&rsquo;un ph\u00e9nom\u00e8ne physique lors de la production. Les atomes \u00e9trangers qui se sont diffus\u00e9s dans le m\u00e9tal pendant la vie de l&rsquo;animal se sont \u00e9vapor\u00e9s pendant la cuisson, cr\u00e9ant ainsi ces bosses dures. Regarde dans la deuxi\u00e8me image, tu y verras la raison de la r\u00e9duction.<\/p>\n","protected":false},"excerpt":{"rendered":"<p>Au lieu de la jeter, nous aimerions donner une chance \u00e0 cette po\u00eale Kuhn Rikon pas tout \u00e0 fait parfaite. Bien que son rev\u00eatement soit neuf et de qualit\u00e9, elle pr\u00e9sente de nombreux petits creux dans le fond. Regarde dans la deuxi\u00e8me image, tu y verras la raison de la r\u00e9duction.<\/p>\n","protected":false},"featured_media":333415,"comment_status":"open","ping_status":"closed","template":"","meta":{"content-type":""},"product_brand":[],"product_cat":[2271],"product_tag":[2502],"class_list":{"0":"post-335475","1":"product","2":"type-product","3":"status-publish","4":"has-post-thumbnail","6":"product_cat-basique","7":"product_tag-casseroles-bon-marche","8":"product_shipping_class-produit","9":"pa_typ-gril","11":"first","12":"outofstock","13":"sale","14":"taxable","15":"shipping-taxable","16":"purchasable","17":"product-type-simple"},"yoast_head":"<!-- This site is optimized with the Yoast SEO Premium plugin v26.6 (Yoast SEO v27.1.1) - https:\/\/yoast.com\/product\/yoast-seo-premium-wordpress\/ -->\n<title>Ikea - Barbecue 28 cm avec bosses neu beschichten | g\u00fcnstiger, nachhaltiger &amp; besser<\/title>\n<meta name=\"description\" content=\"Au lieu de la jeter, nous aimerions donner une chance \u00e0 cette po\u00eale Kuhn Rikon pas tout \u00e0 fait parfaite. Bien qu&#039;elle soit recouverte d&#039;un nouveau rev\u00eatement et de qualit\u00e9...\" \/>\n<meta name=\"robots\" content=\"index, follow, max-snippet:-1, max-image-preview:large, max-video-preview:-1\" \/>\n<link rel=\"canonical\" href=\"https:\/\/repan.ch\/produkt\/ikea-mit-beulen\/\" \/>\n<meta property=\"og:locale\" content=\"fr_FR\" \/>\n<meta property=\"og:type\" content=\"article\" \/>\n<meta property=\"og:title\" content=\"RePan - Pfannen &amp; Bleche neu beschichten\" \/>\n<meta property=\"og:description\" content=\"G\u00fcnstiger, nachhaltiger &amp; besser\" \/>\n<meta property=\"og:url\" content=\"https:\/\/repan.ch\/produkt\/ikea-mit-beulen\/\" \/>\n<meta property=\"og:site_name\" content=\"RePan\" \/>\n<meta property=\"article:modified_time\" content=\"2026-01-12T21:22:11+00:00\" \/>\n<meta property=\"og:image\" content=\"https:\/\/repan.ch\/wp-content\/uploads\/2025\/12\/B007-Ikea-1.webp\" \/>\n\t<meta property=\"og:image:width\" content=\"1650\" \/>\n\t<meta property=\"og:image:height\" content=\"1000\" \/>\n\t<meta property=\"og:image:type\" content=\"image\/webp\" \/>\n<meta name=\"twitter:card\" content=\"summary_large_image\" \/>\n<meta name=\"twitter:label1\" content=\"Prix\" \/>\n\t<meta name=\"twitter:data1\" content=\"&#067;&#072;&#070;&nbsp;35.00\" \/>\n\t<meta name=\"twitter:label2\" content=\"Disponibilit\u00e9\" \/>\n\t<meta name=\"twitter:data2\" content=\"Rupture de stock\" \/>\n<script type=\"application\/ld+json\" class=\"yoast-schema-graph\">{\"@context\":\"https:\/\/schema.org\",\"@graph\":[{\"@type\":\"WebPage\",\"@id\":\"https:\/\/repan.ch\/produkt\/ikea-mit-beulen\/\",\"url\":\"https:\/\/repan.ch\/produkt\/ikea-mit-beulen\/\",\"name\":\"Ikea - Barbecue 28 cm avec bosses neu beschichten | g\u00fcnstiger, nachhaltiger & besser\",\"isPartOf\":{\"@id\":\"https:\/\/repan.ch\/#website\"},\"primaryImageOfPage\":{\"@id\":\"https:\/\/repan.ch\/produkt\/ikea-mit-beulen\/#primaryimage\"},\"image\":{\"@id\":\"https:\/\/repan.ch\/produkt\/ikea-mit-beulen\/#primaryimage\"},\"thumbnailUrl\":\"https:\/\/repan.ch\/wp-content\/uploads\/2025\/12\/B007-Ikea-1.webp\",\"datePublished\":\"2025-12-30T01:53:18+00:00\",\"dateModified\":\"2026-01-12T21:22:11+00:00\",\"description\":\"Au lieu de la jeter, nous aimerions donner une chance \u00e0 cette po\u00eale Kuhn Rikon pas tout \u00e0 fait parfaite. Bien qu'elle soit recouverte d'un nouveau rev\u00eatement et de qualit\u00e9...\",\"breadcrumb\":{\"@id\":\"https:\/\/repan.ch\/produkt\/ikea-mit-beulen\/#breadcrumb\"},\"inLanguage\":\"fr-FR\",\"potentialAction\":[{\"@type\":\"ReadAction\",\"target\":[\"https:\/\/repan.ch\/produkt\/ikea-mit-beulen\/\"]}]},{\"@type\":\"ImageObject\",\"inLanguage\":\"fr-FR\",\"@id\":\"https:\/\/repan.ch\/produkt\/ikea-mit-beulen\/#primaryimage\",\"url\":\"https:\/\/repan.ch\/wp-content\/uploads\/2025\/12\/B007-Ikea-1.webp\",\"contentUrl\":\"https:\/\/repan.ch\/wp-content\/uploads\/2025\/12\/B007-Ikea-1.webp\",\"width\":1650,\"height\":1000},{\"@type\":\"BreadcrumbList\",\"@id\":\"https:\/\/repan.ch\/produkt\/ikea-mit-beulen\/#breadcrumb\",\"itemListElement\":[{\"@type\":\"ListItem\",\"position\":1,\"name\":\"Accueil\",\"item\":\"https:\/\/repan.ch\/fr\/repan-2\/\"},{\"@type\":\"ListItem\",\"position\":2,\"name\":\"Shop\",\"item\":\"https:\/\/repan.ch\/shop\/\"},{\"@type\":\"ListItem\",\"position\":3,\"name\":\"Ikea - Barbecue 28 cm avec bosses\"}]},{\"@type\":\"WebSite\",\"@id\":\"https:\/\/repan.ch\/#website\",\"url\":\"https:\/\/repan.ch\/\",\"name\":\"RePan\",\"description\":\"Pfannen &amp; Bleche neu beschichten\",\"publisher\":{\"@id\":\"https:\/\/repan.ch\/#organization\"},\"potentialAction\":[{\"@type\":\"SearchAction\",\"target\":{\"@type\":\"EntryPoint\",\"urlTemplate\":\"https:\/\/repan.ch\/?s={search_term_string}\"},\"query-input\":{\"@type\":\"PropertyValueSpecification\",\"valueRequired\":true,\"valueName\":\"search_term_string\"}}],\"inLanguage\":\"fr-FR\"},{\"@type\":\"Organization\",\"@id\":\"https:\/\/repan.ch\/#organization\",\"name\":\"RePan\",\"url\":\"https:\/\/repan.ch\/\",\"logo\":{\"@type\":\"ImageObject\",\"inLanguage\":\"fr-FR\",\"@id\":\"https:\/\/repan.ch\/#\/schema\/logo\/image\/\",\"url\":\"https:\/\/repan.ch\/wp-content\/uploads\/2025\/03\/LogoganzV2-hr2.webp\",\"contentUrl\":\"https:\/\/repan.ch\/wp-content\/uploads\/2025\/03\/LogoganzV2-hr2.webp\",\"width\":360,\"height\":195,\"caption\":\"RePan\"},\"image\":{\"@id\":\"https:\/\/repan.ch\/#\/schema\/logo\/image\/\"},\"hasMerchantReturnPolicy\":{\"@type\":\"MerchantReturnPolicy\",\"merchantReturnLink\":\"https:\/\/repan.ch\/garantie-rueckgabe\/\"}}]}<\/script>\n<meta property=\"product:price:amount\" content=\"35.00\" \/>\n<meta property=\"product:price:currency\" content=\"CHF\" \/>\n<meta property=\"og:availability\" content=\"out of stock\" \/>\n<meta property=\"product:availability\" content=\"out of stock\" \/>\n<meta property=\"product:retailer_item_id\" content=\"241893 (B007)\" \/>\n<meta property=\"product:condition\" content=\"new\" \/>\n<!-- \/ Yoast SEO Premium plugin. -->","yoast_head_json":{"title":"Ikea - Barbecue 28 cm avec bosses neu beschichten | g\u00fcnstiger, nachhaltiger & besser","description":"Au lieu de la jeter, nous aimerions donner une chance \u00e0 cette po\u00eale Kuhn Rikon pas tout \u00e0 fait parfaite. Bien qu'elle soit recouverte d'un nouveau rev\u00eatement et de qualit\u00e9...","robots":{"index":"index","follow":"follow","max-snippet":"max-snippet:-1","max-image-preview":"max-image-preview:large","max-video-preview":"max-video-preview:-1"},"canonical":"https:\/\/repan.ch\/produkt\/ikea-mit-beulen\/","og_locale":"fr_FR","og_type":"article","og_title":"RePan - Pfannen & Bleche neu beschichten","og_description":"G\u00fcnstiger, nachhaltiger & besser","og_url":"https:\/\/repan.ch\/produkt\/ikea-mit-beulen\/","og_site_name":"RePan","article_modified_time":"2026-01-12T21:22:11+00:00","og_image":[{"width":1650,"height":1000,"url":"https:\/\/repan.ch\/wp-content\/uploads\/2025\/12\/B007-Ikea-1.webp","type":"image\/webp"}],"twitter_card":"summary_large_image","twitter_misc":{"Prix":"&#67;&#72;&#70;&nbsp;35.00","Disponibilit\u00e9":"Rupture de stock"},"schema":{"@context":"https:\/\/schema.org","@graph":[{"@type":"WebPage","@id":"https:\/\/repan.ch\/produkt\/ikea-mit-beulen\/","url":"https:\/\/repan.ch\/produkt\/ikea-mit-beulen\/","name":"Ikea - Barbecue 28 cm avec bosses neu beschichten | g\u00fcnstiger, nachhaltiger & besser","isPartOf":{"@id":"https:\/\/repan.ch\/#website"},"primaryImageOfPage":{"@id":"https:\/\/repan.ch\/produkt\/ikea-mit-beulen\/#primaryimage"},"image":{"@id":"https:\/\/repan.ch\/produkt\/ikea-mit-beulen\/#primaryimage"},"thumbnailUrl":"https:\/\/repan.ch\/wp-content\/uploads\/2025\/12\/B007-Ikea-1.webp","datePublished":"2025-12-30T01:53:18+00:00","dateModified":"2026-01-12T21:22:11+00:00","description":"Au lieu de la jeter, nous aimerions donner une chance \u00e0 cette po\u00eale Kuhn Rikon pas tout \u00e0 fait parfaite. Bien qu'elle soit recouverte d'un nouveau rev\u00eatement et de qualit\u00e9...","breadcrumb":{"@id":"https:\/\/repan.ch\/produkt\/ikea-mit-beulen\/#breadcrumb"},"inLanguage":"fr-FR","potentialAction":[{"@type":"ReadAction","target":["https:\/\/repan.ch\/produkt\/ikea-mit-beulen\/"]}]},{"@type":"ImageObject","inLanguage":"fr-FR","@id":"https:\/\/repan.ch\/produkt\/ikea-mit-beulen\/#primaryimage","url":"https:\/\/repan.ch\/wp-content\/uploads\/2025\/12\/B007-Ikea-1.webp","contentUrl":"https:\/\/repan.ch\/wp-content\/uploads\/2025\/12\/B007-Ikea-1.webp","width":1650,"height":1000},{"@type":"BreadcrumbList","@id":"https:\/\/repan.ch\/produkt\/ikea-mit-beulen\/#breadcrumb","itemListElement":[{"@type":"ListItem","position":1,"name":"Accueil","item":"https:\/\/repan.ch\/fr\/repan-2\/"},{"@type":"ListItem","position":2,"name":"Shop","item":"https:\/\/repan.ch\/shop\/"},{"@type":"ListItem","position":3,"name":"Ikea - Barbecue 28 cm avec bosses"}]},{"@type":"WebSite","@id":"https:\/\/repan.ch\/#website","url":"https:\/\/repan.ch\/","name":"RePan","description":"Pfannen &amp; Bleche neu beschichten","publisher":{"@id":"https:\/\/repan.ch\/#organization"},"potentialAction":[{"@type":"SearchAction","target":{"@type":"EntryPoint","urlTemplate":"https:\/\/repan.ch\/?s={search_term_string}"},"query-input":{"@type":"PropertyValueSpecification","valueRequired":true,"valueName":"search_term_string"}}],"inLanguage":"fr-FR"},{"@type":"Organization","@id":"https:\/\/repan.ch\/#organization","name":"RePan","url":"https:\/\/repan.ch\/","logo":{"@type":"ImageObject","inLanguage":"fr-FR","@id":"https:\/\/repan.ch\/#\/schema\/logo\/image\/","url":"https:\/\/repan.ch\/wp-content\/uploads\/2025\/03\/LogoganzV2-hr2.webp","contentUrl":"https:\/\/repan.ch\/wp-content\/uploads\/2025\/03\/LogoganzV2-hr2.webp","width":360,"height":195,"caption":"RePan"},"image":{"@id":"https:\/\/repan.ch\/#\/schema\/logo\/image\/"},"hasMerchantReturnPolicy":{"@type":"MerchantReturnPolicy","merchantReturnLink":"https:\/\/repan.ch\/garantie-rueckgabe\/"}}]},"product_price_amount":"35.00","product_price_currency":"CHF","og_availability":"out of stock","product_availability":"out of stock","product_retailer_item_id":"241893 (B007)","product_condition":"new"},"_links":{"self":[{"href":"https:\/\/repan.ch\/fr\/wp-json\/wp\/v2\/product\/335475","targetHints":{"allow":["GET"]}}],"collection":[{"href":"https:\/\/repan.ch\/fr\/wp-json\/wp\/v2\/product"}],"about":[{"href":"https:\/\/repan.ch\/fr\/wp-json\/wp\/v2\/types\/product"}],"replies":[{"embeddable":true,"href":"https:\/\/repan.ch\/fr\/wp-json\/wp\/v2\/comments?post=335475"}],"version-history":[{"count":0,"href":"https:\/\/repan.ch\/fr\/wp-json\/wp\/v2\/product\/335475\/revisions"}],"wp:featuredmedia":[{"embeddable":true,"href":"https:\/\/repan.ch\/fr\/wp-json\/wp\/v2\/media\/333415"}],"wp:attachment":[{"href":"https:\/\/repan.ch\/fr\/wp-json\/wp\/v2\/media?parent=335475"}],"wp:term":[{"taxonomy":"product_brand","embeddable":true,"href":"https:\/\/repan.ch\/fr\/wp-json\/wp\/v2\/product_brand?post=335475"},{"taxonomy":"product_cat","embeddable":true,"href":"https:\/\/repan.ch\/fr\/wp-json\/wp\/v2\/product_cat?post=335475"},{"taxonomy":"product_tag","embeddable":true,"href":"https:\/\/repan.ch\/fr\/wp-json\/wp\/v2\/product_tag?post=335475"}],"curies":[{"name":"wp","href":"https:\/\/api.w.org\/{rel}","templated":true}]}}