
{"id":335346,"date":"2025-12-30T03:50:01","date_gmt":"2025-12-30T01:50:01","guid":{"rendered":"https:\/\/repan.ch\/product\/crofton-2\/"},"modified":"2026-04-02T08:35:53","modified_gmt":"2026-04-02T06:35:53","slug":"crofton-2","status":"publish","type":"product","link":"https:\/\/repan.ch\/fr\/produit\/crofton-2\/","title":{"rendered":"Crofton"},"content":{"rendered":"<p><strong data-start=\"115\" data-end=\"143\">Les po\u00eales en acier inoxydable Crofton<\/strong> offrent une qualit\u00e9 robuste pour une utilisation quotidienne. Le corps robuste en acier inoxydable assure une r\u00e9partition fiable de la chaleur et est id\u00e9al pour saisir \u00e0 feu vif \u00e0 des temp\u00e9ratures \u00e9lev\u00e9es. Facile \u00e0 entretenir, durable et compatible avec tous les types de cuisini\u00e8res courants, y compris l&rsquo;induction - une po\u00eale pratique pour le quotidien et les t\u00e2ches culinaires simples.  <\/p>\n","protected":false},"excerpt":{"rendered":"<p><strong data-start=\"115\" data-end=\"143\">Les po\u00eales en acier inoxydable Crofton<\/strong> offrent une qualit\u00e9 robuste pour une utilisation quotidienne. Le corps robuste en acier inoxydable assure une r\u00e9partition fiable de la chaleur et est id\u00e9al pour saisir \u00e0 feu vif \u00e0 des temp\u00e9ratures \u00e9lev\u00e9es. Facile \u00e0 entretenir, durable et compatible avec tous les types de cuisini\u00e8res courants, y compris l&rsquo;induction - une po\u00eale pratique pour le quotidien et les t\u00e2ches culinaires simples.  <\/p>\n","protected":false},"featured_media":333362,"comment_status":"open","ping_status":"closed","template":"","meta":{"content-type":""},"product_brand":[578],"product_cat":[2271],"product_tag":[],"class_list":{"0":"post-335346","1":"product","2":"type-product","3":"status-publish","4":"has-post-thumbnail","6":"product_brand-crofton","7":"product_cat-basique","8":"product_shipping_class-produit","9":"pa_typ-wok","11":"first","12":"outofstock","13":"taxable","14":"shipping-taxable","15":"product-type-variable"},"yoast_head":"<!-- This site is optimized with the Yoast SEO Premium plugin v26.6 (Yoast SEO v27.1.1) - https:\/\/yoast.com\/product\/yoast-seo-premium-wordpress\/ -->\n<title>Crofton neu beschichten | g\u00fcnstiger, nachhaltiger &amp; besser<\/title>\n<meta name=\"description\" content=\"Les po\u00eales en acier inoxydable Crofton offrent une qualit\u00e9 robuste pour une utilisation quotidienne. Le corps robuste en acier inoxydable assure une r\u00e9partition fiable de la chaleur et est id\u00e9al pour saisir \u00e0 feu vif \u00e0 des temp\u00e9ratures \u00e9lev\u00e9es. Facile \u00e0 entretenir, durable et compatible avec tous les types de cuisini\u00e8res courants, y compris l&#039;induction - une po\u00eale pratique pour le quotidien et les t\u00e2ches culinaires simples.\" \/>\n<meta name=\"robots\" content=\"index, follow, max-snippet:-1, max-image-preview:large, max-video-preview:-1\" \/>\n<link rel=\"canonical\" href=\"https:\/\/repan.ch\/fr\/produit\/crofton-2\/\" \/>\n<meta property=\"og:locale\" content=\"fr_FR\" \/>\n<meta property=\"og:type\" content=\"article\" \/>\n<meta property=\"og:title\" content=\"RePan - Pfannen &amp; Bleche neu beschichten\" \/>\n<meta property=\"og:description\" content=\"G\u00fcnstiger, nachhaltiger &amp; besser\" \/>\n<meta property=\"og:url\" content=\"https:\/\/repan.ch\/fr\/produit\/crofton-2\/\" \/>\n<meta property=\"og:site_name\" content=\"RePan\" \/>\n<meta property=\"article:modified_time\" content=\"2026-04-02T06:35:53+00:00\" \/>\n<meta property=\"og:image\" content=\"https:\/\/repan.ch\/wp-content\/uploads\/2025\/12\/Crofton28Wokp.webp\" \/>\n\t<meta property=\"og:image:width\" content=\"1650\" \/>\n\t<meta property=\"og:image:height\" content=\"1000\" \/>\n\t<meta property=\"og:image:type\" content=\"image\/webp\" \/>\n<meta name=\"twitter:card\" content=\"summary_large_image\" \/>\n<meta name=\"twitter:label1\" content=\"Disponibilit\u00e9\" \/>\n\t<meta name=\"twitter:data1\" content=\"Rupture de stock\" \/>\n<script type=\"application\/ld+json\" class=\"yoast-schema-graph\">{\"@context\":\"https:\/\/schema.org\",\"@graph\":[{\"@type\":\"WebPage\",\"@id\":\"https:\/\/repan.ch\/fr\/produit\/crofton-2\/\",\"url\":\"https:\/\/repan.ch\/fr\/produit\/crofton-2\/\",\"name\":\"Crofton neu beschichten | g\u00fcnstiger, nachhaltiger & besser\",\"isPartOf\":{\"@id\":\"https:\/\/repan.ch\/#website\"},\"primaryImageOfPage\":{\"@id\":\"https:\/\/repan.ch\/fr\/produit\/crofton-2\/#primaryimage\"},\"image\":{\"@id\":\"https:\/\/repan.ch\/fr\/produit\/crofton-2\/#primaryimage\"},\"thumbnailUrl\":\"https:\/\/repan.ch\/wp-content\/uploads\/2025\/12\/Crofton28Wokp.webp\",\"datePublished\":\"2025-12-30T01:50:01+00:00\",\"dateModified\":\"2026-04-02T06:35:53+00:00\",\"description\":\"Les po\u00eales en acier inoxydable Crofton offrent une qualit\u00e9 robuste pour une utilisation quotidienne. Le corps robuste en acier inoxydable assure une r\u00e9partition fiable de la chaleur et est id\u00e9al pour saisir \u00e0 feu vif \u00e0 des temp\u00e9ratures \u00e9lev\u00e9es. Facile \u00e0 entretenir, durable et compatible avec tous les types de cuisini\u00e8res courants, y compris l'induction - une po\u00eale pratique pour le quotidien et les t\u00e2ches culinaires simples.\",\"breadcrumb\":{\"@id\":\"https:\/\/repan.ch\/fr\/produit\/crofton-2\/#breadcrumb\"},\"inLanguage\":\"fr-FR\",\"potentialAction\":[{\"@type\":\"ReadAction\",\"target\":[\"https:\/\/repan.ch\/fr\/produit\/crofton-2\/\"]}]},{\"@type\":\"ImageObject\",\"inLanguage\":\"fr-FR\",\"@id\":\"https:\/\/repan.ch\/fr\/produit\/crofton-2\/#primaryimage\",\"url\":\"https:\/\/repan.ch\/wp-content\/uploads\/2025\/12\/Crofton28Wokp.webp\",\"contentUrl\":\"https:\/\/repan.ch\/wp-content\/uploads\/2025\/12\/Crofton28Wokp.webp\",\"width\":1650,\"height\":1000,\"caption\":\"Crofton28Wokp\"},{\"@type\":\"BreadcrumbList\",\"@id\":\"https:\/\/repan.ch\/fr\/produit\/crofton-2\/#breadcrumb\",\"itemListElement\":[{\"@type\":\"ListItem\",\"position\":1,\"name\":\"Accueil\",\"item\":\"https:\/\/repan.ch\/fr\/repan-2\/\"},{\"@type\":\"ListItem\",\"position\":2,\"name\":\"Shop\",\"item\":\"https:\/\/repan.ch\/shop\/\"},{\"@type\":\"ListItem\",\"position\":3,\"name\":\"Crofton\"}]},{\"@type\":\"WebSite\",\"@id\":\"https:\/\/repan.ch\/#website\",\"url\":\"https:\/\/repan.ch\/\",\"name\":\"RePan\",\"description\":\"Pfannen &amp; Bleche neu beschichten\",\"publisher\":{\"@id\":\"https:\/\/repan.ch\/#organization\"},\"potentialAction\":[{\"@type\":\"SearchAction\",\"target\":{\"@type\":\"EntryPoint\",\"urlTemplate\":\"https:\/\/repan.ch\/?s={search_term_string}\"},\"query-input\":{\"@type\":\"PropertyValueSpecification\",\"valueRequired\":true,\"valueName\":\"search_term_string\"}}],\"inLanguage\":\"fr-FR\"},{\"@type\":\"Organization\",\"@id\":\"https:\/\/repan.ch\/#organization\",\"name\":\"RePan\",\"url\":\"https:\/\/repan.ch\/\",\"logo\":{\"@type\":\"ImageObject\",\"inLanguage\":\"fr-FR\",\"@id\":\"https:\/\/repan.ch\/#\/schema\/logo\/image\/\",\"url\":\"https:\/\/repan.ch\/wp-content\/uploads\/2025\/03\/LogoganzV2-hr2.webp\",\"contentUrl\":\"https:\/\/repan.ch\/wp-content\/uploads\/2025\/03\/LogoganzV2-hr2.webp\",\"width\":360,\"height\":195,\"caption\":\"RePan\"},\"image\":{\"@id\":\"https:\/\/repan.ch\/#\/schema\/logo\/image\/\"},\"hasMerchantReturnPolicy\":{\"@type\":\"MerchantReturnPolicy\",\"merchantReturnLink\":\"https:\/\/repan.ch\/garantie-rueckgabe\/\"}}]}<\/script>\n<meta property=\"product:brand\" content=\"Crofton\" \/>\n<meta property=\"og:availability\" content=\"out of stock\" \/>\n<meta property=\"product:availability\" content=\"out of stock\" \/>\n<meta property=\"product:condition\" content=\"new\" \/>\n<!-- \/ Yoast SEO Premium plugin. -->","yoast_head_json":{"title":"Crofton neu beschichten | g\u00fcnstiger, nachhaltiger & besser","description":"Les po\u00eales en acier inoxydable Crofton offrent une qualit\u00e9 robuste pour une utilisation quotidienne. Le corps robuste en acier inoxydable assure une r\u00e9partition fiable de la chaleur et est id\u00e9al pour saisir \u00e0 feu vif \u00e0 des temp\u00e9ratures \u00e9lev\u00e9es. Facile \u00e0 entretenir, durable et compatible avec tous les types de cuisini\u00e8res courants, y compris l'induction - une po\u00eale pratique pour le quotidien et les t\u00e2ches culinaires simples.","robots":{"index":"index","follow":"follow","max-snippet":"max-snippet:-1","max-image-preview":"max-image-preview:large","max-video-preview":"max-video-preview:-1"},"canonical":"https:\/\/repan.ch\/fr\/produit\/crofton-2\/","og_locale":"fr_FR","og_type":"article","og_title":"RePan - Pfannen & Bleche neu beschichten","og_description":"G\u00fcnstiger, nachhaltiger & besser","og_url":"https:\/\/repan.ch\/fr\/produit\/crofton-2\/","og_site_name":"RePan","article_modified_time":"2026-04-02T06:35:53+00:00","og_image":[{"width":1650,"height":1000,"url":"https:\/\/repan.ch\/wp-content\/uploads\/2025\/12\/Crofton28Wokp.webp","type":"image\/webp"}],"twitter_card":"summary_large_image","twitter_misc":{"Disponibilit\u00e9":"Rupture de stock"},"schema":{"@context":"https:\/\/schema.org","@graph":[{"@type":"WebPage","@id":"https:\/\/repan.ch\/fr\/produit\/crofton-2\/","url":"https:\/\/repan.ch\/fr\/produit\/crofton-2\/","name":"Crofton neu beschichten | g\u00fcnstiger, nachhaltiger & besser","isPartOf":{"@id":"https:\/\/repan.ch\/#website"},"primaryImageOfPage":{"@id":"https:\/\/repan.ch\/fr\/produit\/crofton-2\/#primaryimage"},"image":{"@id":"https:\/\/repan.ch\/fr\/produit\/crofton-2\/#primaryimage"},"thumbnailUrl":"https:\/\/repan.ch\/wp-content\/uploads\/2025\/12\/Crofton28Wokp.webp","datePublished":"2025-12-30T01:50:01+00:00","dateModified":"2026-04-02T06:35:53+00:00","description":"Les po\u00eales en acier inoxydable Crofton offrent une qualit\u00e9 robuste pour une utilisation quotidienne. Le corps robuste en acier inoxydable assure une r\u00e9partition fiable de la chaleur et est id\u00e9al pour saisir \u00e0 feu vif \u00e0 des temp\u00e9ratures \u00e9lev\u00e9es. Facile \u00e0 entretenir, durable et compatible avec tous les types de cuisini\u00e8res courants, y compris l'induction - une po\u00eale pratique pour le quotidien et les t\u00e2ches culinaires simples.","breadcrumb":{"@id":"https:\/\/repan.ch\/fr\/produit\/crofton-2\/#breadcrumb"},"inLanguage":"fr-FR","potentialAction":[{"@type":"ReadAction","target":["https:\/\/repan.ch\/fr\/produit\/crofton-2\/"]}]},{"@type":"ImageObject","inLanguage":"fr-FR","@id":"https:\/\/repan.ch\/fr\/produit\/crofton-2\/#primaryimage","url":"https:\/\/repan.ch\/wp-content\/uploads\/2025\/12\/Crofton28Wokp.webp","contentUrl":"https:\/\/repan.ch\/wp-content\/uploads\/2025\/12\/Crofton28Wokp.webp","width":1650,"height":1000,"caption":"Crofton28Wokp"},{"@type":"BreadcrumbList","@id":"https:\/\/repan.ch\/fr\/produit\/crofton-2\/#breadcrumb","itemListElement":[{"@type":"ListItem","position":1,"name":"Accueil","item":"https:\/\/repan.ch\/fr\/repan-2\/"},{"@type":"ListItem","position":2,"name":"Shop","item":"https:\/\/repan.ch\/shop\/"},{"@type":"ListItem","position":3,"name":"Crofton"}]},{"@type":"WebSite","@id":"https:\/\/repan.ch\/#website","url":"https:\/\/repan.ch\/","name":"RePan","description":"Pfannen &amp; Bleche neu beschichten","publisher":{"@id":"https:\/\/repan.ch\/#organization"},"potentialAction":[{"@type":"SearchAction","target":{"@type":"EntryPoint","urlTemplate":"https:\/\/repan.ch\/?s={search_term_string}"},"query-input":{"@type":"PropertyValueSpecification","valueRequired":true,"valueName":"search_term_string"}}],"inLanguage":"fr-FR"},{"@type":"Organization","@id":"https:\/\/repan.ch\/#organization","name":"RePan","url":"https:\/\/repan.ch\/","logo":{"@type":"ImageObject","inLanguage":"fr-FR","@id":"https:\/\/repan.ch\/#\/schema\/logo\/image\/","url":"https:\/\/repan.ch\/wp-content\/uploads\/2025\/03\/LogoganzV2-hr2.webp","contentUrl":"https:\/\/repan.ch\/wp-content\/uploads\/2025\/03\/LogoganzV2-hr2.webp","width":360,"height":195,"caption":"RePan"},"image":{"@id":"https:\/\/repan.ch\/#\/schema\/logo\/image\/"},"hasMerchantReturnPolicy":{"@type":"MerchantReturnPolicy","merchantReturnLink":"https:\/\/repan.ch\/garantie-rueckgabe\/"}}]},"product_brand":"Crofton","og_availability":"out of stock","product_availability":"out of stock","product_condition":"new"},"_links":{"self":[{"href":"https:\/\/repan.ch\/fr\/wp-json\/wp\/v2\/product\/335346","targetHints":{"allow":["GET"]}}],"collection":[{"href":"https:\/\/repan.ch\/fr\/wp-json\/wp\/v2\/product"}],"about":[{"href":"https:\/\/repan.ch\/fr\/wp-json\/wp\/v2\/types\/product"}],"replies":[{"embeddable":true,"href":"https:\/\/repan.ch\/fr\/wp-json\/wp\/v2\/comments?post=335346"}],"version-history":[{"count":0,"href":"https:\/\/repan.ch\/fr\/wp-json\/wp\/v2\/product\/335346\/revisions"}],"wp:featuredmedia":[{"embeddable":true,"href":"https:\/\/repan.ch\/fr\/wp-json\/wp\/v2\/media\/333362"}],"wp:attachment":[{"href":"https:\/\/repan.ch\/fr\/wp-json\/wp\/v2\/media?parent=335346"}],"wp:term":[{"taxonomy":"product_brand","embeddable":true,"href":"https:\/\/repan.ch\/fr\/wp-json\/wp\/v2\/product_brand?post=335346"},{"taxonomy":"product_cat","embeddable":true,"href":"https:\/\/repan.ch\/fr\/wp-json\/wp\/v2\/product_cat?post=335346"},{"taxonomy":"product_tag","embeddable":true,"href":"https:\/\/repan.ch\/fr\/wp-json\/wp\/v2\/product_tag?post=335346"}],"curies":[{"name":"wp","href":"https:\/\/api.w.org\/{rel}","templated":true}]}}