
{"id":335267,"date":"2025-12-30T04:05:31","date_gmt":"2025-12-30T02:05:31","guid":{"rendered":"https:\/\/repan.ch\/product\/kuhn-rikon-swiss-multiply\/"},"modified":"2026-01-12T23:16:28","modified_gmt":"2026-01-12T21:16:28","slug":"kuhn-rikon-swiss-multiply","status":"publish","type":"product","link":"https:\/\/repan.ch\/fr\/produit\/kuhn-rikon-swiss-multiply\/","title":{"rendered":"Kuhn Rikon Swiss Multiply"},"content":{"rendered":"<p>La Kuhn Rikon Swiss Multiply est une po\u00eale professionnelle en acier inoxydable avec un manche en m\u00e9tal. La raison est que les po\u00eales \u00e0 frire, les braisi\u00e8res, les r\u00f4tissoires et les woks sont compos\u00e9s de couches 3-ply pour r\u00e9partir la chaleur jusqu&rsquo;au bord en hauteur. RePan pr\u00e9serve le design, les mat\u00e9riaux et les ressources suisses et rev\u00eat \u00e0 nouveau avec le rev\u00eatement le plus durable. Qualit\u00e9 de la r\u00e9gion.<\/p>\n","protected":false},"excerpt":{"rendered":"<p>La Kuhn Rikon Swiss Multiply est une po\u00eale professionnelle en acier inoxydable avec un manche en m\u00e9tal. La raison est que les po\u00eales \u00e0 frire, les braisi\u00e8res, les r\u00f4tissoires et les woks sont compos\u00e9s de couches 3-ply pour r\u00e9partir la chaleur jusqu&rsquo;au bord en hauteur. RePan pr\u00e9serve le design, les mat\u00e9riaux et les ressources suisses et rev\u00eat \u00e0 nouveau avec le rev\u00eatement le plus durable. Qualit\u00e9 de la r\u00e9gion.<\/p>\n","protected":false},"featured_media":333561,"comment_status":"open","ping_status":"closed","template":"","meta":{"content-type":""},"product_brand":[574],"product_cat":[2286],"product_tag":[1705],"class_list":{"0":"post-335267","1":"product","2":"type-product","3":"status-publish","4":"has-post-thumbnail","6":"product_brand-kuhn-rikon","7":"product_cat-luxe","8":"product_tag-casseroles-suisses","9":"product_shipping_class-produit","10":"pa_typ-poele-a-deux-anses","11":"pa_typ-poele-a-frire","12":"pa_typ-sauteuse","13":"pa_typ-wok","15":"first","16":"instock","17":"taxable","18":"shipping-taxable","19":"purchasable","20":"product-type-variable"},"yoast_head":"<!-- This site is optimized with the Yoast SEO Premium plugin v26.6 (Yoast SEO v27.1.1) - https:\/\/yoast.com\/product\/yoast-seo-premium-wordpress\/ -->\n<title>Kuhn Rikon Swiss Multiply nouveau rev\u00eatement - RePan<\/title>\n<meta name=\"description\" content=\"Kuhn Rikon Swiss Multiply avec nouveau rev\u00eatement. Qualit\u00e9 professionnelle r\u00e9gionale avec un nouveau rev\u00eatement de qualit\u00e9 gastronomique durable - et en plus moins cher que l&#039;original !\" \/>\n<meta name=\"robots\" content=\"index, follow, max-snippet:-1, max-image-preview:large, max-video-preview:-1\" \/>\n<link rel=\"canonical\" href=\"https:\/\/repan.ch\/produkt\/kuhn-rikon-swiss-multiply\/\" \/>\n<meta property=\"og:locale\" content=\"fr_FR\" \/>\n<meta property=\"og:type\" content=\"article\" \/>\n<meta property=\"og:title\" content=\"RePan - Pfannen &amp; Bleche neu beschichten\" \/>\n<meta property=\"og:description\" content=\"G\u00fcnstiger, nachhaltiger &amp; besser\" \/>\n<meta property=\"og:url\" content=\"https:\/\/repan.ch\/produkt\/kuhn-rikon-swiss-multiply\/\" \/>\n<meta property=\"og:site_name\" content=\"RePan\" \/>\n<meta property=\"article:modified_time\" content=\"2026-01-12T21:16:28+00:00\" \/>\n<meta property=\"og:image\" content=\"https:\/\/repan.ch\/wp-content\/uploads\/2025\/12\/Kuhn-Rikon-28cm-Swiss-Multiply-brat-241822.webp\" \/>\n\t<meta property=\"og:image:width\" content=\"1650\" \/>\n\t<meta property=\"og:image:height\" content=\"1000\" \/>\n\t<meta property=\"og:image:type\" content=\"image\/webp\" \/>\n<meta name=\"twitter:card\" content=\"summary_large_image\" \/>\n<meta name=\"twitter:label1\" content=\"Disponibilit\u00e9\" \/>\n\t<meta name=\"twitter:data1\" content=\"En stock\" \/>\n<script type=\"application\/ld+json\" class=\"yoast-schema-graph\">{\"@context\":\"https:\/\/schema.org\",\"@graph\":[{\"@type\":\"WebPage\",\"@id\":\"https:\/\/repan.ch\/produkt\/kuhn-rikon-swiss-multiply\/\",\"url\":\"https:\/\/repan.ch\/produkt\/kuhn-rikon-swiss-multiply\/\",\"name\":\"Kuhn Rikon Swiss Multiply nouveau rev\u00eatement - RePan\",\"isPartOf\":{\"@id\":\"https:\/\/repan.ch\/#website\"},\"primaryImageOfPage\":{\"@id\":\"https:\/\/repan.ch\/produkt\/kuhn-rikon-swiss-multiply\/#primaryimage\"},\"image\":{\"@id\":\"https:\/\/repan.ch\/produkt\/kuhn-rikon-swiss-multiply\/#primaryimage\"},\"thumbnailUrl\":\"https:\/\/repan.ch\/wp-content\/uploads\/2025\/12\/Kuhn-Rikon-28cm-Swiss-Multiply-brat-241822.webp\",\"datePublished\":\"2025-12-30T02:05:31+00:00\",\"dateModified\":\"2026-01-12T21:16:28+00:00\",\"description\":\"Kuhn Rikon Swiss Multiply avec nouveau rev\u00eatement. Qualit\u00e9 professionnelle r\u00e9gionale avec un nouveau rev\u00eatement de qualit\u00e9 gastronomique durable - et en plus moins cher que l'original !\",\"breadcrumb\":{\"@id\":\"https:\/\/repan.ch\/produkt\/kuhn-rikon-swiss-multiply\/#breadcrumb\"},\"inLanguage\":\"fr-FR\",\"potentialAction\":[{\"@type\":\"ReadAction\",\"target\":[\"https:\/\/repan.ch\/produkt\/kuhn-rikon-swiss-multiply\/\"]}]},{\"@type\":\"ImageObject\",\"inLanguage\":\"fr-FR\",\"@id\":\"https:\/\/repan.ch\/produkt\/kuhn-rikon-swiss-multiply\/#primaryimage\",\"url\":\"https:\/\/repan.ch\/wp-content\/uploads\/2025\/12\/Kuhn-Rikon-28cm-Swiss-Multiply-brat-241822.webp\",\"contentUrl\":\"https:\/\/repan.ch\/wp-content\/uploads\/2025\/12\/Kuhn-Rikon-28cm-Swiss-Multiply-brat-241822.webp\",\"width\":1650,\"height\":1000},{\"@type\":\"BreadcrumbList\",\"@id\":\"https:\/\/repan.ch\/produkt\/kuhn-rikon-swiss-multiply\/#breadcrumb\",\"itemListElement\":[{\"@type\":\"ListItem\",\"position\":1,\"name\":\"Accueil\",\"item\":\"https:\/\/repan.ch\/fr\/repan-2\/\"},{\"@type\":\"ListItem\",\"position\":2,\"name\":\"Shop\",\"item\":\"https:\/\/repan.ch\/shop\/\"},{\"@type\":\"ListItem\",\"position\":3,\"name\":\"Kuhn Rikon Swiss Multiply\"}]},{\"@type\":\"WebSite\",\"@id\":\"https:\/\/repan.ch\/#website\",\"url\":\"https:\/\/repan.ch\/\",\"name\":\"RePan\",\"description\":\"Pfannen &amp; Bleche neu beschichten\",\"publisher\":{\"@id\":\"https:\/\/repan.ch\/#organization\"},\"potentialAction\":[{\"@type\":\"SearchAction\",\"target\":{\"@type\":\"EntryPoint\",\"urlTemplate\":\"https:\/\/repan.ch\/?s={search_term_string}\"},\"query-input\":{\"@type\":\"PropertyValueSpecification\",\"valueRequired\":true,\"valueName\":\"search_term_string\"}}],\"inLanguage\":\"fr-FR\"},{\"@type\":\"Organization\",\"@id\":\"https:\/\/repan.ch\/#organization\",\"name\":\"RePan\",\"url\":\"https:\/\/repan.ch\/\",\"logo\":{\"@type\":\"ImageObject\",\"inLanguage\":\"fr-FR\",\"@id\":\"https:\/\/repan.ch\/#\/schema\/logo\/image\/\",\"url\":\"https:\/\/repan.ch\/wp-content\/uploads\/2025\/03\/LogoganzV2-hr2.webp\",\"contentUrl\":\"https:\/\/repan.ch\/wp-content\/uploads\/2025\/03\/LogoganzV2-hr2.webp\",\"width\":360,\"height\":195,\"caption\":\"RePan\"},\"image\":{\"@id\":\"https:\/\/repan.ch\/#\/schema\/logo\/image\/\"},\"hasMerchantReturnPolicy\":{\"@type\":\"MerchantReturnPolicy\",\"merchantReturnLink\":\"https:\/\/repan.ch\/garantie-rueckgabe\/\"}}]}<\/script>\n<meta property=\"product:brand\" content=\"Kuhn Rikon\" \/>\n<meta property=\"og:availability\" content=\"instock\" \/>\n<meta property=\"product:availability\" content=\"instock\" \/>\n<meta property=\"product:condition\" content=\"new\" \/>\n<!-- \/ Yoast SEO Premium plugin. -->","yoast_head_json":{"title":"Kuhn Rikon Swiss Multiply nouveau rev\u00eatement - RePan","description":"Kuhn Rikon Swiss Multiply avec nouveau rev\u00eatement. Qualit\u00e9 professionnelle r\u00e9gionale avec un nouveau rev\u00eatement de qualit\u00e9 gastronomique durable - et en plus moins cher que l'original !","robots":{"index":"index","follow":"follow","max-snippet":"max-snippet:-1","max-image-preview":"max-image-preview:large","max-video-preview":"max-video-preview:-1"},"canonical":"https:\/\/repan.ch\/produkt\/kuhn-rikon-swiss-multiply\/","og_locale":"fr_FR","og_type":"article","og_title":"RePan - Pfannen & Bleche neu beschichten","og_description":"G\u00fcnstiger, nachhaltiger & besser","og_url":"https:\/\/repan.ch\/produkt\/kuhn-rikon-swiss-multiply\/","og_site_name":"RePan","article_modified_time":"2026-01-12T21:16:28+00:00","og_image":[{"width":1650,"height":1000,"url":"https:\/\/repan.ch\/wp-content\/uploads\/2025\/12\/Kuhn-Rikon-28cm-Swiss-Multiply-brat-241822.webp","type":"image\/webp"}],"twitter_card":"summary_large_image","twitter_misc":{"Disponibilit\u00e9":"En stock"},"schema":{"@context":"https:\/\/schema.org","@graph":[{"@type":"WebPage","@id":"https:\/\/repan.ch\/produkt\/kuhn-rikon-swiss-multiply\/","url":"https:\/\/repan.ch\/produkt\/kuhn-rikon-swiss-multiply\/","name":"Kuhn Rikon Swiss Multiply nouveau rev\u00eatement - RePan","isPartOf":{"@id":"https:\/\/repan.ch\/#website"},"primaryImageOfPage":{"@id":"https:\/\/repan.ch\/produkt\/kuhn-rikon-swiss-multiply\/#primaryimage"},"image":{"@id":"https:\/\/repan.ch\/produkt\/kuhn-rikon-swiss-multiply\/#primaryimage"},"thumbnailUrl":"https:\/\/repan.ch\/wp-content\/uploads\/2025\/12\/Kuhn-Rikon-28cm-Swiss-Multiply-brat-241822.webp","datePublished":"2025-12-30T02:05:31+00:00","dateModified":"2026-01-12T21:16:28+00:00","description":"Kuhn Rikon Swiss Multiply avec nouveau rev\u00eatement. Qualit\u00e9 professionnelle r\u00e9gionale avec un nouveau rev\u00eatement de qualit\u00e9 gastronomique durable - et en plus moins cher que l'original !","breadcrumb":{"@id":"https:\/\/repan.ch\/produkt\/kuhn-rikon-swiss-multiply\/#breadcrumb"},"inLanguage":"fr-FR","potentialAction":[{"@type":"ReadAction","target":["https:\/\/repan.ch\/produkt\/kuhn-rikon-swiss-multiply\/"]}]},{"@type":"ImageObject","inLanguage":"fr-FR","@id":"https:\/\/repan.ch\/produkt\/kuhn-rikon-swiss-multiply\/#primaryimage","url":"https:\/\/repan.ch\/wp-content\/uploads\/2025\/12\/Kuhn-Rikon-28cm-Swiss-Multiply-brat-241822.webp","contentUrl":"https:\/\/repan.ch\/wp-content\/uploads\/2025\/12\/Kuhn-Rikon-28cm-Swiss-Multiply-brat-241822.webp","width":1650,"height":1000},{"@type":"BreadcrumbList","@id":"https:\/\/repan.ch\/produkt\/kuhn-rikon-swiss-multiply\/#breadcrumb","itemListElement":[{"@type":"ListItem","position":1,"name":"Accueil","item":"https:\/\/repan.ch\/fr\/repan-2\/"},{"@type":"ListItem","position":2,"name":"Shop","item":"https:\/\/repan.ch\/shop\/"},{"@type":"ListItem","position":3,"name":"Kuhn Rikon Swiss Multiply"}]},{"@type":"WebSite","@id":"https:\/\/repan.ch\/#website","url":"https:\/\/repan.ch\/","name":"RePan","description":"Pfannen &amp; Bleche neu beschichten","publisher":{"@id":"https:\/\/repan.ch\/#organization"},"potentialAction":[{"@type":"SearchAction","target":{"@type":"EntryPoint","urlTemplate":"https:\/\/repan.ch\/?s={search_term_string}"},"query-input":{"@type":"PropertyValueSpecification","valueRequired":true,"valueName":"search_term_string"}}],"inLanguage":"fr-FR"},{"@type":"Organization","@id":"https:\/\/repan.ch\/#organization","name":"RePan","url":"https:\/\/repan.ch\/","logo":{"@type":"ImageObject","inLanguage":"fr-FR","@id":"https:\/\/repan.ch\/#\/schema\/logo\/image\/","url":"https:\/\/repan.ch\/wp-content\/uploads\/2025\/03\/LogoganzV2-hr2.webp","contentUrl":"https:\/\/repan.ch\/wp-content\/uploads\/2025\/03\/LogoganzV2-hr2.webp","width":360,"height":195,"caption":"RePan"},"image":{"@id":"https:\/\/repan.ch\/#\/schema\/logo\/image\/"},"hasMerchantReturnPolicy":{"@type":"MerchantReturnPolicy","merchantReturnLink":"https:\/\/repan.ch\/garantie-rueckgabe\/"}}]},"product_brand":"Kuhn Rikon","og_availability":"instock","product_availability":"instock","product_condition":"new"},"_links":{"self":[{"href":"https:\/\/repan.ch\/fr\/wp-json\/wp\/v2\/product\/335267","targetHints":{"allow":["GET"]}}],"collection":[{"href":"https:\/\/repan.ch\/fr\/wp-json\/wp\/v2\/product"}],"about":[{"href":"https:\/\/repan.ch\/fr\/wp-json\/wp\/v2\/types\/product"}],"replies":[{"embeddable":true,"href":"https:\/\/repan.ch\/fr\/wp-json\/wp\/v2\/comments?post=335267"}],"version-history":[{"count":0,"href":"https:\/\/repan.ch\/fr\/wp-json\/wp\/v2\/product\/335267\/revisions"}],"wp:featuredmedia":[{"embeddable":true,"href":"https:\/\/repan.ch\/fr\/wp-json\/wp\/v2\/media\/333561"}],"wp:attachment":[{"href":"https:\/\/repan.ch\/fr\/wp-json\/wp\/v2\/media?parent=335267"}],"wp:term":[{"taxonomy":"product_brand","embeddable":true,"href":"https:\/\/repan.ch\/fr\/wp-json\/wp\/v2\/product_brand?post=335267"},{"taxonomy":"product_cat","embeddable":true,"href":"https:\/\/repan.ch\/fr\/wp-json\/wp\/v2\/product_cat?post=335267"},{"taxonomy":"product_tag","embeddable":true,"href":"https:\/\/repan.ch\/fr\/wp-json\/wp\/v2\/product_tag?post=335267"}],"curies":[{"name":"wp","href":"https:\/\/api.w.org\/{rel}","templated":true}]}}