
{"id":335266,"date":"2025-12-30T04:06:35","date_gmt":"2025-12-30T02:06:35","guid":{"rendered":"https:\/\/repan.ch\/product\/jamie-oliver\/"},"modified":"2026-01-12T23:16:28","modified_gmt":"2026-01-12T21:16:28","slug":"jamie-oliver","status":"publish","type":"product","link":"https:\/\/repan.ch\/fr\/produit\/jamie-oliver\/","title":{"rendered":"Jamie Oliver"},"content":{"rendered":"","protected":false},"excerpt":{"rendered":"<p>Po\u00eale en acier inoxydable \u00e9l\u00e9gante et durable avec un manche de po\u00eale rivet\u00e9 et une r\u00e9partition uniforme de la chaleur pendant la cuisson.<\/p>\n<p>Jamie Oliver est un chef britannique c\u00e9l\u00e8bre (chef de t\u00e9l\u00e9vision, restaurateur et auteur de livres de cuisine). Il a con\u00e7u et lanc\u00e9 ses propres mod\u00e8les de po\u00eales en coop\u00e9ration avec l&rsquo;entreprise Tefal.<\/p>\n","protected":false},"featured_media":333575,"comment_status":"open","ping_status":"closed","template":"","meta":{"content-type":""},"product_brand":[589],"product_cat":[2278],"product_tag":[],"class_list":{"0":"post-335266","1":"product","2":"type-product","3":"status-publish","4":"has-post-thumbnail","6":"product_brand-tefal","7":"product_cat-premium-fr","8":"product_shipping_class-produit","9":"pa_typ-poele-a-frire","10":"pa_typ-sauteuse","12":"first","13":"instock","14":"taxable","15":"shipping-taxable","16":"purchasable","17":"product-type-variable"},"yoast_head":"<!-- This site is optimized with the Yoast SEO Premium plugin v27.4 (Yoast SEO v27.4) - https:\/\/yoast.com\/product\/yoast-seo-premium-wordpress\/ -->\n<title>Jamie Oliver neu beschichten | g\u00fcnstiger, nachhaltiger &amp; besser<\/title>\n<meta name=\"description\" content=\"Po\u00eale en acier inoxydable \u00e9l\u00e9gante et durable avec un manche de po\u00eale rivet\u00e9 et une r\u00e9partition uniforme de la chaleur pendant la cuisson. Jamie Oliver est un chef britannique c\u00e9l\u00e8bre (chef de t\u00e9l\u00e9vision, restaurateur et auteur de livres de cuisine). Il a con\u00e7u et lanc\u00e9 ses propres mod\u00e8les de po\u00eales en coop\u00e9ration avec l&#039;entreprise Tefal.\" \/>\n<meta name=\"robots\" content=\"index, follow, max-snippet:-1, max-image-preview:large, max-video-preview:-1\" \/>\n<link rel=\"canonical\" href=\"https:\/\/repan.ch\/produkt\/jamie-oliver\/\" \/>\n<meta property=\"og:locale\" content=\"fr_FR\" \/>\n<meta property=\"og:type\" content=\"article\" \/>\n<meta property=\"og:title\" content=\"RePan - Pfannen &amp; Bleche neu beschichten\" \/>\n<meta property=\"og:description\" content=\"G\u00fcnstiger, nachhaltiger &amp; besser\" \/>\n<meta property=\"og:url\" content=\"https:\/\/repan.ch\/produkt\/jamie-oliver\/\" \/>\n<meta property=\"og:site_name\" content=\"RePan\" \/>\n<meta property=\"article:modified_time\" content=\"2026-01-12T21:16:28+00:00\" \/>\n<meta property=\"og:image\" content=\"https:\/\/repan.ch\/wp-content\/uploads\/2025\/12\/JamieOliver24.webp\" \/>\n\t<meta property=\"og:image:width\" content=\"1650\" \/>\n\t<meta property=\"og:image:height\" content=\"1000\" \/>\n\t<meta property=\"og:image:type\" content=\"image\/webp\" \/>\n<meta name=\"twitter:card\" content=\"summary_large_image\" \/>\n<meta name=\"twitter:label1\" content=\"Disponibilit\u00e9\" \/>\n\t<meta name=\"twitter:data1\" content=\"En stock\" \/>\n<script type=\"application\/ld+json\" class=\"yoast-schema-graph\">{\"@context\":\"https:\\\/\\\/schema.org\",\"@graph\":[{\"@type\":\"WebPage\",\"@id\":\"https:\\\/\\\/repan.ch\\\/produkt\\\/jamie-oliver\\\/\",\"url\":\"https:\\\/\\\/repan.ch\\\/produkt\\\/jamie-oliver\\\/\",\"name\":\"Jamie Oliver neu beschichten | g\u00fcnstiger, nachhaltiger & besser\",\"isPartOf\":{\"@id\":\"https:\\\/\\\/repan.ch\\\/#website\"},\"primaryImageOfPage\":{\"@id\":\"https:\\\/\\\/repan.ch\\\/produkt\\\/jamie-oliver\\\/#primaryimage\"},\"image\":{\"@id\":\"https:\\\/\\\/repan.ch\\\/produkt\\\/jamie-oliver\\\/#primaryimage\"},\"thumbnailUrl\":\"https:\\\/\\\/repan.ch\\\/wp-content\\\/uploads\\\/2025\\\/12\\\/JamieOliver24.webp\",\"datePublished\":\"2025-12-30T02:06:35+00:00\",\"dateModified\":\"2026-01-12T21:16:28+00:00\",\"description\":\"Po\u00eale en acier inoxydable \u00e9l\u00e9gante et durable avec un manche de po\u00eale rivet\u00e9 et une r\u00e9partition uniforme de la chaleur pendant la cuisson. Jamie Oliver est un chef britannique c\u00e9l\u00e8bre (chef de t\u00e9l\u00e9vision, restaurateur et auteur de livres de cuisine). Il a con\u00e7u et lanc\u00e9 ses propres mod\u00e8les de po\u00eales en coop\u00e9ration avec l'entreprise Tefal.\",\"breadcrumb\":{\"@id\":\"https:\\\/\\\/repan.ch\\\/produkt\\\/jamie-oliver\\\/#breadcrumb\"},\"inLanguage\":\"fr-FR\",\"potentialAction\":[{\"@type\":\"ReadAction\",\"target\":[\"https:\\\/\\\/repan.ch\\\/produkt\\\/jamie-oliver\\\/\"]}]},{\"@type\":\"ImageObject\",\"inLanguage\":\"fr-FR\",\"@id\":\"https:\\\/\\\/repan.ch\\\/produkt\\\/jamie-oliver\\\/#primaryimage\",\"url\":\"https:\\\/\\\/repan.ch\\\/wp-content\\\/uploads\\\/2025\\\/12\\\/JamieOliver24.webp\",\"contentUrl\":\"https:\\\/\\\/repan.ch\\\/wp-content\\\/uploads\\\/2025\\\/12\\\/JamieOliver24.webp\",\"width\":1650,\"height\":1000},{\"@type\":\"BreadcrumbList\",\"@id\":\"https:\\\/\\\/repan.ch\\\/produkt\\\/jamie-oliver\\\/#breadcrumb\",\"itemListElement\":[{\"@type\":\"ListItem\",\"position\":1,\"name\":\"Accueil\",\"item\":\"https:\\\/\\\/repan.ch\\\/fr\\\/repan-2\\\/\"},{\"@type\":\"ListItem\",\"position\":2,\"name\":\"Shop\",\"item\":\"https:\\\/\\\/repan.ch\\\/shop\\\/\"},{\"@type\":\"ListItem\",\"position\":3,\"name\":\"Jamie Oliver\"}]},{\"@type\":\"WebSite\",\"@id\":\"https:\\\/\\\/repan.ch\\\/#website\",\"url\":\"https:\\\/\\\/repan.ch\\\/\",\"name\":\"RePan\",\"description\":\"Pfannen &amp; Bleche neu beschichten\",\"publisher\":{\"@id\":\"https:\\\/\\\/repan.ch\\\/#organization\"},\"potentialAction\":[{\"@type\":\"SearchAction\",\"target\":{\"@type\":\"EntryPoint\",\"urlTemplate\":\"https:\\\/\\\/repan.ch\\\/?s={search_term_string}\"},\"query-input\":{\"@type\":\"PropertyValueSpecification\",\"valueRequired\":true,\"valueName\":\"search_term_string\"}}],\"inLanguage\":\"fr-FR\"},{\"@type\":\"Organization\",\"@id\":\"https:\\\/\\\/repan.ch\\\/#organization\",\"name\":\"RePan\",\"url\":\"https:\\\/\\\/repan.ch\\\/\",\"logo\":{\"@type\":\"ImageObject\",\"inLanguage\":\"fr-FR\",\"@id\":\"https:\\\/\\\/repan.ch\\\/#\\\/schema\\\/logo\\\/image\\\/\",\"url\":\"https:\\\/\\\/repan.ch\\\/wp-content\\\/uploads\\\/2025\\\/03\\\/LogoganzV2-hr2.webp\",\"contentUrl\":\"https:\\\/\\\/repan.ch\\\/wp-content\\\/uploads\\\/2025\\\/03\\\/LogoganzV2-hr2.webp\",\"width\":360,\"height\":195,\"caption\":\"RePan\"},\"image\":{\"@id\":\"https:\\\/\\\/repan.ch\\\/#\\\/schema\\\/logo\\\/image\\\/\"},\"hasMerchantReturnPolicy\":{\"@type\":\"MerchantReturnPolicy\",\"merchantReturnLink\":\"https:\\\/\\\/repan.ch\\\/garantie-rueckgabe\\\/\"}}]}<\/script>\n<meta property=\"product:brand\" content=\"Tefal\" \/>\n<meta property=\"og:availability\" content=\"instock\" \/>\n<meta property=\"product:availability\" content=\"instock\" \/>\n<meta property=\"product:condition\" content=\"new\" \/>\n<!-- \/ Yoast SEO Premium plugin. -->","yoast_head_json":{"title":"Jamie Oliver neu beschichten | g\u00fcnstiger, nachhaltiger & besser","description":"Po\u00eale en acier inoxydable \u00e9l\u00e9gante et durable avec un manche de po\u00eale rivet\u00e9 et une r\u00e9partition uniforme de la chaleur pendant la cuisson. Jamie Oliver est un chef britannique c\u00e9l\u00e8bre (chef de t\u00e9l\u00e9vision, restaurateur et auteur de livres de cuisine). Il a con\u00e7u et lanc\u00e9 ses propres mod\u00e8les de po\u00eales en coop\u00e9ration avec l'entreprise Tefal.","robots":{"index":"index","follow":"follow","max-snippet":"max-snippet:-1","max-image-preview":"max-image-preview:large","max-video-preview":"max-video-preview:-1"},"canonical":"https:\/\/repan.ch\/produkt\/jamie-oliver\/","og_locale":"fr_FR","og_type":"article","og_title":"RePan - Pfannen & Bleche neu beschichten","og_description":"G\u00fcnstiger, nachhaltiger & besser","og_url":"https:\/\/repan.ch\/produkt\/jamie-oliver\/","og_site_name":"RePan","article_modified_time":"2026-01-12T21:16:28+00:00","og_image":[{"width":1650,"height":1000,"url":"https:\/\/repan.ch\/wp-content\/uploads\/2025\/12\/JamieOliver24.webp","type":"image\/webp"}],"twitter_card":"summary_large_image","twitter_misc":{"Disponibilit\u00e9":"En stock"},"schema":{"@context":"https:\/\/schema.org","@graph":[{"@type":"WebPage","@id":"https:\/\/repan.ch\/produkt\/jamie-oliver\/","url":"https:\/\/repan.ch\/produkt\/jamie-oliver\/","name":"Jamie Oliver neu beschichten | g\u00fcnstiger, nachhaltiger & besser","isPartOf":{"@id":"https:\/\/repan.ch\/#website"},"primaryImageOfPage":{"@id":"https:\/\/repan.ch\/produkt\/jamie-oliver\/#primaryimage"},"image":{"@id":"https:\/\/repan.ch\/produkt\/jamie-oliver\/#primaryimage"},"thumbnailUrl":"https:\/\/repan.ch\/wp-content\/uploads\/2025\/12\/JamieOliver24.webp","datePublished":"2025-12-30T02:06:35+00:00","dateModified":"2026-01-12T21:16:28+00:00","description":"Po\u00eale en acier inoxydable \u00e9l\u00e9gante et durable avec un manche de po\u00eale rivet\u00e9 et une r\u00e9partition uniforme de la chaleur pendant la cuisson. Jamie Oliver est un chef britannique c\u00e9l\u00e8bre (chef de t\u00e9l\u00e9vision, restaurateur et auteur de livres de cuisine). Il a con\u00e7u et lanc\u00e9 ses propres mod\u00e8les de po\u00eales en coop\u00e9ration avec l'entreprise Tefal.","breadcrumb":{"@id":"https:\/\/repan.ch\/produkt\/jamie-oliver\/#breadcrumb"},"inLanguage":"fr-FR","potentialAction":[{"@type":"ReadAction","target":["https:\/\/repan.ch\/produkt\/jamie-oliver\/"]}]},{"@type":"ImageObject","inLanguage":"fr-FR","@id":"https:\/\/repan.ch\/produkt\/jamie-oliver\/#primaryimage","url":"https:\/\/repan.ch\/wp-content\/uploads\/2025\/12\/JamieOliver24.webp","contentUrl":"https:\/\/repan.ch\/wp-content\/uploads\/2025\/12\/JamieOliver24.webp","width":1650,"height":1000},{"@type":"BreadcrumbList","@id":"https:\/\/repan.ch\/produkt\/jamie-oliver\/#breadcrumb","itemListElement":[{"@type":"ListItem","position":1,"name":"Accueil","item":"https:\/\/repan.ch\/fr\/repan-2\/"},{"@type":"ListItem","position":2,"name":"Shop","item":"https:\/\/repan.ch\/shop\/"},{"@type":"ListItem","position":3,"name":"Jamie Oliver"}]},{"@type":"WebSite","@id":"https:\/\/repan.ch\/#website","url":"https:\/\/repan.ch\/","name":"RePan","description":"Pfannen &amp; Bleche neu beschichten","publisher":{"@id":"https:\/\/repan.ch\/#organization"},"potentialAction":[{"@type":"SearchAction","target":{"@type":"EntryPoint","urlTemplate":"https:\/\/repan.ch\/?s={search_term_string}"},"query-input":{"@type":"PropertyValueSpecification","valueRequired":true,"valueName":"search_term_string"}}],"inLanguage":"fr-FR"},{"@type":"Organization","@id":"https:\/\/repan.ch\/#organization","name":"RePan","url":"https:\/\/repan.ch\/","logo":{"@type":"ImageObject","inLanguage":"fr-FR","@id":"https:\/\/repan.ch\/#\/schema\/logo\/image\/","url":"https:\/\/repan.ch\/wp-content\/uploads\/2025\/03\/LogoganzV2-hr2.webp","contentUrl":"https:\/\/repan.ch\/wp-content\/uploads\/2025\/03\/LogoganzV2-hr2.webp","width":360,"height":195,"caption":"RePan"},"image":{"@id":"https:\/\/repan.ch\/#\/schema\/logo\/image\/"},"hasMerchantReturnPolicy":{"@type":"MerchantReturnPolicy","merchantReturnLink":"https:\/\/repan.ch\/garantie-rueckgabe\/"}}]},"product_brand":"Tefal","og_availability":"instock","product_availability":"instock","product_condition":"new"},"_links":{"self":[{"href":"https:\/\/repan.ch\/fr\/wp-json\/wp\/v2\/product\/335266","targetHints":{"allow":["GET"]}}],"collection":[{"href":"https:\/\/repan.ch\/fr\/wp-json\/wp\/v2\/product"}],"about":[{"href":"https:\/\/repan.ch\/fr\/wp-json\/wp\/v2\/types\/product"}],"replies":[{"embeddable":true,"href":"https:\/\/repan.ch\/fr\/wp-json\/wp\/v2\/comments?post=335266"}],"version-history":[{"count":0,"href":"https:\/\/repan.ch\/fr\/wp-json\/wp\/v2\/product\/335266\/revisions"}],"wp:featuredmedia":[{"embeddable":true,"href":"https:\/\/repan.ch\/fr\/wp-json\/wp\/v2\/media\/333575"}],"wp:attachment":[{"href":"https:\/\/repan.ch\/fr\/wp-json\/wp\/v2\/media?parent=335266"}],"wp:term":[{"taxonomy":"product_brand","embeddable":true,"href":"https:\/\/repan.ch\/fr\/wp-json\/wp\/v2\/product_brand?post=335266"},{"taxonomy":"product_cat","embeddable":true,"href":"https:\/\/repan.ch\/fr\/wp-json\/wp\/v2\/product_cat?post=335266"},{"taxonomy":"product_tag","embeddable":true,"href":"https:\/\/repan.ch\/fr\/wp-json\/wp\/v2\/product_tag?post=335266"}],"curies":[{"name":"wp","href":"https:\/\/api.w.org\/{rel}","templated":true}]}}