
{"id":335254,"date":"2025-12-30T04:07:34","date_gmt":"2025-12-30T02:07:34","guid":{"rendered":"https:\/\/repan.ch\/product\/green-pan-4\/"},"modified":"2026-02-22T11:00:05","modified_gmt":"2026-02-22T09:00:05","slug":"green-pan-4","status":"publish","type":"product","link":"https:\/\/repan.ch\/fr\/produit\/green-pan-4\/","title":{"rendered":"Green Pan"},"content":{"rendered":"<p>GreenPan Mieux que neuf : po\u00eales robustes en aluminium rivet\u00e9 avec original de Belgique et anciennement produites en Chine. RePan enduit d\u00e9sormais dans la r\u00e9gion avec un rev\u00eatement antiadh\u00e9sif \u00e9galement renforc\u00e9 par de la c\u00e9ramique, mais qui ne colle effectivement pas.<\/p>\n","protected":false},"excerpt":{"rendered":"<p>GreenPan Mieux que neuf : po\u00eales robustes en aluminium rivet\u00e9 avec original de Belgique et anciennement produites en Chine. RePan enduit d\u00e9sormais dans la r\u00e9gion avec un rev\u00eatement antiadh\u00e9sif \u00e9galement renforc\u00e9 par de la c\u00e9ramique, mais qui ne colle effectivement pas.<\/p>\n","protected":false},"featured_media":333588,"comment_status":"open","ping_status":"closed","template":"","meta":{"content-type":""},"product_brand":[581],"product_cat":[2278],"product_tag":[],"class_list":{"0":"post-335254","1":"product","2":"type-product","3":"status-publish","4":"has-post-thumbnail","6":"product_brand-green-pan","7":"product_cat-premium-fr","8":"product_shipping_class-produit","9":"pa_typ-poele-a-frire","10":"pa_typ-sauteuse","12":"first","13":"instock","14":"taxable","15":"shipping-taxable","16":"purchasable","17":"product-type-variable"},"yoast_head":"<!-- This site is optimized with the Yoast SEO Premium plugin v26.6 (Yoast SEO v27.1.1) - https:\/\/yoast.com\/product\/yoast-seo-premium-wordpress\/ -->\n<title>Green Pan neu beschichten | g\u00fcnstiger, nachhaltiger &amp; besser<\/title>\n<meta name=\"description\" content=\"GreenPan Mieux que neuf : po\u00eales robustes en aluminium rivet\u00e9 avec original de Belgique et anciennement produites en Chine. RePan enduit d\u00e9sormais dans la r\u00e9gion avec un rev\u00eatement antiadh\u00e9sif \u00e9galement renforc\u00e9 par de la c\u00e9ramique, mais qui ne colle effectivement pas.\" \/>\n<meta name=\"robots\" content=\"index, follow, max-snippet:-1, max-image-preview:large, max-video-preview:-1\" \/>\n<link rel=\"canonical\" href=\"https:\/\/repan.ch\/fr\/produit\/green-pan-4\/\" \/>\n<meta property=\"og:locale\" content=\"fr_FR\" \/>\n<meta property=\"og:type\" content=\"article\" \/>\n<meta property=\"og:title\" content=\"RePan - Pfannen &amp; Bleche neu beschichten\" \/>\n<meta property=\"og:description\" content=\"G\u00fcnstiger, nachhaltiger &amp; besser\" \/>\n<meta property=\"og:url\" content=\"https:\/\/repan.ch\/fr\/produit\/green-pan-4\/\" \/>\n<meta property=\"og:site_name\" content=\"RePan\" \/>\n<meta property=\"article:modified_time\" content=\"2026-02-22T09:00:05+00:00\" \/>\n<meta property=\"og:image\" content=\"https:\/\/repan.ch\/wp-content\/uploads\/2025\/12\/Greenpan28AE.webp\" \/>\n\t<meta property=\"og:image:width\" content=\"1650\" \/>\n\t<meta property=\"og:image:height\" content=\"1000\" \/>\n\t<meta property=\"og:image:type\" content=\"image\/webp\" \/>\n<meta name=\"twitter:card\" content=\"summary_large_image\" \/>\n<meta name=\"twitter:label1\" content=\"Disponibilit\u00e9\" \/>\n\t<meta name=\"twitter:data1\" content=\"En stock\" \/>\n<script type=\"application\/ld+json\" class=\"yoast-schema-graph\">{\"@context\":\"https:\/\/schema.org\",\"@graph\":[{\"@type\":\"WebPage\",\"@id\":\"https:\/\/repan.ch\/fr\/produit\/green-pan-4\/\",\"url\":\"https:\/\/repan.ch\/fr\/produit\/green-pan-4\/\",\"name\":\"Green Pan neu beschichten | g\u00fcnstiger, nachhaltiger & besser\",\"isPartOf\":{\"@id\":\"https:\/\/repan.ch\/#website\"},\"primaryImageOfPage\":{\"@id\":\"https:\/\/repan.ch\/fr\/produit\/green-pan-4\/#primaryimage\"},\"image\":{\"@id\":\"https:\/\/repan.ch\/fr\/produit\/green-pan-4\/#primaryimage\"},\"thumbnailUrl\":\"https:\/\/repan.ch\/wp-content\/uploads\/2025\/12\/Greenpan28AE.webp\",\"datePublished\":\"2025-12-30T02:07:34+00:00\",\"dateModified\":\"2026-02-22T09:00:05+00:00\",\"description\":\"GreenPan Mieux que neuf : po\u00eales robustes en aluminium rivet\u00e9 avec original de Belgique et anciennement produites en Chine. RePan enduit d\u00e9sormais dans la r\u00e9gion avec un rev\u00eatement antiadh\u00e9sif \u00e9galement renforc\u00e9 par de la c\u00e9ramique, mais qui ne colle effectivement pas.\",\"breadcrumb\":{\"@id\":\"https:\/\/repan.ch\/fr\/produit\/green-pan-4\/#breadcrumb\"},\"inLanguage\":\"fr-FR\",\"potentialAction\":[{\"@type\":\"ReadAction\",\"target\":[\"https:\/\/repan.ch\/fr\/produit\/green-pan-4\/\"]}]},{\"@type\":\"ImageObject\",\"inLanguage\":\"fr-FR\",\"@id\":\"https:\/\/repan.ch\/fr\/produit\/green-pan-4\/#primaryimage\",\"url\":\"https:\/\/repan.ch\/wp-content\/uploads\/2025\/12\/Greenpan28AE.webp\",\"contentUrl\":\"https:\/\/repan.ch\/wp-content\/uploads\/2025\/12\/Greenpan28AE.webp\",\"width\":1650,\"height\":1000,\"caption\":\"Greenpan28AE\"},{\"@type\":\"BreadcrumbList\",\"@id\":\"https:\/\/repan.ch\/fr\/produit\/green-pan-4\/#breadcrumb\",\"itemListElement\":[{\"@type\":\"ListItem\",\"position\":1,\"name\":\"Accueil\",\"item\":\"https:\/\/repan.ch\/fr\/repan-2\/\"},{\"@type\":\"ListItem\",\"position\":2,\"name\":\"Shop\",\"item\":\"https:\/\/repan.ch\/shop\/\"},{\"@type\":\"ListItem\",\"position\":3,\"name\":\"Green Pan\"}]},{\"@type\":\"WebSite\",\"@id\":\"https:\/\/repan.ch\/#website\",\"url\":\"https:\/\/repan.ch\/\",\"name\":\"RePan\",\"description\":\"Pfannen &amp; Bleche neu beschichten\",\"publisher\":{\"@id\":\"https:\/\/repan.ch\/#organization\"},\"potentialAction\":[{\"@type\":\"SearchAction\",\"target\":{\"@type\":\"EntryPoint\",\"urlTemplate\":\"https:\/\/repan.ch\/?s={search_term_string}\"},\"query-input\":{\"@type\":\"PropertyValueSpecification\",\"valueRequired\":true,\"valueName\":\"search_term_string\"}}],\"inLanguage\":\"fr-FR\"},{\"@type\":\"Organization\",\"@id\":\"https:\/\/repan.ch\/#organization\",\"name\":\"RePan\",\"url\":\"https:\/\/repan.ch\/\",\"logo\":{\"@type\":\"ImageObject\",\"inLanguage\":\"fr-FR\",\"@id\":\"https:\/\/repan.ch\/#\/schema\/logo\/image\/\",\"url\":\"https:\/\/repan.ch\/wp-content\/uploads\/2025\/03\/LogoganzV2-hr2.webp\",\"contentUrl\":\"https:\/\/repan.ch\/wp-content\/uploads\/2025\/03\/LogoganzV2-hr2.webp\",\"width\":360,\"height\":195,\"caption\":\"RePan\"},\"image\":{\"@id\":\"https:\/\/repan.ch\/#\/schema\/logo\/image\/\"},\"hasMerchantReturnPolicy\":{\"@type\":\"MerchantReturnPolicy\",\"merchantReturnLink\":\"https:\/\/repan.ch\/garantie-rueckgabe\/\"}}]}<\/script>\n<meta property=\"product:brand\" content=\"Green Pan\" \/>\n<meta property=\"og:availability\" content=\"instock\" \/>\n<meta property=\"product:availability\" content=\"instock\" \/>\n<meta property=\"product:condition\" content=\"new\" \/>\n<!-- \/ Yoast SEO Premium plugin. -->","yoast_head_json":{"title":"Green Pan neu beschichten | g\u00fcnstiger, nachhaltiger & besser","description":"GreenPan Mieux que neuf : po\u00eales robustes en aluminium rivet\u00e9 avec original de Belgique et anciennement produites en Chine. RePan enduit d\u00e9sormais dans la r\u00e9gion avec un rev\u00eatement antiadh\u00e9sif \u00e9galement renforc\u00e9 par de la c\u00e9ramique, mais qui ne colle effectivement pas.","robots":{"index":"index","follow":"follow","max-snippet":"max-snippet:-1","max-image-preview":"max-image-preview:large","max-video-preview":"max-video-preview:-1"},"canonical":"https:\/\/repan.ch\/fr\/produit\/green-pan-4\/","og_locale":"fr_FR","og_type":"article","og_title":"RePan - Pfannen & Bleche neu beschichten","og_description":"G\u00fcnstiger, nachhaltiger & besser","og_url":"https:\/\/repan.ch\/fr\/produit\/green-pan-4\/","og_site_name":"RePan","article_modified_time":"2026-02-22T09:00:05+00:00","og_image":[{"width":1650,"height":1000,"url":"https:\/\/repan.ch\/wp-content\/uploads\/2025\/12\/Greenpan28AE.webp","type":"image\/webp"}],"twitter_card":"summary_large_image","twitter_misc":{"Disponibilit\u00e9":"En stock"},"schema":{"@context":"https:\/\/schema.org","@graph":[{"@type":"WebPage","@id":"https:\/\/repan.ch\/fr\/produit\/green-pan-4\/","url":"https:\/\/repan.ch\/fr\/produit\/green-pan-4\/","name":"Green Pan neu beschichten | g\u00fcnstiger, nachhaltiger & besser","isPartOf":{"@id":"https:\/\/repan.ch\/#website"},"primaryImageOfPage":{"@id":"https:\/\/repan.ch\/fr\/produit\/green-pan-4\/#primaryimage"},"image":{"@id":"https:\/\/repan.ch\/fr\/produit\/green-pan-4\/#primaryimage"},"thumbnailUrl":"https:\/\/repan.ch\/wp-content\/uploads\/2025\/12\/Greenpan28AE.webp","datePublished":"2025-12-30T02:07:34+00:00","dateModified":"2026-02-22T09:00:05+00:00","description":"GreenPan Mieux que neuf : po\u00eales robustes en aluminium rivet\u00e9 avec original de Belgique et anciennement produites en Chine. RePan enduit d\u00e9sormais dans la r\u00e9gion avec un rev\u00eatement antiadh\u00e9sif \u00e9galement renforc\u00e9 par de la c\u00e9ramique, mais qui ne colle effectivement pas.","breadcrumb":{"@id":"https:\/\/repan.ch\/fr\/produit\/green-pan-4\/#breadcrumb"},"inLanguage":"fr-FR","potentialAction":[{"@type":"ReadAction","target":["https:\/\/repan.ch\/fr\/produit\/green-pan-4\/"]}]},{"@type":"ImageObject","inLanguage":"fr-FR","@id":"https:\/\/repan.ch\/fr\/produit\/green-pan-4\/#primaryimage","url":"https:\/\/repan.ch\/wp-content\/uploads\/2025\/12\/Greenpan28AE.webp","contentUrl":"https:\/\/repan.ch\/wp-content\/uploads\/2025\/12\/Greenpan28AE.webp","width":1650,"height":1000,"caption":"Greenpan28AE"},{"@type":"BreadcrumbList","@id":"https:\/\/repan.ch\/fr\/produit\/green-pan-4\/#breadcrumb","itemListElement":[{"@type":"ListItem","position":1,"name":"Accueil","item":"https:\/\/repan.ch\/fr\/repan-2\/"},{"@type":"ListItem","position":2,"name":"Shop","item":"https:\/\/repan.ch\/shop\/"},{"@type":"ListItem","position":3,"name":"Green Pan"}]},{"@type":"WebSite","@id":"https:\/\/repan.ch\/#website","url":"https:\/\/repan.ch\/","name":"RePan","description":"Pfannen &amp; Bleche neu beschichten","publisher":{"@id":"https:\/\/repan.ch\/#organization"},"potentialAction":[{"@type":"SearchAction","target":{"@type":"EntryPoint","urlTemplate":"https:\/\/repan.ch\/?s={search_term_string}"},"query-input":{"@type":"PropertyValueSpecification","valueRequired":true,"valueName":"search_term_string"}}],"inLanguage":"fr-FR"},{"@type":"Organization","@id":"https:\/\/repan.ch\/#organization","name":"RePan","url":"https:\/\/repan.ch\/","logo":{"@type":"ImageObject","inLanguage":"fr-FR","@id":"https:\/\/repan.ch\/#\/schema\/logo\/image\/","url":"https:\/\/repan.ch\/wp-content\/uploads\/2025\/03\/LogoganzV2-hr2.webp","contentUrl":"https:\/\/repan.ch\/wp-content\/uploads\/2025\/03\/LogoganzV2-hr2.webp","width":360,"height":195,"caption":"RePan"},"image":{"@id":"https:\/\/repan.ch\/#\/schema\/logo\/image\/"},"hasMerchantReturnPolicy":{"@type":"MerchantReturnPolicy","merchantReturnLink":"https:\/\/repan.ch\/garantie-rueckgabe\/"}}]},"product_brand":"Green Pan","og_availability":"instock","product_availability":"instock","product_condition":"new"},"_links":{"self":[{"href":"https:\/\/repan.ch\/fr\/wp-json\/wp\/v2\/product\/335254","targetHints":{"allow":["GET"]}}],"collection":[{"href":"https:\/\/repan.ch\/fr\/wp-json\/wp\/v2\/product"}],"about":[{"href":"https:\/\/repan.ch\/fr\/wp-json\/wp\/v2\/types\/product"}],"replies":[{"embeddable":true,"href":"https:\/\/repan.ch\/fr\/wp-json\/wp\/v2\/comments?post=335254"}],"version-history":[{"count":0,"href":"https:\/\/repan.ch\/fr\/wp-json\/wp\/v2\/product\/335254\/revisions"}],"wp:featuredmedia":[{"embeddable":true,"href":"https:\/\/repan.ch\/fr\/wp-json\/wp\/v2\/media\/333588"}],"wp:attachment":[{"href":"https:\/\/repan.ch\/fr\/wp-json\/wp\/v2\/media?parent=335254"}],"wp:term":[{"taxonomy":"product_brand","embeddable":true,"href":"https:\/\/repan.ch\/fr\/wp-json\/wp\/v2\/product_brand?post=335254"},{"taxonomy":"product_cat","embeddable":true,"href":"https:\/\/repan.ch\/fr\/wp-json\/wp\/v2\/product_cat?post=335254"},{"taxonomy":"product_tag","embeddable":true,"href":"https:\/\/repan.ch\/fr\/wp-json\/wp\/v2\/product_tag?post=335254"}],"curies":[{"name":"wp","href":"https:\/\/api.w.org\/{rel}","templated":true}]}}