
{"id":335206,"date":"2025-12-30T04:12:27","date_gmt":"2025-12-30T02:12:27","guid":{"rendered":"https:\/\/repan.ch\/product\/laine\/"},"modified":"2026-02-02T11:47:17","modified_gmt":"2026-02-02T09:47:17","slug":"laine","status":"publish","type":"product","link":"https:\/\/repan.ch\/fr\/produit\/laine\/","title":{"rendered":"Laine"},"content":{"rendered":"<p>Po\u00eale en fonte d&rsquo;aluminium Woll de qualit\u00e9 allemande. Le poids relativement \u00e9lev\u00e9 par rapport aux autres marques conf\u00e8re \u00e0 la po\u00eale une tr\u00e8s bonne conduction et r\u00e9tention de la chaleur. RePan rev\u00eat d\u00e9sormais d&rsquo;un rev\u00eatement antiadh\u00e9sif renforc\u00e9 en c\u00e9ramique encore meilleur que le nouveau.<\/p>\n","protected":false},"excerpt":{"rendered":"<p>Po\u00eale en fonte d&rsquo;aluminium Woll de qualit\u00e9 allemande. Le poids relativement \u00e9lev\u00e9 par rapport aux autres marques conf\u00e8re \u00e0 la po\u00eale une tr\u00e8s bonne conduction et r\u00e9tention de la chaleur. RePan rev\u00eat d\u00e9sormais d&rsquo;un rev\u00eatement antiadh\u00e9sif renforc\u00e9 en c\u00e9ramique encore meilleur que le nouveau.<\/p>\n","protected":false},"featured_media":333669,"comment_status":"open","ping_status":"closed","template":"","meta":{"content-type":""},"product_brand":[612],"product_cat":[2278],"product_tag":[],"class_list":{"0":"post-335206","1":"product","2":"type-product","3":"status-publish","4":"has-post-thumbnail","6":"product_brand-woll","7":"product_cat-premium-fr","8":"product_shipping_class-produit","9":"pa_typ-gril","10":"pa_typ-poele-a-frire","11":"pa_typ-sauteuse","13":"first","14":"instock","15":"taxable","16":"shipping-taxable","17":"purchasable","18":"product-type-variable"},"yoast_head":"<!-- This site is optimized with the Yoast SEO Premium plugin v26.6 (Yoast SEO v27.1.1) - https:\/\/yoast.com\/product\/yoast-seo-premium-wordpress\/ -->\n<title>Laine neu beschichten | g\u00fcnstiger, nachhaltiger &amp; besser<\/title>\n<meta name=\"description\" content=\"Po\u00eale en fonte d&#039;aluminium Woll de qualit\u00e9 allemande. Le poids relativement \u00e9lev\u00e9 par rapport aux autres marques conf\u00e8re \u00e0 la po\u00eale une tr\u00e8s bonne conduction et r\u00e9tention de la chaleur. RePan rev\u00eat d\u00e9sormais d&#039;un rev\u00eatement antiadh\u00e9sif renforc\u00e9 en c\u00e9ramique encore meilleur que le nouveau.\" \/>\n<meta name=\"robots\" content=\"index, follow, max-snippet:-1, max-image-preview:large, max-video-preview:-1\" \/>\n<link rel=\"canonical\" href=\"https:\/\/repan.ch\/fr\/produit\/laine\/\" \/>\n<meta property=\"og:locale\" content=\"fr_FR\" \/>\n<meta property=\"og:type\" content=\"article\" \/>\n<meta property=\"og:title\" content=\"RePan - Pfannen &amp; Bleche neu beschichten\" \/>\n<meta property=\"og:description\" content=\"G\u00fcnstiger, nachhaltiger &amp; besser\" \/>\n<meta property=\"og:url\" content=\"https:\/\/repan.ch\/fr\/produit\/laine\/\" \/>\n<meta property=\"og:site_name\" content=\"RePan\" \/>\n<meta property=\"article:modified_time\" content=\"2026-02-02T09:47:17+00:00\" \/>\n<meta property=\"og:image\" content=\"https:\/\/repan.ch\/wp-content\/uploads\/2025\/12\/Woll28.webp\" \/>\n\t<meta property=\"og:image:width\" content=\"1650\" \/>\n\t<meta property=\"og:image:height\" content=\"1000\" \/>\n\t<meta property=\"og:image:type\" content=\"image\/webp\" \/>\n<meta name=\"twitter:card\" content=\"summary_large_image\" \/>\n<meta name=\"twitter:label1\" content=\"Disponibilit\u00e9\" \/>\n\t<meta name=\"twitter:data1\" content=\"En stock\" \/>\n<script type=\"application\/ld+json\" class=\"yoast-schema-graph\">{\"@context\":\"https:\/\/schema.org\",\"@graph\":[{\"@type\":\"WebPage\",\"@id\":\"https:\/\/repan.ch\/fr\/produit\/laine\/\",\"url\":\"https:\/\/repan.ch\/fr\/produit\/laine\/\",\"name\":\"Laine neu beschichten | g\u00fcnstiger, nachhaltiger & besser\",\"isPartOf\":{\"@id\":\"https:\/\/repan.ch\/#website\"},\"primaryImageOfPage\":{\"@id\":\"https:\/\/repan.ch\/fr\/produit\/laine\/#primaryimage\"},\"image\":{\"@id\":\"https:\/\/repan.ch\/fr\/produit\/laine\/#primaryimage\"},\"thumbnailUrl\":\"https:\/\/repan.ch\/wp-content\/uploads\/2025\/12\/Woll28.webp\",\"datePublished\":\"2025-12-30T02:12:27+00:00\",\"dateModified\":\"2026-02-02T09:47:17+00:00\",\"description\":\"Po\u00eale en fonte d'aluminium Woll de qualit\u00e9 allemande. Le poids relativement \u00e9lev\u00e9 par rapport aux autres marques conf\u00e8re \u00e0 la po\u00eale une tr\u00e8s bonne conduction et r\u00e9tention de la chaleur. RePan rev\u00eat d\u00e9sormais d'un rev\u00eatement antiadh\u00e9sif renforc\u00e9 en c\u00e9ramique encore meilleur que le nouveau.\",\"breadcrumb\":{\"@id\":\"https:\/\/repan.ch\/fr\/produit\/laine\/#breadcrumb\"},\"inLanguage\":\"fr-FR\",\"potentialAction\":[{\"@type\":\"ReadAction\",\"target\":[\"https:\/\/repan.ch\/fr\/produit\/laine\/\"]}]},{\"@type\":\"ImageObject\",\"inLanguage\":\"fr-FR\",\"@id\":\"https:\/\/repan.ch\/fr\/produit\/laine\/#primaryimage\",\"url\":\"https:\/\/repan.ch\/wp-content\/uploads\/2025\/12\/Woll28.webp\",\"contentUrl\":\"https:\/\/repan.ch\/wp-content\/uploads\/2025\/12\/Woll28.webp\",\"width\":1650,\"height\":1000,\"caption\":\"laine28\"},{\"@type\":\"BreadcrumbList\",\"@id\":\"https:\/\/repan.ch\/fr\/produit\/laine\/#breadcrumb\",\"itemListElement\":[{\"@type\":\"ListItem\",\"position\":1,\"name\":\"Accueil\",\"item\":\"https:\/\/repan.ch\/fr\/repan-2\/\"},{\"@type\":\"ListItem\",\"position\":2,\"name\":\"Shop\",\"item\":\"https:\/\/repan.ch\/shop\/\"},{\"@type\":\"ListItem\",\"position\":3,\"name\":\"Laine\"}]},{\"@type\":\"WebSite\",\"@id\":\"https:\/\/repan.ch\/#website\",\"url\":\"https:\/\/repan.ch\/\",\"name\":\"RePan\",\"description\":\"Pfannen &amp; Bleche neu beschichten\",\"publisher\":{\"@id\":\"https:\/\/repan.ch\/#organization\"},\"potentialAction\":[{\"@type\":\"SearchAction\",\"target\":{\"@type\":\"EntryPoint\",\"urlTemplate\":\"https:\/\/repan.ch\/?s={search_term_string}\"},\"query-input\":{\"@type\":\"PropertyValueSpecification\",\"valueRequired\":true,\"valueName\":\"search_term_string\"}}],\"inLanguage\":\"fr-FR\"},{\"@type\":\"Organization\",\"@id\":\"https:\/\/repan.ch\/#organization\",\"name\":\"RePan\",\"url\":\"https:\/\/repan.ch\/\",\"logo\":{\"@type\":\"ImageObject\",\"inLanguage\":\"fr-FR\",\"@id\":\"https:\/\/repan.ch\/#\/schema\/logo\/image\/\",\"url\":\"https:\/\/repan.ch\/wp-content\/uploads\/2025\/03\/LogoganzV2-hr2.webp\",\"contentUrl\":\"https:\/\/repan.ch\/wp-content\/uploads\/2025\/03\/LogoganzV2-hr2.webp\",\"width\":360,\"height\":195,\"caption\":\"RePan\"},\"image\":{\"@id\":\"https:\/\/repan.ch\/#\/schema\/logo\/image\/\"},\"hasMerchantReturnPolicy\":{\"@type\":\"MerchantReturnPolicy\",\"merchantReturnLink\":\"https:\/\/repan.ch\/garantie-rueckgabe\/\"}}]}<\/script>\n<meta property=\"product:brand\" content=\"Woll\" \/>\n<meta property=\"og:availability\" content=\"instock\" \/>\n<meta property=\"product:availability\" content=\"instock\" \/>\n<meta property=\"product:condition\" content=\"new\" \/>\n<!-- \/ Yoast SEO Premium plugin. -->","yoast_head_json":{"title":"Laine neu beschichten | g\u00fcnstiger, nachhaltiger & besser","description":"Po\u00eale en fonte d'aluminium Woll de qualit\u00e9 allemande. Le poids relativement \u00e9lev\u00e9 par rapport aux autres marques conf\u00e8re \u00e0 la po\u00eale une tr\u00e8s bonne conduction et r\u00e9tention de la chaleur. RePan rev\u00eat d\u00e9sormais d'un rev\u00eatement antiadh\u00e9sif renforc\u00e9 en c\u00e9ramique encore meilleur que le nouveau.","robots":{"index":"index","follow":"follow","max-snippet":"max-snippet:-1","max-image-preview":"max-image-preview:large","max-video-preview":"max-video-preview:-1"},"canonical":"https:\/\/repan.ch\/fr\/produit\/laine\/","og_locale":"fr_FR","og_type":"article","og_title":"RePan - Pfannen & Bleche neu beschichten","og_description":"G\u00fcnstiger, nachhaltiger & besser","og_url":"https:\/\/repan.ch\/fr\/produit\/laine\/","og_site_name":"RePan","article_modified_time":"2026-02-02T09:47:17+00:00","og_image":[{"width":1650,"height":1000,"url":"https:\/\/repan.ch\/wp-content\/uploads\/2025\/12\/Woll28.webp","type":"image\/webp"}],"twitter_card":"summary_large_image","twitter_misc":{"Disponibilit\u00e9":"En stock"},"schema":{"@context":"https:\/\/schema.org","@graph":[{"@type":"WebPage","@id":"https:\/\/repan.ch\/fr\/produit\/laine\/","url":"https:\/\/repan.ch\/fr\/produit\/laine\/","name":"Laine neu beschichten | g\u00fcnstiger, nachhaltiger & besser","isPartOf":{"@id":"https:\/\/repan.ch\/#website"},"primaryImageOfPage":{"@id":"https:\/\/repan.ch\/fr\/produit\/laine\/#primaryimage"},"image":{"@id":"https:\/\/repan.ch\/fr\/produit\/laine\/#primaryimage"},"thumbnailUrl":"https:\/\/repan.ch\/wp-content\/uploads\/2025\/12\/Woll28.webp","datePublished":"2025-12-30T02:12:27+00:00","dateModified":"2026-02-02T09:47:17+00:00","description":"Po\u00eale en fonte d'aluminium Woll de qualit\u00e9 allemande. Le poids relativement \u00e9lev\u00e9 par rapport aux autres marques conf\u00e8re \u00e0 la po\u00eale une tr\u00e8s bonne conduction et r\u00e9tention de la chaleur. RePan rev\u00eat d\u00e9sormais d'un rev\u00eatement antiadh\u00e9sif renforc\u00e9 en c\u00e9ramique encore meilleur que le nouveau.","breadcrumb":{"@id":"https:\/\/repan.ch\/fr\/produit\/laine\/#breadcrumb"},"inLanguage":"fr-FR","potentialAction":[{"@type":"ReadAction","target":["https:\/\/repan.ch\/fr\/produit\/laine\/"]}]},{"@type":"ImageObject","inLanguage":"fr-FR","@id":"https:\/\/repan.ch\/fr\/produit\/laine\/#primaryimage","url":"https:\/\/repan.ch\/wp-content\/uploads\/2025\/12\/Woll28.webp","contentUrl":"https:\/\/repan.ch\/wp-content\/uploads\/2025\/12\/Woll28.webp","width":1650,"height":1000,"caption":"laine28"},{"@type":"BreadcrumbList","@id":"https:\/\/repan.ch\/fr\/produit\/laine\/#breadcrumb","itemListElement":[{"@type":"ListItem","position":1,"name":"Accueil","item":"https:\/\/repan.ch\/fr\/repan-2\/"},{"@type":"ListItem","position":2,"name":"Shop","item":"https:\/\/repan.ch\/shop\/"},{"@type":"ListItem","position":3,"name":"Laine"}]},{"@type":"WebSite","@id":"https:\/\/repan.ch\/#website","url":"https:\/\/repan.ch\/","name":"RePan","description":"Pfannen &amp; Bleche neu beschichten","publisher":{"@id":"https:\/\/repan.ch\/#organization"},"potentialAction":[{"@type":"SearchAction","target":{"@type":"EntryPoint","urlTemplate":"https:\/\/repan.ch\/?s={search_term_string}"},"query-input":{"@type":"PropertyValueSpecification","valueRequired":true,"valueName":"search_term_string"}}],"inLanguage":"fr-FR"},{"@type":"Organization","@id":"https:\/\/repan.ch\/#organization","name":"RePan","url":"https:\/\/repan.ch\/","logo":{"@type":"ImageObject","inLanguage":"fr-FR","@id":"https:\/\/repan.ch\/#\/schema\/logo\/image\/","url":"https:\/\/repan.ch\/wp-content\/uploads\/2025\/03\/LogoganzV2-hr2.webp","contentUrl":"https:\/\/repan.ch\/wp-content\/uploads\/2025\/03\/LogoganzV2-hr2.webp","width":360,"height":195,"caption":"RePan"},"image":{"@id":"https:\/\/repan.ch\/#\/schema\/logo\/image\/"},"hasMerchantReturnPolicy":{"@type":"MerchantReturnPolicy","merchantReturnLink":"https:\/\/repan.ch\/garantie-rueckgabe\/"}}]},"product_brand":"Woll","og_availability":"instock","product_availability":"instock","product_condition":"new"},"_links":{"self":[{"href":"https:\/\/repan.ch\/fr\/wp-json\/wp\/v2\/product\/335206","targetHints":{"allow":["GET"]}}],"collection":[{"href":"https:\/\/repan.ch\/fr\/wp-json\/wp\/v2\/product"}],"about":[{"href":"https:\/\/repan.ch\/fr\/wp-json\/wp\/v2\/types\/product"}],"replies":[{"embeddable":true,"href":"https:\/\/repan.ch\/fr\/wp-json\/wp\/v2\/comments?post=335206"}],"version-history":[{"count":0,"href":"https:\/\/repan.ch\/fr\/wp-json\/wp\/v2\/product\/335206\/revisions"}],"wp:featuredmedia":[{"embeddable":true,"href":"https:\/\/repan.ch\/fr\/wp-json\/wp\/v2\/media\/333669"}],"wp:attachment":[{"href":"https:\/\/repan.ch\/fr\/wp-json\/wp\/v2\/media?parent=335206"}],"wp:term":[{"taxonomy":"product_brand","embeddable":true,"href":"https:\/\/repan.ch\/fr\/wp-json\/wp\/v2\/product_brand?post=335206"},{"taxonomy":"product_cat","embeddable":true,"href":"https:\/\/repan.ch\/fr\/wp-json\/wp\/v2\/product_cat?post=335206"},{"taxonomy":"product_tag","embeddable":true,"href":"https:\/\/repan.ch\/fr\/wp-json\/wp\/v2\/product_tag?post=335206"}],"curies":[{"name":"wp","href":"https:\/\/api.w.org\/{rel}","templated":true}]}}