
{"id":335165,"date":"2025-12-30T04:22:06","date_gmt":"2025-12-30T02:22:06","guid":{"rendered":"https:\/\/repan.ch\/product\/a-table\/"},"modified":"2026-04-09T15:56:55","modified_gmt":"2026-04-09T13:56:55","slug":"a-table","status":"publish","type":"product","link":"https:\/\/repan.ch\/fr\/produit\/a-table\/","title":{"rendered":"\u00c0 Table"},"content":{"rendered":"<p>Ces po\u00eales en acier inoxydable \u00c0 Table de Coop poss\u00e8dent une poign\u00e9e ergonomique en m\u00e9tal. Cette ligne est l&rsquo;une des meilleures de Coop et a \u00e9t\u00e9 refaite par RePan une avec un rev\u00eatement antiadh\u00e9sif renforc\u00e9 en c\u00e9ramique. Made in Switzerland et mieux que neuf.<\/p>\n","protected":false},"excerpt":{"rendered":"<p>Ces po\u00eales en acier inoxydable \u00c0 Table de Coop poss\u00e8dent une poign\u00e9e ergonomique en m\u00e9tal. Cette ligne est l&rsquo;une des meilleures de Coop et a \u00e9t\u00e9 refaite par RePan une avec un rev\u00eatement antiadh\u00e9sif renforc\u00e9 en c\u00e9ramique. Made in Switzerland et mieux que neuf.<\/p>\n","protected":false},"featured_media":333814,"comment_status":"open","ping_status":"closed","template":"","meta":{"content-type":""},"product_brand":[2468,622],"product_cat":[2271],"product_tag":[1705],"class_list":{"0":"post-335165","1":"product","2":"type-product","3":"status-publish","4":"has-post-thumbnail","6":"product_brand-a-table","7":"product_brand-coop","8":"product_cat-basique","9":"product_tag-casseroles-suisses","10":"product_shipping_class-produit","11":"pa_typ-poele-a-frire","12":"pa_typ-sauteuse","14":"first","15":"instock","16":"taxable","17":"shipping-taxable","18":"purchasable","19":"product-type-variable"},"yoast_head":"<!-- This site is optimized with the Yoast SEO Premium plugin v26.6 (Yoast SEO v27.1.1) - https:\/\/yoast.com\/product\/yoast-seo-premium-wordpress\/ -->\n<title>\u00c0 TABLE nouveau rev\u00eatement, meilleur que l&#039;original - RePan<\/title>\n<meta name=\"description\" content=\"Po\u00eales en acier inoxydable \u00c0 Table avec manche ergonomique en m\u00e9tal et mise \u00e0 niveau de RePan : r\u00e9gional, dans l&#039;usine sociale et meilleur rev\u00eatement que l&#039;original.\" \/>\n<meta name=\"robots\" content=\"index, follow, max-snippet:-1, max-image-preview:large, max-video-preview:-1\" \/>\n<link rel=\"canonical\" href=\"https:\/\/repan.ch\/fr\/produit\/a-table\/\" \/>\n<meta property=\"og:locale\" content=\"fr_FR\" \/>\n<meta property=\"og:type\" content=\"article\" \/>\n<meta property=\"og:title\" content=\"RePan - Pfannen &amp; Bleche neu beschichten\" \/>\n<meta property=\"og:description\" content=\"G\u00fcnstiger, nachhaltiger &amp; besser\" \/>\n<meta property=\"og:url\" content=\"https:\/\/repan.ch\/fr\/produit\/a-table\/\" \/>\n<meta property=\"og:site_name\" content=\"RePan\" \/>\n<meta property=\"article:modified_time\" content=\"2026-04-09T13:56:55+00:00\" \/>\n<meta property=\"og:image\" content=\"https:\/\/repan.ch\/wp-content\/uploads\/2025\/12\/aTable28.webp\" \/>\n\t<meta property=\"og:image:width\" content=\"1650\" \/>\n\t<meta property=\"og:image:height\" content=\"1000\" \/>\n\t<meta property=\"og:image:type\" content=\"image\/webp\" \/>\n<meta name=\"twitter:card\" content=\"summary_large_image\" \/>\n<meta name=\"twitter:label1\" content=\"Disponibilit\u00e9\" \/>\n\t<meta name=\"twitter:data1\" content=\"En stock\" \/>\n<script type=\"application\/ld+json\" class=\"yoast-schema-graph\">{\"@context\":\"https:\/\/schema.org\",\"@graph\":[{\"@type\":\"WebPage\",\"@id\":\"https:\/\/repan.ch\/fr\/produit\/a-table\/\",\"url\":\"https:\/\/repan.ch\/fr\/produit\/a-table\/\",\"name\":\"\u00c0 TABLE nouveau rev\u00eatement, meilleur que l'original - RePan\",\"isPartOf\":{\"@id\":\"https:\/\/repan.ch\/#website\"},\"primaryImageOfPage\":{\"@id\":\"https:\/\/repan.ch\/fr\/produit\/a-table\/#primaryimage\"},\"image\":{\"@id\":\"https:\/\/repan.ch\/fr\/produit\/a-table\/#primaryimage\"},\"thumbnailUrl\":\"https:\/\/repan.ch\/wp-content\/uploads\/2025\/12\/aTable28.webp\",\"datePublished\":\"2025-12-30T02:22:06+00:00\",\"dateModified\":\"2026-04-09T13:56:55+00:00\",\"description\":\"Po\u00eales en acier inoxydable \u00c0 Table avec manche ergonomique en m\u00e9tal et mise \u00e0 niveau de RePan : r\u00e9gional, dans l'usine sociale et meilleur rev\u00eatement que l'original.\",\"breadcrumb\":{\"@id\":\"https:\/\/repan.ch\/fr\/produit\/a-table\/#breadcrumb\"},\"inLanguage\":\"fr-FR\",\"potentialAction\":[{\"@type\":\"ReadAction\",\"target\":[\"https:\/\/repan.ch\/fr\/produit\/a-table\/\"]}]},{\"@type\":\"ImageObject\",\"inLanguage\":\"fr-FR\",\"@id\":\"https:\/\/repan.ch\/fr\/produit\/a-table\/#primaryimage\",\"url\":\"https:\/\/repan.ch\/wp-content\/uploads\/2025\/12\/aTable28.webp\",\"contentUrl\":\"https:\/\/repan.ch\/wp-content\/uploads\/2025\/12\/aTable28.webp\",\"width\":1650,\"height\":1000,\"caption\":\"aTable28\"},{\"@type\":\"BreadcrumbList\",\"@id\":\"https:\/\/repan.ch\/fr\/produit\/a-table\/#breadcrumb\",\"itemListElement\":[{\"@type\":\"ListItem\",\"position\":1,\"name\":\"Accueil\",\"item\":\"https:\/\/repan.ch\/fr\/repan-2\/\"},{\"@type\":\"ListItem\",\"position\":2,\"name\":\"Shop\",\"item\":\"https:\/\/repan.ch\/shop\/\"},{\"@type\":\"ListItem\",\"position\":3,\"name\":\"\u00c0 Table\"}]},{\"@type\":\"WebSite\",\"@id\":\"https:\/\/repan.ch\/#website\",\"url\":\"https:\/\/repan.ch\/\",\"name\":\"RePan\",\"description\":\"Pfannen &amp; Bleche neu beschichten\",\"publisher\":{\"@id\":\"https:\/\/repan.ch\/#organization\"},\"potentialAction\":[{\"@type\":\"SearchAction\",\"target\":{\"@type\":\"EntryPoint\",\"urlTemplate\":\"https:\/\/repan.ch\/?s={search_term_string}\"},\"query-input\":{\"@type\":\"PropertyValueSpecification\",\"valueRequired\":true,\"valueName\":\"search_term_string\"}}],\"inLanguage\":\"fr-FR\"},{\"@type\":\"Organization\",\"@id\":\"https:\/\/repan.ch\/#organization\",\"name\":\"RePan\",\"url\":\"https:\/\/repan.ch\/\",\"logo\":{\"@type\":\"ImageObject\",\"inLanguage\":\"fr-FR\",\"@id\":\"https:\/\/repan.ch\/#\/schema\/logo\/image\/\",\"url\":\"https:\/\/repan.ch\/wp-content\/uploads\/2025\/03\/LogoganzV2-hr2.webp\",\"contentUrl\":\"https:\/\/repan.ch\/wp-content\/uploads\/2025\/03\/LogoganzV2-hr2.webp\",\"width\":360,\"height\":195,\"caption\":\"RePan\"},\"image\":{\"@id\":\"https:\/\/repan.ch\/#\/schema\/logo\/image\/\"},\"hasMerchantReturnPolicy\":{\"@type\":\"MerchantReturnPolicy\",\"merchantReturnLink\":\"https:\/\/repan.ch\/garantie-rueckgabe\/\"}}]}<\/script>\n<meta property=\"product:brand\" content=\"\u00c0 Table\" \/>\n<meta property=\"og:availability\" content=\"instock\" \/>\n<meta property=\"product:availability\" content=\"instock\" \/>\n<meta property=\"product:condition\" content=\"new\" \/>\n<!-- \/ Yoast SEO Premium plugin. -->","yoast_head_json":{"title":"\u00c0 TABLE nouveau rev\u00eatement, meilleur que l'original - RePan","description":"Po\u00eales en acier inoxydable \u00c0 Table avec manche ergonomique en m\u00e9tal et mise \u00e0 niveau de RePan : r\u00e9gional, dans l'usine sociale et meilleur rev\u00eatement que l'original.","robots":{"index":"index","follow":"follow","max-snippet":"max-snippet:-1","max-image-preview":"max-image-preview:large","max-video-preview":"max-video-preview:-1"},"canonical":"https:\/\/repan.ch\/fr\/produit\/a-table\/","og_locale":"fr_FR","og_type":"article","og_title":"RePan - Pfannen & Bleche neu beschichten","og_description":"G\u00fcnstiger, nachhaltiger & besser","og_url":"https:\/\/repan.ch\/fr\/produit\/a-table\/","og_site_name":"RePan","article_modified_time":"2026-04-09T13:56:55+00:00","og_image":[{"width":1650,"height":1000,"url":"https:\/\/repan.ch\/wp-content\/uploads\/2025\/12\/aTable28.webp","type":"image\/webp"}],"twitter_card":"summary_large_image","twitter_misc":{"Disponibilit\u00e9":"En stock"},"schema":{"@context":"https:\/\/schema.org","@graph":[{"@type":"WebPage","@id":"https:\/\/repan.ch\/fr\/produit\/a-table\/","url":"https:\/\/repan.ch\/fr\/produit\/a-table\/","name":"\u00c0 TABLE nouveau rev\u00eatement, meilleur que l'original - RePan","isPartOf":{"@id":"https:\/\/repan.ch\/#website"},"primaryImageOfPage":{"@id":"https:\/\/repan.ch\/fr\/produit\/a-table\/#primaryimage"},"image":{"@id":"https:\/\/repan.ch\/fr\/produit\/a-table\/#primaryimage"},"thumbnailUrl":"https:\/\/repan.ch\/wp-content\/uploads\/2025\/12\/aTable28.webp","datePublished":"2025-12-30T02:22:06+00:00","dateModified":"2026-04-09T13:56:55+00:00","description":"Po\u00eales en acier inoxydable \u00c0 Table avec manche ergonomique en m\u00e9tal et mise \u00e0 niveau de RePan : r\u00e9gional, dans l'usine sociale et meilleur rev\u00eatement que l'original.","breadcrumb":{"@id":"https:\/\/repan.ch\/fr\/produit\/a-table\/#breadcrumb"},"inLanguage":"fr-FR","potentialAction":[{"@type":"ReadAction","target":["https:\/\/repan.ch\/fr\/produit\/a-table\/"]}]},{"@type":"ImageObject","inLanguage":"fr-FR","@id":"https:\/\/repan.ch\/fr\/produit\/a-table\/#primaryimage","url":"https:\/\/repan.ch\/wp-content\/uploads\/2025\/12\/aTable28.webp","contentUrl":"https:\/\/repan.ch\/wp-content\/uploads\/2025\/12\/aTable28.webp","width":1650,"height":1000,"caption":"aTable28"},{"@type":"BreadcrumbList","@id":"https:\/\/repan.ch\/fr\/produit\/a-table\/#breadcrumb","itemListElement":[{"@type":"ListItem","position":1,"name":"Accueil","item":"https:\/\/repan.ch\/fr\/repan-2\/"},{"@type":"ListItem","position":2,"name":"Shop","item":"https:\/\/repan.ch\/shop\/"},{"@type":"ListItem","position":3,"name":"\u00c0 Table"}]},{"@type":"WebSite","@id":"https:\/\/repan.ch\/#website","url":"https:\/\/repan.ch\/","name":"RePan","description":"Pfannen &amp; Bleche neu beschichten","publisher":{"@id":"https:\/\/repan.ch\/#organization"},"potentialAction":[{"@type":"SearchAction","target":{"@type":"EntryPoint","urlTemplate":"https:\/\/repan.ch\/?s={search_term_string}"},"query-input":{"@type":"PropertyValueSpecification","valueRequired":true,"valueName":"search_term_string"}}],"inLanguage":"fr-FR"},{"@type":"Organization","@id":"https:\/\/repan.ch\/#organization","name":"RePan","url":"https:\/\/repan.ch\/","logo":{"@type":"ImageObject","inLanguage":"fr-FR","@id":"https:\/\/repan.ch\/#\/schema\/logo\/image\/","url":"https:\/\/repan.ch\/wp-content\/uploads\/2025\/03\/LogoganzV2-hr2.webp","contentUrl":"https:\/\/repan.ch\/wp-content\/uploads\/2025\/03\/LogoganzV2-hr2.webp","width":360,"height":195,"caption":"RePan"},"image":{"@id":"https:\/\/repan.ch\/#\/schema\/logo\/image\/"},"hasMerchantReturnPolicy":{"@type":"MerchantReturnPolicy","merchantReturnLink":"https:\/\/repan.ch\/garantie-rueckgabe\/"}}]},"product_brand":"\u00c0 Table","og_availability":"instock","product_availability":"instock","product_condition":"new"},"_links":{"self":[{"href":"https:\/\/repan.ch\/fr\/wp-json\/wp\/v2\/product\/335165","targetHints":{"allow":["GET"]}}],"collection":[{"href":"https:\/\/repan.ch\/fr\/wp-json\/wp\/v2\/product"}],"about":[{"href":"https:\/\/repan.ch\/fr\/wp-json\/wp\/v2\/types\/product"}],"replies":[{"embeddable":true,"href":"https:\/\/repan.ch\/fr\/wp-json\/wp\/v2\/comments?post=335165"}],"version-history":[{"count":0,"href":"https:\/\/repan.ch\/fr\/wp-json\/wp\/v2\/product\/335165\/revisions"}],"wp:featuredmedia":[{"embeddable":true,"href":"https:\/\/repan.ch\/fr\/wp-json\/wp\/v2\/media\/333814"}],"wp:attachment":[{"href":"https:\/\/repan.ch\/fr\/wp-json\/wp\/v2\/media?parent=335165"}],"wp:term":[{"taxonomy":"product_brand","embeddable":true,"href":"https:\/\/repan.ch\/fr\/wp-json\/wp\/v2\/product_brand?post=335165"},{"taxonomy":"product_cat","embeddable":true,"href":"https:\/\/repan.ch\/fr\/wp-json\/wp\/v2\/product_cat?post=335165"},{"taxonomy":"product_tag","embeddable":true,"href":"https:\/\/repan.ch\/fr\/wp-json\/wp\/v2\/product_tag?post=335165"}],"curies":[{"name":"wp","href":"https:\/\/api.w.org\/{rel}","templated":true}]}}