
{"id":335131,"date":"2025-12-30T04:25:19","date_gmt":"2025-12-30T02:25:19","guid":{"rendered":"https:\/\/repan.ch\/product\/cooknstyle\/"},"modified":"2026-02-22T10:59:50","modified_gmt":"2026-02-22T08:59:50","slug":"cooknstyle","status":"publish","type":"product","link":"https:\/\/repan.ch\/fr\/produit\/cooknstyle\/","title":{"rendered":"Style&rsquo;n Cook"},"content":{"rendered":"<p><strong data-start=\"710\" data-end=\"748\">Les po\u00eales \u00e0 frire en aluminium Style&rsquo;n Cook<\/strong> de faible \u00e9paisseur chauffent rapidement et sont faciles \u00e0 utiliser. Elles sont id\u00e9ales pour les t\u00e2ches de r\u00f4tissage simples, les temps de cuisson courts et une utilisation flexible en cuisine, dans la restauration ou dans les services annexes. Une solution pratique et rentable pour une utilisation rapide.  <\/p>\n","protected":false},"excerpt":{"rendered":"<p><strong data-start=\"710\" data-end=\"748\">Les po\u00eales \u00e0 frire en aluminium Style&rsquo;n Cook<\/strong> de faible \u00e9paisseur chauffent rapidement et sont faciles \u00e0 utiliser. Elles sont id\u00e9ales pour les t\u00e2ches de r\u00f4tissage simples, les temps de cuisson courts et une utilisation flexible en cuisine, dans la restauration ou dans les services annexes. Une solution pratique et rentable pour une utilisation rapide.  <\/p>\n","protected":false},"featured_media":333869,"comment_status":"open","ping_status":"closed","template":"","meta":{"content-type":""},"product_brand":[2793],"product_cat":[2271],"product_tag":[2502],"class_list":{"0":"post-335131","1":"product","2":"type-product","3":"status-publish","4":"has-post-thumbnail","6":"product_brand-stylencook","7":"product_cat-basique","8":"product_tag-casseroles-bon-marche","9":"product_shipping_class-produit","10":"pa_typ-pot","12":"first","13":"instock","14":"taxable","15":"shipping-taxable","16":"purchasable","17":"product-type-variable"},"yoast_head":"<!-- This site is optimized with the Yoast SEO Premium plugin v26.6 (Yoast SEO v27.1.1) - https:\/\/yoast.com\/product\/yoast-seo-premium-wordpress\/ -->\n<title>Style&#039;n Cook neu beschichten | g\u00fcnstiger, nachhaltiger &amp; besser<\/title>\n<meta name=\"description\" content=\"Les po\u00eales \u00e0 frire en aluminium Style&#039;n Cook de faible \u00e9paisseur chauffent rapidement et sont faciles \u00e0 utiliser. Elles sont id\u00e9ales pour les t\u00e2ches de r\u00f4tissage simples, les temps de cuisson courts et une utilisation flexible en cuisine, dans la restauration ou dans les services annexes. Une solution pratique et rentable pour une utilisation rapide.\" \/>\n<meta name=\"robots\" content=\"index, follow, max-snippet:-1, max-image-preview:large, max-video-preview:-1\" \/>\n<link rel=\"canonical\" href=\"https:\/\/repan.ch\/fr\/produit\/cooknstyle\/\" \/>\n<meta property=\"og:locale\" content=\"fr_FR\" \/>\n<meta property=\"og:type\" content=\"article\" \/>\n<meta property=\"og:title\" content=\"RePan - Pfannen &amp; Bleche neu beschichten\" \/>\n<meta property=\"og:description\" content=\"G\u00fcnstiger, nachhaltiger &amp; besser\" \/>\n<meta property=\"og:url\" content=\"https:\/\/repan.ch\/fr\/produit\/cooknstyle\/\" \/>\n<meta property=\"og:site_name\" content=\"RePan\" \/>\n<meta property=\"article:modified_time\" content=\"2026-02-22T08:59:50+00:00\" \/>\n<meta property=\"og:image\" content=\"https:\/\/repan.ch\/wp-content\/uploads\/2025\/12\/CookNStyle20-1.webp\" \/>\n\t<meta property=\"og:image:width\" content=\"1650\" \/>\n\t<meta property=\"og:image:height\" content=\"1000\" \/>\n\t<meta property=\"og:image:type\" content=\"image\/webp\" \/>\n<meta name=\"twitter:card\" content=\"summary_large_image\" \/>\n<meta name=\"twitter:label1\" content=\"Disponibilit\u00e9\" \/>\n\t<meta name=\"twitter:data1\" content=\"En stock\" \/>\n<script type=\"application\/ld+json\" class=\"yoast-schema-graph\">{\"@context\":\"https:\/\/schema.org\",\"@graph\":[{\"@type\":\"WebPage\",\"@id\":\"https:\/\/repan.ch\/fr\/produit\/cooknstyle\/\",\"url\":\"https:\/\/repan.ch\/fr\/produit\/cooknstyle\/\",\"name\":\"Style'n Cook neu beschichten | g\u00fcnstiger, nachhaltiger & besser\",\"isPartOf\":{\"@id\":\"https:\/\/repan.ch\/#website\"},\"primaryImageOfPage\":{\"@id\":\"https:\/\/repan.ch\/fr\/produit\/cooknstyle\/#primaryimage\"},\"image\":{\"@id\":\"https:\/\/repan.ch\/fr\/produit\/cooknstyle\/#primaryimage\"},\"thumbnailUrl\":\"https:\/\/repan.ch\/wp-content\/uploads\/2025\/12\/CookNStyle20-1.webp\",\"datePublished\":\"2025-12-30T02:25:19+00:00\",\"dateModified\":\"2026-02-22T08:59:50+00:00\",\"description\":\"Les po\u00eales \u00e0 frire en aluminium Style'n Cook de faible \u00e9paisseur chauffent rapidement et sont faciles \u00e0 utiliser. Elles sont id\u00e9ales pour les t\u00e2ches de r\u00f4tissage simples, les temps de cuisson courts et une utilisation flexible en cuisine, dans la restauration ou dans les services annexes. Une solution pratique et rentable pour une utilisation rapide.\",\"breadcrumb\":{\"@id\":\"https:\/\/repan.ch\/fr\/produit\/cooknstyle\/#breadcrumb\"},\"inLanguage\":\"fr-FR\",\"potentialAction\":[{\"@type\":\"ReadAction\",\"target\":[\"https:\/\/repan.ch\/fr\/produit\/cooknstyle\/\"]}]},{\"@type\":\"ImageObject\",\"inLanguage\":\"fr-FR\",\"@id\":\"https:\/\/repan.ch\/fr\/produit\/cooknstyle\/#primaryimage\",\"url\":\"https:\/\/repan.ch\/wp-content\/uploads\/2025\/12\/CookNStyle20-1.webp\",\"contentUrl\":\"https:\/\/repan.ch\/wp-content\/uploads\/2025\/12\/CookNStyle20-1.webp\",\"width\":1650,\"height\":1000,\"caption\":\"CookNStyle20\"},{\"@type\":\"BreadcrumbList\",\"@id\":\"https:\/\/repan.ch\/fr\/produit\/cooknstyle\/#breadcrumb\",\"itemListElement\":[{\"@type\":\"ListItem\",\"position\":1,\"name\":\"Accueil\",\"item\":\"https:\/\/repan.ch\/fr\/repan-2\/\"},{\"@type\":\"ListItem\",\"position\":2,\"name\":\"Shop\",\"item\":\"https:\/\/repan.ch\/shop\/\"},{\"@type\":\"ListItem\",\"position\":3,\"name\":\"Style&#8217;n Cook\"}]},{\"@type\":\"WebSite\",\"@id\":\"https:\/\/repan.ch\/#website\",\"url\":\"https:\/\/repan.ch\/\",\"name\":\"RePan\",\"description\":\"Pfannen &amp; Bleche neu beschichten\",\"publisher\":{\"@id\":\"https:\/\/repan.ch\/#organization\"},\"potentialAction\":[{\"@type\":\"SearchAction\",\"target\":{\"@type\":\"EntryPoint\",\"urlTemplate\":\"https:\/\/repan.ch\/?s={search_term_string}\"},\"query-input\":{\"@type\":\"PropertyValueSpecification\",\"valueRequired\":true,\"valueName\":\"search_term_string\"}}],\"inLanguage\":\"fr-FR\"},{\"@type\":\"Organization\",\"@id\":\"https:\/\/repan.ch\/#organization\",\"name\":\"RePan\",\"url\":\"https:\/\/repan.ch\/\",\"logo\":{\"@type\":\"ImageObject\",\"inLanguage\":\"fr-FR\",\"@id\":\"https:\/\/repan.ch\/#\/schema\/logo\/image\/\",\"url\":\"https:\/\/repan.ch\/wp-content\/uploads\/2025\/03\/LogoganzV2-hr2.webp\",\"contentUrl\":\"https:\/\/repan.ch\/wp-content\/uploads\/2025\/03\/LogoganzV2-hr2.webp\",\"width\":360,\"height\":195,\"caption\":\"RePan\"},\"image\":{\"@id\":\"https:\/\/repan.ch\/#\/schema\/logo\/image\/\"},\"hasMerchantReturnPolicy\":{\"@type\":\"MerchantReturnPolicy\",\"merchantReturnLink\":\"https:\/\/repan.ch\/garantie-rueckgabe\/\"}}]}<\/script>\n<meta property=\"product:brand\" content=\"Style&#039;n&#039;cook\" \/>\n<meta property=\"og:availability\" content=\"instock\" \/>\n<meta property=\"product:availability\" content=\"instock\" \/>\n<meta property=\"product:condition\" content=\"new\" \/>\n<!-- \/ Yoast SEO Premium plugin. -->","yoast_head_json":{"title":"Style'n Cook neu beschichten | g\u00fcnstiger, nachhaltiger & besser","description":"Les po\u00eales \u00e0 frire en aluminium Style'n Cook de faible \u00e9paisseur chauffent rapidement et sont faciles \u00e0 utiliser. Elles sont id\u00e9ales pour les t\u00e2ches de r\u00f4tissage simples, les temps de cuisson courts et une utilisation flexible en cuisine, dans la restauration ou dans les services annexes. Une solution pratique et rentable pour une utilisation rapide.","robots":{"index":"index","follow":"follow","max-snippet":"max-snippet:-1","max-image-preview":"max-image-preview:large","max-video-preview":"max-video-preview:-1"},"canonical":"https:\/\/repan.ch\/fr\/produit\/cooknstyle\/","og_locale":"fr_FR","og_type":"article","og_title":"RePan - Pfannen & Bleche neu beschichten","og_description":"G\u00fcnstiger, nachhaltiger & besser","og_url":"https:\/\/repan.ch\/fr\/produit\/cooknstyle\/","og_site_name":"RePan","article_modified_time":"2026-02-22T08:59:50+00:00","og_image":[{"width":1650,"height":1000,"url":"https:\/\/repan.ch\/wp-content\/uploads\/2025\/12\/CookNStyle20-1.webp","type":"image\/webp"}],"twitter_card":"summary_large_image","twitter_misc":{"Disponibilit\u00e9":"En stock"},"schema":{"@context":"https:\/\/schema.org","@graph":[{"@type":"WebPage","@id":"https:\/\/repan.ch\/fr\/produit\/cooknstyle\/","url":"https:\/\/repan.ch\/fr\/produit\/cooknstyle\/","name":"Style'n Cook neu beschichten | g\u00fcnstiger, nachhaltiger & besser","isPartOf":{"@id":"https:\/\/repan.ch\/#website"},"primaryImageOfPage":{"@id":"https:\/\/repan.ch\/fr\/produit\/cooknstyle\/#primaryimage"},"image":{"@id":"https:\/\/repan.ch\/fr\/produit\/cooknstyle\/#primaryimage"},"thumbnailUrl":"https:\/\/repan.ch\/wp-content\/uploads\/2025\/12\/CookNStyle20-1.webp","datePublished":"2025-12-30T02:25:19+00:00","dateModified":"2026-02-22T08:59:50+00:00","description":"Les po\u00eales \u00e0 frire en aluminium Style'n Cook de faible \u00e9paisseur chauffent rapidement et sont faciles \u00e0 utiliser. Elles sont id\u00e9ales pour les t\u00e2ches de r\u00f4tissage simples, les temps de cuisson courts et une utilisation flexible en cuisine, dans la restauration ou dans les services annexes. Une solution pratique et rentable pour une utilisation rapide.","breadcrumb":{"@id":"https:\/\/repan.ch\/fr\/produit\/cooknstyle\/#breadcrumb"},"inLanguage":"fr-FR","potentialAction":[{"@type":"ReadAction","target":["https:\/\/repan.ch\/fr\/produit\/cooknstyle\/"]}]},{"@type":"ImageObject","inLanguage":"fr-FR","@id":"https:\/\/repan.ch\/fr\/produit\/cooknstyle\/#primaryimage","url":"https:\/\/repan.ch\/wp-content\/uploads\/2025\/12\/CookNStyle20-1.webp","contentUrl":"https:\/\/repan.ch\/wp-content\/uploads\/2025\/12\/CookNStyle20-1.webp","width":1650,"height":1000,"caption":"CookNStyle20"},{"@type":"BreadcrumbList","@id":"https:\/\/repan.ch\/fr\/produit\/cooknstyle\/#breadcrumb","itemListElement":[{"@type":"ListItem","position":1,"name":"Accueil","item":"https:\/\/repan.ch\/fr\/repan-2\/"},{"@type":"ListItem","position":2,"name":"Shop","item":"https:\/\/repan.ch\/shop\/"},{"@type":"ListItem","position":3,"name":"Style&#8217;n Cook"}]},{"@type":"WebSite","@id":"https:\/\/repan.ch\/#website","url":"https:\/\/repan.ch\/","name":"RePan","description":"Pfannen &amp; Bleche neu beschichten","publisher":{"@id":"https:\/\/repan.ch\/#organization"},"potentialAction":[{"@type":"SearchAction","target":{"@type":"EntryPoint","urlTemplate":"https:\/\/repan.ch\/?s={search_term_string}"},"query-input":{"@type":"PropertyValueSpecification","valueRequired":true,"valueName":"search_term_string"}}],"inLanguage":"fr-FR"},{"@type":"Organization","@id":"https:\/\/repan.ch\/#organization","name":"RePan","url":"https:\/\/repan.ch\/","logo":{"@type":"ImageObject","inLanguage":"fr-FR","@id":"https:\/\/repan.ch\/#\/schema\/logo\/image\/","url":"https:\/\/repan.ch\/wp-content\/uploads\/2025\/03\/LogoganzV2-hr2.webp","contentUrl":"https:\/\/repan.ch\/wp-content\/uploads\/2025\/03\/LogoganzV2-hr2.webp","width":360,"height":195,"caption":"RePan"},"image":{"@id":"https:\/\/repan.ch\/#\/schema\/logo\/image\/"},"hasMerchantReturnPolicy":{"@type":"MerchantReturnPolicy","merchantReturnLink":"https:\/\/repan.ch\/garantie-rueckgabe\/"}}]},"product_brand":"Style'n'cook","og_availability":"instock","product_availability":"instock","product_condition":"new"},"_links":{"self":[{"href":"https:\/\/repan.ch\/fr\/wp-json\/wp\/v2\/product\/335131","targetHints":{"allow":["GET"]}}],"collection":[{"href":"https:\/\/repan.ch\/fr\/wp-json\/wp\/v2\/product"}],"about":[{"href":"https:\/\/repan.ch\/fr\/wp-json\/wp\/v2\/types\/product"}],"replies":[{"embeddable":true,"href":"https:\/\/repan.ch\/fr\/wp-json\/wp\/v2\/comments?post=335131"}],"version-history":[{"count":0,"href":"https:\/\/repan.ch\/fr\/wp-json\/wp\/v2\/product\/335131\/revisions"}],"wp:featuredmedia":[{"embeddable":true,"href":"https:\/\/repan.ch\/fr\/wp-json\/wp\/v2\/media\/333869"}],"wp:attachment":[{"href":"https:\/\/repan.ch\/fr\/wp-json\/wp\/v2\/media?parent=335131"}],"wp:term":[{"taxonomy":"product_brand","embeddable":true,"href":"https:\/\/repan.ch\/fr\/wp-json\/wp\/v2\/product_brand?post=335131"},{"taxonomy":"product_cat","embeddable":true,"href":"https:\/\/repan.ch\/fr\/wp-json\/wp\/v2\/product_cat?post=335131"},{"taxonomy":"product_tag","embeddable":true,"href":"https:\/\/repan.ch\/fr\/wp-json\/wp\/v2\/product_tag?post=335131"}],"curies":[{"name":"wp","href":"https:\/\/api.w.org\/{rel}","templated":true}]}}