
{"id":335128,"date":"2025-12-30T04:28:08","date_gmt":"2025-12-30T02:28:08","guid":{"rendered":"https:\/\/repan.ch\/product\/toska\/"},"modified":"2026-02-22T11:01:23","modified_gmt":"2026-02-22T09:01:23","slug":"toska","status":"publish","type":"product","link":"https:\/\/repan.ch\/fr\/produit\/toska\/","title":{"rendered":"Toska"},"content":{"rendered":"<p><strong data-start=\"101\" data-end=\"118\">Les po\u00eales Toska<\/strong> sont des outils de cuisine fonctionnels pour une utilisation quotidienne. Leur structure solide permet une r\u00e9partition uniforme de la chaleur et des r\u00e9sultats de cuisson fiables. Elles conviennent \u00e0 tous les types de cuisini\u00e8res, y compris l&rsquo;induction, et sont id\u00e9ales pour les m\u00e9nages et une utilisation simple dans la cuisine. Pratique, durable et facile \u00e0 utiliser.   <\/p>\n","protected":false},"excerpt":{"rendered":"<p><strong data-start=\"101\" data-end=\"118\">Les po\u00eales Toska<\/strong> sont des outils de cuisine fonctionnels pour une utilisation quotidienne. Leur structure solide permet une r\u00e9partition uniforme de la chaleur et des r\u00e9sultats de cuisson fiables. Elles conviennent \u00e0 tous les types de cuisini\u00e8res, y compris l&rsquo;induction, et sont id\u00e9ales pour les m\u00e9nages et une utilisation simple dans la cuisine. Pratique, durable et facile \u00e0 utiliser.   <\/p>\n","protected":false},"featured_media":333907,"comment_status":"open","ping_status":"closed","template":"","meta":{"content-type":""},"product_brand":[2802],"product_cat":[2271],"product_tag":[],"class_list":{"0":"post-335128","1":"product","2":"type-product","3":"status-publish","4":"has-post-thumbnail","6":"product_brand-toska","7":"product_cat-basique","8":"product_shipping_class-produit","9":"pa_typ-poele-a-frire","11":"first","12":"instock","13":"taxable","14":"shipping-taxable","15":"purchasable","16":"product-type-variable"},"yoast_head":"<!-- This site is optimized with the Yoast SEO Premium plugin v27.4 (Yoast SEO v27.4) - https:\/\/yoast.com\/product\/yoast-seo-premium-wordpress\/ -->\n<title>Toska neu beschichten | g\u00fcnstiger, nachhaltiger &amp; besser<\/title>\n<meta name=\"description\" content=\"Les po\u00eales Toska sont des outils de cuisine fonctionnels pour une utilisation quotidienne. Leur structure solide permet une r\u00e9partition uniforme de la chaleur et des r\u00e9sultats de cuisson fiables. Elles conviennent \u00e0 tous les types de cuisini\u00e8res, y compris l&#039;induction, et sont id\u00e9ales pour les m\u00e9nages et une utilisation simple dans la cuisine. Pratique, durable et facile \u00e0 utiliser.\" \/>\n<meta name=\"robots\" content=\"index, follow, max-snippet:-1, max-image-preview:large, max-video-preview:-1\" \/>\n<link rel=\"canonical\" href=\"https:\/\/repan.ch\/fr\/produit\/toska\/\" \/>\n<meta property=\"og:locale\" content=\"fr_FR\" \/>\n<meta property=\"og:type\" content=\"article\" \/>\n<meta property=\"og:title\" content=\"RePan - Pfannen &amp; Bleche neu beschichten\" \/>\n<meta property=\"og:description\" content=\"G\u00fcnstiger, nachhaltiger &amp; besser\" \/>\n<meta property=\"og:url\" content=\"https:\/\/repan.ch\/fr\/produit\/toska\/\" \/>\n<meta property=\"og:site_name\" content=\"RePan\" \/>\n<meta property=\"article:modified_time\" content=\"2026-02-22T09:01:23+00:00\" \/>\n<meta property=\"og:image\" content=\"https:\/\/repan.ch\/wp-content\/uploads\/2025\/12\/Toska28.webp\" \/>\n\t<meta property=\"og:image:width\" content=\"1650\" \/>\n\t<meta property=\"og:image:height\" content=\"1000\" \/>\n\t<meta property=\"og:image:type\" content=\"image\/webp\" \/>\n<meta name=\"twitter:card\" content=\"summary_large_image\" \/>\n<meta name=\"twitter:label1\" content=\"Disponibilit\u00e9\" \/>\n\t<meta name=\"twitter:data1\" content=\"En stock\" \/>\n<script type=\"application\/ld+json\" class=\"yoast-schema-graph\">{\"@context\":\"https:\\\/\\\/schema.org\",\"@graph\":[{\"@type\":\"WebPage\",\"@id\":\"https:\\\/\\\/repan.ch\\\/fr\\\/produit\\\/toska\\\/\",\"url\":\"https:\\\/\\\/repan.ch\\\/fr\\\/produit\\\/toska\\\/\",\"name\":\"Toska neu beschichten | g\u00fcnstiger, nachhaltiger & besser\",\"isPartOf\":{\"@id\":\"https:\\\/\\\/repan.ch\\\/#website\"},\"primaryImageOfPage\":{\"@id\":\"https:\\\/\\\/repan.ch\\\/fr\\\/produit\\\/toska\\\/#primaryimage\"},\"image\":{\"@id\":\"https:\\\/\\\/repan.ch\\\/fr\\\/produit\\\/toska\\\/#primaryimage\"},\"thumbnailUrl\":\"https:\\\/\\\/repan.ch\\\/wp-content\\\/uploads\\\/2025\\\/12\\\/Toska28.webp\",\"datePublished\":\"2025-12-30T02:28:08+00:00\",\"dateModified\":\"2026-02-22T09:01:23+00:00\",\"description\":\"Les po\u00eales Toska sont des outils de cuisine fonctionnels pour une utilisation quotidienne. Leur structure solide permet une r\u00e9partition uniforme de la chaleur et des r\u00e9sultats de cuisson fiables. Elles conviennent \u00e0 tous les types de cuisini\u00e8res, y compris l'induction, et sont id\u00e9ales pour les m\u00e9nages et une utilisation simple dans la cuisine. Pratique, durable et facile \u00e0 utiliser.\",\"breadcrumb\":{\"@id\":\"https:\\\/\\\/repan.ch\\\/fr\\\/produit\\\/toska\\\/#breadcrumb\"},\"inLanguage\":\"fr-FR\",\"potentialAction\":[{\"@type\":\"ReadAction\",\"target\":[\"https:\\\/\\\/repan.ch\\\/fr\\\/produit\\\/toska\\\/\"]}]},{\"@type\":\"ImageObject\",\"inLanguage\":\"fr-FR\",\"@id\":\"https:\\\/\\\/repan.ch\\\/fr\\\/produit\\\/toska\\\/#primaryimage\",\"url\":\"https:\\\/\\\/repan.ch\\\/wp-content\\\/uploads\\\/2025\\\/12\\\/Toska28.webp\",\"contentUrl\":\"https:\\\/\\\/repan.ch\\\/wp-content\\\/uploads\\\/2025\\\/12\\\/Toska28.webp\",\"width\":1650,\"height\":1000,\"caption\":\"Toska28\"},{\"@type\":\"BreadcrumbList\",\"@id\":\"https:\\\/\\\/repan.ch\\\/fr\\\/produit\\\/toska\\\/#breadcrumb\",\"itemListElement\":[{\"@type\":\"ListItem\",\"position\":1,\"name\":\"Accueil\",\"item\":\"https:\\\/\\\/repan.ch\\\/fr\\\/repan-2\\\/\"},{\"@type\":\"ListItem\",\"position\":2,\"name\":\"Shop\",\"item\":\"https:\\\/\\\/repan.ch\\\/shop\\\/\"},{\"@type\":\"ListItem\",\"position\":3,\"name\":\"Toska\"}]},{\"@type\":\"WebSite\",\"@id\":\"https:\\\/\\\/repan.ch\\\/#website\",\"url\":\"https:\\\/\\\/repan.ch\\\/\",\"name\":\"RePan\",\"description\":\"Pfannen &amp; Bleche neu beschichten\",\"publisher\":{\"@id\":\"https:\\\/\\\/repan.ch\\\/#organization\"},\"potentialAction\":[{\"@type\":\"SearchAction\",\"target\":{\"@type\":\"EntryPoint\",\"urlTemplate\":\"https:\\\/\\\/repan.ch\\\/?s={search_term_string}\"},\"query-input\":{\"@type\":\"PropertyValueSpecification\",\"valueRequired\":true,\"valueName\":\"search_term_string\"}}],\"inLanguage\":\"fr-FR\"},{\"@type\":\"Organization\",\"@id\":\"https:\\\/\\\/repan.ch\\\/#organization\",\"name\":\"RePan\",\"url\":\"https:\\\/\\\/repan.ch\\\/\",\"logo\":{\"@type\":\"ImageObject\",\"inLanguage\":\"fr-FR\",\"@id\":\"https:\\\/\\\/repan.ch\\\/#\\\/schema\\\/logo\\\/image\\\/\",\"url\":\"https:\\\/\\\/repan.ch\\\/wp-content\\\/uploads\\\/2025\\\/03\\\/LogoganzV2-hr2.webp\",\"contentUrl\":\"https:\\\/\\\/repan.ch\\\/wp-content\\\/uploads\\\/2025\\\/03\\\/LogoganzV2-hr2.webp\",\"width\":360,\"height\":195,\"caption\":\"RePan\"},\"image\":{\"@id\":\"https:\\\/\\\/repan.ch\\\/#\\\/schema\\\/logo\\\/image\\\/\"},\"hasMerchantReturnPolicy\":{\"@type\":\"MerchantReturnPolicy\",\"merchantReturnLink\":\"https:\\\/\\\/repan.ch\\\/garantie-rueckgabe\\\/\"}}]}<\/script>\n<meta property=\"product:brand\" content=\"Toska\" \/>\n<meta property=\"og:availability\" content=\"instock\" \/>\n<meta property=\"product:availability\" content=\"instock\" \/>\n<meta property=\"product:condition\" content=\"new\" \/>\n<!-- \/ Yoast SEO Premium plugin. -->","yoast_head_json":{"title":"Toska neu beschichten | g\u00fcnstiger, nachhaltiger & besser","description":"Les po\u00eales Toska sont des outils de cuisine fonctionnels pour une utilisation quotidienne. Leur structure solide permet une r\u00e9partition uniforme de la chaleur et des r\u00e9sultats de cuisson fiables. Elles conviennent \u00e0 tous les types de cuisini\u00e8res, y compris l'induction, et sont id\u00e9ales pour les m\u00e9nages et une utilisation simple dans la cuisine. Pratique, durable et facile \u00e0 utiliser.","robots":{"index":"index","follow":"follow","max-snippet":"max-snippet:-1","max-image-preview":"max-image-preview:large","max-video-preview":"max-video-preview:-1"},"canonical":"https:\/\/repan.ch\/fr\/produit\/toska\/","og_locale":"fr_FR","og_type":"article","og_title":"RePan - Pfannen & Bleche neu beschichten","og_description":"G\u00fcnstiger, nachhaltiger & besser","og_url":"https:\/\/repan.ch\/fr\/produit\/toska\/","og_site_name":"RePan","article_modified_time":"2026-02-22T09:01:23+00:00","og_image":[{"width":1650,"height":1000,"url":"https:\/\/repan.ch\/wp-content\/uploads\/2025\/12\/Toska28.webp","type":"image\/webp"}],"twitter_card":"summary_large_image","twitter_misc":{"Disponibilit\u00e9":"En stock"},"schema":{"@context":"https:\/\/schema.org","@graph":[{"@type":"WebPage","@id":"https:\/\/repan.ch\/fr\/produit\/toska\/","url":"https:\/\/repan.ch\/fr\/produit\/toska\/","name":"Toska neu beschichten | g\u00fcnstiger, nachhaltiger & besser","isPartOf":{"@id":"https:\/\/repan.ch\/#website"},"primaryImageOfPage":{"@id":"https:\/\/repan.ch\/fr\/produit\/toska\/#primaryimage"},"image":{"@id":"https:\/\/repan.ch\/fr\/produit\/toska\/#primaryimage"},"thumbnailUrl":"https:\/\/repan.ch\/wp-content\/uploads\/2025\/12\/Toska28.webp","datePublished":"2025-12-30T02:28:08+00:00","dateModified":"2026-02-22T09:01:23+00:00","description":"Les po\u00eales Toska sont des outils de cuisine fonctionnels pour une utilisation quotidienne. Leur structure solide permet une r\u00e9partition uniforme de la chaleur et des r\u00e9sultats de cuisson fiables. Elles conviennent \u00e0 tous les types de cuisini\u00e8res, y compris l'induction, et sont id\u00e9ales pour les m\u00e9nages et une utilisation simple dans la cuisine. Pratique, durable et facile \u00e0 utiliser.","breadcrumb":{"@id":"https:\/\/repan.ch\/fr\/produit\/toska\/#breadcrumb"},"inLanguage":"fr-FR","potentialAction":[{"@type":"ReadAction","target":["https:\/\/repan.ch\/fr\/produit\/toska\/"]}]},{"@type":"ImageObject","inLanguage":"fr-FR","@id":"https:\/\/repan.ch\/fr\/produit\/toska\/#primaryimage","url":"https:\/\/repan.ch\/wp-content\/uploads\/2025\/12\/Toska28.webp","contentUrl":"https:\/\/repan.ch\/wp-content\/uploads\/2025\/12\/Toska28.webp","width":1650,"height":1000,"caption":"Toska28"},{"@type":"BreadcrumbList","@id":"https:\/\/repan.ch\/fr\/produit\/toska\/#breadcrumb","itemListElement":[{"@type":"ListItem","position":1,"name":"Accueil","item":"https:\/\/repan.ch\/fr\/repan-2\/"},{"@type":"ListItem","position":2,"name":"Shop","item":"https:\/\/repan.ch\/shop\/"},{"@type":"ListItem","position":3,"name":"Toska"}]},{"@type":"WebSite","@id":"https:\/\/repan.ch\/#website","url":"https:\/\/repan.ch\/","name":"RePan","description":"Pfannen &amp; Bleche neu beschichten","publisher":{"@id":"https:\/\/repan.ch\/#organization"},"potentialAction":[{"@type":"SearchAction","target":{"@type":"EntryPoint","urlTemplate":"https:\/\/repan.ch\/?s={search_term_string}"},"query-input":{"@type":"PropertyValueSpecification","valueRequired":true,"valueName":"search_term_string"}}],"inLanguage":"fr-FR"},{"@type":"Organization","@id":"https:\/\/repan.ch\/#organization","name":"RePan","url":"https:\/\/repan.ch\/","logo":{"@type":"ImageObject","inLanguage":"fr-FR","@id":"https:\/\/repan.ch\/#\/schema\/logo\/image\/","url":"https:\/\/repan.ch\/wp-content\/uploads\/2025\/03\/LogoganzV2-hr2.webp","contentUrl":"https:\/\/repan.ch\/wp-content\/uploads\/2025\/03\/LogoganzV2-hr2.webp","width":360,"height":195,"caption":"RePan"},"image":{"@id":"https:\/\/repan.ch\/#\/schema\/logo\/image\/"},"hasMerchantReturnPolicy":{"@type":"MerchantReturnPolicy","merchantReturnLink":"https:\/\/repan.ch\/garantie-rueckgabe\/"}}]},"product_brand":"Toska","og_availability":"instock","product_availability":"instock","product_condition":"new"},"_links":{"self":[{"href":"https:\/\/repan.ch\/fr\/wp-json\/wp\/v2\/product\/335128","targetHints":{"allow":["GET"]}}],"collection":[{"href":"https:\/\/repan.ch\/fr\/wp-json\/wp\/v2\/product"}],"about":[{"href":"https:\/\/repan.ch\/fr\/wp-json\/wp\/v2\/types\/product"}],"replies":[{"embeddable":true,"href":"https:\/\/repan.ch\/fr\/wp-json\/wp\/v2\/comments?post=335128"}],"version-history":[{"count":0,"href":"https:\/\/repan.ch\/fr\/wp-json\/wp\/v2\/product\/335128\/revisions"}],"wp:featuredmedia":[{"embeddable":true,"href":"https:\/\/repan.ch\/fr\/wp-json\/wp\/v2\/media\/333907"}],"wp:attachment":[{"href":"https:\/\/repan.ch\/fr\/wp-json\/wp\/v2\/media?parent=335128"}],"wp:term":[{"taxonomy":"product_brand","embeddable":true,"href":"https:\/\/repan.ch\/fr\/wp-json\/wp\/v2\/product_brand?post=335128"},{"taxonomy":"product_cat","embeddable":true,"href":"https:\/\/repan.ch\/fr\/wp-json\/wp\/v2\/product_cat?post=335128"},{"taxonomy":"product_tag","embeddable":true,"href":"https:\/\/repan.ch\/fr\/wp-json\/wp\/v2\/product_tag?post=335128"}],"curies":[{"name":"wp","href":"https:\/\/api.w.org\/{rel}","templated":true}]}}