
{"id":335123,"date":"2025-12-30T04:27:38","date_gmt":"2025-12-30T02:27:38","guid":{"rendered":"https:\/\/repan.ch\/product\/canford\/"},"modified":"2026-02-22T11:01:27","modified_gmt":"2026-02-22T09:01:27","slug":"canford","status":"publish","type":"product","link":"https:\/\/repan.ch\/fr\/produit\/canford\/","title":{"rendered":"Canford"},"content":{"rendered":"<p><strong data-start=\"95\" data-end=\"114\">Les po\u00eales Canford<\/strong> sont des chevaux de bataille robustes pour la cuisine et la restauration. Leur structure robuste assure une r\u00e9partition fiable de la chaleur, tandis que leur conception fonctionnelle est con\u00e7ue pour une utilisation quotidienne et intensive. - une solution pratique qui met l&rsquo;accent sur la durabilit\u00e9 et l&rsquo;efficacit\u00e9.  <\/p>\n","protected":false},"excerpt":{"rendered":"<p><strong data-start=\"95\" data-end=\"114\">Les po\u00eales Canford<\/strong> sont des chevaux de bataille robustes pour la cuisine et la restauration. Leur structure robuste assure une r\u00e9partition fiable de la chaleur, tandis que leur conception fonctionnelle est con\u00e7ue pour une utilisation quotidienne et intensive. - une solution pratique qui met l&rsquo;accent sur la durabilit\u00e9 et l&rsquo;efficacit\u00e9.  <\/p>\n","protected":false},"featured_media":333903,"comment_status":"open","ping_status":"closed","template":"","meta":{"content-type":""},"product_brand":[2801],"product_cat":[2271],"product_tag":[2502],"class_list":{"0":"post-335123","1":"product","2":"type-product","3":"status-publish","4":"has-post-thumbnail","6":"product_brand-canford","7":"product_cat-basique","8":"product_tag-casseroles-bon-marche","9":"product_shipping_class-produit","10":"pa_typ-pot","12":"first","13":"outofstock","14":"sale","15":"taxable","16":"shipping-taxable","17":"purchasable","18":"product-type-simple"},"yoast_head":"<!-- This site is optimized with the Yoast SEO Premium plugin v26.6 (Yoast SEO v27.1.1) - https:\/\/yoast.com\/product\/yoast-seo-premium-wordpress\/ -->\n<title>Canford neu beschichten | g\u00fcnstiger, nachhaltiger &amp; besser<\/title>\n<meta name=\"description\" content=\"Les po\u00eales Canford sont des chevaux de bataille robustes pour la cuisine et la restauration. Leur structure robuste assure une r\u00e9partition fiable de la chaleur, tandis que leur conception fonctionnelle est con\u00e7ue pour une utilisation quotidienne et intensive. - une solution pratique qui met l&#039;accent sur la durabilit\u00e9 et l&#039;efficacit\u00e9.\" \/>\n<meta name=\"robots\" content=\"index, follow, max-snippet:-1, max-image-preview:large, max-video-preview:-1\" \/>\n<link rel=\"canonical\" href=\"https:\/\/repan.ch\/fr\/produit\/canford\/\" \/>\n<meta property=\"og:locale\" content=\"fr_FR\" \/>\n<meta property=\"og:type\" content=\"article\" \/>\n<meta property=\"og:title\" content=\"RePan - Pfannen &amp; Bleche neu beschichten\" \/>\n<meta property=\"og:description\" content=\"G\u00fcnstiger, nachhaltiger &amp; besser\" \/>\n<meta property=\"og:url\" content=\"https:\/\/repan.ch\/fr\/produit\/canford\/\" \/>\n<meta property=\"og:site_name\" content=\"RePan\" \/>\n<meta property=\"article:modified_time\" content=\"2026-02-22T09:01:27+00:00\" \/>\n<meta property=\"og:image\" content=\"https:\/\/repan.ch\/wp-content\/uploads\/2025\/12\/Canford16.webp\" \/>\n\t<meta property=\"og:image:width\" content=\"1650\" \/>\n\t<meta property=\"og:image:height\" content=\"1000\" \/>\n\t<meta property=\"og:image:type\" content=\"image\/webp\" \/>\n<meta name=\"twitter:card\" content=\"summary_large_image\" \/>\n<meta name=\"twitter:label1\" content=\"Prix\" \/>\n\t<meta name=\"twitter:data1\" content=\"&#067;&#072;&#070;&nbsp;35.00\" \/>\n\t<meta name=\"twitter:label2\" content=\"Disponibilit\u00e9\" \/>\n\t<meta name=\"twitter:data2\" content=\"Rupture de stock\" \/>\n<script type=\"application\/ld+json\" class=\"yoast-schema-graph\">{\"@context\":\"https:\/\/schema.org\",\"@graph\":[{\"@type\":\"WebPage\",\"@id\":\"https:\/\/repan.ch\/fr\/produit\/canford\/\",\"url\":\"https:\/\/repan.ch\/fr\/produit\/canford\/\",\"name\":\"Canford neu beschichten | g\u00fcnstiger, nachhaltiger & besser\",\"isPartOf\":{\"@id\":\"https:\/\/repan.ch\/#website\"},\"primaryImageOfPage\":{\"@id\":\"https:\/\/repan.ch\/fr\/produit\/canford\/#primaryimage\"},\"image\":{\"@id\":\"https:\/\/repan.ch\/fr\/produit\/canford\/#primaryimage\"},\"thumbnailUrl\":\"https:\/\/repan.ch\/wp-content\/uploads\/2025\/12\/Canford16.webp\",\"datePublished\":\"2025-12-30T02:27:38+00:00\",\"dateModified\":\"2026-02-22T09:01:27+00:00\",\"description\":\"Les po\u00eales Canford sont des chevaux de bataille robustes pour la cuisine et la restauration. Leur structure robuste assure une r\u00e9partition fiable de la chaleur, tandis que leur conception fonctionnelle est con\u00e7ue pour une utilisation quotidienne et intensive. - une solution pratique qui met l'accent sur la durabilit\u00e9 et l'efficacit\u00e9.\",\"breadcrumb\":{\"@id\":\"https:\/\/repan.ch\/fr\/produit\/canford\/#breadcrumb\"},\"inLanguage\":\"fr-FR\",\"potentialAction\":[{\"@type\":\"ReadAction\",\"target\":[\"https:\/\/repan.ch\/fr\/produit\/canford\/\"]}]},{\"@type\":\"ImageObject\",\"inLanguage\":\"fr-FR\",\"@id\":\"https:\/\/repan.ch\/fr\/produit\/canford\/#primaryimage\",\"url\":\"https:\/\/repan.ch\/wp-content\/uploads\/2025\/12\/Canford16.webp\",\"contentUrl\":\"https:\/\/repan.ch\/wp-content\/uploads\/2025\/12\/Canford16.webp\",\"width\":1650,\"height\":1000,\"caption\":\"Canford16\"},{\"@type\":\"BreadcrumbList\",\"@id\":\"https:\/\/repan.ch\/fr\/produit\/canford\/#breadcrumb\",\"itemListElement\":[{\"@type\":\"ListItem\",\"position\":1,\"name\":\"Accueil\",\"item\":\"https:\/\/repan.ch\/fr\/repan-2\/\"},{\"@type\":\"ListItem\",\"position\":2,\"name\":\"Shop\",\"item\":\"https:\/\/repan.ch\/shop\/\"},{\"@type\":\"ListItem\",\"position\":3,\"name\":\"Canford\"}]},{\"@type\":\"WebSite\",\"@id\":\"https:\/\/repan.ch\/#website\",\"url\":\"https:\/\/repan.ch\/\",\"name\":\"RePan\",\"description\":\"Pfannen &amp; Bleche neu beschichten\",\"publisher\":{\"@id\":\"https:\/\/repan.ch\/#organization\"},\"potentialAction\":[{\"@type\":\"SearchAction\",\"target\":{\"@type\":\"EntryPoint\",\"urlTemplate\":\"https:\/\/repan.ch\/?s={search_term_string}\"},\"query-input\":{\"@type\":\"PropertyValueSpecification\",\"valueRequired\":true,\"valueName\":\"search_term_string\"}}],\"inLanguage\":\"fr-FR\"},{\"@type\":\"Organization\",\"@id\":\"https:\/\/repan.ch\/#organization\",\"name\":\"RePan\",\"url\":\"https:\/\/repan.ch\/\",\"logo\":{\"@type\":\"ImageObject\",\"inLanguage\":\"fr-FR\",\"@id\":\"https:\/\/repan.ch\/#\/schema\/logo\/image\/\",\"url\":\"https:\/\/repan.ch\/wp-content\/uploads\/2025\/03\/LogoganzV2-hr2.webp\",\"contentUrl\":\"https:\/\/repan.ch\/wp-content\/uploads\/2025\/03\/LogoganzV2-hr2.webp\",\"width\":360,\"height\":195,\"caption\":\"RePan\"},\"image\":{\"@id\":\"https:\/\/repan.ch\/#\/schema\/logo\/image\/\"},\"hasMerchantReturnPolicy\":{\"@type\":\"MerchantReturnPolicy\",\"merchantReturnLink\":\"https:\/\/repan.ch\/garantie-rueckgabe\/\"}}]}<\/script>\n<meta property=\"product:brand\" content=\"Canford\" \/>\n<meta property=\"product:price:amount\" content=\"35.00\" \/>\n<meta property=\"product:price:currency\" content=\"CHF\" \/>\n<meta property=\"og:availability\" content=\"out of stock\" \/>\n<meta property=\"product:availability\" content=\"out of stock\" \/>\n<meta property=\"product:retailer_item_id\" content=\"241729\" \/>\n<meta property=\"product:condition\" content=\"new\" \/>\n<!-- \/ Yoast SEO Premium plugin. -->","yoast_head_json":{"title":"Canford neu beschichten | g\u00fcnstiger, nachhaltiger & besser","description":"Les po\u00eales Canford sont des chevaux de bataille robustes pour la cuisine et la restauration. Leur structure robuste assure une r\u00e9partition fiable de la chaleur, tandis que leur conception fonctionnelle est con\u00e7ue pour une utilisation quotidienne et intensive. - une solution pratique qui met l'accent sur la durabilit\u00e9 et l'efficacit\u00e9.","robots":{"index":"index","follow":"follow","max-snippet":"max-snippet:-1","max-image-preview":"max-image-preview:large","max-video-preview":"max-video-preview:-1"},"canonical":"https:\/\/repan.ch\/fr\/produit\/canford\/","og_locale":"fr_FR","og_type":"article","og_title":"RePan - Pfannen & Bleche neu beschichten","og_description":"G\u00fcnstiger, nachhaltiger & besser","og_url":"https:\/\/repan.ch\/fr\/produit\/canford\/","og_site_name":"RePan","article_modified_time":"2026-02-22T09:01:27+00:00","og_image":[{"width":1650,"height":1000,"url":"https:\/\/repan.ch\/wp-content\/uploads\/2025\/12\/Canford16.webp","type":"image\/webp"}],"twitter_card":"summary_large_image","twitter_misc":{"Prix":"&#67;&#72;&#70;&nbsp;35.00","Disponibilit\u00e9":"Rupture de stock"},"schema":{"@context":"https:\/\/schema.org","@graph":[{"@type":"WebPage","@id":"https:\/\/repan.ch\/fr\/produit\/canford\/","url":"https:\/\/repan.ch\/fr\/produit\/canford\/","name":"Canford neu beschichten | g\u00fcnstiger, nachhaltiger & besser","isPartOf":{"@id":"https:\/\/repan.ch\/#website"},"primaryImageOfPage":{"@id":"https:\/\/repan.ch\/fr\/produit\/canford\/#primaryimage"},"image":{"@id":"https:\/\/repan.ch\/fr\/produit\/canford\/#primaryimage"},"thumbnailUrl":"https:\/\/repan.ch\/wp-content\/uploads\/2025\/12\/Canford16.webp","datePublished":"2025-12-30T02:27:38+00:00","dateModified":"2026-02-22T09:01:27+00:00","description":"Les po\u00eales Canford sont des chevaux de bataille robustes pour la cuisine et la restauration. Leur structure robuste assure une r\u00e9partition fiable de la chaleur, tandis que leur conception fonctionnelle est con\u00e7ue pour une utilisation quotidienne et intensive. - une solution pratique qui met l'accent sur la durabilit\u00e9 et l'efficacit\u00e9.","breadcrumb":{"@id":"https:\/\/repan.ch\/fr\/produit\/canford\/#breadcrumb"},"inLanguage":"fr-FR","potentialAction":[{"@type":"ReadAction","target":["https:\/\/repan.ch\/fr\/produit\/canford\/"]}]},{"@type":"ImageObject","inLanguage":"fr-FR","@id":"https:\/\/repan.ch\/fr\/produit\/canford\/#primaryimage","url":"https:\/\/repan.ch\/wp-content\/uploads\/2025\/12\/Canford16.webp","contentUrl":"https:\/\/repan.ch\/wp-content\/uploads\/2025\/12\/Canford16.webp","width":1650,"height":1000,"caption":"Canford16"},{"@type":"BreadcrumbList","@id":"https:\/\/repan.ch\/fr\/produit\/canford\/#breadcrumb","itemListElement":[{"@type":"ListItem","position":1,"name":"Accueil","item":"https:\/\/repan.ch\/fr\/repan-2\/"},{"@type":"ListItem","position":2,"name":"Shop","item":"https:\/\/repan.ch\/shop\/"},{"@type":"ListItem","position":3,"name":"Canford"}]},{"@type":"WebSite","@id":"https:\/\/repan.ch\/#website","url":"https:\/\/repan.ch\/","name":"RePan","description":"Pfannen &amp; Bleche neu beschichten","publisher":{"@id":"https:\/\/repan.ch\/#organization"},"potentialAction":[{"@type":"SearchAction","target":{"@type":"EntryPoint","urlTemplate":"https:\/\/repan.ch\/?s={search_term_string}"},"query-input":{"@type":"PropertyValueSpecification","valueRequired":true,"valueName":"search_term_string"}}],"inLanguage":"fr-FR"},{"@type":"Organization","@id":"https:\/\/repan.ch\/#organization","name":"RePan","url":"https:\/\/repan.ch\/","logo":{"@type":"ImageObject","inLanguage":"fr-FR","@id":"https:\/\/repan.ch\/#\/schema\/logo\/image\/","url":"https:\/\/repan.ch\/wp-content\/uploads\/2025\/03\/LogoganzV2-hr2.webp","contentUrl":"https:\/\/repan.ch\/wp-content\/uploads\/2025\/03\/LogoganzV2-hr2.webp","width":360,"height":195,"caption":"RePan"},"image":{"@id":"https:\/\/repan.ch\/#\/schema\/logo\/image\/"},"hasMerchantReturnPolicy":{"@type":"MerchantReturnPolicy","merchantReturnLink":"https:\/\/repan.ch\/garantie-rueckgabe\/"}}]},"product_brand":"Canford","product_price_amount":"35.00","product_price_currency":"CHF","og_availability":"out of stock","product_availability":"out of stock","product_retailer_item_id":"241729","product_condition":"new"},"_links":{"self":[{"href":"https:\/\/repan.ch\/fr\/wp-json\/wp\/v2\/product\/335123","targetHints":{"allow":["GET"]}}],"collection":[{"href":"https:\/\/repan.ch\/fr\/wp-json\/wp\/v2\/product"}],"about":[{"href":"https:\/\/repan.ch\/fr\/wp-json\/wp\/v2\/types\/product"}],"replies":[{"embeddable":true,"href":"https:\/\/repan.ch\/fr\/wp-json\/wp\/v2\/comments?post=335123"}],"version-history":[{"count":0,"href":"https:\/\/repan.ch\/fr\/wp-json\/wp\/v2\/product\/335123\/revisions"}],"wp:featuredmedia":[{"embeddable":true,"href":"https:\/\/repan.ch\/fr\/wp-json\/wp\/v2\/media\/333903"}],"wp:attachment":[{"href":"https:\/\/repan.ch\/fr\/wp-json\/wp\/v2\/media?parent=335123"}],"wp:term":[{"taxonomy":"product_brand","embeddable":true,"href":"https:\/\/repan.ch\/fr\/wp-json\/wp\/v2\/product_brand?post=335123"},{"taxonomy":"product_cat","embeddable":true,"href":"https:\/\/repan.ch\/fr\/wp-json\/wp\/v2\/product_cat?post=335123"},{"taxonomy":"product_tag","embeddable":true,"href":"https:\/\/repan.ch\/fr\/wp-json\/wp\/v2\/product_tag?post=335123"}],"curies":[{"name":"wp","href":"https:\/\/api.w.org\/{rel}","templated":true}]}}