
{"id":335097,"date":"2025-12-30T04:32:30","date_gmt":"2025-12-30T02:32:30","guid":{"rendered":"https:\/\/repan.ch\/product\/roesle-silence-pro\/"},"modified":"2026-01-22T18:41:08","modified_gmt":"2026-01-22T16:41:08","slug":"roesle-silence-pro","status":"publish","type":"product","link":"https:\/\/repan.ch\/fr\/produit\/roesle-silence-pro\/","title":{"rendered":"R\u00f6sle Silence Pro"},"content":{"rendered":"<p><strong data-start=\"105\" data-end=\"134\">Les po\u00eales Silence Pro de R\u00f6sle<\/strong> sont synonymes de finition de qualit\u00e9 et de cuisson silencieuse et contr\u00f4l\u00e9e. La structure stable assure une r\u00e9partition uniforme de la chaleur et une chaleur pr\u00e9cise sur tous les types de cuisini\u00e8res courantes, y compris l&rsquo;induction. Leur design bien pens\u00e9 s&rsquo;adresse aux m\u00e9nages exigeants qui accordent de l&rsquo;importance \u00e0 la fonctionnalit\u00e9, \u00e0 la qualit\u00e9 et au confort.  <\/p>\n","protected":false},"excerpt":{"rendered":"<p>R\u00f6sle est une marque traditionnelle qui existe depuis 1888. Elle dispose de l&rsquo;exp\u00e9rience de cinq g\u00e9n\u00e9rations et est aujourd&rsquo;hui synonyme de produits de cuisine esth\u00e9tiques et durables.<\/p>\n<p>Cette po\u00eale en acier inoxydable dispose d&rsquo;un fond sandwich encapsul\u00e9 avec un noyau en aluminium et garantit une absorption, une r\u00e9partition et une r\u00e9tention rapides de la chaleur.<\/p>\n<p>Le bord verseur convient pour verser en toute s\u00e9curit\u00e9 et sans gouttes. La poign\u00e9e de la po\u00eale tient bien en main gr\u00e2ce \u00e0 son rev\u00eatement en silicone.<\/p>\n","protected":false},"featured_media":333967,"comment_status":"open","ping_status":"closed","template":"","meta":{"content-type":""},"product_brand":[597],"product_cat":[2278],"product_tag":[],"class_list":{"0":"post-335097","1":"product","2":"type-product","3":"status-publish","4":"has-post-thumbnail","6":"product_brand-rosle","7":"product_cat-premium-fr","8":"product_shipping_class-produit","9":"pa_typ-poele-a-frire","11":"first","12":"outofstock","13":"taxable","14":"shipping-taxable","15":"product-type-variable"},"yoast_head":"<!-- This site is optimized with the Yoast SEO Premium plugin v26.6 (Yoast SEO v27.1.1) - https:\/\/yoast.com\/product\/yoast-seo-premium-wordpress\/ -->\n<title>R\u00f6sle Silence Pro neu beschichten | g\u00fcnstiger, nachhaltiger &amp; besser<\/title>\n<meta name=\"description\" content=\"R\u00f6sle est une marque traditionnelle qui existe depuis 1888. Elle dispose de l&#039;exp\u00e9rience de cinq g\u00e9n\u00e9rations et est aujourd&#039;hui synonyme de produits de cuisine esth\u00e9tiques et durables. Cette po\u00eale en acier inoxydable dispose d&#039;un fond sandwich encapsul\u00e9 avec un noyau en aluminium et garantit une absorption, une r\u00e9partition et une r\u00e9tention rapides de la chaleur. Le bord verseur convient pour verser en toute s\u00e9curit\u00e9 et sans gouttes. La poign\u00e9e de la po\u00eale tient bien en main gr\u00e2ce \u00e0 son rev\u00eatement en silicone.\" \/>\n<meta name=\"robots\" content=\"index, follow, max-snippet:-1, max-image-preview:large, max-video-preview:-1\" \/>\n<link rel=\"canonical\" href=\"https:\/\/repan.ch\/fr\/produit\/roesle-silence-pro\/\" \/>\n<meta property=\"og:locale\" content=\"fr_FR\" \/>\n<meta property=\"og:type\" content=\"article\" \/>\n<meta property=\"og:title\" content=\"RePan - Pfannen &amp; Bleche neu beschichten\" \/>\n<meta property=\"og:description\" content=\"G\u00fcnstiger, nachhaltiger &amp; besser\" \/>\n<meta property=\"og:url\" content=\"https:\/\/repan.ch\/fr\/produit\/roesle-silence-pro\/\" \/>\n<meta property=\"og:site_name\" content=\"RePan\" \/>\n<meta property=\"article:modified_time\" content=\"2026-01-22T16:41:08+00:00\" \/>\n<meta property=\"og:image\" content=\"https:\/\/repan.ch\/wp-content\/uploads\/2025\/12\/Roesle_pro-1.webp\" \/>\n\t<meta property=\"og:image:width\" content=\"1650\" \/>\n\t<meta property=\"og:image:height\" content=\"1000\" \/>\n\t<meta property=\"og:image:type\" content=\"image\/webp\" \/>\n<meta name=\"twitter:card\" content=\"summary_large_image\" \/>\n<meta name=\"twitter:label1\" content=\"Disponibilit\u00e9\" \/>\n\t<meta name=\"twitter:data1\" content=\"Rupture de stock\" \/>\n<script type=\"application\/ld+json\" class=\"yoast-schema-graph\">{\"@context\":\"https:\/\/schema.org\",\"@graph\":[{\"@type\":\"WebPage\",\"@id\":\"https:\/\/repan.ch\/fr\/produit\/roesle-silence-pro\/\",\"url\":\"https:\/\/repan.ch\/fr\/produit\/roesle-silence-pro\/\",\"name\":\"R\u00f6sle Silence Pro neu beschichten | g\u00fcnstiger, nachhaltiger & besser\",\"isPartOf\":{\"@id\":\"https:\/\/repan.ch\/#website\"},\"primaryImageOfPage\":{\"@id\":\"https:\/\/repan.ch\/fr\/produit\/roesle-silence-pro\/#primaryimage\"},\"image\":{\"@id\":\"https:\/\/repan.ch\/fr\/produit\/roesle-silence-pro\/#primaryimage\"},\"thumbnailUrl\":\"https:\/\/repan.ch\/wp-content\/uploads\/2025\/12\/Roesle_pro-1.webp\",\"datePublished\":\"2025-12-30T02:32:30+00:00\",\"dateModified\":\"2026-01-22T16:41:08+00:00\",\"description\":\"R\u00f6sle est une marque traditionnelle qui existe depuis 1888. Elle dispose de l'exp\u00e9rience de cinq g\u00e9n\u00e9rations et est aujourd'hui synonyme de produits de cuisine esth\u00e9tiques et durables. Cette po\u00eale en acier inoxydable dispose d'un fond sandwich encapsul\u00e9 avec un noyau en aluminium et garantit une absorption, une r\u00e9partition et une r\u00e9tention rapides de la chaleur. Le bord verseur convient pour verser en toute s\u00e9curit\u00e9 et sans gouttes. La poign\u00e9e de la po\u00eale tient bien en main gr\u00e2ce \u00e0 son rev\u00eatement en silicone.\",\"breadcrumb\":{\"@id\":\"https:\/\/repan.ch\/fr\/produit\/roesle-silence-pro\/#breadcrumb\"},\"inLanguage\":\"fr-FR\",\"potentialAction\":[{\"@type\":\"ReadAction\",\"target\":[\"https:\/\/repan.ch\/fr\/produit\/roesle-silence-pro\/\"]}]},{\"@type\":\"ImageObject\",\"inLanguage\":\"fr-FR\",\"@id\":\"https:\/\/repan.ch\/fr\/produit\/roesle-silence-pro\/#primaryimage\",\"url\":\"https:\/\/repan.ch\/wp-content\/uploads\/2025\/12\/Roesle_pro-1.webp\",\"contentUrl\":\"https:\/\/repan.ch\/wp-content\/uploads\/2025\/12\/Roesle_pro-1.webp\",\"width\":1650,\"height\":1000,\"caption\":\"Roesle par 1\"},{\"@type\":\"BreadcrumbList\",\"@id\":\"https:\/\/repan.ch\/fr\/produit\/roesle-silence-pro\/#breadcrumb\",\"itemListElement\":[{\"@type\":\"ListItem\",\"position\":1,\"name\":\"Accueil\",\"item\":\"https:\/\/repan.ch\/fr\/repan-2\/\"},{\"@type\":\"ListItem\",\"position\":2,\"name\":\"Shop\",\"item\":\"https:\/\/repan.ch\/shop\/\"},{\"@type\":\"ListItem\",\"position\":3,\"name\":\"R\u00f6sle Silence Pro\"}]},{\"@type\":\"WebSite\",\"@id\":\"https:\/\/repan.ch\/#website\",\"url\":\"https:\/\/repan.ch\/\",\"name\":\"RePan\",\"description\":\"Pfannen &amp; Bleche neu beschichten\",\"publisher\":{\"@id\":\"https:\/\/repan.ch\/#organization\"},\"potentialAction\":[{\"@type\":\"SearchAction\",\"target\":{\"@type\":\"EntryPoint\",\"urlTemplate\":\"https:\/\/repan.ch\/?s={search_term_string}\"},\"query-input\":{\"@type\":\"PropertyValueSpecification\",\"valueRequired\":true,\"valueName\":\"search_term_string\"}}],\"inLanguage\":\"fr-FR\"},{\"@type\":\"Organization\",\"@id\":\"https:\/\/repan.ch\/#organization\",\"name\":\"RePan\",\"url\":\"https:\/\/repan.ch\/\",\"logo\":{\"@type\":\"ImageObject\",\"inLanguage\":\"fr-FR\",\"@id\":\"https:\/\/repan.ch\/#\/schema\/logo\/image\/\",\"url\":\"https:\/\/repan.ch\/wp-content\/uploads\/2025\/03\/LogoganzV2-hr2.webp\",\"contentUrl\":\"https:\/\/repan.ch\/wp-content\/uploads\/2025\/03\/LogoganzV2-hr2.webp\",\"width\":360,\"height\":195,\"caption\":\"RePan\"},\"image\":{\"@id\":\"https:\/\/repan.ch\/#\/schema\/logo\/image\/\"},\"hasMerchantReturnPolicy\":{\"@type\":\"MerchantReturnPolicy\",\"merchantReturnLink\":\"https:\/\/repan.ch\/garantie-rueckgabe\/\"}}]}<\/script>\n<meta property=\"product:brand\" content=\"R\u00f6sle\" \/>\n<meta property=\"og:availability\" content=\"out of stock\" \/>\n<meta property=\"product:availability\" content=\"out of stock\" \/>\n<meta property=\"product:condition\" content=\"new\" \/>\n<!-- \/ Yoast SEO Premium plugin. -->","yoast_head_json":{"title":"R\u00f6sle Silence Pro neu beschichten | g\u00fcnstiger, nachhaltiger & besser","description":"R\u00f6sle est une marque traditionnelle qui existe depuis 1888. Elle dispose de l'exp\u00e9rience de cinq g\u00e9n\u00e9rations et est aujourd'hui synonyme de produits de cuisine esth\u00e9tiques et durables. Cette po\u00eale en acier inoxydable dispose d'un fond sandwich encapsul\u00e9 avec un noyau en aluminium et garantit une absorption, une r\u00e9partition et une r\u00e9tention rapides de la chaleur. Le bord verseur convient pour verser en toute s\u00e9curit\u00e9 et sans gouttes. La poign\u00e9e de la po\u00eale tient bien en main gr\u00e2ce \u00e0 son rev\u00eatement en silicone.","robots":{"index":"index","follow":"follow","max-snippet":"max-snippet:-1","max-image-preview":"max-image-preview:large","max-video-preview":"max-video-preview:-1"},"canonical":"https:\/\/repan.ch\/fr\/produit\/roesle-silence-pro\/","og_locale":"fr_FR","og_type":"article","og_title":"RePan - Pfannen & Bleche neu beschichten","og_description":"G\u00fcnstiger, nachhaltiger & besser","og_url":"https:\/\/repan.ch\/fr\/produit\/roesle-silence-pro\/","og_site_name":"RePan","article_modified_time":"2026-01-22T16:41:08+00:00","og_image":[{"width":1650,"height":1000,"url":"https:\/\/repan.ch\/wp-content\/uploads\/2025\/12\/Roesle_pro-1.webp","type":"image\/webp"}],"twitter_card":"summary_large_image","twitter_misc":{"Disponibilit\u00e9":"Rupture de stock"},"schema":{"@context":"https:\/\/schema.org","@graph":[{"@type":"WebPage","@id":"https:\/\/repan.ch\/fr\/produit\/roesle-silence-pro\/","url":"https:\/\/repan.ch\/fr\/produit\/roesle-silence-pro\/","name":"R\u00f6sle Silence Pro neu beschichten | g\u00fcnstiger, nachhaltiger & besser","isPartOf":{"@id":"https:\/\/repan.ch\/#website"},"primaryImageOfPage":{"@id":"https:\/\/repan.ch\/fr\/produit\/roesle-silence-pro\/#primaryimage"},"image":{"@id":"https:\/\/repan.ch\/fr\/produit\/roesle-silence-pro\/#primaryimage"},"thumbnailUrl":"https:\/\/repan.ch\/wp-content\/uploads\/2025\/12\/Roesle_pro-1.webp","datePublished":"2025-12-30T02:32:30+00:00","dateModified":"2026-01-22T16:41:08+00:00","description":"R\u00f6sle est une marque traditionnelle qui existe depuis 1888. Elle dispose de l'exp\u00e9rience de cinq g\u00e9n\u00e9rations et est aujourd'hui synonyme de produits de cuisine esth\u00e9tiques et durables. Cette po\u00eale en acier inoxydable dispose d'un fond sandwich encapsul\u00e9 avec un noyau en aluminium et garantit une absorption, une r\u00e9partition et une r\u00e9tention rapides de la chaleur. Le bord verseur convient pour verser en toute s\u00e9curit\u00e9 et sans gouttes. La poign\u00e9e de la po\u00eale tient bien en main gr\u00e2ce \u00e0 son rev\u00eatement en silicone.","breadcrumb":{"@id":"https:\/\/repan.ch\/fr\/produit\/roesle-silence-pro\/#breadcrumb"},"inLanguage":"fr-FR","potentialAction":[{"@type":"ReadAction","target":["https:\/\/repan.ch\/fr\/produit\/roesle-silence-pro\/"]}]},{"@type":"ImageObject","inLanguage":"fr-FR","@id":"https:\/\/repan.ch\/fr\/produit\/roesle-silence-pro\/#primaryimage","url":"https:\/\/repan.ch\/wp-content\/uploads\/2025\/12\/Roesle_pro-1.webp","contentUrl":"https:\/\/repan.ch\/wp-content\/uploads\/2025\/12\/Roesle_pro-1.webp","width":1650,"height":1000,"caption":"Roesle par 1"},{"@type":"BreadcrumbList","@id":"https:\/\/repan.ch\/fr\/produit\/roesle-silence-pro\/#breadcrumb","itemListElement":[{"@type":"ListItem","position":1,"name":"Accueil","item":"https:\/\/repan.ch\/fr\/repan-2\/"},{"@type":"ListItem","position":2,"name":"Shop","item":"https:\/\/repan.ch\/shop\/"},{"@type":"ListItem","position":3,"name":"R\u00f6sle Silence Pro"}]},{"@type":"WebSite","@id":"https:\/\/repan.ch\/#website","url":"https:\/\/repan.ch\/","name":"RePan","description":"Pfannen &amp; Bleche neu beschichten","publisher":{"@id":"https:\/\/repan.ch\/#organization"},"potentialAction":[{"@type":"SearchAction","target":{"@type":"EntryPoint","urlTemplate":"https:\/\/repan.ch\/?s={search_term_string}"},"query-input":{"@type":"PropertyValueSpecification","valueRequired":true,"valueName":"search_term_string"}}],"inLanguage":"fr-FR"},{"@type":"Organization","@id":"https:\/\/repan.ch\/#organization","name":"RePan","url":"https:\/\/repan.ch\/","logo":{"@type":"ImageObject","inLanguage":"fr-FR","@id":"https:\/\/repan.ch\/#\/schema\/logo\/image\/","url":"https:\/\/repan.ch\/wp-content\/uploads\/2025\/03\/LogoganzV2-hr2.webp","contentUrl":"https:\/\/repan.ch\/wp-content\/uploads\/2025\/03\/LogoganzV2-hr2.webp","width":360,"height":195,"caption":"RePan"},"image":{"@id":"https:\/\/repan.ch\/#\/schema\/logo\/image\/"},"hasMerchantReturnPolicy":{"@type":"MerchantReturnPolicy","merchantReturnLink":"https:\/\/repan.ch\/garantie-rueckgabe\/"}}]},"product_brand":"R\u00f6sle","og_availability":"out of stock","product_availability":"out of stock","product_condition":"new"},"_links":{"self":[{"href":"https:\/\/repan.ch\/fr\/wp-json\/wp\/v2\/product\/335097","targetHints":{"allow":["GET"]}}],"collection":[{"href":"https:\/\/repan.ch\/fr\/wp-json\/wp\/v2\/product"}],"about":[{"href":"https:\/\/repan.ch\/fr\/wp-json\/wp\/v2\/types\/product"}],"replies":[{"embeddable":true,"href":"https:\/\/repan.ch\/fr\/wp-json\/wp\/v2\/comments?post=335097"}],"version-history":[{"count":0,"href":"https:\/\/repan.ch\/fr\/wp-json\/wp\/v2\/product\/335097\/revisions"}],"wp:featuredmedia":[{"embeddable":true,"href":"https:\/\/repan.ch\/fr\/wp-json\/wp\/v2\/media\/333967"}],"wp:attachment":[{"href":"https:\/\/repan.ch\/fr\/wp-json\/wp\/v2\/media?parent=335097"}],"wp:term":[{"taxonomy":"product_brand","embeddable":true,"href":"https:\/\/repan.ch\/fr\/wp-json\/wp\/v2\/product_brand?post=335097"},{"taxonomy":"product_cat","embeddable":true,"href":"https:\/\/repan.ch\/fr\/wp-json\/wp\/v2\/product_cat?post=335097"},{"taxonomy":"product_tag","embeddable":true,"href":"https:\/\/repan.ch\/fr\/wp-json\/wp\/v2\/product_tag?post=335097"}],"curies":[{"name":"wp","href":"https:\/\/api.w.org\/{rel}","templated":true}]}}