
{"id":335056,"date":"2025-12-30T04:41:14","date_gmt":"2025-12-30T02:41:14","guid":{"rendered":"https:\/\/repan.ch\/product\/thomas-rosenthal\/"},"modified":"2026-02-22T10:59:43","modified_gmt":"2026-02-22T08:59:43","slug":"thomas-rosenthal","status":"publish","type":"product","link":"https:\/\/repan.ch\/fr\/produit\/thomas-rosenthal\/","title":{"rendered":"Thomas Rosenthal"},"content":{"rendered":"<ol>\n<li>D\u00e9couvre l&rsquo;\u00e9l\u00e9gance et la durabilit\u00e9 de la po\u00eale en acier inoxydable Thomas Rosenthal avec des manches en m\u00e9tal. Originaire d&rsquo;Allemagne, le design offre qualit\u00e9 et innovation. Donne \u00e0 tes talents culinaires une touche professionnelle avec cette po\u00eale - un investissement pour le plaisir de cuisiner pendant de longues ann\u00e9es.<\/li>\n<\/ol>\n","protected":false},"excerpt":{"rendered":"<ol>\n<li>D\u00e9couvre l&rsquo;\u00e9l\u00e9gance et la durabilit\u00e9 de la po\u00eale en acier inoxydable Thomas Rosenthal avec des manches en m\u00e9tal. Originaire d&rsquo;Allemagne, le design offre qualit\u00e9 et innovation. Donne \u00e0 tes talents culinaires une touche professionnelle avec cette po\u00eale - un investissement pour le plaisir de cuisiner pendant de longues ann\u00e9es.<\/li>\n<\/ol>\n","protected":false},"featured_media":334132,"comment_status":"open","ping_status":"closed","template":"","meta":{"content-type":""},"product_brand":[590],"product_cat":[2278],"product_tag":[],"class_list":{"0":"post-335056","1":"product","2":"type-product","3":"status-publish","4":"has-post-thumbnail","6":"product_brand-thomas-rosenthal","7":"product_cat-premium-fr","8":"product_shipping_class-produit","9":"pa_typ-gril","10":"pa_typ-poele-a-frire","11":"pa_typ-poele-wok","12":"pa_typ-sauteuse","14":"first","15":"instock","16":"taxable","17":"shipping-taxable","18":"purchasable","19":"product-type-variable"},"yoast_head":"<!-- This site is optimized with the Yoast SEO Premium plugin v26.6 (Yoast SEO v27.1.1) - https:\/\/yoast.com\/product\/yoast-seo-premium-wordpress\/ -->\n<title>Thomas Rosenthal neu beschichten | g\u00fcnstiger, nachhaltiger &amp; besser<\/title>\n<meta name=\"description\" content=\"D\u00e9couvre l&#039;\u00e9l\u00e9gance et la durabilit\u00e9 de la po\u00eale en acier inoxydable Thomas Rosenthal avec des manches en m\u00e9tal. Originaire d&#039;Allemagne, le design offre qualit\u00e9 et innovation. Donne \u00e0 tes talents culinaires une touche professionnelle avec cette po\u00eale - un investissement pour le plaisir de cuisiner pendant de longues ann\u00e9es.\" \/>\n<meta name=\"robots\" content=\"index, follow, max-snippet:-1, max-image-preview:large, max-video-preview:-1\" \/>\n<link rel=\"canonical\" href=\"https:\/\/repan.ch\/fr\/produit\/thomas-rosenthal\/\" \/>\n<meta property=\"og:locale\" content=\"fr_FR\" \/>\n<meta property=\"og:type\" content=\"article\" \/>\n<meta property=\"og:title\" content=\"RePan - Pfannen &amp; Bleche neu beschichten\" \/>\n<meta property=\"og:description\" content=\"G\u00fcnstiger, nachhaltiger &amp; besser\" \/>\n<meta property=\"og:url\" content=\"https:\/\/repan.ch\/fr\/produit\/thomas-rosenthal\/\" \/>\n<meta property=\"og:site_name\" content=\"RePan\" \/>\n<meta property=\"article:modified_time\" content=\"2026-02-22T08:59:43+00:00\" \/>\n<meta property=\"og:image\" content=\"https:\/\/repan.ch\/wp-content\/uploads\/2025\/12\/Thomas26.webp\" \/>\n\t<meta property=\"og:image:width\" content=\"1650\" \/>\n\t<meta property=\"og:image:height\" content=\"1000\" \/>\n\t<meta property=\"og:image:type\" content=\"image\/webp\" \/>\n<meta name=\"twitter:card\" content=\"summary_large_image\" \/>\n<meta name=\"twitter:label1\" content=\"Disponibilit\u00e9\" \/>\n\t<meta name=\"twitter:data1\" content=\"En stock\" \/>\n<script type=\"application\/ld+json\" class=\"yoast-schema-graph\">{\"@context\":\"https:\/\/schema.org\",\"@graph\":[{\"@type\":\"WebPage\",\"@id\":\"https:\/\/repan.ch\/fr\/produit\/thomas-rosenthal\/\",\"url\":\"https:\/\/repan.ch\/fr\/produit\/thomas-rosenthal\/\",\"name\":\"Thomas Rosenthal neu beschichten | g\u00fcnstiger, nachhaltiger & besser\",\"isPartOf\":{\"@id\":\"https:\/\/repan.ch\/#website\"},\"primaryImageOfPage\":{\"@id\":\"https:\/\/repan.ch\/fr\/produit\/thomas-rosenthal\/#primaryimage\"},\"image\":{\"@id\":\"https:\/\/repan.ch\/fr\/produit\/thomas-rosenthal\/#primaryimage\"},\"thumbnailUrl\":\"https:\/\/repan.ch\/wp-content\/uploads\/2025\/12\/Thomas26.webp\",\"datePublished\":\"2025-12-30T02:41:14+00:00\",\"dateModified\":\"2026-02-22T08:59:43+00:00\",\"description\":\"D\u00e9couvre l'\u00e9l\u00e9gance et la durabilit\u00e9 de la po\u00eale en acier inoxydable Thomas Rosenthal avec des manches en m\u00e9tal. Originaire d'Allemagne, le design offre qualit\u00e9 et innovation. Donne \u00e0 tes talents culinaires une touche professionnelle avec cette po\u00eale - un investissement pour le plaisir de cuisiner pendant de longues ann\u00e9es.\",\"breadcrumb\":{\"@id\":\"https:\/\/repan.ch\/fr\/produit\/thomas-rosenthal\/#breadcrumb\"},\"inLanguage\":\"fr-FR\",\"potentialAction\":[{\"@type\":\"ReadAction\",\"target\":[\"https:\/\/repan.ch\/fr\/produit\/thomas-rosenthal\/\"]}]},{\"@type\":\"ImageObject\",\"inLanguage\":\"fr-FR\",\"@id\":\"https:\/\/repan.ch\/fr\/produit\/thomas-rosenthal\/#primaryimage\",\"url\":\"https:\/\/repan.ch\/wp-content\/uploads\/2025\/12\/Thomas26.webp\",\"contentUrl\":\"https:\/\/repan.ch\/wp-content\/uploads\/2025\/12\/Thomas26.webp\",\"width\":1650,\"height\":1000,\"caption\":\"Thomas26\"},{\"@type\":\"BreadcrumbList\",\"@id\":\"https:\/\/repan.ch\/fr\/produit\/thomas-rosenthal\/#breadcrumb\",\"itemListElement\":[{\"@type\":\"ListItem\",\"position\":1,\"name\":\"Accueil\",\"item\":\"https:\/\/repan.ch\/fr\/repan-2\/\"},{\"@type\":\"ListItem\",\"position\":2,\"name\":\"Shop\",\"item\":\"https:\/\/repan.ch\/shop\/\"},{\"@type\":\"ListItem\",\"position\":3,\"name\":\"Thomas Rosenthal\"}]},{\"@type\":\"WebSite\",\"@id\":\"https:\/\/repan.ch\/#website\",\"url\":\"https:\/\/repan.ch\/\",\"name\":\"RePan\",\"description\":\"Pfannen &amp; Bleche neu beschichten\",\"publisher\":{\"@id\":\"https:\/\/repan.ch\/#organization\"},\"potentialAction\":[{\"@type\":\"SearchAction\",\"target\":{\"@type\":\"EntryPoint\",\"urlTemplate\":\"https:\/\/repan.ch\/?s={search_term_string}\"},\"query-input\":{\"@type\":\"PropertyValueSpecification\",\"valueRequired\":true,\"valueName\":\"search_term_string\"}}],\"inLanguage\":\"fr-FR\"},{\"@type\":\"Organization\",\"@id\":\"https:\/\/repan.ch\/#organization\",\"name\":\"RePan\",\"url\":\"https:\/\/repan.ch\/\",\"logo\":{\"@type\":\"ImageObject\",\"inLanguage\":\"fr-FR\",\"@id\":\"https:\/\/repan.ch\/#\/schema\/logo\/image\/\",\"url\":\"https:\/\/repan.ch\/wp-content\/uploads\/2025\/03\/LogoganzV2-hr2.webp\",\"contentUrl\":\"https:\/\/repan.ch\/wp-content\/uploads\/2025\/03\/LogoganzV2-hr2.webp\",\"width\":360,\"height\":195,\"caption\":\"RePan\"},\"image\":{\"@id\":\"https:\/\/repan.ch\/#\/schema\/logo\/image\/\"},\"hasMerchantReturnPolicy\":{\"@type\":\"MerchantReturnPolicy\",\"merchantReturnLink\":\"https:\/\/repan.ch\/garantie-rueckgabe\/\"}}]}<\/script>\n<meta property=\"product:brand\" content=\"Thomas Rosenthal\" \/>\n<meta property=\"og:availability\" content=\"instock\" \/>\n<meta property=\"product:availability\" content=\"instock\" \/>\n<meta property=\"product:condition\" content=\"new\" \/>\n<!-- \/ Yoast SEO Premium plugin. -->","yoast_head_json":{"title":"Thomas Rosenthal neu beschichten | g\u00fcnstiger, nachhaltiger & besser","description":"D\u00e9couvre l'\u00e9l\u00e9gance et la durabilit\u00e9 de la po\u00eale en acier inoxydable Thomas Rosenthal avec des manches en m\u00e9tal. Originaire d'Allemagne, le design offre qualit\u00e9 et innovation. Donne \u00e0 tes talents culinaires une touche professionnelle avec cette po\u00eale - un investissement pour le plaisir de cuisiner pendant de longues ann\u00e9es.","robots":{"index":"index","follow":"follow","max-snippet":"max-snippet:-1","max-image-preview":"max-image-preview:large","max-video-preview":"max-video-preview:-1"},"canonical":"https:\/\/repan.ch\/fr\/produit\/thomas-rosenthal\/","og_locale":"fr_FR","og_type":"article","og_title":"RePan - Pfannen & Bleche neu beschichten","og_description":"G\u00fcnstiger, nachhaltiger & besser","og_url":"https:\/\/repan.ch\/fr\/produit\/thomas-rosenthal\/","og_site_name":"RePan","article_modified_time":"2026-02-22T08:59:43+00:00","og_image":[{"width":1650,"height":1000,"url":"https:\/\/repan.ch\/wp-content\/uploads\/2025\/12\/Thomas26.webp","type":"image\/webp"}],"twitter_card":"summary_large_image","twitter_misc":{"Disponibilit\u00e9":"En stock"},"schema":{"@context":"https:\/\/schema.org","@graph":[{"@type":"WebPage","@id":"https:\/\/repan.ch\/fr\/produit\/thomas-rosenthal\/","url":"https:\/\/repan.ch\/fr\/produit\/thomas-rosenthal\/","name":"Thomas Rosenthal neu beschichten | g\u00fcnstiger, nachhaltiger & besser","isPartOf":{"@id":"https:\/\/repan.ch\/#website"},"primaryImageOfPage":{"@id":"https:\/\/repan.ch\/fr\/produit\/thomas-rosenthal\/#primaryimage"},"image":{"@id":"https:\/\/repan.ch\/fr\/produit\/thomas-rosenthal\/#primaryimage"},"thumbnailUrl":"https:\/\/repan.ch\/wp-content\/uploads\/2025\/12\/Thomas26.webp","datePublished":"2025-12-30T02:41:14+00:00","dateModified":"2026-02-22T08:59:43+00:00","description":"D\u00e9couvre l'\u00e9l\u00e9gance et la durabilit\u00e9 de la po\u00eale en acier inoxydable Thomas Rosenthal avec des manches en m\u00e9tal. Originaire d'Allemagne, le design offre qualit\u00e9 et innovation. Donne \u00e0 tes talents culinaires une touche professionnelle avec cette po\u00eale - un investissement pour le plaisir de cuisiner pendant de longues ann\u00e9es.","breadcrumb":{"@id":"https:\/\/repan.ch\/fr\/produit\/thomas-rosenthal\/#breadcrumb"},"inLanguage":"fr-FR","potentialAction":[{"@type":"ReadAction","target":["https:\/\/repan.ch\/fr\/produit\/thomas-rosenthal\/"]}]},{"@type":"ImageObject","inLanguage":"fr-FR","@id":"https:\/\/repan.ch\/fr\/produit\/thomas-rosenthal\/#primaryimage","url":"https:\/\/repan.ch\/wp-content\/uploads\/2025\/12\/Thomas26.webp","contentUrl":"https:\/\/repan.ch\/wp-content\/uploads\/2025\/12\/Thomas26.webp","width":1650,"height":1000,"caption":"Thomas26"},{"@type":"BreadcrumbList","@id":"https:\/\/repan.ch\/fr\/produit\/thomas-rosenthal\/#breadcrumb","itemListElement":[{"@type":"ListItem","position":1,"name":"Accueil","item":"https:\/\/repan.ch\/fr\/repan-2\/"},{"@type":"ListItem","position":2,"name":"Shop","item":"https:\/\/repan.ch\/shop\/"},{"@type":"ListItem","position":3,"name":"Thomas Rosenthal"}]},{"@type":"WebSite","@id":"https:\/\/repan.ch\/#website","url":"https:\/\/repan.ch\/","name":"RePan","description":"Pfannen &amp; Bleche neu beschichten","publisher":{"@id":"https:\/\/repan.ch\/#organization"},"potentialAction":[{"@type":"SearchAction","target":{"@type":"EntryPoint","urlTemplate":"https:\/\/repan.ch\/?s={search_term_string}"},"query-input":{"@type":"PropertyValueSpecification","valueRequired":true,"valueName":"search_term_string"}}],"inLanguage":"fr-FR"},{"@type":"Organization","@id":"https:\/\/repan.ch\/#organization","name":"RePan","url":"https:\/\/repan.ch\/","logo":{"@type":"ImageObject","inLanguage":"fr-FR","@id":"https:\/\/repan.ch\/#\/schema\/logo\/image\/","url":"https:\/\/repan.ch\/wp-content\/uploads\/2025\/03\/LogoganzV2-hr2.webp","contentUrl":"https:\/\/repan.ch\/wp-content\/uploads\/2025\/03\/LogoganzV2-hr2.webp","width":360,"height":195,"caption":"RePan"},"image":{"@id":"https:\/\/repan.ch\/#\/schema\/logo\/image\/"},"hasMerchantReturnPolicy":{"@type":"MerchantReturnPolicy","merchantReturnLink":"https:\/\/repan.ch\/garantie-rueckgabe\/"}}]},"product_brand":"Thomas Rosenthal","og_availability":"instock","product_availability":"instock","product_condition":"new"},"_links":{"self":[{"href":"https:\/\/repan.ch\/fr\/wp-json\/wp\/v2\/product\/335056","targetHints":{"allow":["GET"]}}],"collection":[{"href":"https:\/\/repan.ch\/fr\/wp-json\/wp\/v2\/product"}],"about":[{"href":"https:\/\/repan.ch\/fr\/wp-json\/wp\/v2\/types\/product"}],"replies":[{"embeddable":true,"href":"https:\/\/repan.ch\/fr\/wp-json\/wp\/v2\/comments?post=335056"}],"version-history":[{"count":0,"href":"https:\/\/repan.ch\/fr\/wp-json\/wp\/v2\/product\/335056\/revisions"}],"wp:featuredmedia":[{"embeddable":true,"href":"https:\/\/repan.ch\/fr\/wp-json\/wp\/v2\/media\/334132"}],"wp:attachment":[{"href":"https:\/\/repan.ch\/fr\/wp-json\/wp\/v2\/media?parent=335056"}],"wp:term":[{"taxonomy":"product_brand","embeddable":true,"href":"https:\/\/repan.ch\/fr\/wp-json\/wp\/v2\/product_brand?post=335056"},{"taxonomy":"product_cat","embeddable":true,"href":"https:\/\/repan.ch\/fr\/wp-json\/wp\/v2\/product_cat?post=335056"},{"taxonomy":"product_tag","embeddable":true,"href":"https:\/\/repan.ch\/fr\/wp-json\/wp\/v2\/product_tag?post=335056"}],"curies":[{"name":"wp","href":"https:\/\/api.w.org\/{rel}","templated":true}]}}