
{"id":334934,"date":"2025-12-30T05:05:48","date_gmt":"2025-12-30T03:05:48","guid":{"rendered":"https:\/\/repan.ch\/product\/poele-en-acier-inoxydable\/"},"modified":"2026-01-13T05:06:44","modified_gmt":"2026-01-13T03:06:44","slug":"poele-en-acier-inoxydable","status":"publish","type":"product","link":"https:\/\/repan.ch\/fr\/produit\/poele-en-acier-inoxydable\/","title":{"rendered":"Po\u00eale en acier inoxydable"},"content":{"rendered":"<p>Tu cherches des super po\u00eales ? Bien que ces po\u00eales n&rsquo;aient pas de marque connue imprim\u00e9e, nous jugeons la qualit\u00e9 de ces mod\u00e8les comme \u00e9tant digne et robuste. Ach\u00e8te la qualit\u00e9 et non le nom avec ces po\u00eales en acier inoxydable avec des manches en m\u00e9tal - notre rev\u00eatement anti-adh\u00e9rent renforc\u00e9 en c\u00e9ramique, prim\u00e9, est bien s\u00fbr pr\u00e9sent sur ce mod\u00e8le.<\/p>\n","protected":false},"excerpt":{"rendered":"<p>Tu cherches des super po\u00eales ? Bien que ces po\u00eales n&rsquo;aient pas de marque connue imprim\u00e9e, nous jugeons la qualit\u00e9 de ces mod\u00e8les comme \u00e9tant digne et robuste. Achetez la qualit\u00e9 et non le nom avec ces po\u00eales en acier inoxydable \u00e0 manche m\u00e9tallique - notre rev\u00eatement antiadh\u00e9sif renforc\u00e9 en c\u00e9ramique, prim\u00e9, est bien entendu \u00e9galement pr\u00e9sent sur ces po\u00eales.<\/p>\n","protected":false},"featured_media":334610,"comment_status":"open","ping_status":"closed","template":"","meta":{"content-type":""},"product_brand":[],"product_cat":[2271],"product_tag":[],"class_list":{"0":"post-334934","1":"product","2":"type-product","3":"status-publish","4":"has-post-thumbnail","6":"product_cat-basique","7":"product_shipping_class-produit","8":"pa_typ-gril","9":"pa_typ-poele-a-frire","10":"pa_typ-sauteuse","11":"pa_typ-wok","13":"first","14":"instock","15":"taxable","16":"shipping-taxable","17":"purchasable","18":"product-type-variable"},"yoast_head":"<!-- This site is optimized with the Yoast SEO Premium plugin v27.4 (Yoast SEO v27.4) - https:\/\/yoast.com\/product\/yoast-seo-premium-wordpress\/ -->\n<title>Po\u00eale en acier inoxydable avec rev\u00eatement anti-adh\u00e9sif renforc\u00e9 en c\u00e9ramique<\/title>\n<meta name=\"description\" content=\"Tu cherches des super po\u00eales ? Bien que ces po\u00eales n&#039;aient pas de marque connue imprim\u00e9e, nous jugeons la qualit\u00e9 de ces mod\u00e8les comme \u00e9tant digne et robuste. Achetez la qualit\u00e9 et non le nom avec ces po\u00eales en acier inoxydable \u00e0 manche m\u00e9tallique - notre rev\u00eatement antiadh\u00e9sif renforc\u00e9 en c\u00e9ramique, prim\u00e9, est bien entendu \u00e9galement pr\u00e9sent sur ces po\u00eales.\" \/>\n<meta name=\"robots\" content=\"index, follow, max-snippet:-1, max-image-preview:large, max-video-preview:-1\" \/>\n<link rel=\"canonical\" href=\"https:\/\/repan.ch\/produkt\/pfanne-ee\/\" \/>\n<meta property=\"og:locale\" content=\"fr_FR\" \/>\n<meta property=\"og:type\" content=\"article\" \/>\n<meta property=\"og:title\" content=\"RePan - Pfannen &amp; Bleche neu beschichten\" \/>\n<meta property=\"og:description\" content=\"G\u00fcnstiger, nachhaltiger &amp; besser\" \/>\n<meta property=\"og:url\" content=\"https:\/\/repan.ch\/produkt\/pfanne-ee\/\" \/>\n<meta property=\"og:site_name\" content=\"RePan\" \/>\n<meta property=\"article:modified_time\" content=\"2026-01-13T03:06:44+00:00\" \/>\n<meta property=\"og:image\" content=\"https:\/\/repan.ch\/wp-content\/uploads\/2025\/12\/NoName26EE-1.webp\" \/>\n\t<meta property=\"og:image:width\" content=\"1650\" \/>\n\t<meta property=\"og:image:height\" content=\"1000\" \/>\n\t<meta property=\"og:image:type\" content=\"image\/webp\" \/>\n<meta name=\"twitter:card\" content=\"summary_large_image\" \/>\n<meta name=\"twitter:label1\" content=\"Disponibilit\u00e9\" \/>\n\t<meta name=\"twitter:data1\" content=\"En stock\" \/>\n<script type=\"application\/ld+json\" class=\"yoast-schema-graph\">{\"@context\":\"https:\\\/\\\/schema.org\",\"@graph\":[{\"@type\":\"WebPage\",\"@id\":\"https:\\\/\\\/repan.ch\\\/produkt\\\/pfanne-ee\\\/\",\"url\":\"https:\\\/\\\/repan.ch\\\/produkt\\\/pfanne-ee\\\/\",\"name\":\"Po\u00eale en acier inoxydable avec rev\u00eatement anti-adh\u00e9sif renforc\u00e9 en c\u00e9ramique\",\"isPartOf\":{\"@id\":\"https:\\\/\\\/repan.ch\\\/#website\"},\"primaryImageOfPage\":{\"@id\":\"https:\\\/\\\/repan.ch\\\/produkt\\\/pfanne-ee\\\/#primaryimage\"},\"image\":{\"@id\":\"https:\\\/\\\/repan.ch\\\/produkt\\\/pfanne-ee\\\/#primaryimage\"},\"thumbnailUrl\":\"https:\\\/\\\/repan.ch\\\/wp-content\\\/uploads\\\/2025\\\/12\\\/NoName26EE-1.webp\",\"datePublished\":\"2025-12-30T03:05:48+00:00\",\"dateModified\":\"2026-01-13T03:06:44+00:00\",\"description\":\"Tu cherches des super po\u00eales ? Bien que ces po\u00eales n'aient pas de marque connue imprim\u00e9e, nous jugeons la qualit\u00e9 de ces mod\u00e8les comme \u00e9tant digne et robuste. Achetez la qualit\u00e9 et non le nom avec ces po\u00eales en acier inoxydable \u00e0 manche m\u00e9tallique - notre rev\u00eatement antiadh\u00e9sif renforc\u00e9 en c\u00e9ramique, prim\u00e9, est bien entendu \u00e9galement pr\u00e9sent sur ces po\u00eales.\",\"breadcrumb\":{\"@id\":\"https:\\\/\\\/repan.ch\\\/produkt\\\/pfanne-ee\\\/#breadcrumb\"},\"inLanguage\":\"fr-FR\",\"potentialAction\":[{\"@type\":\"ReadAction\",\"target\":[\"https:\\\/\\\/repan.ch\\\/produkt\\\/pfanne-ee\\\/\"]}]},{\"@type\":\"ImageObject\",\"inLanguage\":\"fr-FR\",\"@id\":\"https:\\\/\\\/repan.ch\\\/produkt\\\/pfanne-ee\\\/#primaryimage\",\"url\":\"https:\\\/\\\/repan.ch\\\/wp-content\\\/uploads\\\/2025\\\/12\\\/NoName26EE-1.webp\",\"contentUrl\":\"https:\\\/\\\/repan.ch\\\/wp-content\\\/uploads\\\/2025\\\/12\\\/NoName26EE-1.webp\",\"width\":1650,\"height\":1000},{\"@type\":\"BreadcrumbList\",\"@id\":\"https:\\\/\\\/repan.ch\\\/produkt\\\/pfanne-ee\\\/#breadcrumb\",\"itemListElement\":[{\"@type\":\"ListItem\",\"position\":1,\"name\":\"Accueil\",\"item\":\"https:\\\/\\\/repan.ch\\\/fr\\\/repan-2\\\/\"},{\"@type\":\"ListItem\",\"position\":2,\"name\":\"Shop\",\"item\":\"https:\\\/\\\/repan.ch\\\/shop\\\/\"},{\"@type\":\"ListItem\",\"position\":3,\"name\":\"Po\u00eale en acier inoxydable\"}]},{\"@type\":\"WebSite\",\"@id\":\"https:\\\/\\\/repan.ch\\\/#website\",\"url\":\"https:\\\/\\\/repan.ch\\\/\",\"name\":\"RePan\",\"description\":\"Pfannen &amp; Bleche neu beschichten\",\"publisher\":{\"@id\":\"https:\\\/\\\/repan.ch\\\/#organization\"},\"potentialAction\":[{\"@type\":\"SearchAction\",\"target\":{\"@type\":\"EntryPoint\",\"urlTemplate\":\"https:\\\/\\\/repan.ch\\\/?s={search_term_string}\"},\"query-input\":{\"@type\":\"PropertyValueSpecification\",\"valueRequired\":true,\"valueName\":\"search_term_string\"}}],\"inLanguage\":\"fr-FR\"},{\"@type\":\"Organization\",\"@id\":\"https:\\\/\\\/repan.ch\\\/#organization\",\"name\":\"RePan\",\"url\":\"https:\\\/\\\/repan.ch\\\/\",\"logo\":{\"@type\":\"ImageObject\",\"inLanguage\":\"fr-FR\",\"@id\":\"https:\\\/\\\/repan.ch\\\/#\\\/schema\\\/logo\\\/image\\\/\",\"url\":\"https:\\\/\\\/repan.ch\\\/wp-content\\\/uploads\\\/2025\\\/03\\\/LogoganzV2-hr2.webp\",\"contentUrl\":\"https:\\\/\\\/repan.ch\\\/wp-content\\\/uploads\\\/2025\\\/03\\\/LogoganzV2-hr2.webp\",\"width\":360,\"height\":195,\"caption\":\"RePan\"},\"image\":{\"@id\":\"https:\\\/\\\/repan.ch\\\/#\\\/schema\\\/logo\\\/image\\\/\"},\"hasMerchantReturnPolicy\":{\"@type\":\"MerchantReturnPolicy\",\"merchantReturnLink\":\"https:\\\/\\\/repan.ch\\\/garantie-rueckgabe\\\/\"}}]}<\/script>\n<meta property=\"og:availability\" content=\"instock\" \/>\n<meta property=\"product:availability\" content=\"instock\" \/>\n<meta property=\"product:condition\" content=\"new\" \/>\n<!-- \/ Yoast SEO Premium plugin. -->","yoast_head_json":{"title":"Po\u00eale en acier inoxydable avec rev\u00eatement anti-adh\u00e9sif renforc\u00e9 en c\u00e9ramique","description":"Tu cherches des super po\u00eales ? Bien que ces po\u00eales n'aient pas de marque connue imprim\u00e9e, nous jugeons la qualit\u00e9 de ces mod\u00e8les comme \u00e9tant digne et robuste. Achetez la qualit\u00e9 et non le nom avec ces po\u00eales en acier inoxydable \u00e0 manche m\u00e9tallique - notre rev\u00eatement antiadh\u00e9sif renforc\u00e9 en c\u00e9ramique, prim\u00e9, est bien entendu \u00e9galement pr\u00e9sent sur ces po\u00eales.","robots":{"index":"index","follow":"follow","max-snippet":"max-snippet:-1","max-image-preview":"max-image-preview:large","max-video-preview":"max-video-preview:-1"},"canonical":"https:\/\/repan.ch\/produkt\/pfanne-ee\/","og_locale":"fr_FR","og_type":"article","og_title":"RePan - Pfannen & Bleche neu beschichten","og_description":"G\u00fcnstiger, nachhaltiger & besser","og_url":"https:\/\/repan.ch\/produkt\/pfanne-ee\/","og_site_name":"RePan","article_modified_time":"2026-01-13T03:06:44+00:00","og_image":[{"width":1650,"height":1000,"url":"https:\/\/repan.ch\/wp-content\/uploads\/2025\/12\/NoName26EE-1.webp","type":"image\/webp"}],"twitter_card":"summary_large_image","twitter_misc":{"Disponibilit\u00e9":"En stock"},"schema":{"@context":"https:\/\/schema.org","@graph":[{"@type":"WebPage","@id":"https:\/\/repan.ch\/produkt\/pfanne-ee\/","url":"https:\/\/repan.ch\/produkt\/pfanne-ee\/","name":"Po\u00eale en acier inoxydable avec rev\u00eatement anti-adh\u00e9sif renforc\u00e9 en c\u00e9ramique","isPartOf":{"@id":"https:\/\/repan.ch\/#website"},"primaryImageOfPage":{"@id":"https:\/\/repan.ch\/produkt\/pfanne-ee\/#primaryimage"},"image":{"@id":"https:\/\/repan.ch\/produkt\/pfanne-ee\/#primaryimage"},"thumbnailUrl":"https:\/\/repan.ch\/wp-content\/uploads\/2025\/12\/NoName26EE-1.webp","datePublished":"2025-12-30T03:05:48+00:00","dateModified":"2026-01-13T03:06:44+00:00","description":"Tu cherches des super po\u00eales ? Bien que ces po\u00eales n'aient pas de marque connue imprim\u00e9e, nous jugeons la qualit\u00e9 de ces mod\u00e8les comme \u00e9tant digne et robuste. Achetez la qualit\u00e9 et non le nom avec ces po\u00eales en acier inoxydable \u00e0 manche m\u00e9tallique - notre rev\u00eatement antiadh\u00e9sif renforc\u00e9 en c\u00e9ramique, prim\u00e9, est bien entendu \u00e9galement pr\u00e9sent sur ces po\u00eales.","breadcrumb":{"@id":"https:\/\/repan.ch\/produkt\/pfanne-ee\/#breadcrumb"},"inLanguage":"fr-FR","potentialAction":[{"@type":"ReadAction","target":["https:\/\/repan.ch\/produkt\/pfanne-ee\/"]}]},{"@type":"ImageObject","inLanguage":"fr-FR","@id":"https:\/\/repan.ch\/produkt\/pfanne-ee\/#primaryimage","url":"https:\/\/repan.ch\/wp-content\/uploads\/2025\/12\/NoName26EE-1.webp","contentUrl":"https:\/\/repan.ch\/wp-content\/uploads\/2025\/12\/NoName26EE-1.webp","width":1650,"height":1000},{"@type":"BreadcrumbList","@id":"https:\/\/repan.ch\/produkt\/pfanne-ee\/#breadcrumb","itemListElement":[{"@type":"ListItem","position":1,"name":"Accueil","item":"https:\/\/repan.ch\/fr\/repan-2\/"},{"@type":"ListItem","position":2,"name":"Shop","item":"https:\/\/repan.ch\/shop\/"},{"@type":"ListItem","position":3,"name":"Po\u00eale en acier inoxydable"}]},{"@type":"WebSite","@id":"https:\/\/repan.ch\/#website","url":"https:\/\/repan.ch\/","name":"RePan","description":"Pfannen &amp; Bleche neu beschichten","publisher":{"@id":"https:\/\/repan.ch\/#organization"},"potentialAction":[{"@type":"SearchAction","target":{"@type":"EntryPoint","urlTemplate":"https:\/\/repan.ch\/?s={search_term_string}"},"query-input":{"@type":"PropertyValueSpecification","valueRequired":true,"valueName":"search_term_string"}}],"inLanguage":"fr-FR"},{"@type":"Organization","@id":"https:\/\/repan.ch\/#organization","name":"RePan","url":"https:\/\/repan.ch\/","logo":{"@type":"ImageObject","inLanguage":"fr-FR","@id":"https:\/\/repan.ch\/#\/schema\/logo\/image\/","url":"https:\/\/repan.ch\/wp-content\/uploads\/2025\/03\/LogoganzV2-hr2.webp","contentUrl":"https:\/\/repan.ch\/wp-content\/uploads\/2025\/03\/LogoganzV2-hr2.webp","width":360,"height":195,"caption":"RePan"},"image":{"@id":"https:\/\/repan.ch\/#\/schema\/logo\/image\/"},"hasMerchantReturnPolicy":{"@type":"MerchantReturnPolicy","merchantReturnLink":"https:\/\/repan.ch\/garantie-rueckgabe\/"}}]},"og_availability":"instock","product_availability":"instock","product_condition":"new"},"_links":{"self":[{"href":"https:\/\/repan.ch\/fr\/wp-json\/wp\/v2\/product\/334934","targetHints":{"allow":["GET"]}}],"collection":[{"href":"https:\/\/repan.ch\/fr\/wp-json\/wp\/v2\/product"}],"about":[{"href":"https:\/\/repan.ch\/fr\/wp-json\/wp\/v2\/types\/product"}],"replies":[{"embeddable":true,"href":"https:\/\/repan.ch\/fr\/wp-json\/wp\/v2\/comments?post=334934"}],"version-history":[{"count":0,"href":"https:\/\/repan.ch\/fr\/wp-json\/wp\/v2\/product\/334934\/revisions"}],"wp:featuredmedia":[{"embeddable":true,"href":"https:\/\/repan.ch\/fr\/wp-json\/wp\/v2\/media\/334610"}],"wp:attachment":[{"href":"https:\/\/repan.ch\/fr\/wp-json\/wp\/v2\/media?parent=334934"}],"wp:term":[{"taxonomy":"product_brand","embeddable":true,"href":"https:\/\/repan.ch\/fr\/wp-json\/wp\/v2\/product_brand?post=334934"},{"taxonomy":"product_cat","embeddable":true,"href":"https:\/\/repan.ch\/fr\/wp-json\/wp\/v2\/product_cat?post=334934"},{"taxonomy":"product_tag","embeddable":true,"href":"https:\/\/repan.ch\/fr\/wp-json\/wp\/v2\/product_tag?post=334934"}],"curies":[{"name":"wp","href":"https:\/\/api.w.org\/{rel}","templated":true}]}}