
{"id":311025,"date":"2025-04-28T19:50:56","date_gmt":"2025-04-28T17:50:56","guid":{"rendered":"https:\/\/repan.ch\/impressum\/"},"modified":"2025-08-15T18:47:43","modified_gmt":"2025-08-15T16:47:43","slug":"impressum","status":"publish","type":"page","link":"https:\/\/repan.ch\/fr\/impressum\/","title":{"rendered":"Impressum"},"content":{"rendered":"\t\t<div data-elementor-type=\"wp-page\" data-elementor-id=\"311025\" class=\"elementor elementor-311025 elementor-13206\" data-elementor-post-type=\"page\">\n\t\t\t\t<div class=\"wd-negative-gap elementor-element elementor-element-3f337da wd-section-stretch e-flex e-con-boxed e-con e-parent\" data-id=\"3f337da\" data-element_type=\"container\" data-e-type=\"container\" data-settings=\"{&quot;background_background&quot;:&quot;classic&quot;}\">\n\t\t\t\t\t<div class=\"e-con-inner\">\n\t\t<div class=\"elementor-element elementor-element-fd9864c e-con-full e-flex e-con e-child\" data-id=\"fd9864c\" data-element_type=\"container\" data-e-type=\"container\">\n\t\t\t\t<div class=\"elementor-element elementor-element-86d1de2 elementor-widget elementor-widget-heading\" data-id=\"86d1de2\" data-element_type=\"widget\" data-e-type=\"widget\" data-widget_type=\"heading.default\">\n\t\t\t\t<div class=\"elementor-widget-container\">\n\t\t\t\t\t<h2 class=\"elementor-heading-title elementor-size-default\">Impression<\/h2>\t\t\t\t<\/div>\n\t\t\t\t<\/div>\n\t\t\t\t<div class=\"elementor-element elementor-element-0362963 color-scheme-inherit text-left elementor-widget elementor-widget-text-editor\" data-id=\"0362963\" data-element_type=\"widget\" data-e-type=\"widget\" data-widget_type=\"text-editor.default\">\n\t\t\t\t<div class=\"elementor-widget-container\">\n\t\t\t\t\t\t\t\t\t<p>10 mars 2023<\/p>\t\t\t\t\t\t\t\t<\/div>\n\t\t\t\t<\/div>\n\t\t\t\t<\/div>\n\t\t\t\t\t<\/div>\n\t\t\t\t<\/div>\n\t\t<div class=\"wd-negative-gap elementor-element elementor-element-6df8c57 e-flex e-con-boxed e-con e-parent\" data-id=\"6df8c57\" data-element_type=\"container\" data-e-type=\"container\">\n\t\t\t\t\t<div class=\"e-con-inner\">\n\t\t<div class=\"elementor-element elementor-element-ebd44f2 e-con-full e-flex e-con e-child\" data-id=\"ebd44f2\" data-element_type=\"container\" data-e-type=\"container\">\n\t\t\t\t<div class=\"elementor-element elementor-element-55620f6 elementor-widget elementor-widget-heading\" data-id=\"55620f6\" data-element_type=\"widget\" data-e-type=\"widget\" data-widget_type=\"heading.default\">\n\t\t\t\t<div class=\"elementor-widget-container\">\n\t\t\t\t\t<h2 class=\"elementor-heading-title elementor-size-default\">Objet de l'association<\/h2>\t\t\t\t<\/div>\n\t\t\t\t<\/div>\n\t\t\t\t<div class=\"elementor-element elementor-element-43d9fc7 color-scheme-inherit text-left elementor-widget elementor-widget-text-editor\" data-id=\"43d9fc7\" data-element_type=\"widget\" data-e-type=\"widget\" data-widget_type=\"text-editor.default\">\n\t\t\t\t<div class=\"elementor-widget-container\">\n\t\t\t\t\t\t\t\t\t<p>L&rsquo;objectif de l&rsquo;association est de promouvoir et de mettre en \u0153uvre une \u00e9conomie circulaire durable. \u00c0 cette fin, l&rsquo;association d\u00e9veloppe des id\u00e9es et des concepts qui peuvent \u00eatre mis en \u0153uvre par les particuliers et les entreprises, conduisant \u00e0 une durabilit\u00e9 accrue dans la production, la consommation et la prestation de services. L&rsquo;association offre notamment des conseils et un soutien aux particuliers et aux entreprises afin qu&rsquo;ils puissent mettre en \u0153uvre une \u00e9conomie circulaire et utiliser leurs ressources de mani\u00e8re plus efficace et plus durable. L&rsquo;association organise et finance des projets dans le domaine de la gestion durable du recyclage et met en place des contacts appropri\u00e9s.   <\/p>\t\t\t\t\t\t\t\t<\/div>\n\t\t\t\t<\/div>\n\t\t\t\t<\/div>\n\t\t\t\t\t<\/div>\n\t\t\t\t<\/div>\n\t\t<div class=\"wd-negative-gap elementor-element elementor-element-e0c9910 e-flex e-con-boxed e-con e-parent\" data-id=\"e0c9910\" data-element_type=\"container\" data-e-type=\"container\">\n\t\t\t\t\t<div class=\"e-con-inner\">\n\t\t<div class=\"elementor-element elementor-element-7940692 e-con-full e-flex e-con e-child\" data-id=\"7940692\" data-element_type=\"container\" data-e-type=\"container\">\n\t\t\t\t<div class=\"elementor-element elementor-element-21b8f09 elementor-widget elementor-widget-heading\" data-id=\"21b8f09\" data-element_type=\"widget\" data-e-type=\"widget\" data-widget_type=\"heading.default\">\n\t\t\t\t<div class=\"elementor-widget-container\">\n\t\t\t\t\t<h2 class=\"elementor-heading-title elementor-size-default\">Nouvelles applications de rev\u00eatement :<\/h2>\t\t\t\t<\/div>\n\t\t\t\t<\/div>\n\t\t\t\t<div class=\"elementor-element elementor-element-1921111 color-scheme-inherit text-left elementor-widget elementor-widget-text-editor\" data-id=\"1921111\" data-element_type=\"widget\" data-e-type=\"widget\" data-widget_type=\"text-editor.default\">\n\t\t\t\t<div class=\"elementor-widget-container\">\n\t\t\t\t\t\t\t\t\t<div>RePan Service<br>c\/o Stiftung Wendepunkt<\/div><div>Klosterstrasse 40 (Maison C)<\/div><div>5430 Wettingen<\/div>\t\t\t\t\t\t\t\t<\/div>\n\t\t\t\t<\/div>\n\t\t\t\t<\/div>\n\t\t<div class=\"elementor-element elementor-element-ccac387 e-con-full e-flex e-con e-child\" data-id=\"ccac387\" data-element_type=\"container\" data-e-type=\"container\">\n\t\t\t\t<div class=\"elementor-element elementor-element-60f091f elementor-widget elementor-widget-heading\" data-id=\"60f091f\" data-element_type=\"widget\" data-e-type=\"widget\" data-widget_type=\"heading.default\">\n\t\t\t\t<div class=\"elementor-widget-container\">\n\t\t\t\t\t<h2 class=\"elementor-heading-title elementor-size-default\">Si\u00e8ge de l'association<\/h2>\t\t\t\t<\/div>\n\t\t\t\t<\/div>\n\t\t\t\t<div class=\"elementor-element elementor-element-9ccfff8 color-scheme-inherit text-left elementor-widget elementor-widget-text-editor\" data-id=\"9ccfff8\" data-element_type=\"widget\" data-e-type=\"widget\" data-widget_type=\"text-editor.default\">\n\t\t\t\t<div class=\"elementor-widget-container\">\n\t\t\t\t\t\t\t\t\t<p>Gemeinsam Nachhaltig (association)<br>CHE-195.804.262<br>Project RePan.ch<br>Tannenweg 3<br>5746 Walterswil<br>Schweiz \/ Suisse \/ Switzerland<\/p>\t\t\t\t\t\t\t\t<\/div>\n\t\t\t\t<\/div>\n\t\t\t\t<\/div>\n\t\t\t\t\t<\/div>\n\t\t\t\t<\/div>\n\t\t<div class=\"wd-negative-gap elementor-element elementor-element-7f20543 e-flex e-con-boxed e-con e-parent\" data-id=\"7f20543\" data-element_type=\"container\" data-e-type=\"container\">\n\t\t\t\t\t<div class=\"e-con-inner\">\n\t\t<div class=\"elementor-element elementor-element-207ecea e-con-full e-flex e-con e-child\" data-id=\"207ecea\" data-element_type=\"container\" data-e-type=\"container\">\n\t\t\t\t<div class=\"elementor-element elementor-element-ca9ab3e color-scheme-inherit text-left elementor-widget elementor-widget-text-editor\" data-id=\"ca9ab3e\" data-element_type=\"widget\" data-e-type=\"widget\" data-widget_type=\"text-editor.default\">\n\t\t\t\t<div class=\"elementor-widget-container\">\n\t\t\t\t\t\t\t\t\t<h3>Directeur g\u00e9n\u00e9ral<\/h3><p>M. Dominic S. M\u00fcller<\/p><h3>Substitution<\/h3><p>Mme Lorenzina M\u00fcller Lud\u00e4scher<\/p><h3>Contacter nous<\/h3><p>T\u00e9l\u00e9phone : +41 (0)78 257 04 50 +41 (0)78 257 04 50<br>E-mail : info (at) <a href=\"https:\/\/repan.ch\/en\/\">RePan.ch<\/a><\/p>\t\t\t\t\t\t\t\t<\/div>\n\t\t\t\t<\/div>\n\t\t\t\t<\/div>\n\t\t\t\t\t<\/div>\n\t\t\t\t<\/div>\n\t\t\t\t<\/div>\n\t\t","protected":false},"excerpt":{"rendered":"<p>Impression 10 mars 2023 Objet de l&rsquo;association L&rsquo;objectif de l&rsquo;association est de promouvoir et de mettre en \u0153uvre une \u00e9conomie<\/p>\n","protected":false},"author":26,"featured_media":0,"parent":0,"menu_order":0,"comment_status":"closed","ping_status":"closed","template":"elementor_header_footer","meta":{"content-type":"","footnotes":""},"class_list":["post-311025","page","type-page","status-publish","hentry"],"yoast_head":"<!-- This site is optimized with the Yoast SEO Premium plugin v27.4 (Yoast SEO v27.4) - https:\/\/yoast.com\/product\/yoast-seo-premium-wordpress\/ -->\n<title>Impressum - RePan<\/title>\n<meta name=\"robots\" content=\"index, follow, max-snippet:-1, max-image-preview:large, max-video-preview:-1\" \/>\n<link rel=\"canonical\" href=\"https:\/\/repan.ch\/fr\/impressum\/\" \/>\n<meta property=\"og:locale\" content=\"fr_FR\" \/>\n<meta property=\"og:type\" content=\"article\" \/>\n<meta property=\"og:title\" content=\"Impressum\" \/>\n<meta property=\"og:description\" content=\"Impression 10 mars 2023 Objet de l&rsquo;association L&rsquo;objectif de l&rsquo;association est de promouvoir et de mettre en \u0153uvre une \u00e9conomie\" \/>\n<meta property=\"og:url\" content=\"https:\/\/repan.ch\/fr\/impressum\/\" \/>\n<meta property=\"og:site_name\" content=\"RePan\" \/>\n<meta property=\"article:modified_time\" content=\"2025-08-15T16:47:43+00:00\" \/>\n<meta name=\"twitter:card\" content=\"summary_large_image\" \/>\n<meta name=\"twitter:label1\" content=\"Dur\u00e9e de lecture estim\u00e9e\" \/>\n\t<meta name=\"twitter:data1\" content=\"1 minute\" \/>\n<script type=\"application\/ld+json\" class=\"yoast-schema-graph\">{\"@context\":\"https:\\\/\\\/schema.org\",\"@graph\":[{\"@type\":\"WebPage\",\"@id\":\"https:\\\/\\\/repan.ch\\\/fr\\\/impressum\\\/\",\"url\":\"https:\\\/\\\/repan.ch\\\/fr\\\/impressum\\\/\",\"name\":\"Impressum - RePan\",\"isPartOf\":{\"@id\":\"https:\\\/\\\/repan.ch\\\/#website\"},\"datePublished\":\"2025-04-28T17:50:56+00:00\",\"dateModified\":\"2025-08-15T16:47:43+00:00\",\"breadcrumb\":{\"@id\":\"https:\\\/\\\/repan.ch\\\/fr\\\/impressum\\\/#breadcrumb\"},\"inLanguage\":\"fr-FR\",\"potentialAction\":[{\"@type\":\"ReadAction\",\"target\":[\"https:\\\/\\\/repan.ch\\\/fr\\\/impressum\\\/\"]}]},{\"@type\":\"BreadcrumbList\",\"@id\":\"https:\\\/\\\/repan.ch\\\/fr\\\/impressum\\\/#breadcrumb\",\"itemListElement\":[{\"@type\":\"ListItem\",\"position\":1,\"name\":\"Accueil\",\"item\":\"https:\\\/\\\/repan.ch\\\/fr\\\/repan-2\\\/\"},{\"@type\":\"ListItem\",\"position\":2,\"name\":\"Impressum\"}]},{\"@type\":\"WebSite\",\"@id\":\"https:\\\/\\\/repan.ch\\\/#website\",\"url\":\"https:\\\/\\\/repan.ch\\\/\",\"name\":\"RePan\",\"description\":\"Pfannen &amp; Bleche neu beschichten\",\"publisher\":{\"@id\":\"https:\\\/\\\/repan.ch\\\/#organization\"},\"potentialAction\":[{\"@type\":\"SearchAction\",\"target\":{\"@type\":\"EntryPoint\",\"urlTemplate\":\"https:\\\/\\\/repan.ch\\\/?s={search_term_string}\"},\"query-input\":{\"@type\":\"PropertyValueSpecification\",\"valueRequired\":true,\"valueName\":\"search_term_string\"}}],\"inLanguage\":\"fr-FR\"},{\"@type\":\"Organization\",\"@id\":\"https:\\\/\\\/repan.ch\\\/#organization\",\"name\":\"RePan\",\"url\":\"https:\\\/\\\/repan.ch\\\/\",\"logo\":{\"@type\":\"ImageObject\",\"inLanguage\":\"fr-FR\",\"@id\":\"https:\\\/\\\/repan.ch\\\/#\\\/schema\\\/logo\\\/image\\\/\",\"url\":\"https:\\\/\\\/repan.ch\\\/wp-content\\\/uploads\\\/2025\\\/03\\\/LogoganzV2-hr2.webp\",\"contentUrl\":\"https:\\\/\\\/repan.ch\\\/wp-content\\\/uploads\\\/2025\\\/03\\\/LogoganzV2-hr2.webp\",\"width\":360,\"height\":195,\"caption\":\"RePan\"},\"image\":{\"@id\":\"https:\\\/\\\/repan.ch\\\/#\\\/schema\\\/logo\\\/image\\\/\"},\"hasMerchantReturnPolicy\":{\"@type\":\"MerchantReturnPolicy\",\"merchantReturnLink\":\"https:\\\/\\\/repan.ch\\\/garantie-rueckgabe\\\/\"}}]}<\/script>\n<!-- \/ Yoast SEO Premium plugin. -->","yoast_head_json":{"title":"Impressum - RePan","robots":{"index":"index","follow":"follow","max-snippet":"max-snippet:-1","max-image-preview":"max-image-preview:large","max-video-preview":"max-video-preview:-1"},"canonical":"https:\/\/repan.ch\/fr\/impressum\/","og_locale":"fr_FR","og_type":"article","og_title":"Impressum","og_description":"Impression 10 mars 2023 Objet de l&rsquo;association L&rsquo;objectif de l&rsquo;association est de promouvoir et de mettre en \u0153uvre une \u00e9conomie","og_url":"https:\/\/repan.ch\/fr\/impressum\/","og_site_name":"RePan","article_modified_time":"2025-08-15T16:47:43+00:00","twitter_card":"summary_large_image","twitter_misc":{"Dur\u00e9e de lecture estim\u00e9e":"1 minute"},"schema":{"@context":"https:\/\/schema.org","@graph":[{"@type":"WebPage","@id":"https:\/\/repan.ch\/fr\/impressum\/","url":"https:\/\/repan.ch\/fr\/impressum\/","name":"Impressum - RePan","isPartOf":{"@id":"https:\/\/repan.ch\/#website"},"datePublished":"2025-04-28T17:50:56+00:00","dateModified":"2025-08-15T16:47:43+00:00","breadcrumb":{"@id":"https:\/\/repan.ch\/fr\/impressum\/#breadcrumb"},"inLanguage":"fr-FR","potentialAction":[{"@type":"ReadAction","target":["https:\/\/repan.ch\/fr\/impressum\/"]}]},{"@type":"BreadcrumbList","@id":"https:\/\/repan.ch\/fr\/impressum\/#breadcrumb","itemListElement":[{"@type":"ListItem","position":1,"name":"Accueil","item":"https:\/\/repan.ch\/fr\/repan-2\/"},{"@type":"ListItem","position":2,"name":"Impressum"}]},{"@type":"WebSite","@id":"https:\/\/repan.ch\/#website","url":"https:\/\/repan.ch\/","name":"RePan","description":"Pfannen &amp; Bleche neu beschichten","publisher":{"@id":"https:\/\/repan.ch\/#organization"},"potentialAction":[{"@type":"SearchAction","target":{"@type":"EntryPoint","urlTemplate":"https:\/\/repan.ch\/?s={search_term_string}"},"query-input":{"@type":"PropertyValueSpecification","valueRequired":true,"valueName":"search_term_string"}}],"inLanguage":"fr-FR"},{"@type":"Organization","@id":"https:\/\/repan.ch\/#organization","name":"RePan","url":"https:\/\/repan.ch\/","logo":{"@type":"ImageObject","inLanguage":"fr-FR","@id":"https:\/\/repan.ch\/#\/schema\/logo\/image\/","url":"https:\/\/repan.ch\/wp-content\/uploads\/2025\/03\/LogoganzV2-hr2.webp","contentUrl":"https:\/\/repan.ch\/wp-content\/uploads\/2025\/03\/LogoganzV2-hr2.webp","width":360,"height":195,"caption":"RePan"},"image":{"@id":"https:\/\/repan.ch\/#\/schema\/logo\/image\/"},"hasMerchantReturnPolicy":{"@type":"MerchantReturnPolicy","merchantReturnLink":"https:\/\/repan.ch\/garantie-rueckgabe\/"}}]}},"_links":{"self":[{"href":"https:\/\/repan.ch\/fr\/wp-json\/wp\/v2\/pages\/311025","targetHints":{"allow":["GET"]}}],"collection":[{"href":"https:\/\/repan.ch\/fr\/wp-json\/wp\/v2\/pages"}],"about":[{"href":"https:\/\/repan.ch\/fr\/wp-json\/wp\/v2\/types\/page"}],"author":[{"embeddable":true,"href":"https:\/\/repan.ch\/fr\/wp-json\/wp\/v2\/users\/26"}],"replies":[{"embeddable":true,"href":"https:\/\/repan.ch\/fr\/wp-json\/wp\/v2\/comments?post=311025"}],"version-history":[{"count":0,"href":"https:\/\/repan.ch\/fr\/wp-json\/wp\/v2\/pages\/311025\/revisions"}],"wp:attachment":[{"href":"https:\/\/repan.ch\/fr\/wp-json\/wp\/v2\/media?parent=311025"}],"curies":[{"name":"wp","href":"https:\/\/api.w.org\/{rel}","templated":true}]}}