
{"id":309722,"date":"2025-07-15T16:54:38","date_gmt":"2025-07-15T14:54:38","guid":{"rendered":"https:\/\/repan.ch\/mentions-legales\/"},"modified":"2025-07-16T17:03:20","modified_gmt":"2025-07-16T15:03:20","slug":"mentions-legales","status":"publish","type":"page","link":"https:\/\/repan.ch\/fr\/mentions-legales\/","title":{"rendered":"Mentions l\u00e9gales"},"content":{"rendered":"\t\t<div data-elementor-type=\"wp-page\" data-elementor-id=\"309722\" class=\"elementor elementor-309722 elementor-309621\" data-elementor-post-type=\"page\">\n\t\t\t\t\t\t<section class=\"wd-negative-gap elementor-section elementor-top-section elementor-element elementor-element-64de67a2 elementor-section-boxed elementor-section-height-default elementor-section-height-default\" data-id=\"64de67a2\" data-element_type=\"section\" data-e-type=\"section\">\n\t\t\t\t\t\t<div class=\"elementor-container elementor-column-gap-default\">\n\t\t\t\t\t<div class=\"elementor-column elementor-col-100 elementor-top-column elementor-element elementor-element-fe01eac\" data-id=\"fe01eac\" data-element_type=\"column\" data-e-type=\"column\">\n\t\t\t<div class=\"elementor-widget-wrap elementor-element-populated\">\n\t\t\t\t\t\t<div class=\"elementor-element elementor-element-34562b9d elementor-widget elementor-widget-heading\" data-id=\"34562b9d\" data-element_type=\"widget\" data-e-type=\"widget\" data-widget_type=\"heading.default\">\n\t\t\t\t<div class=\"elementor-widget-container\">\n\t\t\t\t\t<p class=\"elementor-heading-title elementor-size-default\">10 d\u00e9cembre 2024<\/p>\t\t\t\t<\/div>\n\t\t\t\t<\/div>\n\t\t\t\t\t<\/div>\n\t\t<\/div>\n\t\t\t\t\t<\/div>\n\t\t<\/section>\n\t\t\t\t<section class=\"wd-negative-gap elementor-section elementor-top-section elementor-element elementor-element-215944bb elementor-section-boxed elementor-section-height-default elementor-section-height-default\" data-id=\"215944bb\" data-element_type=\"section\" data-e-type=\"section\">\n\t\t\t\t\t\t<div class=\"elementor-container elementor-column-gap-default\">\n\t\t\t\t\t<div class=\"elementor-column elementor-col-100 elementor-top-column elementor-element elementor-element-19f63373\" data-id=\"19f63373\" data-element_type=\"column\" data-e-type=\"column\">\n\t\t\t<div class=\"elementor-widget-wrap elementor-element-populated\">\n\t\t\t\t\t\t<div class=\"elementor-element elementor-element-2f6077ca color-scheme-inherit text-left elementor-widget elementor-widget-text-editor\" data-id=\"2f6077ca\" data-element_type=\"widget\" data-e-type=\"widget\" data-widget_type=\"text-editor.default\">\n\t\t\t\t<div class=\"elementor-widget-container\">\n\t\t\t\t\t\t\t\t\t<h2>But de l&rsquo;association<\/h2><p>L&rsquo;objectif de l&rsquo;association est de promouvoir et de mettre en \u0153uvre une \u00e9conomie circulaire durable. Pour ce faire, l&rsquo;association d\u00e9veloppe des id\u00e9es et des concepts qui peuvent \u00eatre mis en \u0153uvre par des particuliers et des entreprises et qui conduisent \u00e0 une plus grande durabilit\u00e9 dans la production, la consommation et la fourniture de services. L&rsquo;association propose notamment des conseils et un soutien aux particuliers et aux entreprises afin qu&rsquo;ils puissent mettre en place une \u00e9conomie circulaire et utiliser leurs ressources de mani\u00e8re plus efficace et durable. L&rsquo;association organise et finance des projets dans le domaine de l&rsquo;\u00e9conomie circulaire durable et fournit les contacts n\u00e9cessaires.   <\/p>\t\t\t\t\t\t\t\t<\/div>\n\t\t\t\t<\/div>\n\t\t\t\t\t<\/div>\n\t\t<\/div>\n\t\t\t\t\t<\/div>\n\t\t<\/section>\n\t\t\t\t<section class=\"wd-negative-gap elementor-section elementor-top-section elementor-element elementor-element-546553e1 elementor-section-boxed elementor-section-height-default elementor-section-height-default\" data-id=\"546553e1\" data-element_type=\"section\" data-e-type=\"section\">\n\t\t\t\t\t\t<div class=\"elementor-container elementor-column-gap-default\">\n\t\t\t\t\t<div class=\"elementor-column elementor-col-50 elementor-top-column elementor-element elementor-element-7ed11ab0\" data-id=\"7ed11ab0\" data-element_type=\"column\" data-e-type=\"column\">\n\t\t\t<div class=\"elementor-widget-wrap elementor-element-populated\">\n\t\t\t\t\t\t<div class=\"elementor-element elementor-element-1d0539a color-scheme-inherit text-left elementor-widget elementor-widget-text-editor\" data-id=\"1d0539a\" data-element_type=\"widget\" data-e-type=\"widget\" data-widget_type=\"text-editor.default\">\n\t\t\t\t<div class=\"elementor-widget-container\">\n\t\t\t\t\t\t\t\t\t<div><h3>commandes de nouveaux rev\u00eatements :  <\/h3><\/div><div>RePan Service<br>Haslistrasse 30<\/div><div>4600 Olten<\/div>\t\t\t\t\t\t\t\t<\/div>\n\t\t\t\t<\/div>\n\t\t\t\t\t<\/div>\n\t\t<\/div>\n\t\t\t\t<div class=\"elementor-column elementor-col-50 elementor-top-column elementor-element elementor-element-77ef8e48\" data-id=\"77ef8e48\" data-element_type=\"column\" data-e-type=\"column\">\n\t\t\t<div class=\"elementor-widget-wrap elementor-element-populated\">\n\t\t\t\t\t\t<div class=\"elementor-element elementor-element-520d6611 color-scheme-inherit text-left elementor-widget elementor-widget-text-editor\" data-id=\"520d6611\" data-element_type=\"widget\" data-e-type=\"widget\" data-widget_type=\"text-editor.default\">\n\t\t\t\t<div class=\"elementor-widget-container\">\n\t\t\t\t\t\t\t\t\t<h3>Si\u00e8ge de l&rsquo;association<\/h3><p>Gemeinsam Nachhaltig (association)<br>CHE-195.804.262<br>Projet RePan.ch<br>Tannenweg 3<br>5746 Walterswil<br>Schweiz \/ Suisse \/ Switzerland<\/p>\t\t\t\t\t\t\t\t<\/div>\n\t\t\t\t<\/div>\n\t\t\t\t\t<\/div>\n\t\t<\/div>\n\t\t\t\t\t<\/div>\n\t\t<\/section>\n\t\t\t\t<section class=\"wd-negative-gap elementor-section elementor-top-section elementor-element elementor-element-1b1fc421 elementor-section-boxed elementor-section-height-default elementor-section-height-default\" data-id=\"1b1fc421\" data-element_type=\"section\" data-e-type=\"section\">\n\t\t\t\t\t\t<div class=\"elementor-container elementor-column-gap-default\">\n\t\t\t\t\t<div class=\"elementor-column elementor-col-100 elementor-top-column elementor-element elementor-element-560adac8\" data-id=\"560adac8\" data-element_type=\"column\" data-e-type=\"column\">\n\t\t\t<div class=\"elementor-widget-wrap elementor-element-populated\">\n\t\t\t\t\t\t<div class=\"elementor-element elementor-element-608ba2b3 color-scheme-inherit text-left elementor-widget elementor-widget-text-editor\" data-id=\"608ba2b3\" data-element_type=\"widget\" data-e-type=\"widget\" data-widget_type=\"text-editor.default\">\n\t\t\t\t<div class=\"elementor-widget-container\">\n\t\t\t\t\t\t\t\t\t<p> <\/p><h3>Directeur g\u00e9n\u00e9ral<\/h3><p>M. Dominic S. M\u00fcller<\/p><h3>Suppl\u00e9ance<\/h3><p>Mme Lorenzina M\u00fcller Lud\u00e4scher<\/p><h3>Contact<\/h3><p>41 (0)78 257 04 50<br>E-mail : info (at) <a href=\"https:\/\/repan.ch\">RePan.ch<\/a><\/p>\t\t\t\t\t\t\t\t<\/div>\n\t\t\t\t<\/div>\n\t\t\t\t\t<\/div>\n\t\t<\/div>\n\t\t\t\t\t<\/div>\n\t\t<\/section>\n\t\t\t\t<\/div>\n\t\t","protected":false},"excerpt":{"rendered":"<p>10 d\u00e9cembre 2024 But de l&rsquo;association L&rsquo;objectif de l&rsquo;association est de promouvoir et de mettre en \u0153uvre une \u00e9conomie circulaire<\/p>\n","protected":false},"author":18,"featured_media":0,"parent":0,"menu_order":0,"comment_status":"closed","ping_status":"closed","template":"elementor_header_footer","meta":{"content-type":"","footnotes":""},"class_list":["post-309722","page","type-page","status-publish","hentry"],"yoast_head":"<!-- This site is optimized with the Yoast SEO Premium plugin v27.4 (Yoast SEO v27.4) - https:\/\/yoast.com\/product\/yoast-seo-premium-wordpress\/ -->\n<title>Mentions l\u00e9gales - RePan<\/title>\n<meta name=\"robots\" content=\"index, follow, max-snippet:-1, max-image-preview:large, max-video-preview:-1\" \/>\n<link rel=\"canonical\" href=\"https:\/\/repan.ch\/impressum\/\" \/>\n<meta property=\"og:locale\" content=\"fr_FR\" \/>\n<meta property=\"og:type\" content=\"article\" \/>\n<meta property=\"og:title\" content=\"Mentions l\u00e9gales\" \/>\n<meta property=\"og:description\" content=\"10 d\u00e9cembre 2024 But de l&rsquo;association L&rsquo;objectif de l&rsquo;association est de promouvoir et de mettre en \u0153uvre une \u00e9conomie circulaire\" \/>\n<meta property=\"og:url\" content=\"https:\/\/repan.ch\/impressum\/\" \/>\n<meta property=\"og:site_name\" content=\"RePan\" \/>\n<meta property=\"article:modified_time\" content=\"2025-07-16T15:03:20+00:00\" \/>\n<meta name=\"twitter:card\" content=\"summary_large_image\" \/>\n<meta name=\"twitter:label1\" content=\"Dur\u00e9e de lecture estim\u00e9e\" \/>\n\t<meta name=\"twitter:data1\" content=\"1 minute\" \/>\n<script type=\"application\/ld+json\" class=\"yoast-schema-graph\">{\"@context\":\"https:\\\/\\\/schema.org\",\"@graph\":[{\"@type\":\"WebPage\",\"@id\":\"https:\\\/\\\/repan.ch\\\/impressum\\\/\",\"url\":\"https:\\\/\\\/repan.ch\\\/impressum\\\/\",\"name\":\"Mentions l\u00e9gales - RePan\",\"isPartOf\":{\"@id\":\"https:\\\/\\\/repan.ch\\\/#website\"},\"datePublished\":\"2025-07-15T14:54:38+00:00\",\"dateModified\":\"2025-07-16T15:03:20+00:00\",\"breadcrumb\":{\"@id\":\"https:\\\/\\\/repan.ch\\\/impressum\\\/#breadcrumb\"},\"inLanguage\":\"fr-FR\",\"potentialAction\":[{\"@type\":\"ReadAction\",\"target\":[\"https:\\\/\\\/repan.ch\\\/impressum\\\/\"]}]},{\"@type\":\"BreadcrumbList\",\"@id\":\"https:\\\/\\\/repan.ch\\\/impressum\\\/#breadcrumb\",\"itemListElement\":[{\"@type\":\"ListItem\",\"position\":1,\"name\":\"Accueil\",\"item\":\"https:\\\/\\\/repan.ch\\\/fr\\\/repan-2\\\/\"},{\"@type\":\"ListItem\",\"position\":2,\"name\":\"Mentions l\u00e9gales\"}]},{\"@type\":\"WebSite\",\"@id\":\"https:\\\/\\\/repan.ch\\\/#website\",\"url\":\"https:\\\/\\\/repan.ch\\\/\",\"name\":\"RePan\",\"description\":\"Pfannen &amp; Bleche neu beschichten\",\"publisher\":{\"@id\":\"https:\\\/\\\/repan.ch\\\/#organization\"},\"potentialAction\":[{\"@type\":\"SearchAction\",\"target\":{\"@type\":\"EntryPoint\",\"urlTemplate\":\"https:\\\/\\\/repan.ch\\\/?s={search_term_string}\"},\"query-input\":{\"@type\":\"PropertyValueSpecification\",\"valueRequired\":true,\"valueName\":\"search_term_string\"}}],\"inLanguage\":\"fr-FR\"},{\"@type\":\"Organization\",\"@id\":\"https:\\\/\\\/repan.ch\\\/#organization\",\"name\":\"RePan\",\"url\":\"https:\\\/\\\/repan.ch\\\/\",\"logo\":{\"@type\":\"ImageObject\",\"inLanguage\":\"fr-FR\",\"@id\":\"https:\\\/\\\/repan.ch\\\/#\\\/schema\\\/logo\\\/image\\\/\",\"url\":\"https:\\\/\\\/repan.ch\\\/wp-content\\\/uploads\\\/2025\\\/03\\\/LogoganzV2-hr2.webp\",\"contentUrl\":\"https:\\\/\\\/repan.ch\\\/wp-content\\\/uploads\\\/2025\\\/03\\\/LogoganzV2-hr2.webp\",\"width\":360,\"height\":195,\"caption\":\"RePan\"},\"image\":{\"@id\":\"https:\\\/\\\/repan.ch\\\/#\\\/schema\\\/logo\\\/image\\\/\"},\"hasMerchantReturnPolicy\":{\"@type\":\"MerchantReturnPolicy\",\"merchantReturnLink\":\"https:\\\/\\\/repan.ch\\\/garantie-rueckgabe\\\/\"}}]}<\/script>\n<!-- \/ Yoast SEO Premium plugin. -->","yoast_head_json":{"title":"Mentions l\u00e9gales - RePan","robots":{"index":"index","follow":"follow","max-snippet":"max-snippet:-1","max-image-preview":"max-image-preview:large","max-video-preview":"max-video-preview:-1"},"canonical":"https:\/\/repan.ch\/impressum\/","og_locale":"fr_FR","og_type":"article","og_title":"Mentions l\u00e9gales","og_description":"10 d\u00e9cembre 2024 But de l&rsquo;association L&rsquo;objectif de l&rsquo;association est de promouvoir et de mettre en \u0153uvre une \u00e9conomie circulaire","og_url":"https:\/\/repan.ch\/impressum\/","og_site_name":"RePan","article_modified_time":"2025-07-16T15:03:20+00:00","twitter_card":"summary_large_image","twitter_misc":{"Dur\u00e9e de lecture estim\u00e9e":"1 minute"},"schema":{"@context":"https:\/\/schema.org","@graph":[{"@type":"WebPage","@id":"https:\/\/repan.ch\/impressum\/","url":"https:\/\/repan.ch\/impressum\/","name":"Mentions l\u00e9gales - RePan","isPartOf":{"@id":"https:\/\/repan.ch\/#website"},"datePublished":"2025-07-15T14:54:38+00:00","dateModified":"2025-07-16T15:03:20+00:00","breadcrumb":{"@id":"https:\/\/repan.ch\/impressum\/#breadcrumb"},"inLanguage":"fr-FR","potentialAction":[{"@type":"ReadAction","target":["https:\/\/repan.ch\/impressum\/"]}]},{"@type":"BreadcrumbList","@id":"https:\/\/repan.ch\/impressum\/#breadcrumb","itemListElement":[{"@type":"ListItem","position":1,"name":"Accueil","item":"https:\/\/repan.ch\/fr\/repan-2\/"},{"@type":"ListItem","position":2,"name":"Mentions l\u00e9gales"}]},{"@type":"WebSite","@id":"https:\/\/repan.ch\/#website","url":"https:\/\/repan.ch\/","name":"RePan","description":"Pfannen &amp; Bleche neu beschichten","publisher":{"@id":"https:\/\/repan.ch\/#organization"},"potentialAction":[{"@type":"SearchAction","target":{"@type":"EntryPoint","urlTemplate":"https:\/\/repan.ch\/?s={search_term_string}"},"query-input":{"@type":"PropertyValueSpecification","valueRequired":true,"valueName":"search_term_string"}}],"inLanguage":"fr-FR"},{"@type":"Organization","@id":"https:\/\/repan.ch\/#organization","name":"RePan","url":"https:\/\/repan.ch\/","logo":{"@type":"ImageObject","inLanguage":"fr-FR","@id":"https:\/\/repan.ch\/#\/schema\/logo\/image\/","url":"https:\/\/repan.ch\/wp-content\/uploads\/2025\/03\/LogoganzV2-hr2.webp","contentUrl":"https:\/\/repan.ch\/wp-content\/uploads\/2025\/03\/LogoganzV2-hr2.webp","width":360,"height":195,"caption":"RePan"},"image":{"@id":"https:\/\/repan.ch\/#\/schema\/logo\/image\/"},"hasMerchantReturnPolicy":{"@type":"MerchantReturnPolicy","merchantReturnLink":"https:\/\/repan.ch\/garantie-rueckgabe\/"}}]}},"_links":{"self":[{"href":"https:\/\/repan.ch\/fr\/wp-json\/wp\/v2\/pages\/309722","targetHints":{"allow":["GET"]}}],"collection":[{"href":"https:\/\/repan.ch\/fr\/wp-json\/wp\/v2\/pages"}],"about":[{"href":"https:\/\/repan.ch\/fr\/wp-json\/wp\/v2\/types\/page"}],"author":[{"embeddable":true,"href":"https:\/\/repan.ch\/fr\/wp-json\/wp\/v2\/users\/18"}],"replies":[{"embeddable":true,"href":"https:\/\/repan.ch\/fr\/wp-json\/wp\/v2\/comments?post=309722"}],"version-history":[{"count":0,"href":"https:\/\/repan.ch\/fr\/wp-json\/wp\/v2\/pages\/309722\/revisions"}],"wp:attachment":[{"href":"https:\/\/repan.ch\/fr\/wp-json\/wp\/v2\/media?parent=309722"}],"curies":[{"name":"wp","href":"https:\/\/api.w.org\/{rel}","templated":true}]}}