
{"id":335952,"date":"2025-12-30T03:15:00","date_gmt":"2025-12-30T01:15:00","guid":{"rendered":"https:\/\/repan.ch\/product\/migros-cucina-tavola-gastro-with-hick\/"},"modified":"2025-12-30T03:15:00","modified_gmt":"2025-12-30T01:15:00","slug":"migros-cucina-tavola-gastro-with-hick","status":"publish","type":"product","link":"https:\/\/repan.ch\/en\/product\/migros-cucina-tavola-gastro-with-hick\/","title":{"rendered":"Migros Cucina &amp; Tavola Gastro with Hick"},"content":{"rendered":"<pre id=\"tw-target-text\" class=\"tw-data-text tw-text-large tw-ta\" dir=\"ltr\" data-placeholder=\"Translation\" data-ved=\"2ahUKEwji6IifycKKAxVqxjgGHXZxLT4Q3ewLegQICRAU\" aria-label=\"Translated text: Anstatt sie wegzuwerfen, wollen wir dieser nicht ganz perfekten Migros-Pfanne eine Chance geben. Es ist zwar frisch beschichtet und von hoher Qualit\u00e4t, hat aber vom Vorbesitzer eine Delle am Rand. Diese Vertiefung haben wir \u00fcberstrichen. Schauen Sie sich das zweite Bild an, dort sehen Sie den Grund f\u00fcr die Reduzierung. Aber die Pfanne ist so wie sie ist immer noch verwendbar, da wir solche Pfannen seit 2 Jahren verwenden.\"><span class=\"Y2IQFc\" lang=\"de\">Instead of throwing it away, we want to give this less than perfect Migros pan a chance. Although it is freshly coated and of high quality, it has a dent on the edge from the previous owner. We have painted over this dent. Take a look at the second picture, there you can see the reason for the reduction. But the pan is still usable as it is, as we have been using pans like this for 2 years.    <\/span><\/pre>\n","protected":false},"excerpt":{"rendered":"<p>Instead of throwing it away, we want to give this less than perfect Migros pan a chance. Although it is freshly coated and of high quality, it has a dent on the edge from the previous owner. We have painted over this dent. Take a look at the second picture, there you can see the reason for the reduction. But the pan is still usable as it is, as we have been using pans like this for 2 years.    <\/p>\n","protected":false},"featured_media":332846,"comment_status":"open","ping_status":"closed","template":"","meta":{"content-type":""},"product_brand":[614],"product_cat":[2268],"product_tag":[2501,1707],"class_list":{"0":"post-335952","1":"product","2":"type-product","3":"status-publish","4":"has-post-thumbnail","6":"product_brand-migros","7":"product_cat-basic","8":"product_tag-affordable-pans","9":"product_tag-swiss-pans","10":"product_shipping_class-product-2","11":"pa_typ-frying-pan","13":"first","14":"outofstock","15":"sale","16":"taxable","17":"shipping-taxable","18":"purchasable","19":"product-type-simple"},"yoast_head":"<!-- This site is optimized with the Yoast SEO Premium plugin v27.4 (Yoast SEO v27.4) - https:\/\/yoast.com\/product\/yoast-seo-premium-wordpress\/ -->\n<title>Migros Cucina &amp; Tavola Gastro with Hick neu beschichten | g\u00fcnstiger, nachhaltiger &amp; besser<\/title>\n<meta name=\"description\" content=\"Instead of throwing it away, we want to give this less than perfect Migros pan a chance. Although it is freshly coated and of high quality, it has a dent on the edge from the previous owner. We have painted over this dent. Take a look at the second picture, there you can see the reason for the reduction. But the pan is still usable as it is, as we have been using pans like this for 2 years.\" \/>\n<meta name=\"robots\" content=\"index, follow, max-snippet:-1, max-image-preview:large, max-video-preview:-1\" \/>\n<link rel=\"canonical\" href=\"https:\/\/repan.ch\/product\/migros-cucina-tavola-gastro-with-hick\/\" \/>\n<meta property=\"og:locale\" content=\"en_US\" \/>\n<meta property=\"og:type\" content=\"article\" \/>\n<meta property=\"og:title\" content=\"RePan - Pfannen &amp; Bleche neu beschichten\" \/>\n<meta property=\"og:description\" content=\"G\u00fcnstiger, nachhaltiger &amp; besser\" \/>\n<meta property=\"og:url\" content=\"https:\/\/repan.ch\/product\/migros-cucina-tavola-gastro-with-hick\/\" \/>\n<meta property=\"og:site_name\" content=\"RePan\" \/>\n<meta property=\"og:image\" content=\"https:\/\/repan.ch\/wp-content\/uploads\/2025\/12\/RePan-Pfannen-Bleche-neu-beschichten.jpg\" \/>\n\t<meta property=\"og:image:width\" content=\"1650\" \/>\n\t<meta property=\"og:image:height\" content=\"1000\" \/>\n\t<meta property=\"og:image:type\" content=\"image\/jpeg\" \/>\n<meta name=\"twitter:card\" content=\"summary_large_image\" \/>\n<meta name=\"twitter:label1\" content=\"Price\" \/>\n\t<meta name=\"twitter:data1\" content=\"&#067;&#072;&#070;&nbsp;39.00\" \/>\n\t<meta name=\"twitter:label2\" content=\"Availability\" \/>\n\t<meta name=\"twitter:data2\" content=\"Out of stock\" \/>\n<script type=\"application\/ld+json\" class=\"yoast-schema-graph\">{\"@context\":\"https:\\\/\\\/schema.org\",\"@graph\":[{\"@type\":\"WebPage\",\"@id\":\"https:\\\/\\\/repan.ch\\\/product\\\/migros-cucina-tavola-gastro-with-hick\\\/\",\"url\":\"https:\\\/\\\/repan.ch\\\/product\\\/migros-cucina-tavola-gastro-with-hick\\\/\",\"name\":\"Migros Cucina &amp; Tavola Gastro with Hick neu beschichten | g\u00fcnstiger, nachhaltiger & besser\",\"isPartOf\":{\"@id\":\"https:\\\/\\\/repan.ch\\\/#website\"},\"primaryImageOfPage\":{\"@id\":\"https:\\\/\\\/repan.ch\\\/product\\\/migros-cucina-tavola-gastro-with-hick\\\/#primaryimage\"},\"image\":{\"@id\":\"https:\\\/\\\/repan.ch\\\/product\\\/migros-cucina-tavola-gastro-with-hick\\\/#primaryimage\"},\"thumbnailUrl\":\"https:\\\/\\\/repan.ch\\\/wp-content\\\/uploads\\\/2025\\\/12\\\/MigrosGastro24.webp\",\"datePublished\":\"2025-12-30T01:15:00+00:00\",\"description\":\"Instead of throwing it away, we want to give this less than perfect Migros pan a chance. Although it is freshly coated and of high quality, it has a dent on the edge from the previous owner. We have painted over this dent. Take a look at the second picture, there you can see the reason for the reduction. But the pan is still usable as it is, as we have been using pans like this for 2 years.\",\"breadcrumb\":{\"@id\":\"https:\\\/\\\/repan.ch\\\/product\\\/migros-cucina-tavola-gastro-with-hick\\\/#breadcrumb\"},\"inLanguage\":\"en-US\",\"potentialAction\":[{\"@type\":\"ReadAction\",\"target\":[\"https:\\\/\\\/repan.ch\\\/product\\\/migros-cucina-tavola-gastro-with-hick\\\/\"]}]},{\"@type\":\"ImageObject\",\"inLanguage\":\"en-US\",\"@id\":\"https:\\\/\\\/repan.ch\\\/product\\\/migros-cucina-tavola-gastro-with-hick\\\/#primaryimage\",\"url\":\"https:\\\/\\\/repan.ch\\\/wp-content\\\/uploads\\\/2025\\\/12\\\/MigrosGastro24.webp\",\"contentUrl\":\"https:\\\/\\\/repan.ch\\\/wp-content\\\/uploads\\\/2025\\\/12\\\/MigrosGastro24.webp\",\"width\":1650,\"height\":1000},{\"@type\":\"BreadcrumbList\",\"@id\":\"https:\\\/\\\/repan.ch\\\/product\\\/migros-cucina-tavola-gastro-with-hick\\\/#breadcrumb\",\"itemListElement\":[{\"@type\":\"ListItem\",\"position\":1,\"name\":\"Home\",\"item\":\"https:\\\/\\\/repan.ch\\\/en\\\/repan-service\\\/\"},{\"@type\":\"ListItem\",\"position\":2,\"name\":\"Shop\",\"item\":\"https:\\\/\\\/repan.ch\\\/shop\\\/\"},{\"@type\":\"ListItem\",\"position\":3,\"name\":\"Migros Cucina &amp; Tavola Gastro with Hick\"}]},{\"@type\":\"WebSite\",\"@id\":\"https:\\\/\\\/repan.ch\\\/#website\",\"url\":\"https:\\\/\\\/repan.ch\\\/\",\"name\":\"RePan\",\"description\":\"Pfannen &amp; Bleche neu beschichten\",\"publisher\":{\"@id\":\"https:\\\/\\\/repan.ch\\\/#organization\"},\"potentialAction\":[{\"@type\":\"SearchAction\",\"target\":{\"@type\":\"EntryPoint\",\"urlTemplate\":\"https:\\\/\\\/repan.ch\\\/?s={search_term_string}\"},\"query-input\":{\"@type\":\"PropertyValueSpecification\",\"valueRequired\":true,\"valueName\":\"search_term_string\"}}],\"inLanguage\":\"en-US\"},{\"@type\":\"Organization\",\"@id\":\"https:\\\/\\\/repan.ch\\\/#organization\",\"name\":\"RePan\",\"url\":\"https:\\\/\\\/repan.ch\\\/\",\"logo\":{\"@type\":\"ImageObject\",\"inLanguage\":\"en-US\",\"@id\":\"https:\\\/\\\/repan.ch\\\/#\\\/schema\\\/logo\\\/image\\\/\",\"url\":\"https:\\\/\\\/repan.ch\\\/wp-content\\\/uploads\\\/2025\\\/03\\\/LogoganzV2-hr2.webp\",\"contentUrl\":\"https:\\\/\\\/repan.ch\\\/wp-content\\\/uploads\\\/2025\\\/03\\\/LogoganzV2-hr2.webp\",\"width\":360,\"height\":195,\"caption\":\"RePan\"},\"image\":{\"@id\":\"https:\\\/\\\/repan.ch\\\/#\\\/schema\\\/logo\\\/image\\\/\"},\"hasMerchantReturnPolicy\":{\"@type\":\"MerchantReturnPolicy\",\"merchantReturnLink\":\"https:\\\/\\\/repan.ch\\\/garantie-rueckgabe\\\/\"}}]}<\/script>\n<meta property=\"product:brand\" content=\"Migros\" \/>\n<meta property=\"product:price:amount\" content=\"39.00\" \/>\n<meta property=\"product:price:currency\" content=\"CHF\" \/>\n<meta property=\"og:availability\" content=\"out of stock\" \/>\n<meta property=\"product:availability\" content=\"out of stock\" \/>\n<meta property=\"product:condition\" content=\"new\" \/>\n<!-- \/ Yoast SEO Premium plugin. -->","yoast_head_json":{"title":"Migros Cucina &amp; Tavola Gastro with Hick neu beschichten | g\u00fcnstiger, nachhaltiger & besser","description":"Instead of throwing it away, we want to give this less than perfect Migros pan a chance. Although it is freshly coated and of high quality, it has a dent on the edge from the previous owner. We have painted over this dent. Take a look at the second picture, there you can see the reason for the reduction. But the pan is still usable as it is, as we have been using pans like this for 2 years.","robots":{"index":"index","follow":"follow","max-snippet":"max-snippet:-1","max-image-preview":"max-image-preview:large","max-video-preview":"max-video-preview:-1"},"canonical":"https:\/\/repan.ch\/product\/migros-cucina-tavola-gastro-with-hick\/","og_locale":"en_US","og_type":"article","og_title":"RePan - Pfannen & Bleche neu beschichten","og_description":"G\u00fcnstiger, nachhaltiger & besser","og_url":"https:\/\/repan.ch\/product\/migros-cucina-tavola-gastro-with-hick\/","og_site_name":"RePan","og_image":[{"width":1650,"height":1000,"url":"https:\/\/repan.ch\/wp-content\/uploads\/2025\/12\/RePan-Pfannen-Bleche-neu-beschichten.jpg","type":"image\/jpeg"}],"twitter_card":"summary_large_image","twitter_misc":{"Price":"&#67;&#72;&#70;&nbsp;39.00","Availability":"Out of stock"},"schema":{"@context":"https:\/\/schema.org","@graph":[{"@type":"WebPage","@id":"https:\/\/repan.ch\/product\/migros-cucina-tavola-gastro-with-hick\/","url":"https:\/\/repan.ch\/product\/migros-cucina-tavola-gastro-with-hick\/","name":"Migros Cucina &amp; Tavola Gastro with Hick neu beschichten | g\u00fcnstiger, nachhaltiger & besser","isPartOf":{"@id":"https:\/\/repan.ch\/#website"},"primaryImageOfPage":{"@id":"https:\/\/repan.ch\/product\/migros-cucina-tavola-gastro-with-hick\/#primaryimage"},"image":{"@id":"https:\/\/repan.ch\/product\/migros-cucina-tavola-gastro-with-hick\/#primaryimage"},"thumbnailUrl":"https:\/\/repan.ch\/wp-content\/uploads\/2025\/12\/MigrosGastro24.webp","datePublished":"2025-12-30T01:15:00+00:00","description":"Instead of throwing it away, we want to give this less than perfect Migros pan a chance. Although it is freshly coated and of high quality, it has a dent on the edge from the previous owner. We have painted over this dent. Take a look at the second picture, there you can see the reason for the reduction. But the pan is still usable as it is, as we have been using pans like this for 2 years.","breadcrumb":{"@id":"https:\/\/repan.ch\/product\/migros-cucina-tavola-gastro-with-hick\/#breadcrumb"},"inLanguage":"en-US","potentialAction":[{"@type":"ReadAction","target":["https:\/\/repan.ch\/product\/migros-cucina-tavola-gastro-with-hick\/"]}]},{"@type":"ImageObject","inLanguage":"en-US","@id":"https:\/\/repan.ch\/product\/migros-cucina-tavola-gastro-with-hick\/#primaryimage","url":"https:\/\/repan.ch\/wp-content\/uploads\/2025\/12\/MigrosGastro24.webp","contentUrl":"https:\/\/repan.ch\/wp-content\/uploads\/2025\/12\/MigrosGastro24.webp","width":1650,"height":1000},{"@type":"BreadcrumbList","@id":"https:\/\/repan.ch\/product\/migros-cucina-tavola-gastro-with-hick\/#breadcrumb","itemListElement":[{"@type":"ListItem","position":1,"name":"Home","item":"https:\/\/repan.ch\/en\/repan-service\/"},{"@type":"ListItem","position":2,"name":"Shop","item":"https:\/\/repan.ch\/shop\/"},{"@type":"ListItem","position":3,"name":"Migros Cucina &amp; Tavola Gastro with Hick"}]},{"@type":"WebSite","@id":"https:\/\/repan.ch\/#website","url":"https:\/\/repan.ch\/","name":"RePan","description":"Pfannen &amp; Bleche neu beschichten","publisher":{"@id":"https:\/\/repan.ch\/#organization"},"potentialAction":[{"@type":"SearchAction","target":{"@type":"EntryPoint","urlTemplate":"https:\/\/repan.ch\/?s={search_term_string}"},"query-input":{"@type":"PropertyValueSpecification","valueRequired":true,"valueName":"search_term_string"}}],"inLanguage":"en-US"},{"@type":"Organization","@id":"https:\/\/repan.ch\/#organization","name":"RePan","url":"https:\/\/repan.ch\/","logo":{"@type":"ImageObject","inLanguage":"en-US","@id":"https:\/\/repan.ch\/#\/schema\/logo\/image\/","url":"https:\/\/repan.ch\/wp-content\/uploads\/2025\/03\/LogoganzV2-hr2.webp","contentUrl":"https:\/\/repan.ch\/wp-content\/uploads\/2025\/03\/LogoganzV2-hr2.webp","width":360,"height":195,"caption":"RePan"},"image":{"@id":"https:\/\/repan.ch\/#\/schema\/logo\/image\/"},"hasMerchantReturnPolicy":{"@type":"MerchantReturnPolicy","merchantReturnLink":"https:\/\/repan.ch\/garantie-rueckgabe\/"}}]},"product_brand":"Migros","product_price_amount":"39.00","product_price_currency":"CHF","og_availability":"out of stock","product_availability":"out of stock","product_condition":"new"},"_links":{"self":[{"href":"https:\/\/repan.ch\/en\/wp-json\/wp\/v2\/product\/335952","targetHints":{"allow":["GET"]}}],"collection":[{"href":"https:\/\/repan.ch\/en\/wp-json\/wp\/v2\/product"}],"about":[{"href":"https:\/\/repan.ch\/en\/wp-json\/wp\/v2\/types\/product"}],"replies":[{"embeddable":true,"href":"https:\/\/repan.ch\/en\/wp-json\/wp\/v2\/comments?post=335952"}],"version-history":[{"count":0,"href":"https:\/\/repan.ch\/en\/wp-json\/wp\/v2\/product\/335952\/revisions"}],"wp:featuredmedia":[{"embeddable":true,"href":"https:\/\/repan.ch\/en\/wp-json\/wp\/v2\/media\/332846"}],"wp:attachment":[{"href":"https:\/\/repan.ch\/en\/wp-json\/wp\/v2\/media?parent=335952"}],"wp:term":[{"taxonomy":"product_brand","embeddable":true,"href":"https:\/\/repan.ch\/en\/wp-json\/wp\/v2\/product_brand?post=335952"},{"taxonomy":"product_cat","embeddable":true,"href":"https:\/\/repan.ch\/en\/wp-json\/wp\/v2\/product_cat?post=335952"},{"taxonomy":"product_tag","embeddable":true,"href":"https:\/\/repan.ch\/en\/wp-json\/wp\/v2\/product_tag?post=335952"}],"curies":[{"name":"wp","href":"https:\/\/api.w.org\/{rel}","templated":true}]}}