
{"id":335106,"date":"2025-12-30T04:32:30","date_gmt":"2025-12-30T02:32:30","guid":{"rendered":"https:\/\/repan.ch\/product\/roesle-silence-pro\/"},"modified":"2026-01-22T18:41:21","modified_gmt":"2026-01-22T16:41:21","slug":"roesle-silence-pro","status":"publish","type":"product","link":"https:\/\/repan.ch\/en\/product\/roesle-silence-pro\/","title":{"rendered":"R\u00f6sle Silence Pro"},"content":{"rendered":"<p><strong data-start=\"105\" data-end=\"134\">R\u00f6sle Silence Pro pans<\/strong> stand for high-quality workmanship and quiet, controlled cooking. The stable construction ensures even heat distribution and precise heat on all common types of hob, including induction. The sophisticated design is aimed at discerning households who value function, quality and convenience.  <\/p>\n","protected":false},"excerpt":{"rendered":"<p>R\u00f6sle is a traditional brand that has been around since 1888. It has the experience of five generations and today stands for beautifully designed and sustainable kitchen products.<\/p>\n<p>This stainless steel pan has an encapsulated sandwich base with an aluminum core and ensures rapid heat absorption, distribution and storage.<\/p>\n<p>The pouring rim is suitable for safe and drip-free pouring. The pan handle sits securely in the hand thanks to its silicone coating.<\/p>\n","protected":false},"featured_media":333966,"comment_status":"open","ping_status":"closed","template":"","meta":{"content-type":""},"product_brand":[597],"product_cat":[2276],"product_tag":[],"class_list":{"0":"post-335106","1":"product","2":"type-product","3":"status-publish","4":"has-post-thumbnail","6":"product_brand-rosle","7":"product_cat-premium","8":"product_shipping_class-product-2","9":"pa_typ-frying-pan","11":"first","12":"outofstock","13":"taxable","14":"shipping-taxable","15":"product-type-variable"},"yoast_head":"<!-- This site is optimized with the Yoast SEO Premium plugin v26.6 (Yoast SEO v27.1.1) - https:\/\/yoast.com\/product\/yoast-seo-premium-wordpress\/ -->\n<title>R\u00f6sle Silence Pro neu beschichten | g\u00fcnstiger, nachhaltiger &amp; besser<\/title>\n<meta name=\"description\" content=\"R\u00f6sle is a traditional brand that has been around since 1888. It has the experience of five generations and today stands for beautifully designed and sustainable kitchen products. This stainless steel pan has an encapsulated sandwich base with an aluminum core and ensures rapid heat absorption, distribution and storage. The pouring rim is suitable for safe and drip-free pouring. The pan handle sits securely in the hand thanks to its silicone coating.\" \/>\n<meta name=\"robots\" content=\"index, follow, max-snippet:-1, max-image-preview:large, max-video-preview:-1\" \/>\n<link rel=\"canonical\" href=\"https:\/\/repan.ch\/en\/product\/roesle-silence-pro\/\" \/>\n<meta property=\"og:locale\" content=\"en_US\" \/>\n<meta property=\"og:type\" content=\"article\" \/>\n<meta property=\"og:title\" content=\"RePan - Pfannen &amp; Bleche neu beschichten\" \/>\n<meta property=\"og:description\" content=\"G\u00fcnstiger, nachhaltiger &amp; besser\" \/>\n<meta property=\"og:url\" content=\"https:\/\/repan.ch\/en\/product\/roesle-silence-pro\/\" \/>\n<meta property=\"og:site_name\" content=\"RePan\" \/>\n<meta property=\"article:modified_time\" content=\"2026-01-22T16:41:21+00:00\" \/>\n<meta property=\"og:image\" content=\"https:\/\/repan.ch\/wp-content\/uploads\/2025\/12\/Roesle_pro-1.webp\" \/>\n\t<meta property=\"og:image:width\" content=\"1650\" \/>\n\t<meta property=\"og:image:height\" content=\"1000\" \/>\n\t<meta property=\"og:image:type\" content=\"image\/webp\" \/>\n<meta name=\"twitter:card\" content=\"summary_large_image\" \/>\n<meta name=\"twitter:label1\" content=\"Availability\" \/>\n\t<meta name=\"twitter:data1\" content=\"Out of stock\" \/>\n<script type=\"application\/ld+json\" class=\"yoast-schema-graph\">{\"@context\":\"https:\/\/schema.org\",\"@graph\":[{\"@type\":\"WebPage\",\"@id\":\"https:\/\/repan.ch\/en\/product\/roesle-silence-pro\/\",\"url\":\"https:\/\/repan.ch\/en\/product\/roesle-silence-pro\/\",\"name\":\"R\u00f6sle Silence Pro neu beschichten | g\u00fcnstiger, nachhaltiger & besser\",\"isPartOf\":{\"@id\":\"https:\/\/repan.ch\/#website\"},\"primaryImageOfPage\":{\"@id\":\"https:\/\/repan.ch\/en\/product\/roesle-silence-pro\/#primaryimage\"},\"image\":{\"@id\":\"https:\/\/repan.ch\/en\/product\/roesle-silence-pro\/#primaryimage\"},\"thumbnailUrl\":\"https:\/\/repan.ch\/wp-content\/uploads\/2025\/12\/Roesle_pro-1.webp\",\"datePublished\":\"2025-12-30T02:32:30+00:00\",\"dateModified\":\"2026-01-22T16:41:21+00:00\",\"description\":\"R\u00f6sle is a traditional brand that has been around since 1888. It has the experience of five generations and today stands for beautifully designed and sustainable kitchen products. This stainless steel pan has an encapsulated sandwich base with an aluminum core and ensures rapid heat absorption, distribution and storage. The pouring rim is suitable for safe and drip-free pouring. The pan handle sits securely in the hand thanks to its silicone coating.\",\"breadcrumb\":{\"@id\":\"https:\/\/repan.ch\/en\/product\/roesle-silence-pro\/#breadcrumb\"},\"inLanguage\":\"en-US\",\"potentialAction\":[{\"@type\":\"ReadAction\",\"target\":[\"https:\/\/repan.ch\/en\/product\/roesle-silence-pro\/\"]}]},{\"@type\":\"ImageObject\",\"inLanguage\":\"en-US\",\"@id\":\"https:\/\/repan.ch\/en\/product\/roesle-silence-pro\/#primaryimage\",\"url\":\"https:\/\/repan.ch\/wp-content\/uploads\/2025\/12\/Roesle_pro-1.webp\",\"contentUrl\":\"https:\/\/repan.ch\/wp-content\/uploads\/2025\/12\/Roesle_pro-1.webp\",\"width\":1650,\"height\":1000,\"caption\":\"Roesle pro 1\"},{\"@type\":\"BreadcrumbList\",\"@id\":\"https:\/\/repan.ch\/en\/product\/roesle-silence-pro\/#breadcrumb\",\"itemListElement\":[{\"@type\":\"ListItem\",\"position\":1,\"name\":\"Home\",\"item\":\"https:\/\/repan.ch\/en\/repan-service\/\"},{\"@type\":\"ListItem\",\"position\":2,\"name\":\"Shop\",\"item\":\"https:\/\/repan.ch\/shop\/\"},{\"@type\":\"ListItem\",\"position\":3,\"name\":\"R\u00f6sle Silence Pro\"}]},{\"@type\":\"WebSite\",\"@id\":\"https:\/\/repan.ch\/#website\",\"url\":\"https:\/\/repan.ch\/\",\"name\":\"RePan\",\"description\":\"Pfannen &amp; Bleche neu beschichten\",\"publisher\":{\"@id\":\"https:\/\/repan.ch\/#organization\"},\"potentialAction\":[{\"@type\":\"SearchAction\",\"target\":{\"@type\":\"EntryPoint\",\"urlTemplate\":\"https:\/\/repan.ch\/?s={search_term_string}\"},\"query-input\":{\"@type\":\"PropertyValueSpecification\",\"valueRequired\":true,\"valueName\":\"search_term_string\"}}],\"inLanguage\":\"en-US\"},{\"@type\":\"Organization\",\"@id\":\"https:\/\/repan.ch\/#organization\",\"name\":\"RePan\",\"url\":\"https:\/\/repan.ch\/\",\"logo\":{\"@type\":\"ImageObject\",\"inLanguage\":\"en-US\",\"@id\":\"https:\/\/repan.ch\/#\/schema\/logo\/image\/\",\"url\":\"https:\/\/repan.ch\/wp-content\/uploads\/2025\/03\/LogoganzV2-hr2.webp\",\"contentUrl\":\"https:\/\/repan.ch\/wp-content\/uploads\/2025\/03\/LogoganzV2-hr2.webp\",\"width\":360,\"height\":195,\"caption\":\"RePan\"},\"image\":{\"@id\":\"https:\/\/repan.ch\/#\/schema\/logo\/image\/\"},\"hasMerchantReturnPolicy\":{\"@type\":\"MerchantReturnPolicy\",\"merchantReturnLink\":\"https:\/\/repan.ch\/garantie-rueckgabe\/\"}}]}<\/script>\n<meta property=\"product:brand\" content=\"R\u00f6sle\" \/>\n<meta property=\"og:availability\" content=\"out of stock\" \/>\n<meta property=\"product:availability\" content=\"out of stock\" \/>\n<meta property=\"product:condition\" content=\"new\" \/>\n<!-- \/ Yoast SEO Premium plugin. -->","yoast_head_json":{"title":"R\u00f6sle Silence Pro neu beschichten | g\u00fcnstiger, nachhaltiger & besser","description":"R\u00f6sle is a traditional brand that has been around since 1888. It has the experience of five generations and today stands for beautifully designed and sustainable kitchen products. This stainless steel pan has an encapsulated sandwich base with an aluminum core and ensures rapid heat absorption, distribution and storage. The pouring rim is suitable for safe and drip-free pouring. The pan handle sits securely in the hand thanks to its silicone coating.","robots":{"index":"index","follow":"follow","max-snippet":"max-snippet:-1","max-image-preview":"max-image-preview:large","max-video-preview":"max-video-preview:-1"},"canonical":"https:\/\/repan.ch\/en\/product\/roesle-silence-pro\/","og_locale":"en_US","og_type":"article","og_title":"RePan - Pfannen & Bleche neu beschichten","og_description":"G\u00fcnstiger, nachhaltiger & besser","og_url":"https:\/\/repan.ch\/en\/product\/roesle-silence-pro\/","og_site_name":"RePan","article_modified_time":"2026-01-22T16:41:21+00:00","og_image":[{"width":1650,"height":1000,"url":"https:\/\/repan.ch\/wp-content\/uploads\/2025\/12\/Roesle_pro-1.webp","type":"image\/webp"}],"twitter_card":"summary_large_image","twitter_misc":{"Availability":"Out of stock"},"schema":{"@context":"https:\/\/schema.org","@graph":[{"@type":"WebPage","@id":"https:\/\/repan.ch\/en\/product\/roesle-silence-pro\/","url":"https:\/\/repan.ch\/en\/product\/roesle-silence-pro\/","name":"R\u00f6sle Silence Pro neu beschichten | g\u00fcnstiger, nachhaltiger & besser","isPartOf":{"@id":"https:\/\/repan.ch\/#website"},"primaryImageOfPage":{"@id":"https:\/\/repan.ch\/en\/product\/roesle-silence-pro\/#primaryimage"},"image":{"@id":"https:\/\/repan.ch\/en\/product\/roesle-silence-pro\/#primaryimage"},"thumbnailUrl":"https:\/\/repan.ch\/wp-content\/uploads\/2025\/12\/Roesle_pro-1.webp","datePublished":"2025-12-30T02:32:30+00:00","dateModified":"2026-01-22T16:41:21+00:00","description":"R\u00f6sle is a traditional brand that has been around since 1888. It has the experience of five generations and today stands for beautifully designed and sustainable kitchen products. This stainless steel pan has an encapsulated sandwich base with an aluminum core and ensures rapid heat absorption, distribution and storage. The pouring rim is suitable for safe and drip-free pouring. The pan handle sits securely in the hand thanks to its silicone coating.","breadcrumb":{"@id":"https:\/\/repan.ch\/en\/product\/roesle-silence-pro\/#breadcrumb"},"inLanguage":"en-US","potentialAction":[{"@type":"ReadAction","target":["https:\/\/repan.ch\/en\/product\/roesle-silence-pro\/"]}]},{"@type":"ImageObject","inLanguage":"en-US","@id":"https:\/\/repan.ch\/en\/product\/roesle-silence-pro\/#primaryimage","url":"https:\/\/repan.ch\/wp-content\/uploads\/2025\/12\/Roesle_pro-1.webp","contentUrl":"https:\/\/repan.ch\/wp-content\/uploads\/2025\/12\/Roesle_pro-1.webp","width":1650,"height":1000,"caption":"Roesle pro 1"},{"@type":"BreadcrumbList","@id":"https:\/\/repan.ch\/en\/product\/roesle-silence-pro\/#breadcrumb","itemListElement":[{"@type":"ListItem","position":1,"name":"Home","item":"https:\/\/repan.ch\/en\/repan-service\/"},{"@type":"ListItem","position":2,"name":"Shop","item":"https:\/\/repan.ch\/shop\/"},{"@type":"ListItem","position":3,"name":"R\u00f6sle Silence Pro"}]},{"@type":"WebSite","@id":"https:\/\/repan.ch\/#website","url":"https:\/\/repan.ch\/","name":"RePan","description":"Pfannen &amp; Bleche neu beschichten","publisher":{"@id":"https:\/\/repan.ch\/#organization"},"potentialAction":[{"@type":"SearchAction","target":{"@type":"EntryPoint","urlTemplate":"https:\/\/repan.ch\/?s={search_term_string}"},"query-input":{"@type":"PropertyValueSpecification","valueRequired":true,"valueName":"search_term_string"}}],"inLanguage":"en-US"},{"@type":"Organization","@id":"https:\/\/repan.ch\/#organization","name":"RePan","url":"https:\/\/repan.ch\/","logo":{"@type":"ImageObject","inLanguage":"en-US","@id":"https:\/\/repan.ch\/#\/schema\/logo\/image\/","url":"https:\/\/repan.ch\/wp-content\/uploads\/2025\/03\/LogoganzV2-hr2.webp","contentUrl":"https:\/\/repan.ch\/wp-content\/uploads\/2025\/03\/LogoganzV2-hr2.webp","width":360,"height":195,"caption":"RePan"},"image":{"@id":"https:\/\/repan.ch\/#\/schema\/logo\/image\/"},"hasMerchantReturnPolicy":{"@type":"MerchantReturnPolicy","merchantReturnLink":"https:\/\/repan.ch\/garantie-rueckgabe\/"}}]},"product_brand":"R\u00f6sle","og_availability":"out of stock","product_availability":"out of stock","product_condition":"new"},"_links":{"self":[{"href":"https:\/\/repan.ch\/en\/wp-json\/wp\/v2\/product\/335106","targetHints":{"allow":["GET"]}}],"collection":[{"href":"https:\/\/repan.ch\/en\/wp-json\/wp\/v2\/product"}],"about":[{"href":"https:\/\/repan.ch\/en\/wp-json\/wp\/v2\/types\/product"}],"replies":[{"embeddable":true,"href":"https:\/\/repan.ch\/en\/wp-json\/wp\/v2\/comments?post=335106"}],"version-history":[{"count":0,"href":"https:\/\/repan.ch\/en\/wp-json\/wp\/v2\/product\/335106\/revisions"}],"wp:featuredmedia":[{"embeddable":true,"href":"https:\/\/repan.ch\/en\/wp-json\/wp\/v2\/media\/333966"}],"wp:attachment":[{"href":"https:\/\/repan.ch\/en\/wp-json\/wp\/v2\/media?parent=335106"}],"wp:term":[{"taxonomy":"product_brand","embeddable":true,"href":"https:\/\/repan.ch\/en\/wp-json\/wp\/v2\/product_brand?post=335106"},{"taxonomy":"product_cat","embeddable":true,"href":"https:\/\/repan.ch\/en\/wp-json\/wp\/v2\/product_cat?post=335106"},{"taxonomy":"product_tag","embeddable":true,"href":"https:\/\/repan.ch\/en\/wp-json\/wp\/v2\/product_tag?post=335106"}],"curies":[{"name":"wp","href":"https:\/\/api.w.org\/{rel}","templated":true}]}}